{"id":78,"date":"2022-05-10T20:33:06","date_gmt":"2022-05-10T19:33:06","guid":{"rendered":"https:\/\/gp-inbound.wordifysites.com\/?page_id=78"},"modified":"2025-08-16T09:58:31","modified_gmt":"2025-08-16T09:58:31","slug":"about-us","status":"publish","type":"page","link":"https:\/\/polarisnexuslcc.com\/cs\/about-us\/","title":{"rendered":"Kdo jsme"},"content":{"rendered":"<div class=\"wp-block-stackable-columns stk-block-columns stk-block stk-d438973\" data-block-id=\"d438973\"><div class=\"stk-row stk-inner-blocks stk-block-content stk-content-align stk-d438973-column\">\n<div class=\"wp-block-stackable-column stk-block-column stk-column stk-block stk-fd33cf7\" data-v=\"4\" data-block-id=\"fd33cf7\"><style>.stk-fd33cf7-container{margin-top:var(--stk--preset--spacing--70, 3.38rem) !important;margin-right:var(--stk--preset--spacing--70, 3.38rem) !important;margin-bottom:var(--stk--preset--spacing--70, 3.38rem) !important;margin-left:var(--stk--preset--spacing--70, 3.38rem) !important;}<\/style><div class=\"stk-column-wrapper stk-block-column__content stk-container stk-fd33cf7-container stk--no-background stk--no-padding\"><div class=\"stk-block-content stk-inner-blocks stk-fd33cf7-inner-blocks\">\n<p>Polaris Nexus LLC je spole\u010dnost zam\u011b\u0159en\u00e1 na digit\u00e1ln\u00ed technologie, kter\u00e1 pom\u00e1h\u00e1 firm\u00e1m jak\u00e9koli velikosti a odv\u011btv\u00ed expandovat za hranice. D\u00edky distribuovan\u00e9 provozn\u00ed z\u00e1kladn\u011b se specializujeme na vytv\u00e1\u0159en\u00ed \u0161k\u00e1lovateln\u00fdch digit\u00e1ln\u00edch aktiv a strategi\u00ed, kter\u00e9 umo\u017e\u0148uj\u00ed zna\u010dk\u00e1m vstupovat na nov\u00e9 trhy s kulturn\u00ed p\u0159esnost\u00ed, silnou technologi\u00ed a \u0161t\u00edhl\u00fdm provozem.<\/p>\n\n\n\n<p>Na rozd\u00edl od tradi\u010dn\u00edch technologick\u00fdch startup\u016f, kter\u00e9 se hon\u00ed za rychl\u00fdm a neudr\u017eiteln\u00fdm r\u016fstem, spole\u010dnost Polaris Nexus byla zalo\u017eena na z\u00e1klad\u011b. <strong>filozofie \u0161t\u00edhlosti a ziskovosti<\/strong>: budov\u00e1n\u00ed digit\u00e1ln\u00edch podnik\u016f, kter\u00e9 jsou glob\u00e1ln\u00ed, ziskov\u00e9 a odoln\u00e9 od sam\u00e9ho po\u010d\u00e1tku.<\/p>\n\n\n\n<h3 class=\"wp-block-heading\"><strong><span style=\"color: #000000;\" class=\"stk-highlight\">Na\u0161e posl\u00e1n\u00ed<\/span><\/strong><\/h3>\n\n\n\n<p>Na\u0161e posl\u00e1n\u00ed je jednoduch\u00e9, ale ambici\u00f3zn\u00ed:<br><strong>p\u0159em\u011bnit m\u00edstn\u00ed digit\u00e1ln\u00ed podniky na glob\u00e1ln\u00ed zna\u010dky<\/strong> kombinac\u00ed mezin\u00e1rodn\u00edho SEO, kulturn\u00ed lokalizace, \u0161k\u00e1lovateln\u00e9 technologie a r\u016fstov\u00fdch strategi\u00ed, kter\u00e9 funguj\u00ed nap\u0159\u00ed\u010d trhy.<\/p>\n\n\n\n<p>V\u011b\u0159\u00edme, \u017ee budoucnost pat\u0159\u00ed spole\u010dnostem, kter\u00e9 se dok\u00e1\u017e\u00ed rychle p\u0159izp\u016fsobit, respektovat kulturn\u00ed rozmanitost a efektivn\u011b fungovat. Na\u0161\u00edm \u00fakolem je poskytnout pl\u00e1n, technologii a realizaci, kter\u00e9 to umo\u017en\u00ed.<\/p>\n\n\n\n<h3 class=\"wp-block-heading\"><strong><span style=\"color: #000000;\" class=\"stk-highlight\">O n\u00e1s<\/span><\/strong><\/h3>\n\n\n\n<p>Ve spole\u010dnosti Polaris Nexus:<\/p>\n\n\n\n<ul class=\"wp-block-list\">\n<li>Spolupracujte s <strong>digit\u00e1ln\u00ed podnikatel\u00e9<\/strong> cht\u011bj\u00ed roz\u0161\u00ed\u0159it sv\u00e9 ov\u011b\u0159en\u00e9 n\u00e1pady.<\/li>\n\n\n\n<li>N\u00e1pov\u011bda <strong>tv\u016frci v\u00fdklenk\u016f a pedagogov\u00e9<\/strong> prom\u011bnit znalosti v glob\u00e1ln\u00ed podniky.<\/li>\n\n\n\n<li>Podpora <strong>zna\u010dky v r\u016fstov\u00e9 f\u00e1zi<\/strong> p\u0159i expanzi na nov\u00e9 trhy s p\u0159ehledem.<\/li>\n\n\n\n<li>Pr\u016fvodce <strong>tradi\u010dn\u00ed podniky<\/strong> p\u0159echod na internet a mezin\u00e1rodn\u00ed p\u016fsoben\u00ed.<\/li>\n<\/ul>\n\n\n\n<p>Pomohli jsme spustit platformy ve v\u00edce ne\u017e <strong>75 zem\u00ed<\/strong>, podpora obsahu a obchodu v <strong>v\u0161echny hlavn\u00ed jazyky<\/strong>a stavebn\u00ed syst\u00e9my ur\u010den\u00e9 pro <strong>dlouhodob\u00fd r\u016fst a ziskovost<\/strong>.<\/p>\n\n\n\n<p>Ve spole\u010dnosti Polaris Nexus nevytv\u00e1\u0159\u00edme pouze digit\u00e1ln\u00ed produkty. <strong>Budujeme glob\u00e1ln\u00ed zna\u010dky.<\/strong><\/p>\n<\/div><\/div><\/div>\n<\/div><\/div>\n\n\n\n<p><\/p>","protected":false},"excerpt":{"rendered":"<p>Polaris Nexus LLC je spole\u010dnost zam\u011b\u0159en\u00e1 na digit\u00e1ln\u00ed technologie, kter\u00e1 pom\u00e1h\u00e1 firm\u00e1m jak\u00e9koli velikosti a odv\u011btv\u00ed expandovat za hranice. D\u00edky distribuovan\u00e9 provozn\u00ed z\u00e1kladn\u011b se specializujeme na vytv\u00e1\u0159en\u00ed \u0161k\u00e1lovateln\u00fdch digit\u00e1ln\u00edch aktiv a strategi\u00ed, kter\u00e9 umo\u017e\u0148uj\u00ed zna\u010dk\u00e1m vstupovat na nov\u00e9 trhy s kulturn\u00ed p\u0159esnost\u00ed, silnou technologi\u00ed a \u0161t\u00edhl\u00fdm provozem. Na rozd\u00edl od tradi\u010dn\u00edch technologick\u00fdch startup\u016f, kter\u00e9 se hon\u00ed za rychl\u00fdm, ... <a title=\"Kdo jsme\" class=\"read-more\" href=\"https:\/\/polarisnexuslcc.com\/cs\/about-us\/\" aria-label=\"P\u0159e\u010dt\u011bte si v\u00edce o tom, kdo jsme\">\u010c\u00edst d\u00e1l<\/a><\/p>","protected":false},"author":1,"featured_media":0,"parent":0,"menu_order":0,"comment_status":"closed","ping_status":"closed","template":"","meta":{"footnotes":""},"class_list":["post-78","page","type-page","status-publish"],"yoast_head":"<!-- This site is optimized with the Yoast SEO plugin v27.5 - https:\/\/yoast.com\/product\/yoast-seo-wordpress\/ -->\n<title>Who We Are - Polaris Nexus<\/title>\n<meta name=\"robots\" content=\"index, follow, max-snippet:-1, max-image-preview:large, max-video-preview:-1\" \/>\n<link rel=\"canonical\" href=\"https:\/\/polarisnexuslcc.com\/cs\/about-us\/\" \/>\n<meta property=\"og:locale\" content=\"cs_CZ\" \/>\n<meta property=\"og:type\" content=\"article\" \/>\n<meta property=\"og:title\" content=\"Who We Are - Polaris Nexus\" \/>\n<meta property=\"og:description\" content=\"Polaris Nexus LLC is a digital-first company built to help businesses of any size and industry expand beyond borders. With a distributed operational base, we specialize in creating scalable digital assets and strategies that empower brands to enter new markets with cultural precision, strong technology, and lean operations. Unlike traditional tech startups that chase rapid, ... \u010c\u00edst d\u00e1l\" \/>\n<meta property=\"og:url\" content=\"https:\/\/polarisnexuslcc.com\/cs\/about-us\/\" \/>\n<meta property=\"og:site_name\" content=\"Polaris Nexus\" \/>\n<meta property=\"article:modified_time\" content=\"2025-08-16T09:58:31+00:00\" \/>\n<meta name=\"twitter:card\" content=\"summary_large_image\" \/>\n<meta name=\"twitter:site\" content=\"@polarisnexuslcc\" \/>\n<meta name=\"twitter:label1\" content=\"Odhadovan\u00e1 doba \u010dten\u00ed\" \/>\n\t<meta name=\"twitter:data1\" content=\"1 minuta\" \/>\n<script type=\"application\/ld+json\" class=\"yoast-schema-graph\">{\"@context\":\"https:\\\/\\\/schema.org\",\"@graph\":[{\"@type\":\"WebPage\",\"@id\":\"https:\\\/\\\/polarisnexuslcc.com\\\/about-us\\\/\",\"url\":\"https:\\\/\\\/polarisnexuslcc.com\\\/about-us\\\/\",\"name\":\"Who We Are - Polaris Nexus\",\"isPartOf\":{\"@id\":\"https:\\\/\\\/polarisnexuslcc.com\\\/#website\"},\"datePublished\":\"2022-05-10T19:33:06+00:00\",\"dateModified\":\"2025-08-16T09:58:31+00:00\",\"breadcrumb\":{\"@id\":\"https:\\\/\\\/polarisnexuslcc.com\\\/about-us\\\/#breadcrumb\"},\"inLanguage\":\"cs\",\"potentialAction\":[{\"@type\":\"ReadAction\",\"target\":[\"https:\\\/\\\/polarisnexuslcc.com\\\/about-us\\\/\"]}]},{\"@type\":\"BreadcrumbList\",\"@id\":\"https:\\\/\\\/polarisnexuslcc.com\\\/about-us\\\/#breadcrumb\",\"itemListElement\":[{\"@type\":\"ListItem\",\"position\":1,\"name\":\"Home\",\"item\":\"https:\\\/\\\/polarisnexuslcc.com\\\/\"},{\"@type\":\"ListItem\",\"position\":2,\"name\":\"Who We Are\"}]},{\"@type\":\"WebSite\",\"@id\":\"https:\\\/\\\/polarisnexuslcc.com\\\/#website\",\"url\":\"https:\\\/\\\/polarisnexuslcc.com\\\/\",\"name\":\"Polaris Nexus LCC\",\"description\":\"\",\"publisher\":{\"@id\":\"https:\\\/\\\/polarisnexuslcc.com\\\/#organization\"},\"potentialAction\":[{\"@type\":\"SearchAction\",\"target\":{\"@type\":\"EntryPoint\",\"urlTemplate\":\"https:\\\/\\\/polarisnexuslcc.com\\\/?s={search_term_string}\"},\"query-input\":{\"@type\":\"PropertyValueSpecification\",\"valueRequired\":true,\"valueName\":\"search_term_string\"}}],\"inLanguage\":\"cs\"},{\"@type\":\"Organization\",\"@id\":\"https:\\\/\\\/polarisnexuslcc.com\\\/#organization\",\"name\":\"Polaris Nexus LCC\",\"url\":\"https:\\\/\\\/polarisnexuslcc.com\\\/\",\"logo\":{\"@type\":\"ImageObject\",\"inLanguage\":\"cs\",\"@id\":\"https:\\\/\\\/polarisnexuslcc.com\\\/#\\\/schema\\\/logo\\\/image\\\/\",\"url\":\"https:\\\/\\\/polarisnexuslcc.com\\\/wp-content\\\/uploads\\\/2025\\\/08\\\/cropped-ChatGPT_Image_3_ago_2025__09_23_48-removebg-preview-1.png\",\"contentUrl\":\"https:\\\/\\\/polarisnexuslcc.com\\\/wp-content\\\/uploads\\\/2025\\\/08\\\/cropped-ChatGPT_Image_3_ago_2025__09_23_48-removebg-preview-1.png\",\"width\":500,\"height\":205,\"caption\":\"Polaris Nexus LCC\"},\"image\":{\"@id\":\"https:\\\/\\\/polarisnexuslcc.com\\\/#\\\/schema\\\/logo\\\/image\\\/\"},\"sameAs\":[\"https:\\\/\\\/x.com\\\/polarisnexuslcc\"]}]}<\/script>\n<!-- \/ Yoast SEO plugin. -->","yoast_head_json":{"title":"Kdo jsme - Polaris Nexus","robots":{"index":"index","follow":"follow","max-snippet":"max-snippet:-1","max-image-preview":"max-image-preview:large","max-video-preview":"max-video-preview:-1"},"canonical":"https:\/\/polarisnexuslcc.com\/cs\/about-us\/","og_locale":"cs_CZ","og_type":"article","og_title":"Who We Are - Polaris Nexus","og_description":"Polaris Nexus LLC is a digital-first company built to help businesses of any size and industry expand beyond borders. With a distributed operational base, we specialize in creating scalable digital assets and strategies that empower brands to enter new markets with cultural precision, strong technology, and lean operations. Unlike traditional tech startups that chase rapid, ... \u010c\u00edst d\u00e1l","og_url":"https:\/\/polarisnexuslcc.com\/cs\/about-us\/","og_site_name":"Polaris Nexus","article_modified_time":"2025-08-16T09:58:31+00:00","twitter_card":"summary_large_image","twitter_site":"@polarisnexuslcc","twitter_misc":{"Odhadovan\u00e1 doba \u010dten\u00ed":"1 minuta"},"schema":{"@context":"https:\/\/schema.org","@graph":[{"@type":"WebPage","@id":"https:\/\/polarisnexuslcc.com\/about-us\/","url":"https:\/\/polarisnexuslcc.com\/about-us\/","name":"Kdo jsme - Polaris Nexus","isPartOf":{"@id":"https:\/\/polarisnexuslcc.com\/#website"},"datePublished":"2022-05-10T19:33:06+00:00","dateModified":"2025-08-16T09:58:31+00:00","breadcrumb":{"@id":"https:\/\/polarisnexuslcc.com\/about-us\/#breadcrumb"},"inLanguage":"cs","potentialAction":[{"@type":"ReadAction","target":["https:\/\/polarisnexuslcc.com\/about-us\/"]}]},{"@type":"BreadcrumbList","@id":"https:\/\/polarisnexuslcc.com\/about-us\/#breadcrumb","itemListElement":[{"@type":"ListItem","position":1,"name":"Home","item":"https:\/\/polarisnexuslcc.com\/"},{"@type":"ListItem","position":2,"name":"Who We Are"}]},{"@type":"WebSite","@id":"https:\/\/polarisnexuslcc.com\/#website","url":"https:\/\/polarisnexuslcc.com\/","name":"Polaris Nexus LCC","description":"","publisher":{"@id":"https:\/\/polarisnexuslcc.com\/#organization"},"potentialAction":[{"@type":"SearchAction","target":{"@type":"EntryPoint","urlTemplate":"https:\/\/polarisnexuslcc.com\/?s={search_term_string}"},"query-input":{"@type":"PropertyValueSpecification","valueRequired":true,"valueName":"search_term_string"}}],"inLanguage":"cs"},{"@type":"Organization","@id":"https:\/\/polarisnexuslcc.com\/#organization","name":"Polaris Nexus LCC","url":"https:\/\/polarisnexuslcc.com\/","logo":{"@type":"ImageObject","inLanguage":"cs","@id":"https:\/\/polarisnexuslcc.com\/#\/schema\/logo\/image\/","url":"https:\/\/polarisnexuslcc.com\/wp-content\/uploads\/2025\/08\/cropped-ChatGPT_Image_3_ago_2025__09_23_48-removebg-preview-1.png","contentUrl":"https:\/\/polarisnexuslcc.com\/wp-content\/uploads\/2025\/08\/cropped-ChatGPT_Image_3_ago_2025__09_23_48-removebg-preview-1.png","width":500,"height":205,"caption":"Polaris Nexus LCC"},"image":{"@id":"https:\/\/polarisnexuslcc.com\/#\/schema\/logo\/image\/"},"sameAs":["https:\/\/x.com\/polarisnexuslcc"]}]}},"_links":{"self":[{"href":"https:\/\/polarisnexuslcc.com\/cs\/wp-json\/wp\/v2\/pages\/78","targetHints":{"allow":["GET"]}}],"collection":[{"href":"https:\/\/polarisnexuslcc.com\/cs\/wp-json\/wp\/v2\/pages"}],"about":[{"href":"https:\/\/polarisnexuslcc.com\/cs\/wp-json\/wp\/v2\/types\/page"}],"author":[{"embeddable":true,"href":"https:\/\/polarisnexuslcc.com\/cs\/wp-json\/wp\/v2\/users\/1"}],"replies":[{"embeddable":true,"href":"https:\/\/polarisnexuslcc.com\/cs\/wp-json\/wp\/v2\/comments?post=78"}],"version-history":[{"count":0,"href":"https:\/\/polarisnexuslcc.com\/cs\/wp-json\/wp\/v2\/pages\/78\/revisions"}],"wp:attachment":[{"href":"https:\/\/polarisnexuslcc.com\/cs\/wp-json\/wp\/v2\/media?parent=78"}],"curies":[{"name":"wp","href":"https:\/\/api.w.org\/{rel}","templated":true}]}}