{"id":80,"date":"2022-05-10T20:33:20","date_gmt":"2022-05-10T19:33:20","guid":{"rendered":"https:\/\/gp-inbound.wordifysites.com\/?page_id=80"},"modified":"2022-05-10T20:33:20","modified_gmt":"2022-05-10T19:33:20","slug":"blog","status":"publish","type":"page","link":"https:\/\/polarisnexuslcc.com\/cs\/blog\/","title":{"rendered":"Blog"},"content":{"rendered":"<div class=\"gb-grid-wrapper gb-grid-wrapper-07af4c16 gb-query-loop-wrapper\">\n<div class=\"gb-grid-column gb-grid-column-2e3a1acf gb-query-loop-item post-20538 post type-post status-publish format-standard has-post-thumbnail hentry category-business category-localization\"><article class=\"gb-container gb-container-2e3a1acf\"><div class=\"gb-inside-container\">\n<figure class=\"gb-block-image gb-block-image-06177060\"><a href=\"https:\/\/polarisnexuslcc.com\/cs\/vat-in-the-european-union-the-oss-system-explained\/\"><img decoding=\"async\" width=\"300\" height=\"164\" src=\"https:\/\/polarisnexuslcc.com\/wp-content\/uploads\/2026\/04\/imagen-2-3-300x164.avif\" class=\"gb-image-06177060\" alt=\"Digital payment gateway interface showing multiple EU country flags and currency symbols, cross-bord\" srcset=\"https:\/\/polarisnexuslcc.com\/wp-content\/uploads\/2026\/04\/imagen-2-3-300x164.avif 300w, https:\/\/polarisnexuslcc.com\/wp-content\/uploads\/2026\/04\/imagen-2-3-1024x559.avif 1024w, https:\/\/polarisnexuslcc.com\/wp-content\/uploads\/2026\/04\/imagen-2-3-768x419.avif 768w, https:\/\/polarisnexuslcc.com\/wp-content\/uploads\/2026\/04\/imagen-2-3-18x10.avif 18w, https:\/\/polarisnexuslcc.com\/wp-content\/uploads\/2026\/04\/imagen-2-3.avif 1408w\" sizes=\"(max-width: 300px) 100vw, 300px\" \/><\/a><\/figure>\n\n<h2 class=\"gb-headline gb-headline-d979bae1 gb-headline-text\"><a href=\"https:\/\/polarisnexuslcc.com\/cs\/vat-in-the-european-union-the-oss-system-explained\/\">VAT in the European Union: The OSS System Explained<\/a><\/h2>\n\n<div class=\"gb-headline gb-headline-5c371095 gb-headline-text\">According to the European Commission, over 65% of digital businesses selling across EU borders struggle with VAT compliance in their first two years of operation. &#8230;<\/div>\n\n<p class=\"gb-headline gb-headline-427f6f6b gb-headline-text\"><span class=\"post-term-item term-business\"><a href=\"https:\/\/polarisnexuslcc.com\/cs\/category\/business\/\">Obchodn\u00ed<\/a><\/span>, <span class=\"post-term-item term-localization\"><a href=\"https:\/\/polarisnexuslcc.com\/cs\/category\/localization\/\">Lokalizace<\/a><\/span><\/p>\n<\/div><\/article><\/div>\n\n<div class=\"gb-grid-column gb-grid-column-2e3a1acf gb-query-loop-item post-20390 post type-post status-publish format-standard has-post-thumbnail hentry category-digital-strategy category-productivity category-social-media\"><article class=\"gb-container gb-container-2e3a1acf\"><div class=\"gb-inside-container\">\n<figure class=\"gb-block-image gb-block-image-06177060\"><a href=\"https:\/\/polarisnexuslcc.com\/cs\/colors-symbols-and-taboos-visual-design-for-global-markets\/\"><img decoding=\"async\" width=\"225\" height=\"300\" src=\"https:\/\/polarisnexuslcc.com\/wp-content\/uploads\/2026\/01\/imagen-1-13-225x300.avif\" class=\"gb-image-06177060\" alt=\"diverse international business team reviewing color palettes and design mockups on large monitors in\" srcset=\"https:\/\/polarisnexuslcc.com\/wp-content\/uploads\/2026\/01\/imagen-1-13-225x300.avif 225w, https:\/\/polarisnexuslcc.com\/wp-content\/uploads\/2026\/01\/imagen-1-13-9x12.avif 9w, https:\/\/polarisnexuslcc.com\/wp-content\/uploads\/2026\/01\/imagen-1-13.avif 720w\" sizes=\"(max-width: 225px) 100vw, 225px\" \/><\/a><\/figure>\n\n<h2 class=\"gb-headline gb-headline-d979bae1 gb-headline-text\"><a href=\"https:\/\/polarisnexuslcc.com\/cs\/colors-symbols-and-taboos-visual-design-for-global-markets\/\">Barvy, symboly a tabu: Vizu\u00e1ln\u00ed design pro glob\u00e1ln\u00ed trhy<\/a><\/h2>\n\n<div class=\"gb-headline gb-headline-5c371095 gb-headline-text\">Podle v\u00fdzkumu asociace NeuroMarketing Science &amp; Business Association ovliv\u0148uj\u00ed volby barev a\u017e 85% n\u00e1kupn\u00edch rozhodnut\u00ed, ale co funguje v New Yorku \u2026<\/div>\n\n<p class=\"gb-headline gb-headline-427f6f6b gb-headline-text\"><span class=\"post-term-item term-digital-strategy\"><a href=\"https:\/\/polarisnexuslcc.com\/cs\/category\/digital-strategy\/\">Digit\u00e1ln\u00ed strategie<\/a><\/span>, <span class=\"post-term-item term-productivity\"><a href=\"https:\/\/polarisnexuslcc.com\/cs\/category\/productivity\/\">Produktivita<\/a><\/span>, <span class=\"post-term-item term-social-media\"><a href=\"https:\/\/polarisnexuslcc.com\/cs\/category\/social-media\/\">Soci\u00e1ln\u00ed m\u00e9dia<\/a><\/span><\/p>\n<\/div><\/article><\/div>\n\n<div class=\"gb-grid-column gb-grid-column-2e3a1acf gb-query-loop-item post-20472 post type-post status-publish format-standard has-post-thumbnail hentry category-digital-strategy category-entrepreneurship category-uncategorized\"><article class=\"gb-container gb-container-2e3a1acf\"><div class=\"gb-inside-container\">\n<figure class=\"gb-block-image gb-block-image-06177060\"><a href=\"https:\/\/polarisnexuslcc.com\/cs\/global-online-academies-from-info-product-to-international-school\/\"><img decoding=\"async\" width=\"300\" height=\"164\" src=\"https:\/\/polarisnexuslcc.com\/wp-content\/uploads\/2026\/02\/imagen-1-6-300x164.avif\" class=\"gb-image-06177060\" alt=\"Global online learning platform interface showing multiple languages and currency options, modern da\" srcset=\"https:\/\/polarisnexuslcc.com\/wp-content\/uploads\/2026\/02\/imagen-1-6-300x164.avif 300w, https:\/\/polarisnexuslcc.com\/wp-content\/uploads\/2026\/02\/imagen-1-6-1024x559.avif 1024w, https:\/\/polarisnexuslcc.com\/wp-content\/uploads\/2026\/02\/imagen-1-6-768x419.avif 768w, https:\/\/polarisnexuslcc.com\/wp-content\/uploads\/2026\/02\/imagen-1-6-18x10.avif 18w, https:\/\/polarisnexuslcc.com\/wp-content\/uploads\/2026\/02\/imagen-1-6.avif 1408w\" sizes=\"(max-width: 300px) 100vw, 300px\" \/><\/a><\/figure>\n\n<h2 class=\"gb-headline gb-headline-d979bae1 gb-headline-text\"><a href=\"https:\/\/polarisnexuslcc.com\/cs\/global-online-academies-from-info-product-to-international-school\/\">Glob\u00e1ln\u00ed online akademie: Od informa\u010dn\u00edho produktu k mezin\u00e1rodn\u00ed \u0161kole<\/a><\/h2>\n\n<div class=\"gb-headline gb-headline-5c371095 gb-headline-text\">Podle spole\u010dnosti Statista se p\u0159edpokl\u00e1d\u00e1, \u017ee glob\u00e1ln\u00ed trh online vzd\u011bl\u00e1v\u00e1n\u00ed dos\u00e1hne do roku 2025 $166,60 miliardy dolar\u016f, p\u0159i\u010dem\u017e pr\u016fm\u011brn\u00fd p\u0159\u00edjem na u\u017eivatele nap\u0159\u00ed\u010d regiony neust\u00e1le roste. \u2026<\/div>\n\n<p class=\"gb-headline gb-headline-427f6f6b gb-headline-text\"><span class=\"post-term-item term-digital-strategy\"><a href=\"https:\/\/polarisnexuslcc.com\/cs\/category\/digital-strategy\/\">Digit\u00e1ln\u00ed strategie<\/a><\/span>, <span class=\"post-term-item term-entrepreneurship\"><a href=\"https:\/\/polarisnexuslcc.com\/cs\/category\/entrepreneurship\/\">Podnik\u00e1n\u00ed<\/a><\/span>, <span class=\"post-term-item term-uncategorized\"><a href=\"https:\/\/polarisnexuslcc.com\/cs\/category\/uncategorized\/\">Neza\u0159azen\u00e9<\/a><\/span><\/p>\n<\/div><\/article><\/div>\n\n<div class=\"gb-grid-column gb-grid-column-2e3a1acf gb-query-loop-item post-20358 post type-post status-publish format-standard has-post-thumbnail hentry category-international-seo category-platforms\"><article class=\"gb-container gb-container-2e3a1acf\"><div class=\"gb-inside-container\">\n<figure class=\"gb-block-image gb-block-image-06177060\"><a href=\"https:\/\/polarisnexuslcc.com\/cs\/multilingual-wordpress-wpml-polylang-and-alternatives\/\"><img decoding=\"async\" width=\"225\" height=\"300\" src=\"https:\/\/polarisnexuslcc.com\/wp-content\/uploads\/2026\/01\/imagen-3-9-225x300.avif\" class=\"gb-image-06177060\" alt=\"close-up of hands typing code on laptop with WPML and Polylang plugin settings visible on screen, de\" srcset=\"https:\/\/polarisnexuslcc.com\/wp-content\/uploads\/2026\/01\/imagen-3-9-225x300.avif 225w, https:\/\/polarisnexuslcc.com\/wp-content\/uploads\/2026\/01\/imagen-3-9-9x12.avif 9w, https:\/\/polarisnexuslcc.com\/wp-content\/uploads\/2026\/01\/imagen-3-9.avif 720w\" sizes=\"(max-width: 225px) 100vw, 225px\" \/><\/a><\/figure>\n\n<h2 class=\"gb-headline gb-headline-d979bae1 gb-headline-text\"><a href=\"https:\/\/polarisnexuslcc.com\/cs\/multilingual-wordpress-wpml-polylang-and-alternatives\/\">V\u00edcejazy\u010dn\u00fd WordPress: WPML, Polylang a alternativy<\/a><\/h2>\n\n<div class=\"gb-headline gb-headline-5c371095 gb-headline-text\">Vytvo\u0159en\u00ed v\u00edcejazy\u010dn\u00e9ho webu WordPress zn\u00ed jednodu\u0161e, dokud nenaraz\u00edte na prvn\u00ed varov\u00e1n\u00ed o p\u0159et\u00ed\u017een\u00ed datab\u00e1ze nebo nezjist\u00edte, \u017ee se va\u0161e p\u0159eklady p\u0159es noc rozbily. Podle W3Techs, WordPress ...<\/div>\n\n<p class=\"gb-headline gb-headline-427f6f6b gb-headline-text\"><span class=\"post-term-item term-international-seo\"><a href=\"https:\/\/polarisnexuslcc.com\/cs\/category\/international-seo\/\">Mezin\u00e1rodn\u00ed SEO<\/a><\/span>, <span class=\"post-term-item term-platforms\"><a href=\"https:\/\/polarisnexuslcc.com\/cs\/category\/platforms\/\">Platformy<\/a><\/span><\/p>\n<\/div><\/article><\/div>\n\n<div class=\"gb-grid-column gb-grid-column-2e3a1acf gb-query-loop-item post-20378 post type-post status-publish format-standard has-post-thumbnail hentry category-business category-digital-strategy category-international-growth\"><article class=\"gb-container gb-container-2e3a1acf\"><div class=\"gb-inside-container\">\n<figure class=\"gb-block-image gb-block-image-06177060\"><a href=\"https:\/\/polarisnexuslcc.com\/cs\/beauty-and-cosmetics-e-commerce-international-expansion\/\"><img decoding=\"async\" width=\"225\" height=\"300\" src=\"https:\/\/polarisnexuslcc.com\/wp-content\/uploads\/2026\/01\/imagen-4-16-225x300.avif\" class=\"gb-image-06177060\" alt=\"Diverse group of beauty consumers from different ethnicities testing foundation shades, hands compar\" srcset=\"https:\/\/polarisnexuslcc.com\/wp-content\/uploads\/2026\/01\/imagen-4-16-225x300.avif 225w, https:\/\/polarisnexuslcc.com\/wp-content\/uploads\/2026\/01\/imagen-4-16-9x12.avif 9w, https:\/\/polarisnexuslcc.com\/wp-content\/uploads\/2026\/01\/imagen-4-16.avif 720w\" sizes=\"(max-width: 225px) 100vw, 225px\" \/><\/a><\/figure>\n\n<h2 class=\"gb-headline gb-headline-d979bae1 gb-headline-text\"><a href=\"https:\/\/polarisnexuslcc.com\/cs\/beauty-and-cosmetics-e-commerce-international-expansion\/\">Elektronick\u00fd obchod s kosmetikou a kr\u00e1sou: Mezin\u00e1rodn\u00ed expanze<\/a><\/h2>\n\n<div class=\"gb-headline gb-headline-5c371095 gb-headline-text\">Podle zpr\u00e1vy spole\u010dnosti Statista by m\u011bl celosv\u011btov\u00fd trh elektronick\u00e9ho obchodu s kosmetikou a osobn\u00ed p\u00e9\u010d\u00ed do roku 2024 dos\u00e1hnout $120 miliard EUR, p\u0159i\u010dem\u017e p\u0159eshrani\u010dn\u00ed ...<\/div>\n\n<p class=\"gb-headline gb-headline-427f6f6b gb-headline-text\"><span class=\"post-term-item term-business\"><a href=\"https:\/\/polarisnexuslcc.com\/cs\/category\/business\/\">Obchodn\u00ed<\/a><\/span>, <span class=\"post-term-item term-digital-strategy\"><a href=\"https:\/\/polarisnexuslcc.com\/cs\/category\/digital-strategy\/\">Digit\u00e1ln\u00ed strategie<\/a><\/span>, <span class=\"post-term-item term-international-growth\"><a href=\"https:\/\/polarisnexuslcc.com\/cs\/category\/international-growth\/\">Mezin\u00e1rodn\u00ed r\u016fst<\/a><\/span><\/p>\n<\/div><\/article><\/div>\n\n<div class=\"gb-grid-column gb-grid-column-2e3a1acf gb-query-loop-item post-20369 post type-post status-publish format-standard has-post-thumbnail hentry category-international-growth category-productivity\"><article class=\"gb-container gb-container-2e3a1acf\"><div class=\"gb-inside-container\">\n<figure class=\"gb-block-image gb-block-image-06177060\"><a href=\"https:\/\/polarisnexuslcc.com\/cs\/signs-that-your-business-is-ready-to-go-international\/\"><img decoding=\"async\" width=\"225\" height=\"300\" src=\"https:\/\/polarisnexuslcc.com\/wp-content\/uploads\/2026\/01\/imagen-1-12-225x300.avif\" class=\"gb-image-06177060\" alt=\"Professional business analyst reviewing global website analytics dashboard showing traffic from mult\" srcset=\"https:\/\/polarisnexuslcc.com\/wp-content\/uploads\/2026\/01\/imagen-1-12-225x300.avif 225w, https:\/\/polarisnexuslcc.com\/wp-content\/uploads\/2026\/01\/imagen-1-12-9x12.avif 9w, https:\/\/polarisnexuslcc.com\/wp-content\/uploads\/2026\/01\/imagen-1-12.avif 720w\" sizes=\"(max-width: 225px) 100vw, 225px\" \/><\/a><\/figure>\n\n<h2 class=\"gb-headline gb-headline-d979bae1 gb-headline-text\"><a href=\"https:\/\/polarisnexuslcc.com\/cs\/signs-that-your-business-is-ready-to-go-international\/\">Zn\u00e1mky toho, \u017ee je va\u0161e firma p\u0159ipravena p\u0159ej\u00edt na mezin\u00e1rodn\u00ed trh<\/a><\/h2>\n\n<div class=\"gb-headline gb-headline-5c371095 gb-headline-text\">V\u011bt\u0161ina podnik\u016f s pr\u016fzkumem mezin\u00e1rodn\u00edch trh\u016f p\u0159\u00edli\u0161 dlouho ot\u00e1l\u00ed - nebo se na n\u011b vrhne p\u0159\u00edli\u0161 brzy a sp\u00e1l\u00ed pen\u00edze na chyb\u00e1ch, kter\u00fdm se d\u00e1 p\u0159edej\u00edt. Podle studie spole\u010dnosti ...<\/div>\n\n<p class=\"gb-headline gb-headline-427f6f6b gb-headline-text\"><span class=\"post-term-item term-international-growth\"><a href=\"https:\/\/polarisnexuslcc.com\/cs\/category\/international-growth\/\">Mezin\u00e1rodn\u00ed r\u016fst<\/a><\/span>, <span class=\"post-term-item term-productivity\"><a href=\"https:\/\/polarisnexuslcc.com\/cs\/category\/productivity\/\">Produktivita<\/a><\/span><\/p>\n<\/div><\/article><\/div>\n\n<div class=\"gb-grid-column gb-grid-column-2e3a1acf gb-query-loop-item post-20351 post type-post status-publish format-standard has-post-thumbnail hentry category-business category-entrepreneurship category-productivity\"><article class=\"gb-container gb-container-2e3a1acf\"><div class=\"gb-inside-container\">\n<figure class=\"gb-block-image gb-block-image-06177060\"><a href=\"https:\/\/polarisnexuslcc.com\/cs\/global-saas-from-day-one-architecture-and-pricing\/\"><img decoding=\"async\" width=\"225\" height=\"300\" src=\"https:\/\/polarisnexuslcc.com\/wp-content\/uploads\/2026\/01\/imagen-4-12-225x300.avif\" class=\"gb-image-06177060\" alt=\"Network performance monitoring dashboard showing global latency metrics and server response times ac\" srcset=\"https:\/\/polarisnexuslcc.com\/wp-content\/uploads\/2026\/01\/imagen-4-12-225x300.avif 225w, https:\/\/polarisnexuslcc.com\/wp-content\/uploads\/2026\/01\/imagen-4-12-9x12.avif 9w, https:\/\/polarisnexuslcc.com\/wp-content\/uploads\/2026\/01\/imagen-4-12.avif 720w\" sizes=\"(max-width: 225px) 100vw, 225px\" \/><\/a><\/figure>\n\n<h2 class=\"gb-headline gb-headline-d979bae1 gb-headline-text\"><a href=\"https:\/\/polarisnexuslcc.com\/cs\/global-saas-from-day-one-architecture-and-pricing\/\">Glob\u00e1ln\u00ed SaaS od prvn\u00edho dne: architektura a ceny<\/a><\/h2>\n\n<div class=\"gb-headline gb-headline-5c371095 gb-headline-text\">Podle pr\u016fzkumu spole\u010dnosti SaaS Capital z roku 2024 se 68% spole\u010dnost\u00ed SaaS, kter\u00e9 odkl\u00e1daly rozhodnut\u00ed o mezin\u00e1rodn\u00ed architektu\u0159e, pot\u00fdkalo do 18 m\u011bs\u00edc\u016f se zna\u010dn\u00fdm technick\u00fdm dluhem, \u010dasto ...<\/div>\n\n<p class=\"gb-headline gb-headline-427f6f6b gb-headline-text\"><span class=\"post-term-item term-business\"><a href=\"https:\/\/polarisnexuslcc.com\/cs\/category\/business\/\">Obchodn\u00ed<\/a><\/span>, <span class=\"post-term-item term-entrepreneurship\"><a href=\"https:\/\/polarisnexuslcc.com\/cs\/category\/entrepreneurship\/\">Podnik\u00e1n\u00ed<\/a><\/span>, <span class=\"post-term-item term-productivity\"><a href=\"https:\/\/polarisnexuslcc.com\/cs\/category\/productivity\/\">Produktivita<\/a><\/span><\/p>\n<\/div><\/article><\/div>\n\n<div class=\"gb-grid-column gb-grid-column-2e3a1acf gb-query-loop-item post-20347 post type-post status-publish format-standard has-post-thumbnail hentry category-digital-strategy category-international-growth category-platforms\"><article class=\"gb-container gb-container-2e3a1acf\"><div class=\"gb-inside-container\">\n<figure class=\"gb-block-image gb-block-image-06177060\"><a href=\"https:\/\/polarisnexuslcc.com\/cs\/multilingual-youtube-subtitles-dubbing-or-separate-channels\/\"><img decoding=\"async\" width=\"225\" height=\"300\" src=\"https:\/\/polarisnexuslcc.com\/wp-content\/uploads\/2026\/01\/imagen-1-11-225x300.avif\" class=\"gb-image-06177060\" alt=\"Global content creator working at modern desk with multiple computer screens showing YouTube analyti\" srcset=\"https:\/\/polarisnexuslcc.com\/wp-content\/uploads\/2026\/01\/imagen-1-11-225x300.avif 225w, https:\/\/polarisnexuslcc.com\/wp-content\/uploads\/2026\/01\/imagen-1-11-9x12.avif 9w, https:\/\/polarisnexuslcc.com\/wp-content\/uploads\/2026\/01\/imagen-1-11.avif 720w\" sizes=\"(max-width: 225px) 100vw, 225px\" \/><\/a><\/figure>\n\n<h2 class=\"gb-headline gb-headline-d979bae1 gb-headline-text\"><a href=\"https:\/\/polarisnexuslcc.com\/cs\/multilingual-youtube-subtitles-dubbing-or-separate-channels\/\">V\u00edcejazy\u010dn\u00fd YouTube: Titulky, dabing nebo samostatn\u00e9 kan\u00e1ly<\/a><\/h2>\n\n<div class=\"gb-headline gb-headline-5c371095 gb-headline-text\">Podle intern\u00edch \u00fadaj\u016f spole\u010dnosti YouTube, kter\u00e9 uv\u00e1d\u00ed port\u00e1l Statista, poch\u00e1z\u00ed v\u00edce ne\u017e 80% n\u00e1v\u0161t\u011bvnosti YouTube ze zem\u00ed mimo Spojen\u00e9 st\u00e1ty, ale v\u011bt\u0161ina tv\u016frc\u016f st\u00e1le publikuje obsah ...<\/div>\n\n<p class=\"gb-headline gb-headline-427f6f6b gb-headline-text\"><span class=\"post-term-item term-digital-strategy\"><a href=\"https:\/\/polarisnexuslcc.com\/cs\/category\/digital-strategy\/\">Digit\u00e1ln\u00ed strategie<\/a><\/span>, <span class=\"post-term-item term-international-growth\"><a href=\"https:\/\/polarisnexuslcc.com\/cs\/category\/international-growth\/\">Mezin\u00e1rodn\u00ed r\u016fst<\/a><\/span>, <span class=\"post-term-item term-platforms\"><a href=\"https:\/\/polarisnexuslcc.com\/cs\/category\/platforms\/\">Platformy<\/a><\/span><\/p>\n<\/div><\/article><\/div>\n\n<div class=\"gb-grid-column gb-grid-column-2e3a1acf gb-query-loop-item post-20343 post type-post status-publish format-standard has-post-thumbnail hentry category-digital-strategy category-entrepreneurship category-productivity\"><article class=\"gb-container gb-container-2e3a1acf\"><div class=\"gb-inside-container\">\n<figure class=\"gb-block-image gb-block-image-06177060\"><a href=\"https:\/\/polarisnexuslcc.com\/cs\/dates-numbers-and-currencies-the-details-that-kill-conversions\/\"><img decoding=\"async\" width=\"225\" height=\"300\" src=\"https:\/\/polarisnexuslcc.com\/wp-content\/uploads\/2026\/01\/imagen-1-10-225x300.avif\" class=\"gb-image-06177060\" alt=\"Professional e-commerce checkout page on laptop screen showing date format confusion with European a\" srcset=\"https:\/\/polarisnexuslcc.com\/wp-content\/uploads\/2026\/01\/imagen-1-10-225x300.avif 225w, https:\/\/polarisnexuslcc.com\/wp-content\/uploads\/2026\/01\/imagen-1-10-9x12.avif 9w, https:\/\/polarisnexuslcc.com\/wp-content\/uploads\/2026\/01\/imagen-1-10.avif 720w\" sizes=\"(max-width: 225px) 100vw, 225px\" \/><\/a><\/figure>\n\n<h2 class=\"gb-headline gb-headline-d979bae1 gb-headline-text\"><a href=\"https:\/\/polarisnexuslcc.com\/cs\/dates-numbers-and-currencies-the-details-that-kill-conversions\/\">Data, \u010d\u00edsla a m\u011bny: Detaily, kter\u00e9 zab\u00edjej\u00ed p\u0159evody<\/a><\/h2>\n\n<div class=\"gb-headline gb-headline-5c371095 gb-headline-text\">Podle Baymard Institute 17% americk\u00fdch z\u00e1kazn\u00edk\u016f nakupuj\u00edc\u00edch online opou\u0161t\u00ed ko\u0161\u00edk, proto\u017ee proces objedn\u00e1vky je p\u0159\u00edli\u0161 slo\u017eit\u00fd nebo nep\u0159ehledn\u00fd. V\u011bt\u0161ina spole\u010dnost\u00ed si neuv\u011bdomuje, \u017ee ...<\/div>\n\n<p class=\"gb-headline gb-headline-427f6f6b gb-headline-text\"><span class=\"post-term-item term-digital-strategy\"><a href=\"https:\/\/polarisnexuslcc.com\/cs\/category\/digital-strategy\/\">Digit\u00e1ln\u00ed strategie<\/a><\/span>, <span class=\"post-term-item term-entrepreneurship\"><a href=\"https:\/\/polarisnexuslcc.com\/cs\/category\/entrepreneurship\/\">Podnik\u00e1n\u00ed<\/a><\/span>, <span class=\"post-term-item term-productivity\"><a href=\"https:\/\/polarisnexuslcc.com\/cs\/category\/productivity\/\">Produktivita<\/a><\/span><\/p>\n<\/div><\/article><\/div>\n<\/div>\n\n<div class=\"gb-container gb-container-ca04b990 gb-query-loop-pagination\">\n\n\n<span class=\"gb-button gb-button-f3326592 gb-button-text page-numbers gb-block-is-current\" aria-current=\"page\">1<\/span><a class=\"gb-button gb-button-f3326592 gb-button-text page-numbers\" href=\"?query-7097c1ff-page=2\">2<\/a>\n\n<a class=\"gb-button gb-button-86469464 gb-button-text\" href=\"\/cs\/wp-json\/wp\/v2\/pages\/80?query-7097c1ff-page=2\">Dal\u0161\u00ed<\/a>\n<\/div>","protected":false},"excerpt":{"rendered":"","protected":false},"author":0,"featured_media":0,"parent":0,"menu_order":0,"comment_status":"closed","ping_status":"closed","template":"","meta":{"footnotes":""},"class_list":["post-80","page","type-page","status-publish"],"yoast_head":"<!-- This site is optimized with the Yoast SEO plugin v27.5 - https:\/\/yoast.com\/product\/yoast-seo-wordpress\/ -->\n<title>Blog - Polaris Nexus<\/title>\n<meta name=\"robots\" content=\"index, follow, max-snippet:-1, max-image-preview:large, max-video-preview:-1\" \/>\n<link rel=\"canonical\" href=\"https:\/\/polarisnexuslcc.com\/cs\/blog\/\" \/>\n<meta property=\"og:locale\" content=\"cs_CZ\" \/>\n<meta property=\"og:type\" content=\"article\" \/>\n<meta property=\"og:title\" content=\"Blog - Polaris Nexus\" \/>\n<meta property=\"og:url\" content=\"https:\/\/polarisnexuslcc.com\/cs\/blog\/\" \/>\n<meta property=\"og:site_name\" content=\"Polaris Nexus\" \/>\n<meta name=\"twitter:card\" content=\"summary_large_image\" \/>\n<meta name=\"twitter:site\" content=\"@polarisnexuslcc\" \/>\n<script type=\"application\/ld+json\" class=\"yoast-schema-graph\">{\"@context\":\"https:\\\/\\\/schema.org\",\"@graph\":[{\"@type\":\"WebPage\",\"@id\":\"https:\\\/\\\/polarisnexuslcc.com\\\/blog\\\/\",\"url\":\"https:\\\/\\\/polarisnexuslcc.com\\\/blog\\\/\",\"name\":\"Blog - Polaris Nexus\",\"isPartOf\":{\"@id\":\"https:\\\/\\\/polarisnexuslcc.com\\\/#website\"},\"datePublished\":\"2022-05-10T19:33:20+00:00\",\"breadcrumb\":{\"@id\":\"https:\\\/\\\/polarisnexuslcc.com\\\/blog\\\/#breadcrumb\"},\"inLanguage\":\"cs\",\"potentialAction\":[{\"@type\":\"ReadAction\",\"target\":[\"https:\\\/\\\/polarisnexuslcc.com\\\/blog\\\/\"]}]},{\"@type\":\"BreadcrumbList\",\"@id\":\"https:\\\/\\\/polarisnexuslcc.com\\\/blog\\\/#breadcrumb\",\"itemListElement\":[{\"@type\":\"ListItem\",\"position\":1,\"name\":\"Home\",\"item\":\"https:\\\/\\\/polarisnexuslcc.com\\\/\"},{\"@type\":\"ListItem\",\"position\":2,\"name\":\"Blog\"}]},{\"@type\":\"WebSite\",\"@id\":\"https:\\\/\\\/polarisnexuslcc.com\\\/#website\",\"url\":\"https:\\\/\\\/polarisnexuslcc.com\\\/\",\"name\":\"Polaris Nexus LCC\",\"description\":\"\",\"publisher\":{\"@id\":\"https:\\\/\\\/polarisnexuslcc.com\\\/#organization\"},\"potentialAction\":[{\"@type\":\"SearchAction\",\"target\":{\"@type\":\"EntryPoint\",\"urlTemplate\":\"https:\\\/\\\/polarisnexuslcc.com\\\/?s={search_term_string}\"},\"query-input\":{\"@type\":\"PropertyValueSpecification\",\"valueRequired\":true,\"valueName\":\"search_term_string\"}}],\"inLanguage\":\"cs\"},{\"@type\":\"Organization\",\"@id\":\"https:\\\/\\\/polarisnexuslcc.com\\\/#organization\",\"name\":\"Polaris Nexus LCC\",\"url\":\"https:\\\/\\\/polarisnexuslcc.com\\\/\",\"logo\":{\"@type\":\"ImageObject\",\"inLanguage\":\"cs\",\"@id\":\"https:\\\/\\\/polarisnexuslcc.com\\\/#\\\/schema\\\/logo\\\/image\\\/\",\"url\":\"https:\\\/\\\/polarisnexuslcc.com\\\/wp-content\\\/uploads\\\/2025\\\/08\\\/cropped-ChatGPT_Image_3_ago_2025__09_23_48-removebg-preview-1.png\",\"contentUrl\":\"https:\\\/\\\/polarisnexuslcc.com\\\/wp-content\\\/uploads\\\/2025\\\/08\\\/cropped-ChatGPT_Image_3_ago_2025__09_23_48-removebg-preview-1.png\",\"width\":500,\"height\":205,\"caption\":\"Polaris Nexus LCC\"},\"image\":{\"@id\":\"https:\\\/\\\/polarisnexuslcc.com\\\/#\\\/schema\\\/logo\\\/image\\\/\"},\"sameAs\":[\"https:\\\/\\\/x.com\\\/polarisnexuslcc\"]}]}<\/script>\n<!-- \/ Yoast SEO plugin. -->","yoast_head_json":{"title":"Blog - Polaris Nexus","robots":{"index":"index","follow":"follow","max-snippet":"max-snippet:-1","max-image-preview":"max-image-preview:large","max-video-preview":"max-video-preview:-1"},"canonical":"https:\/\/polarisnexuslcc.com\/cs\/blog\/","og_locale":"cs_CZ","og_type":"article","og_title":"Blog - Polaris Nexus","og_url":"https:\/\/polarisnexuslcc.com\/cs\/blog\/","og_site_name":"Polaris Nexus","twitter_card":"summary_large_image","twitter_site":"@polarisnexuslcc","schema":{"@context":"https:\/\/schema.org","@graph":[{"@type":"WebPage","@id":"https:\/\/polarisnexuslcc.com\/blog\/","url":"https:\/\/polarisnexuslcc.com\/blog\/","name":"Blog - Polaris Nexus","isPartOf":{"@id":"https:\/\/polarisnexuslcc.com\/#website"},"datePublished":"2022-05-10T19:33:20+00:00","breadcrumb":{"@id":"https:\/\/polarisnexuslcc.com\/blog\/#breadcrumb"},"inLanguage":"cs","potentialAction":[{"@type":"ReadAction","target":["https:\/\/polarisnexuslcc.com\/blog\/"]}]},{"@type":"BreadcrumbList","@id":"https:\/\/polarisnexuslcc.com\/blog\/#breadcrumb","itemListElement":[{"@type":"ListItem","position":1,"name":"Home","item":"https:\/\/polarisnexuslcc.com\/"},{"@type":"ListItem","position":2,"name":"Blog"}]},{"@type":"WebSite","@id":"https:\/\/polarisnexuslcc.com\/#website","url":"https:\/\/polarisnexuslcc.com\/","name":"Polaris Nexus LCC","description":"","publisher":{"@id":"https:\/\/polarisnexuslcc.com\/#organization"},"potentialAction":[{"@type":"SearchAction","target":{"@type":"EntryPoint","urlTemplate":"https:\/\/polarisnexuslcc.com\/?s={search_term_string}"},"query-input":{"@type":"PropertyValueSpecification","valueRequired":true,"valueName":"search_term_string"}}],"inLanguage":"cs"},{"@type":"Organization","@id":"https:\/\/polarisnexuslcc.com\/#organization","name":"Polaris Nexus LCC","url":"https:\/\/polarisnexuslcc.com\/","logo":{"@type":"ImageObject","inLanguage":"cs","@id":"https:\/\/polarisnexuslcc.com\/#\/schema\/logo\/image\/","url":"https:\/\/polarisnexuslcc.com\/wp-content\/uploads\/2025\/08\/cropped-ChatGPT_Image_3_ago_2025__09_23_48-removebg-preview-1.png","contentUrl":"https:\/\/polarisnexuslcc.com\/wp-content\/uploads\/2025\/08\/cropped-ChatGPT_Image_3_ago_2025__09_23_48-removebg-preview-1.png","width":500,"height":205,"caption":"Polaris Nexus LCC"},"image":{"@id":"https:\/\/polarisnexuslcc.com\/#\/schema\/logo\/image\/"},"sameAs":["https:\/\/x.com\/polarisnexuslcc"]}]}},"_links":{"self":[{"href":"https:\/\/polarisnexuslcc.com\/cs\/wp-json\/wp\/v2\/pages\/80","targetHints":{"allow":["GET"]}}],"collection":[{"href":"https:\/\/polarisnexuslcc.com\/cs\/wp-json\/wp\/v2\/pages"}],"about":[{"href":"https:\/\/polarisnexuslcc.com\/cs\/wp-json\/wp\/v2\/types\/page"}],"replies":[{"embeddable":true,"href":"https:\/\/polarisnexuslcc.com\/cs\/wp-json\/wp\/v2\/comments?post=80"}],"version-history":[{"count":0,"href":"https:\/\/polarisnexuslcc.com\/cs\/wp-json\/wp\/v2\/pages\/80\/revisions"}],"wp:attachment":[{"href":"https:\/\/polarisnexuslcc.com\/cs\/wp-json\/wp\/v2\/media?parent=80"}],"curies":[{"name":"wp","href":"https:\/\/api.w.org\/{rel}","templated":true}]}}