{"id":80,"date":"2022-05-10T20:33:20","date_gmt":"2022-05-10T19:33:20","guid":{"rendered":"https:\/\/gp-inbound.wordifysites.com\/?page_id=80"},"modified":"2022-05-10T20:33:20","modified_gmt":"2022-05-10T19:33:20","slug":"blog","status":"publish","type":"page","link":"https:\/\/polarisnexuslcc.com\/de\/blog\/","title":{"rendered":"Blog"},"content":{"rendered":"<div class=\"gb-grid-wrapper gb-grid-wrapper-07af4c16 gb-query-loop-wrapper\">\n<div class=\"gb-grid-column gb-grid-column-2e3a1acf gb-query-loop-item post-20538 post type-post status-publish format-standard has-post-thumbnail hentry category-business category-localization\"><article class=\"gb-container gb-container-2e3a1acf\"><div class=\"gb-inside-container\">\n<figure class=\"gb-block-image gb-block-image-06177060\"><a href=\"https:\/\/polarisnexuslcc.com\/de\/vat-in-the-european-union-the-oss-system-explained\/\"><img decoding=\"async\" width=\"300\" height=\"164\" src=\"https:\/\/polarisnexuslcc.com\/wp-content\/uploads\/2026\/04\/imagen-2-3-300x164.avif\" class=\"gb-image-06177060\" alt=\"Digital payment gateway interface showing multiple EU country flags and currency symbols, cross-bord\" srcset=\"https:\/\/polarisnexuslcc.com\/wp-content\/uploads\/2026\/04\/imagen-2-3-300x164.avif 300w, https:\/\/polarisnexuslcc.com\/wp-content\/uploads\/2026\/04\/imagen-2-3-1024x559.avif 1024w, https:\/\/polarisnexuslcc.com\/wp-content\/uploads\/2026\/04\/imagen-2-3-768x419.avif 768w, https:\/\/polarisnexuslcc.com\/wp-content\/uploads\/2026\/04\/imagen-2-3-18x10.avif 18w, https:\/\/polarisnexuslcc.com\/wp-content\/uploads\/2026\/04\/imagen-2-3.avif 1408w\" sizes=\"(max-width: 300px) 100vw, 300px\" \/><\/a><\/figure>\n\n<h2 class=\"gb-headline gb-headline-d979bae1 gb-headline-text\"><a href=\"https:\/\/polarisnexuslcc.com\/de\/vat-in-the-european-union-the-oss-system-explained\/\">VAT in the European Union: The OSS System Explained<\/a><\/h2>\n\n<div class=\"gb-headline gb-headline-5c371095 gb-headline-text\">According to the European Commission, over 65% of digital businesses selling across EU borders struggle with VAT compliance in their first two years of operation. &#8230;<\/div>\n\n<p class=\"gb-headline gb-headline-427f6f6b gb-headline-text\"><span class=\"post-term-item term-business\"><a href=\"https:\/\/polarisnexuslcc.com\/de\/category\/business\/\">Business<\/a><\/span>, <span class=\"post-term-item term-localization\"><a href=\"https:\/\/polarisnexuslcc.com\/de\/category\/localization\/\">Lokalisierung<\/a><\/span><\/p>\n<\/div><\/article><\/div>\n\n<div class=\"gb-grid-column gb-grid-column-2e3a1acf gb-query-loop-item post-20390 post type-post status-publish format-standard has-post-thumbnail hentry category-digital-strategy category-productivity category-social-media\"><article class=\"gb-container gb-container-2e3a1acf\"><div class=\"gb-inside-container\">\n<figure class=\"gb-block-image gb-block-image-06177060\"><a href=\"https:\/\/polarisnexuslcc.com\/de\/colors-symbols-and-taboos-visual-design-for-global-markets\/\"><img decoding=\"async\" width=\"225\" height=\"300\" src=\"https:\/\/polarisnexuslcc.com\/wp-content\/uploads\/2026\/01\/imagen-1-13-225x300.avif\" class=\"gb-image-06177060\" alt=\"diverse international business team reviewing color palettes and design mockups on large monitors in\" srcset=\"https:\/\/polarisnexuslcc.com\/wp-content\/uploads\/2026\/01\/imagen-1-13-225x300.avif 225w, https:\/\/polarisnexuslcc.com\/wp-content\/uploads\/2026\/01\/imagen-1-13-9x12.avif 9w, https:\/\/polarisnexuslcc.com\/wp-content\/uploads\/2026\/01\/imagen-1-13.avif 720w\" sizes=\"(max-width: 225px) 100vw, 225px\" \/><\/a><\/figure>\n\n<h2 class=\"gb-headline gb-headline-d979bae1 gb-headline-text\"><a href=\"https:\/\/polarisnexuslcc.com\/de\/colors-symbols-and-taboos-visual-design-for-global-markets\/\">Farben, Symbole und Tabus: Visuelles Design f\u00fcr globale M\u00e4rkte<\/a><\/h2>\n\n<div class=\"gb-headline gb-headline-5c371095 gb-headline-text\">Laut Forschung der NeuroMarketing Science &amp; Business Association beeinflussen Farbwahlentscheidungen bis zu 85% der Kaufentscheidungen, aber was in New York funktioniert \u2026<\/div>\n\n<p class=\"gb-headline gb-headline-427f6f6b gb-headline-text\"><span class=\"post-term-item term-digital-strategy\"><a href=\"https:\/\/polarisnexuslcc.com\/de\/category\/digital-strategy\/\">Digitale Strategie<\/a><\/span>, <span class=\"post-term-item term-productivity\"><a href=\"https:\/\/polarisnexuslcc.com\/de\/category\/productivity\/\">Produktivit\u00e4t<\/a><\/span>, <span class=\"post-term-item term-social-media\"><a href=\"https:\/\/polarisnexuslcc.com\/de\/category\/social-media\/\">Soziale Medien<\/a><\/span><\/p>\n<\/div><\/article><\/div>\n\n<div class=\"gb-grid-column gb-grid-column-2e3a1acf gb-query-loop-item post-20472 post type-post status-publish format-standard has-post-thumbnail hentry category-digital-strategy category-entrepreneurship category-uncategorized\"><article class=\"gb-container gb-container-2e3a1acf\"><div class=\"gb-inside-container\">\n<figure class=\"gb-block-image gb-block-image-06177060\"><a href=\"https:\/\/polarisnexuslcc.com\/de\/global-online-academies-from-info-product-to-international-school\/\"><img decoding=\"async\" width=\"300\" height=\"164\" src=\"https:\/\/polarisnexuslcc.com\/wp-content\/uploads\/2026\/02\/imagen-1-6-300x164.avif\" class=\"gb-image-06177060\" alt=\"Global online learning platform interface showing multiple languages and currency options, modern da\" srcset=\"https:\/\/polarisnexuslcc.com\/wp-content\/uploads\/2026\/02\/imagen-1-6-300x164.avif 300w, https:\/\/polarisnexuslcc.com\/wp-content\/uploads\/2026\/02\/imagen-1-6-1024x559.avif 1024w, https:\/\/polarisnexuslcc.com\/wp-content\/uploads\/2026\/02\/imagen-1-6-768x419.avif 768w, https:\/\/polarisnexuslcc.com\/wp-content\/uploads\/2026\/02\/imagen-1-6-18x10.avif 18w, https:\/\/polarisnexuslcc.com\/wp-content\/uploads\/2026\/02\/imagen-1-6.avif 1408w\" sizes=\"(max-width: 300px) 100vw, 300px\" \/><\/a><\/figure>\n\n<h2 class=\"gb-headline gb-headline-d979bae1 gb-headline-text\"><a href=\"https:\/\/polarisnexuslcc.com\/de\/global-online-academies-from-info-product-to-international-school\/\">Globale Online-Akademien: Vom Info-Produkt zur internationalen Schule<\/a><\/h2>\n\n<div class=\"gb-headline gb-headline-5c371095 gb-headline-text\">Laut Statista wird der globale Online-Bildungsmarkt bis 2025 voraussichtlich $166,60 Milliarden erreichen, wobei die durchschnittlichen Einnahmen pro Nutzer in den verschiedenen Regionen stetig steigen. \u2026<\/div>\n\n<p class=\"gb-headline gb-headline-427f6f6b gb-headline-text\"><span class=\"post-term-item term-digital-strategy\"><a href=\"https:\/\/polarisnexuslcc.com\/de\/category\/digital-strategy\/\">Digitale Strategie<\/a><\/span>, <span class=\"post-term-item term-entrepreneurship\"><a href=\"https:\/\/polarisnexuslcc.com\/de\/category\/entrepreneurship\/\">Unternehmertum<\/a><\/span>, <span class=\"post-term-item term-uncategorized\"><a href=\"https:\/\/polarisnexuslcc.com\/de\/category\/uncategorized\/\">Uncategorized<\/a><\/span><\/p>\n<\/div><\/article><\/div>\n\n<div class=\"gb-grid-column gb-grid-column-2e3a1acf gb-query-loop-item post-20358 post type-post status-publish format-standard has-post-thumbnail hentry category-international-seo category-platforms\"><article class=\"gb-container gb-container-2e3a1acf\"><div class=\"gb-inside-container\">\n<figure class=\"gb-block-image gb-block-image-06177060\"><a href=\"https:\/\/polarisnexuslcc.com\/de\/multilingual-wordpress-wpml-polylang-and-alternatives\/\"><img decoding=\"async\" width=\"225\" height=\"300\" src=\"https:\/\/polarisnexuslcc.com\/wp-content\/uploads\/2026\/01\/imagen-3-9-225x300.avif\" class=\"gb-image-06177060\" alt=\"close-up of hands typing code on laptop with WPML and Polylang plugin settings visible on screen, de\" srcset=\"https:\/\/polarisnexuslcc.com\/wp-content\/uploads\/2026\/01\/imagen-3-9-225x300.avif 225w, https:\/\/polarisnexuslcc.com\/wp-content\/uploads\/2026\/01\/imagen-3-9-9x12.avif 9w, https:\/\/polarisnexuslcc.com\/wp-content\/uploads\/2026\/01\/imagen-3-9.avif 720w\" sizes=\"(max-width: 225px) 100vw, 225px\" \/><\/a><\/figure>\n\n<h2 class=\"gb-headline gb-headline-d979bae1 gb-headline-text\"><a href=\"https:\/\/polarisnexuslcc.com\/de\/multilingual-wordpress-wpml-polylang-and-alternatives\/\">Mehrsprachiges WordPress: WPML, Polylang und Alternativen<\/a><\/h2>\n\n<div class=\"gb-headline gb-headline-5c371095 gb-headline-text\">Der Aufbau einer mehrsprachigen WordPress-Website klingt einfach, bis Sie die erste Warnung vor einer aufgebl\u00e4hten Datenbank erhalten oder feststellen, dass Ihre \u00dcbersetzungen \u00fcber Nacht nicht mehr funktionieren. Laut W3Techs, WordPress ...<\/div>\n\n<p class=\"gb-headline gb-headline-427f6f6b gb-headline-text\"><span class=\"post-term-item term-international-seo\"><a href=\"https:\/\/polarisnexuslcc.com\/de\/category\/international-seo\/\">Internationale SEO<\/a><\/span>, <span class=\"post-term-item term-platforms\"><a href=\"https:\/\/polarisnexuslcc.com\/de\/category\/platforms\/\">Plattformen<\/a><\/span><\/p>\n<\/div><\/article><\/div>\n\n<div class=\"gb-grid-column gb-grid-column-2e3a1acf gb-query-loop-item post-20378 post type-post status-publish format-standard has-post-thumbnail hentry category-business category-digital-strategy category-international-growth\"><article class=\"gb-container gb-container-2e3a1acf\"><div class=\"gb-inside-container\">\n<figure class=\"gb-block-image gb-block-image-06177060\"><a href=\"https:\/\/polarisnexuslcc.com\/de\/beauty-and-cosmetics-e-commerce-international-expansion\/\"><img decoding=\"async\" width=\"225\" height=\"300\" src=\"https:\/\/polarisnexuslcc.com\/wp-content\/uploads\/2026\/01\/imagen-4-16-225x300.avif\" class=\"gb-image-06177060\" alt=\"Diverse group of beauty consumers from different ethnicities testing foundation shades, hands compar\" srcset=\"https:\/\/polarisnexuslcc.com\/wp-content\/uploads\/2026\/01\/imagen-4-16-225x300.avif 225w, https:\/\/polarisnexuslcc.com\/wp-content\/uploads\/2026\/01\/imagen-4-16-9x12.avif 9w, https:\/\/polarisnexuslcc.com\/wp-content\/uploads\/2026\/01\/imagen-4-16.avif 720w\" sizes=\"(max-width: 225px) 100vw, 225px\" \/><\/a><\/figure>\n\n<h2 class=\"gb-headline gb-headline-d979bae1 gb-headline-text\"><a href=\"https:\/\/polarisnexuslcc.com\/de\/beauty-and-cosmetics-e-commerce-international-expansion\/\">Sch\u00f6nheits- und Kosmetik-E-Commerce: Internationale Expansion<\/a><\/h2>\n\n<div class=\"gb-headline gb-headline-5c371095 gb-headline-text\">Einem Bericht von Statista aus dem Jahr 2024 zufolge wird der globale E-Commerce-Markt f\u00fcr Sch\u00f6nheit und K\u00f6rperpflege bis 2025 voraussichtlich $120 Milliarden erreichen, wobei die grenz\u00fcberschreitende ...<\/div>\n\n<p class=\"gb-headline gb-headline-427f6f6b gb-headline-text\"><span class=\"post-term-item term-business\"><a href=\"https:\/\/polarisnexuslcc.com\/de\/category\/business\/\">Business<\/a><\/span>, <span class=\"post-term-item term-digital-strategy\"><a href=\"https:\/\/polarisnexuslcc.com\/de\/category\/digital-strategy\/\">Digitale Strategie<\/a><\/span>, <span class=\"post-term-item term-international-growth\"><a href=\"https:\/\/polarisnexuslcc.com\/de\/category\/international-growth\/\">Internationales Wachstum<\/a><\/span><\/p>\n<\/div><\/article><\/div>\n\n<div class=\"gb-grid-column gb-grid-column-2e3a1acf gb-query-loop-item post-20369 post type-post status-publish format-standard has-post-thumbnail hentry category-international-growth category-productivity\"><article class=\"gb-container gb-container-2e3a1acf\"><div class=\"gb-inside-container\">\n<figure class=\"gb-block-image gb-block-image-06177060\"><a href=\"https:\/\/polarisnexuslcc.com\/de\/signs-that-your-business-is-ready-to-go-international\/\"><img decoding=\"async\" width=\"225\" height=\"300\" src=\"https:\/\/polarisnexuslcc.com\/wp-content\/uploads\/2026\/01\/imagen-1-12-225x300.avif\" class=\"gb-image-06177060\" alt=\"Professional business analyst reviewing global website analytics dashboard showing traffic from mult\" srcset=\"https:\/\/polarisnexuslcc.com\/wp-content\/uploads\/2026\/01\/imagen-1-12-225x300.avif 225w, https:\/\/polarisnexuslcc.com\/wp-content\/uploads\/2026\/01\/imagen-1-12-9x12.avif 9w, https:\/\/polarisnexuslcc.com\/wp-content\/uploads\/2026\/01\/imagen-1-12.avif 720w\" sizes=\"(max-width: 225px) 100vw, 225px\" \/><\/a><\/figure>\n\n<h2 class=\"gb-headline gb-headline-d979bae1 gb-headline-text\"><a href=\"https:\/\/polarisnexuslcc.com\/de\/signs-that-your-business-is-ready-to-go-international\/\">Anzeichen daf\u00fcr, dass Ihr Unternehmen bereit ist, international t\u00e4tig zu werden<\/a><\/h2>\n\n<div class=\"gb-headline gb-headline-5c371095 gb-headline-text\">Die meisten Unternehmen warten zu lange mit der Erschlie\u00dfung internationaler M\u00e4rkte - oder sie st\u00fcrzen sich zu fr\u00fch darauf und verbrauchen Geld f\u00fcr vermeidbare Fehler. Laut einer Studie von ...<\/div>\n\n<p class=\"gb-headline gb-headline-427f6f6b gb-headline-text\"><span class=\"post-term-item term-international-growth\"><a href=\"https:\/\/polarisnexuslcc.com\/de\/category\/international-growth\/\">Internationales Wachstum<\/a><\/span>, <span class=\"post-term-item term-productivity\"><a href=\"https:\/\/polarisnexuslcc.com\/de\/category\/productivity\/\">Produktivit\u00e4t<\/a><\/span><\/p>\n<\/div><\/article><\/div>\n\n<div class=\"gb-grid-column gb-grid-column-2e3a1acf gb-query-loop-item post-20351 post type-post status-publish format-standard has-post-thumbnail hentry category-business category-entrepreneurship category-productivity\"><article class=\"gb-container gb-container-2e3a1acf\"><div class=\"gb-inside-container\">\n<figure class=\"gb-block-image gb-block-image-06177060\"><a href=\"https:\/\/polarisnexuslcc.com\/de\/global-saas-from-day-one-architecture-and-pricing\/\"><img decoding=\"async\" width=\"225\" height=\"300\" src=\"https:\/\/polarisnexuslcc.com\/wp-content\/uploads\/2026\/01\/imagen-4-12-225x300.avif\" class=\"gb-image-06177060\" alt=\"Network performance monitoring dashboard showing global latency metrics and server response times ac\" srcset=\"https:\/\/polarisnexuslcc.com\/wp-content\/uploads\/2026\/01\/imagen-4-12-225x300.avif 225w, https:\/\/polarisnexuslcc.com\/wp-content\/uploads\/2026\/01\/imagen-4-12-9x12.avif 9w, https:\/\/polarisnexuslcc.com\/wp-content\/uploads\/2026\/01\/imagen-4-12.avif 720w\" sizes=\"(max-width: 225px) 100vw, 225px\" \/><\/a><\/figure>\n\n<h2 class=\"gb-headline gb-headline-d979bae1 gb-headline-text\"><a href=\"https:\/\/polarisnexuslcc.com\/de\/global-saas-from-day-one-architecture-and-pricing\/\">Globales SaaS vom ersten Tag an: Architektur und Preisgestaltung<\/a><\/h2>\n\n<div class=\"gb-headline gb-headline-5c371095 gb-headline-text\">Laut einer Umfrage von SaaS Capital aus dem Jahr 2024 sahen sich 68% der SaaS-Unternehmen, die internationale Architekturentscheidungen hinausz\u00f6gerten, innerhalb von 18 Monaten mit erheblichen technischen Schulden konfrontiert, oft ...<\/div>\n\n<p class=\"gb-headline gb-headline-427f6f6b gb-headline-text\"><span class=\"post-term-item term-business\"><a href=\"https:\/\/polarisnexuslcc.com\/de\/category\/business\/\">Business<\/a><\/span>, <span class=\"post-term-item term-entrepreneurship\"><a href=\"https:\/\/polarisnexuslcc.com\/de\/category\/entrepreneurship\/\">Unternehmertum<\/a><\/span>, <span class=\"post-term-item term-productivity\"><a href=\"https:\/\/polarisnexuslcc.com\/de\/category\/productivity\/\">Produktivit\u00e4t<\/a><\/span><\/p>\n<\/div><\/article><\/div>\n\n<div class=\"gb-grid-column gb-grid-column-2e3a1acf gb-query-loop-item post-20347 post type-post status-publish format-standard has-post-thumbnail hentry category-digital-strategy category-international-growth category-platforms\"><article class=\"gb-container gb-container-2e3a1acf\"><div class=\"gb-inside-container\">\n<figure class=\"gb-block-image gb-block-image-06177060\"><a href=\"https:\/\/polarisnexuslcc.com\/de\/multilingual-youtube-subtitles-dubbing-or-separate-channels\/\"><img decoding=\"async\" width=\"225\" height=\"300\" src=\"https:\/\/polarisnexuslcc.com\/wp-content\/uploads\/2026\/01\/imagen-1-11-225x300.avif\" class=\"gb-image-06177060\" alt=\"Global content creator working at modern desk with multiple computer screens showing YouTube analyti\" srcset=\"https:\/\/polarisnexuslcc.com\/wp-content\/uploads\/2026\/01\/imagen-1-11-225x300.avif 225w, https:\/\/polarisnexuslcc.com\/wp-content\/uploads\/2026\/01\/imagen-1-11-9x12.avif 9w, https:\/\/polarisnexuslcc.com\/wp-content\/uploads\/2026\/01\/imagen-1-11.avif 720w\" sizes=\"(max-width: 225px) 100vw, 225px\" \/><\/a><\/figure>\n\n<h2 class=\"gb-headline gb-headline-d979bae1 gb-headline-text\"><a href=\"https:\/\/polarisnexuslcc.com\/de\/multilingual-youtube-subtitles-dubbing-or-separate-channels\/\">Mehrsprachiges YouTube: Untertitel, Synchronisation oder getrennte Kan\u00e4le<\/a><\/h2>\n\n<div class=\"gb-headline gb-headline-5c371095 gb-headline-text\">Laut internen Daten von YouTube, die von Statista ver\u00f6ffentlicht wurden, kommen \u00fcber 80% des YouTube-Verkehrs von au\u00dferhalb der Vereinigten Staaten, doch die meisten Sch\u00f6pfer ver\u00f6ffentlichen immer noch Inhalte ...<\/div>\n\n<p class=\"gb-headline gb-headline-427f6f6b gb-headline-text\"><span class=\"post-term-item term-digital-strategy\"><a href=\"https:\/\/polarisnexuslcc.com\/de\/category\/digital-strategy\/\">Digitale Strategie<\/a><\/span>, <span class=\"post-term-item term-international-growth\"><a href=\"https:\/\/polarisnexuslcc.com\/de\/category\/international-growth\/\">Internationales Wachstum<\/a><\/span>, <span class=\"post-term-item term-platforms\"><a href=\"https:\/\/polarisnexuslcc.com\/de\/category\/platforms\/\">Plattformen<\/a><\/span><\/p>\n<\/div><\/article><\/div>\n\n<div class=\"gb-grid-column gb-grid-column-2e3a1acf gb-query-loop-item post-20343 post type-post status-publish format-standard has-post-thumbnail hentry category-digital-strategy category-entrepreneurship category-productivity\"><article class=\"gb-container gb-container-2e3a1acf\"><div class=\"gb-inside-container\">\n<figure class=\"gb-block-image gb-block-image-06177060\"><a href=\"https:\/\/polarisnexuslcc.com\/de\/dates-numbers-and-currencies-the-details-that-kill-conversions\/\"><img decoding=\"async\" width=\"225\" height=\"300\" src=\"https:\/\/polarisnexuslcc.com\/wp-content\/uploads\/2026\/01\/imagen-1-10-225x300.avif\" class=\"gb-image-06177060\" alt=\"Professional e-commerce checkout page on laptop screen showing date format confusion with European a\" srcset=\"https:\/\/polarisnexuslcc.com\/wp-content\/uploads\/2026\/01\/imagen-1-10-225x300.avif 225w, https:\/\/polarisnexuslcc.com\/wp-content\/uploads\/2026\/01\/imagen-1-10-9x12.avif 9w, https:\/\/polarisnexuslcc.com\/wp-content\/uploads\/2026\/01\/imagen-1-10.avif 720w\" sizes=\"(max-width: 225px) 100vw, 225px\" \/><\/a><\/figure>\n\n<h2 class=\"gb-headline gb-headline-d979bae1 gb-headline-text\"><a href=\"https:\/\/polarisnexuslcc.com\/de\/dates-numbers-and-currencies-the-details-that-kill-conversions\/\">Daten, Zahlen und W\u00e4hrungen: Die Details, die Umrechnungen verhindern<\/a><\/h2>\n\n<div class=\"gb-headline gb-headline-5c371095 gb-headline-text\">Nach Angaben des Baymard-Instituts brechen 17% der US-amerikanischen Online-K\u00e4ufer ihren Einkaufswagen ab, weil der Kassiervorgang zu kompliziert oder verwirrend ist. Was die meisten Unternehmen nicht wissen ...<\/div>\n\n<p class=\"gb-headline gb-headline-427f6f6b gb-headline-text\"><span class=\"post-term-item term-digital-strategy\"><a href=\"https:\/\/polarisnexuslcc.com\/de\/category\/digital-strategy\/\">Digitale Strategie<\/a><\/span>, <span class=\"post-term-item term-entrepreneurship\"><a href=\"https:\/\/polarisnexuslcc.com\/de\/category\/entrepreneurship\/\">Unternehmertum<\/a><\/span>, <span class=\"post-term-item term-productivity\"><a href=\"https:\/\/polarisnexuslcc.com\/de\/category\/productivity\/\">Produktivit\u00e4t<\/a><\/span><\/p>\n<\/div><\/article><\/div>\n<\/div>\n\n<div class=\"gb-container gb-container-ca04b990 gb-query-loop-pagination\">\n\n\n<span class=\"gb-button gb-button-f3326592 gb-button-text page-numbers gb-block-is-current\" aria-current=\"page\">1<\/span><a class=\"gb-button gb-button-f3326592 gb-button-text page-numbers\" href=\"?query-7097c1ff-page=2\">2<\/a>\n\n<a class=\"gb-button gb-button-86469464 gb-button-text\" href=\"\/de\/wp-json\/wp\/v2\/pages\/80?query-7097c1ff-page=2\">Weiter<\/a>\n<\/div>","protected":false},"excerpt":{"rendered":"","protected":false},"author":0,"featured_media":0,"parent":0,"menu_order":0,"comment_status":"closed","ping_status":"closed","template":"","meta":{"footnotes":""},"class_list":["post-80","page","type-page","status-publish"],"yoast_head":"<!-- This site is optimized with the Yoast SEO plugin v27.5 - https:\/\/yoast.com\/product\/yoast-seo-wordpress\/ -->\n<title>Blog - Polaris Nexus<\/title>\n<meta name=\"robots\" content=\"index, follow, max-snippet:-1, max-image-preview:large, max-video-preview:-1\" \/>\n<link rel=\"canonical\" href=\"https:\/\/polarisnexuslcc.com\/de\/blog\/\" \/>\n<meta property=\"og:locale\" content=\"de_DE\" \/>\n<meta property=\"og:type\" content=\"article\" \/>\n<meta property=\"og:title\" content=\"Blog - Polaris Nexus\" \/>\n<meta property=\"og:url\" content=\"https:\/\/polarisnexuslcc.com\/de\/blog\/\" \/>\n<meta property=\"og:site_name\" content=\"Polaris Nexus\" \/>\n<meta name=\"twitter:card\" content=\"summary_large_image\" \/>\n<meta name=\"twitter:site\" content=\"@polarisnexuslcc\" \/>\n<script type=\"application\/ld+json\" class=\"yoast-schema-graph\">{\"@context\":\"https:\\\/\\\/schema.org\",\"@graph\":[{\"@type\":\"WebPage\",\"@id\":\"https:\\\/\\\/polarisnexuslcc.com\\\/blog\\\/\",\"url\":\"https:\\\/\\\/polarisnexuslcc.com\\\/blog\\\/\",\"name\":\"Blog - Polaris Nexus\",\"isPartOf\":{\"@id\":\"https:\\\/\\\/polarisnexuslcc.com\\\/#website\"},\"datePublished\":\"2022-05-10T19:33:20+00:00\",\"breadcrumb\":{\"@id\":\"https:\\\/\\\/polarisnexuslcc.com\\\/blog\\\/#breadcrumb\"},\"inLanguage\":\"de\",\"potentialAction\":[{\"@type\":\"ReadAction\",\"target\":[\"https:\\\/\\\/polarisnexuslcc.com\\\/blog\\\/\"]}]},{\"@type\":\"BreadcrumbList\",\"@id\":\"https:\\\/\\\/polarisnexuslcc.com\\\/blog\\\/#breadcrumb\",\"itemListElement\":[{\"@type\":\"ListItem\",\"position\":1,\"name\":\"Home\",\"item\":\"https:\\\/\\\/polarisnexuslcc.com\\\/\"},{\"@type\":\"ListItem\",\"position\":2,\"name\":\"Blog\"}]},{\"@type\":\"WebSite\",\"@id\":\"https:\\\/\\\/polarisnexuslcc.com\\\/#website\",\"url\":\"https:\\\/\\\/polarisnexuslcc.com\\\/\",\"name\":\"Polaris Nexus LCC\",\"description\":\"\",\"publisher\":{\"@id\":\"https:\\\/\\\/polarisnexuslcc.com\\\/#organization\"},\"potentialAction\":[{\"@type\":\"SearchAction\",\"target\":{\"@type\":\"EntryPoint\",\"urlTemplate\":\"https:\\\/\\\/polarisnexuslcc.com\\\/?s={search_term_string}\"},\"query-input\":{\"@type\":\"PropertyValueSpecification\",\"valueRequired\":true,\"valueName\":\"search_term_string\"}}],\"inLanguage\":\"de\"},{\"@type\":\"Organization\",\"@id\":\"https:\\\/\\\/polarisnexuslcc.com\\\/#organization\",\"name\":\"Polaris Nexus LCC\",\"url\":\"https:\\\/\\\/polarisnexuslcc.com\\\/\",\"logo\":{\"@type\":\"ImageObject\",\"inLanguage\":\"de\",\"@id\":\"https:\\\/\\\/polarisnexuslcc.com\\\/#\\\/schema\\\/logo\\\/image\\\/\",\"url\":\"https:\\\/\\\/polarisnexuslcc.com\\\/wp-content\\\/uploads\\\/2025\\\/08\\\/cropped-ChatGPT_Image_3_ago_2025__09_23_48-removebg-preview-1.png\",\"contentUrl\":\"https:\\\/\\\/polarisnexuslcc.com\\\/wp-content\\\/uploads\\\/2025\\\/08\\\/cropped-ChatGPT_Image_3_ago_2025__09_23_48-removebg-preview-1.png\",\"width\":500,\"height\":205,\"caption\":\"Polaris Nexus LCC\"},\"image\":{\"@id\":\"https:\\\/\\\/polarisnexuslcc.com\\\/#\\\/schema\\\/logo\\\/image\\\/\"},\"sameAs\":[\"https:\\\/\\\/x.com\\\/polarisnexuslcc\"]}]}<\/script>\n<!-- \/ Yoast SEO plugin. -->","yoast_head_json":{"title":"Blog - Polaris Nexus","robots":{"index":"index","follow":"follow","max-snippet":"max-snippet:-1","max-image-preview":"max-image-preview:large","max-video-preview":"max-video-preview:-1"},"canonical":"https:\/\/polarisnexuslcc.com\/de\/blog\/","og_locale":"de_DE","og_type":"article","og_title":"Blog - Polaris Nexus","og_url":"https:\/\/polarisnexuslcc.com\/de\/blog\/","og_site_name":"Polaris Nexus","twitter_card":"summary_large_image","twitter_site":"@polarisnexuslcc","schema":{"@context":"https:\/\/schema.org","@graph":[{"@type":"WebPage","@id":"https:\/\/polarisnexuslcc.com\/blog\/","url":"https:\/\/polarisnexuslcc.com\/blog\/","name":"Blog - Polaris Nexus","isPartOf":{"@id":"https:\/\/polarisnexuslcc.com\/#website"},"datePublished":"2022-05-10T19:33:20+00:00","breadcrumb":{"@id":"https:\/\/polarisnexuslcc.com\/blog\/#breadcrumb"},"inLanguage":"de","potentialAction":[{"@type":"ReadAction","target":["https:\/\/polarisnexuslcc.com\/blog\/"]}]},{"@type":"BreadcrumbList","@id":"https:\/\/polarisnexuslcc.com\/blog\/#breadcrumb","itemListElement":[{"@type":"ListItem","position":1,"name":"Home","item":"https:\/\/polarisnexuslcc.com\/"},{"@type":"ListItem","position":2,"name":"Blog"}]},{"@type":"WebSite","@id":"https:\/\/polarisnexuslcc.com\/#website","url":"https:\/\/polarisnexuslcc.com\/","name":"Polaris Nexus LCC","description":"","publisher":{"@id":"https:\/\/polarisnexuslcc.com\/#organization"},"potentialAction":[{"@type":"SearchAction","target":{"@type":"EntryPoint","urlTemplate":"https:\/\/polarisnexuslcc.com\/?s={search_term_string}"},"query-input":{"@type":"PropertyValueSpecification","valueRequired":true,"valueName":"search_term_string"}}],"inLanguage":"de"},{"@type":"Organization","@id":"https:\/\/polarisnexuslcc.com\/#organization","name":"Polaris Nexus LCC","url":"https:\/\/polarisnexuslcc.com\/","logo":{"@type":"ImageObject","inLanguage":"de","@id":"https:\/\/polarisnexuslcc.com\/#\/schema\/logo\/image\/","url":"https:\/\/polarisnexuslcc.com\/wp-content\/uploads\/2025\/08\/cropped-ChatGPT_Image_3_ago_2025__09_23_48-removebg-preview-1.png","contentUrl":"https:\/\/polarisnexuslcc.com\/wp-content\/uploads\/2025\/08\/cropped-ChatGPT_Image_3_ago_2025__09_23_48-removebg-preview-1.png","width":500,"height":205,"caption":"Polaris Nexus LCC"},"image":{"@id":"https:\/\/polarisnexuslcc.com\/#\/schema\/logo\/image\/"},"sameAs":["https:\/\/x.com\/polarisnexuslcc"]}]}},"_links":{"self":[{"href":"https:\/\/polarisnexuslcc.com\/de\/wp-json\/wp\/v2\/pages\/80","targetHints":{"allow":["GET"]}}],"collection":[{"href":"https:\/\/polarisnexuslcc.com\/de\/wp-json\/wp\/v2\/pages"}],"about":[{"href":"https:\/\/polarisnexuslcc.com\/de\/wp-json\/wp\/v2\/types\/page"}],"replies":[{"embeddable":true,"href":"https:\/\/polarisnexuslcc.com\/de\/wp-json\/wp\/v2\/comments?post=80"}],"version-history":[{"count":0,"href":"https:\/\/polarisnexuslcc.com\/de\/wp-json\/wp\/v2\/pages\/80\/revisions"}],"wp:attachment":[{"href":"https:\/\/polarisnexuslcc.com\/de\/wp-json\/wp\/v2\/media?parent=80"}],"curies":[{"name":"wp","href":"https:\/\/api.w.org\/{rel}","templated":true}]}}