{"id":20227,"date":"2025-09-05T10:19:06","date_gmt":"2025-09-05T10:19:06","guid":{"rendered":"https:\/\/polarisnexuslcc.com\/?page_id=20227"},"modified":"2025-09-05T10:19:07","modified_gmt":"2025-09-05T10:19:07","slug":"capital","status":"publish","type":"page","link":"https:\/\/polarisnexuslcc.com\/es\/capital\/","title":{"rendered":"Capital"},"content":{"rendered":"<p>En <strong>Polaris Nexus<\/strong>nacimos como una empresa centrada en los negocios online. Nuestro ADN reside en la innovaci\u00f3n digital, la escalabilidad y el crecimiento sostenible. Pero creemos que una empresa del futuro no solo construye proyectos en Internet, tambi\u00e9n debe saber gestionar y multiplicar sus recursos financieros con una visi\u00f3n global.<\/p>\n\n\n\n<p>As\u00ed es como <strong>Polaris Nexus Capital<\/strong> se cre\u00f3 nuestra divisi\u00f3n de inversiones. Gestionamos una cartera diversificada con un enfoque recurrente y disciplinado.<\/p>\n\n\n\n<h2 class=\"wp-block-heading\">Nuestra visi\u00f3n de la inversi\u00f3n<\/h2>\n\n\n\n<p>En Polaris Nexus Capital, aplicamos la misma filosof\u00eda que impulsa nuestros proyectos digitales:<\/p>\n\n\n\n<ul class=\"wp-block-list\">\n<li><strong>Mentalidad de crecimiento<\/strong> \u2192 buscamos oportunidades que aporten valor a largo plazo.<\/li>\n\n\n\n<li><strong>Diversificaci\u00f3n inteligente<\/strong> \u2192 entendemos que el futuro no est\u00e1 en un \u00fanico camino, sino en m\u00faltiples horizontes bien equilibrados.<\/li>\n\n\n\n<li><strong>Innovaci\u00f3n constante<\/strong> \u2192 aprovechamos el an\u00e1lisis, la tecnolog\u00eda y la estrategia para ir un paso por delante.<\/li>\n<\/ul>\n\n\n\n<h2 class=\"wp-block-heading\">Por qu\u00e9 lo hacemos<\/h2>\n\n\n\n<p>Porque creemos que el \u00e9xito de una startup no solo depende de lo que crea, sino tambi\u00e9n de c\u00f3mo gestiona su energ\u00eda, talento y capital. Para nosotros, invertir forma parte de un ecosistema m\u00e1s amplio: reforzar nuestra base financiera para seguir impulsando proyectos digitales, generar impacto y mantenernos preparados para nuevas oportunidades.<\/p>\n\n\n\n<h2 class=\"wp-block-heading\">De cara al futuro<\/h2>\n\n\n\n<p>Con <strong>Polaris Nexus Capital<\/strong>, damos un paso m\u00e1s hacia la consolidaci\u00f3n de Polaris Nexus como un grupo que no s\u00f3lo construye negocios en l\u00ednea, sino que tambi\u00e9n invierte con visi\u00f3n, estrategia y compromiso con el futuro.<\/p>","protected":false},"excerpt":{"rendered":"<p>At Polaris Nexus, we were born as a company focused on online businesses. Our DNA lies in digital innovation, scalability, and sustainable growth. But we believe that a company of the future doesn\u2019t just build projects on the internet \u2014 it must also know how to manage and multiply its financial resources with a global &#8230; <a title=\"Capital\" class=\"read-more\" href=\"https:\/\/polarisnexuslcc.com\/es\/capital\/\" aria-label=\"Leer m\u00e1s sobre Capital\">Leer m\u00e1s<\/a><\/p>","protected":false},"author":1,"featured_media":0,"parent":0,"menu_order":0,"comment_status":"closed","ping_status":"closed","template":"","meta":{"footnotes":""},"class_list":["post-20227","page","type-page","status-publish"],"yoast_head":"<!-- This site is optimized with the Yoast SEO plugin v27.4 - https:\/\/yoast.com\/product\/yoast-seo-wordpress\/ -->\n<title>Capital - Polaris Nexus<\/title>\n<meta name=\"robots\" content=\"index, follow, max-snippet:-1, max-image-preview:large, max-video-preview:-1\" \/>\n<link rel=\"canonical\" href=\"https:\/\/polarisnexuslcc.com\/es\/capital\/\" \/>\n<meta property=\"og:locale\" content=\"es_ES\" \/>\n<meta property=\"og:type\" content=\"article\" \/>\n<meta property=\"og:title\" content=\"Capital - Polaris Nexus\" \/>\n<meta property=\"og:description\" content=\"At Polaris Nexus, we were born as a company focused on online businesses. Our DNA lies in digital innovation, scalability, and sustainable growth. But we believe that a company of the future doesn\u2019t just build projects on the internet \u2014 it must also know how to manage and multiply its financial resources with a global ... Leer m\u00e1s\" \/>\n<meta property=\"og:url\" content=\"https:\/\/polarisnexuslcc.com\/es\/capital\/\" \/>\n<meta property=\"og:site_name\" content=\"Polaris Nexus\" \/>\n<meta property=\"article:modified_time\" content=\"2025-09-05T10:19:07+00:00\" \/>\n<meta name=\"twitter:card\" content=\"summary_large_image\" \/>\n<meta name=\"twitter:site\" content=\"@polarisnexuslcc\" \/>\n<meta name=\"twitter:label1\" content=\"Tiempo de lectura\" \/>\n\t<meta name=\"twitter:data1\" content=\"1 minuto\" \/>\n<script type=\"application\/ld+json\" class=\"yoast-schema-graph\">{\"@context\":\"https:\\\/\\\/schema.org\",\"@graph\":[{\"@type\":\"WebPage\",\"@id\":\"https:\\\/\\\/polarisnexuslcc.com\\\/capital\\\/\",\"url\":\"https:\\\/\\\/polarisnexuslcc.com\\\/capital\\\/\",\"name\":\"Capital - Polaris Nexus\",\"isPartOf\":{\"@id\":\"https:\\\/\\\/polarisnexuslcc.com\\\/#website\"},\"datePublished\":\"2025-09-05T10:19:06+00:00\",\"dateModified\":\"2025-09-05T10:19:07+00:00\",\"breadcrumb\":{\"@id\":\"https:\\\/\\\/polarisnexuslcc.com\\\/capital\\\/#breadcrumb\"},\"inLanguage\":\"es\",\"potentialAction\":[{\"@type\":\"ReadAction\",\"target\":[\"https:\\\/\\\/polarisnexuslcc.com\\\/capital\\\/\"]}]},{\"@type\":\"BreadcrumbList\",\"@id\":\"https:\\\/\\\/polarisnexuslcc.com\\\/capital\\\/#breadcrumb\",\"itemListElement\":[{\"@type\":\"ListItem\",\"position\":1,\"name\":\"Home\",\"item\":\"https:\\\/\\\/polarisnexuslcc.com\\\/\"},{\"@type\":\"ListItem\",\"position\":2,\"name\":\"Capital\"}]},{\"@type\":\"WebSite\",\"@id\":\"https:\\\/\\\/polarisnexuslcc.com\\\/#website\",\"url\":\"https:\\\/\\\/polarisnexuslcc.com\\\/\",\"name\":\"Polaris Nexus LCC\",\"description\":\"\",\"publisher\":{\"@id\":\"https:\\\/\\\/polarisnexuslcc.com\\\/#organization\"},\"potentialAction\":[{\"@type\":\"SearchAction\",\"target\":{\"@type\":\"EntryPoint\",\"urlTemplate\":\"https:\\\/\\\/polarisnexuslcc.com\\\/?s={search_term_string}\"},\"query-input\":{\"@type\":\"PropertyValueSpecification\",\"valueRequired\":true,\"valueName\":\"search_term_string\"}}],\"inLanguage\":\"es\"},{\"@type\":\"Organization\",\"@id\":\"https:\\\/\\\/polarisnexuslcc.com\\\/#organization\",\"name\":\"Polaris Nexus LCC\",\"url\":\"https:\\\/\\\/polarisnexuslcc.com\\\/\",\"logo\":{\"@type\":\"ImageObject\",\"inLanguage\":\"es\",\"@id\":\"https:\\\/\\\/polarisnexuslcc.com\\\/#\\\/schema\\\/logo\\\/image\\\/\",\"url\":\"https:\\\/\\\/polarisnexuslcc.com\\\/wp-content\\\/uploads\\\/2025\\\/08\\\/cropped-ChatGPT_Image_3_ago_2025__09_23_48-removebg-preview-1.png\",\"contentUrl\":\"https:\\\/\\\/polarisnexuslcc.com\\\/wp-content\\\/uploads\\\/2025\\\/08\\\/cropped-ChatGPT_Image_3_ago_2025__09_23_48-removebg-preview-1.png\",\"width\":500,\"height\":205,\"caption\":\"Polaris Nexus LCC\"},\"image\":{\"@id\":\"https:\\\/\\\/polarisnexuslcc.com\\\/#\\\/schema\\\/logo\\\/image\\\/\"},\"sameAs\":[\"https:\\\/\\\/x.com\\\/polarisnexuslcc\"]}]}<\/script>\n<!-- \/ Yoast SEO plugin. -->","yoast_head_json":{"title":"Capital - Polaris Nexus","robots":{"index":"index","follow":"follow","max-snippet":"max-snippet:-1","max-image-preview":"max-image-preview:large","max-video-preview":"max-video-preview:-1"},"canonical":"https:\/\/polarisnexuslcc.com\/es\/capital\/","og_locale":"es_ES","og_type":"article","og_title":"Capital - Polaris Nexus","og_description":"At Polaris Nexus, we were born as a company focused on online businesses. Our DNA lies in digital innovation, scalability, and sustainable growth. But we believe that a company of the future doesn\u2019t just build projects on the internet \u2014 it must also know how to manage and multiply its financial resources with a global ... Leer m\u00e1s","og_url":"https:\/\/polarisnexuslcc.com\/es\/capital\/","og_site_name":"Polaris Nexus","article_modified_time":"2025-09-05T10:19:07+00:00","twitter_card":"summary_large_image","twitter_site":"@polarisnexuslcc","twitter_misc":{"Tiempo de lectura":"1 minuto"},"schema":{"@context":"https:\/\/schema.org","@graph":[{"@type":"WebPage","@id":"https:\/\/polarisnexuslcc.com\/capital\/","url":"https:\/\/polarisnexuslcc.com\/capital\/","name":"Capital - Polaris Nexus","isPartOf":{"@id":"https:\/\/polarisnexuslcc.com\/#website"},"datePublished":"2025-09-05T10:19:06+00:00","dateModified":"2025-09-05T10:19:07+00:00","breadcrumb":{"@id":"https:\/\/polarisnexuslcc.com\/capital\/#breadcrumb"},"inLanguage":"es","potentialAction":[{"@type":"ReadAction","target":["https:\/\/polarisnexuslcc.com\/capital\/"]}]},{"@type":"BreadcrumbList","@id":"https:\/\/polarisnexuslcc.com\/capital\/#breadcrumb","itemListElement":[{"@type":"ListItem","position":1,"name":"Home","item":"https:\/\/polarisnexuslcc.com\/"},{"@type":"ListItem","position":2,"name":"Capital"}]},{"@type":"WebSite","@id":"https:\/\/polarisnexuslcc.com\/#website","url":"https:\/\/polarisnexuslcc.com\/","name":"Polaris Nexus LCC","description":"","publisher":{"@id":"https:\/\/polarisnexuslcc.com\/#organization"},"potentialAction":[{"@type":"SearchAction","target":{"@type":"EntryPoint","urlTemplate":"https:\/\/polarisnexuslcc.com\/?s={search_term_string}"},"query-input":{"@type":"PropertyValueSpecification","valueRequired":true,"valueName":"search_term_string"}}],"inLanguage":"es"},{"@type":"Organization","@id":"https:\/\/polarisnexuslcc.com\/#organization","name":"Polaris Nexus LCC","url":"https:\/\/polarisnexuslcc.com\/","logo":{"@type":"ImageObject","inLanguage":"es","@id":"https:\/\/polarisnexuslcc.com\/#\/schema\/logo\/image\/","url":"https:\/\/polarisnexuslcc.com\/wp-content\/uploads\/2025\/08\/cropped-ChatGPT_Image_3_ago_2025__09_23_48-removebg-preview-1.png","contentUrl":"https:\/\/polarisnexuslcc.com\/wp-content\/uploads\/2025\/08\/cropped-ChatGPT_Image_3_ago_2025__09_23_48-removebg-preview-1.png","width":500,"height":205,"caption":"Polaris Nexus LCC"},"image":{"@id":"https:\/\/polarisnexuslcc.com\/#\/schema\/logo\/image\/"},"sameAs":["https:\/\/x.com\/polarisnexuslcc"]}]}},"_links":{"self":[{"href":"https:\/\/polarisnexuslcc.com\/es\/wp-json\/wp\/v2\/pages\/20227","targetHints":{"allow":["GET"]}}],"collection":[{"href":"https:\/\/polarisnexuslcc.com\/es\/wp-json\/wp\/v2\/pages"}],"about":[{"href":"https:\/\/polarisnexuslcc.com\/es\/wp-json\/wp\/v2\/types\/page"}],"author":[{"embeddable":true,"href":"https:\/\/polarisnexuslcc.com\/es\/wp-json\/wp\/v2\/users\/1"}],"replies":[{"embeddable":true,"href":"https:\/\/polarisnexuslcc.com\/es\/wp-json\/wp\/v2\/comments?post=20227"}],"version-history":[{"count":0,"href":"https:\/\/polarisnexuslcc.com\/es\/wp-json\/wp\/v2\/pages\/20227\/revisions"}],"wp:attachment":[{"href":"https:\/\/polarisnexuslcc.com\/es\/wp-json\/wp\/v2\/media?parent=20227"}],"curies":[{"name":"wp","href":"https:\/\/api.w.org\/{rel}","templated":true}]}}