{"id":84,"date":"2022-05-10T20:36:51","date_gmt":"2022-05-10T19:36:51","guid":{"rendered":"https:\/\/gp-inbound.wordifysites.com\/?page_id=84"},"modified":"2025-08-16T09:52:44","modified_gmt":"2025-08-16T09:52:44","slug":"team","status":"publish","type":"page","link":"https:\/\/polarisnexuslcc.com\/es\/team\/","title":{"rendered":"Equipo"},"content":{"rendered":"<div class=\"wp-block-stackable-columns stk-block-columns stk-block stk-02782b0\" data-block-id=\"02782b0\"><div class=\"stk-row stk-inner-blocks stk-block-content stk-content-align stk-02782b0-column\">\n<div class=\"wp-block-stackable-column stk-block-column stk-column stk-block stk-59f3e61\" data-v=\"4\" data-block-id=\"59f3e61\"><style>.stk-59f3e61-container{margin-top:var(--stk--preset--spacing--80, 5.06rem) !important;margin-right:var(--stk--preset--spacing--80, 5.06rem) !important;margin-bottom:var(--stk--preset--spacing--80, 5.06rem) !important;margin-left:var(--stk--preset--spacing--80, 5.06rem) !important;}<\/style><div class=\"stk-column-wrapper stk-block-column__content stk-container stk-59f3e61-container stk--no-background stk--no-padding\"><div class=\"stk-block-content stk-inner-blocks stk-59f3e61-inner-blocks\">\n<h2 class=\"wp-block-heading\"><strong>Nuestro equipo<\/strong><\/h2>\n\n\n\n<p>En <strong>Polaris Nexus<\/strong>Creemos que el talento no conoce fronteras. En lugar de un modelo interno tradicional, operamos con un <strong>red distribuida de aut\u00f3nomos especializados<\/strong> que aportan su experiencia en SEO internacional, localizaci\u00f3n, dise\u00f1o, desarrollo, redacci\u00f3n y estrategia digital.<\/p>\n\n\n\n<p>Esta estructura nos permite:<\/p>\n\n\n\n<ul class=\"wp-block-list\">\n<li>Colabora con <strong>expertos en distintos pa\u00edses e idiomas<\/strong>Garantizando la precisi\u00f3n cultural y la pertinencia para el mercado.<\/li>\n\n\n\n<li>Ampl\u00ede r\u00e1pidamente los recursos en funci\u00f3n de las necesidades de cada proyecto.<\/li>\n\n\n\n<li>Mantenernos \u00e1giles y eficientes, centrando la inversi\u00f3n donde genere el mayor impacto para nuestros clientes.<\/li>\n<\/ul>\n\n\n\n<p>Nuestro equipo central gestiona la estrategia, la coordinaci\u00f3n y la garant\u00eda de calidad, mientras que nuestra amplia red de colaboradores aut\u00f3nomos garantiza que siempre dispongamos de los recursos necesarios. <strong>talento adecuado para el mercado adecuado<\/strong>.<\/p>\n\n\n\n<p>\ud83d\udc49 El resultado: un equipo flexible y global capaz de ayudar a cualquier empresa a expandirse a trav\u00e9s de las fronteras con precisi\u00f3n y agilidad.<\/p>\n<\/div><\/div><\/div>\n<\/div><\/div>","protected":false},"excerpt":{"rendered":"<p>Nuestro equipo En Polaris Nexus, creemos que el talento no conoce fronteras. En lugar de un modelo interno tradicional, trabajamos con una red distribuida de freelancers especializados que aportan su experiencia en SEO internacional, localizaci\u00f3n, dise\u00f1o, desarrollo, redacci\u00f3n y estrategia digital. Esta estructura nos permite: Nuestro equipo central gestiona la estrategia, la coordinaci\u00f3n y la garant\u00eda de calidad, mientras que ... <a title=\"Equipo\" class=\"read-more\" href=\"https:\/\/polarisnexuslcc.com\/es\/team\/\" aria-label=\"Leer m\u00e1s sobre Equipo\">Leer m\u00e1s<\/a><\/p>","protected":false},"author":1,"featured_media":0,"parent":0,"menu_order":0,"comment_status":"closed","ping_status":"closed","template":"","meta":{"footnotes":""},"class_list":["post-84","page","type-page","status-publish"],"yoast_head":"<!-- This site is optimized with the Yoast SEO plugin v27.5 - https:\/\/yoast.com\/product\/yoast-seo-wordpress\/ -->\n<title>Team - Polaris Nexus<\/title>\n<meta name=\"robots\" content=\"index, follow, max-snippet:-1, max-image-preview:large, max-video-preview:-1\" \/>\n<link rel=\"canonical\" href=\"https:\/\/polarisnexuslcc.com\/es\/team\/\" \/>\n<meta property=\"og:locale\" content=\"es_ES\" \/>\n<meta property=\"og:type\" content=\"article\" \/>\n<meta property=\"og:title\" content=\"Team - Polaris Nexus\" \/>\n<meta property=\"og:description\" content=\"Our Team At Polaris Nexus, we believe talent knows no borders. Instead of a traditional in-house model, we operate with a distributed network of specialized freelancers who bring expertise in international SEO, localization, design, development, copywriting, and digital strategy. This structure allows us to: Our core team manages strategy, coordination, and quality assurance, while our ... Leer m\u00e1s\" \/>\n<meta property=\"og:url\" content=\"https:\/\/polarisnexuslcc.com\/es\/team\/\" \/>\n<meta property=\"og:site_name\" content=\"Polaris Nexus\" \/>\n<meta property=\"article:modified_time\" content=\"2025-08-16T09:52:44+00:00\" \/>\n<meta name=\"twitter:card\" content=\"summary_large_image\" \/>\n<meta name=\"twitter:site\" content=\"@polarisnexuslcc\" \/>\n<script type=\"application\/ld+json\" class=\"yoast-schema-graph\">{\"@context\":\"https:\\\/\\\/schema.org\",\"@graph\":[{\"@type\":\"WebPage\",\"@id\":\"https:\\\/\\\/polarisnexuslcc.com\\\/team\\\/\",\"url\":\"https:\\\/\\\/polarisnexuslcc.com\\\/team\\\/\",\"name\":\"Team - Polaris Nexus\",\"isPartOf\":{\"@id\":\"https:\\\/\\\/polarisnexuslcc.com\\\/#website\"},\"datePublished\":\"2022-05-10T19:36:51+00:00\",\"dateModified\":\"2025-08-16T09:52:44+00:00\",\"breadcrumb\":{\"@id\":\"https:\\\/\\\/polarisnexuslcc.com\\\/team\\\/#breadcrumb\"},\"inLanguage\":\"es\",\"potentialAction\":[{\"@type\":\"ReadAction\",\"target\":[\"https:\\\/\\\/polarisnexuslcc.com\\\/team\\\/\"]}]},{\"@type\":\"BreadcrumbList\",\"@id\":\"https:\\\/\\\/polarisnexuslcc.com\\\/team\\\/#breadcrumb\",\"itemListElement\":[{\"@type\":\"ListItem\",\"position\":1,\"name\":\"Home\",\"item\":\"https:\\\/\\\/polarisnexuslcc.com\\\/\"},{\"@type\":\"ListItem\",\"position\":2,\"name\":\"Team\"}]},{\"@type\":\"WebSite\",\"@id\":\"https:\\\/\\\/polarisnexuslcc.com\\\/#website\",\"url\":\"https:\\\/\\\/polarisnexuslcc.com\\\/\",\"name\":\"Polaris Nexus LCC\",\"description\":\"\",\"publisher\":{\"@id\":\"https:\\\/\\\/polarisnexuslcc.com\\\/#organization\"},\"potentialAction\":[{\"@type\":\"SearchAction\",\"target\":{\"@type\":\"EntryPoint\",\"urlTemplate\":\"https:\\\/\\\/polarisnexuslcc.com\\\/?s={search_term_string}\"},\"query-input\":{\"@type\":\"PropertyValueSpecification\",\"valueRequired\":true,\"valueName\":\"search_term_string\"}}],\"inLanguage\":\"es\"},{\"@type\":\"Organization\",\"@id\":\"https:\\\/\\\/polarisnexuslcc.com\\\/#organization\",\"name\":\"Polaris Nexus LCC\",\"url\":\"https:\\\/\\\/polarisnexuslcc.com\\\/\",\"logo\":{\"@type\":\"ImageObject\",\"inLanguage\":\"es\",\"@id\":\"https:\\\/\\\/polarisnexuslcc.com\\\/#\\\/schema\\\/logo\\\/image\\\/\",\"url\":\"https:\\\/\\\/polarisnexuslcc.com\\\/wp-content\\\/uploads\\\/2025\\\/08\\\/cropped-ChatGPT_Image_3_ago_2025__09_23_48-removebg-preview-1.png\",\"contentUrl\":\"https:\\\/\\\/polarisnexuslcc.com\\\/wp-content\\\/uploads\\\/2025\\\/08\\\/cropped-ChatGPT_Image_3_ago_2025__09_23_48-removebg-preview-1.png\",\"width\":500,\"height\":205,\"caption\":\"Polaris Nexus LCC\"},\"image\":{\"@id\":\"https:\\\/\\\/polarisnexuslcc.com\\\/#\\\/schema\\\/logo\\\/image\\\/\"},\"sameAs\":[\"https:\\\/\\\/x.com\\\/polarisnexuslcc\"]}]}<\/script>\n<!-- \/ Yoast SEO plugin. -->","yoast_head_json":{"title":"Equipo - Polaris Nexus","robots":{"index":"index","follow":"follow","max-snippet":"max-snippet:-1","max-image-preview":"max-image-preview:large","max-video-preview":"max-video-preview:-1"},"canonical":"https:\/\/polarisnexuslcc.com\/es\/team\/","og_locale":"es_ES","og_type":"article","og_title":"Team - Polaris Nexus","og_description":"Our Team At Polaris Nexus, we believe talent knows no borders. Instead of a traditional in-house model, we operate with a distributed network of specialized freelancers who bring expertise in international SEO, localization, design, development, copywriting, and digital strategy. This structure allows us to: Our core team manages strategy, coordination, and quality assurance, while our ... Leer m\u00e1s","og_url":"https:\/\/polarisnexuslcc.com\/es\/team\/","og_site_name":"Polaris Nexus","article_modified_time":"2025-08-16T09:52:44+00:00","twitter_card":"summary_large_image","twitter_site":"@polarisnexuslcc","schema":{"@context":"https:\/\/schema.org","@graph":[{"@type":"WebPage","@id":"https:\/\/polarisnexuslcc.com\/team\/","url":"https:\/\/polarisnexuslcc.com\/team\/","name":"Equipo - Polaris Nexus","isPartOf":{"@id":"https:\/\/polarisnexuslcc.com\/#website"},"datePublished":"2022-05-10T19:36:51+00:00","dateModified":"2025-08-16T09:52:44+00:00","breadcrumb":{"@id":"https:\/\/polarisnexuslcc.com\/team\/#breadcrumb"},"inLanguage":"es","potentialAction":[{"@type":"ReadAction","target":["https:\/\/polarisnexuslcc.com\/team\/"]}]},{"@type":"BreadcrumbList","@id":"https:\/\/polarisnexuslcc.com\/team\/#breadcrumb","itemListElement":[{"@type":"ListItem","position":1,"name":"Home","item":"https:\/\/polarisnexuslcc.com\/"},{"@type":"ListItem","position":2,"name":"Team"}]},{"@type":"WebSite","@id":"https:\/\/polarisnexuslcc.com\/#website","url":"https:\/\/polarisnexuslcc.com\/","name":"Polaris Nexus LCC","description":"","publisher":{"@id":"https:\/\/polarisnexuslcc.com\/#organization"},"potentialAction":[{"@type":"SearchAction","target":{"@type":"EntryPoint","urlTemplate":"https:\/\/polarisnexuslcc.com\/?s={search_term_string}"},"query-input":{"@type":"PropertyValueSpecification","valueRequired":true,"valueName":"search_term_string"}}],"inLanguage":"es"},{"@type":"Organization","@id":"https:\/\/polarisnexuslcc.com\/#organization","name":"Polaris Nexus LCC","url":"https:\/\/polarisnexuslcc.com\/","logo":{"@type":"ImageObject","inLanguage":"es","@id":"https:\/\/polarisnexuslcc.com\/#\/schema\/logo\/image\/","url":"https:\/\/polarisnexuslcc.com\/wp-content\/uploads\/2025\/08\/cropped-ChatGPT_Image_3_ago_2025__09_23_48-removebg-preview-1.png","contentUrl":"https:\/\/polarisnexuslcc.com\/wp-content\/uploads\/2025\/08\/cropped-ChatGPT_Image_3_ago_2025__09_23_48-removebg-preview-1.png","width":500,"height":205,"caption":"Polaris Nexus LCC"},"image":{"@id":"https:\/\/polarisnexuslcc.com\/#\/schema\/logo\/image\/"},"sameAs":["https:\/\/x.com\/polarisnexuslcc"]}]}},"_links":{"self":[{"href":"https:\/\/polarisnexuslcc.com\/es\/wp-json\/wp\/v2\/pages\/84","targetHints":{"allow":["GET"]}}],"collection":[{"href":"https:\/\/polarisnexuslcc.com\/es\/wp-json\/wp\/v2\/pages"}],"about":[{"href":"https:\/\/polarisnexuslcc.com\/es\/wp-json\/wp\/v2\/types\/page"}],"author":[{"embeddable":true,"href":"https:\/\/polarisnexuslcc.com\/es\/wp-json\/wp\/v2\/users\/1"}],"replies":[{"embeddable":true,"href":"https:\/\/polarisnexuslcc.com\/es\/wp-json\/wp\/v2\/comments?post=84"}],"version-history":[{"count":0,"href":"https:\/\/polarisnexuslcc.com\/es\/wp-json\/wp\/v2\/pages\/84\/revisions"}],"wp:attachment":[{"href":"https:\/\/polarisnexuslcc.com\/es\/wp-json\/wp\/v2\/media?parent=84"}],"curies":[{"name":"wp","href":"https:\/\/api.w.org\/{rel}","templated":true}]}}