{"id":80,"date":"2022-05-10T20:33:20","date_gmt":"2022-05-10T19:33:20","guid":{"rendered":"https:\/\/gp-inbound.wordifysites.com\/?page_id=80"},"modified":"2022-05-10T20:33:20","modified_gmt":"2022-05-10T19:33:20","slug":"blog","status":"publish","type":"page","link":"https:\/\/polarisnexuslcc.com\/et\/blog\/","title":{"rendered":"Blogi"},"content":{"rendered":"<div class=\"gb-grid-wrapper gb-grid-wrapper-07af4c16 gb-query-loop-wrapper\">\n<div class=\"gb-grid-column gb-grid-column-2e3a1acf gb-query-loop-item post-20538 post type-post status-publish format-standard has-post-thumbnail hentry category-business category-localization\"><article class=\"gb-container gb-container-2e3a1acf\"><div class=\"gb-inside-container\">\n<figure class=\"gb-block-image gb-block-image-06177060\"><a href=\"https:\/\/polarisnexuslcc.com\/et\/vat-in-the-european-union-the-oss-system-explained\/\"><img decoding=\"async\" width=\"300\" height=\"164\" src=\"https:\/\/polarisnexuslcc.com\/wp-content\/uploads\/2026\/04\/imagen-2-3-300x164.avif\" class=\"gb-image-06177060\" alt=\"Digital payment gateway interface showing multiple EU country flags and currency symbols, cross-bord\" srcset=\"https:\/\/polarisnexuslcc.com\/wp-content\/uploads\/2026\/04\/imagen-2-3-300x164.avif 300w, https:\/\/polarisnexuslcc.com\/wp-content\/uploads\/2026\/04\/imagen-2-3-1024x559.avif 1024w, https:\/\/polarisnexuslcc.com\/wp-content\/uploads\/2026\/04\/imagen-2-3-768x419.avif 768w, https:\/\/polarisnexuslcc.com\/wp-content\/uploads\/2026\/04\/imagen-2-3-18x10.avif 18w, https:\/\/polarisnexuslcc.com\/wp-content\/uploads\/2026\/04\/imagen-2-3.avif 1408w\" sizes=\"(max-width: 300px) 100vw, 300px\" \/><\/a><\/figure>\n\n<h2 class=\"gb-headline gb-headline-d979bae1 gb-headline-text\"><a href=\"https:\/\/polarisnexuslcc.com\/et\/vat-in-the-european-union-the-oss-system-explained\/\">VAT in the European Union: The OSS System Explained<\/a><\/h2>\n\n<div class=\"gb-headline gb-headline-5c371095 gb-headline-text\">According to the European Commission, over 65% of digital businesses selling across EU borders struggle with VAT compliance in their first two years of operation. &#8230;<\/div>\n\n<p class=\"gb-headline gb-headline-427f6f6b gb-headline-text\"><span class=\"post-term-item term-business\"><a href=\"https:\/\/polarisnexuslcc.com\/et\/category\/business\/\">\u00c4ri<\/a><\/span>, <span class=\"post-term-item term-localization\"><a href=\"https:\/\/polarisnexuslcc.com\/et\/category\/localization\/\">Lokaliseerimine<\/a><\/span><\/p>\n<\/div><\/article><\/div>\n\n<div class=\"gb-grid-column gb-grid-column-2e3a1acf gb-query-loop-item post-20390 post type-post status-publish format-standard has-post-thumbnail hentry category-digital-strategy category-productivity category-social-media\"><article class=\"gb-container gb-container-2e3a1acf\"><div class=\"gb-inside-container\">\n<figure class=\"gb-block-image gb-block-image-06177060\"><a href=\"https:\/\/polarisnexuslcc.com\/et\/colors-symbols-and-taboos-visual-design-for-global-markets\/\"><img decoding=\"async\" width=\"225\" height=\"300\" src=\"https:\/\/polarisnexuslcc.com\/wp-content\/uploads\/2026\/01\/imagen-1-13-225x300.avif\" class=\"gb-image-06177060\" alt=\"diverse international business team reviewing color palettes and design mockups on large monitors in\" srcset=\"https:\/\/polarisnexuslcc.com\/wp-content\/uploads\/2026\/01\/imagen-1-13-225x300.avif 225w, https:\/\/polarisnexuslcc.com\/wp-content\/uploads\/2026\/01\/imagen-1-13-9x12.avif 9w, https:\/\/polarisnexuslcc.com\/wp-content\/uploads\/2026\/01\/imagen-1-13.avif 720w\" sizes=\"(max-width: 225px) 100vw, 225px\" \/><\/a><\/figure>\n\n<h2 class=\"gb-headline gb-headline-d979bae1 gb-headline-text\"><a href=\"https:\/\/polarisnexuslcc.com\/et\/colors-symbols-and-taboos-visual-design-for-global-markets\/\">V\u00e4rvid, s\u00fcmbolid ja tabud: visuaalne disain globaalsetele turgudele<\/a><\/h2>\n\n<div class=\"gb-headline gb-headline-5c371095 gb-headline-text\">NeuroMarketing Science &amp; Business Associationi uuringu kohaselt m\u00f5jutavad v\u00e4rvivalikud kuni 85% ostuotsuseid, kuid mis t\u00f6\u00f6tab New Yorgis\u2026<\/div>\n\n<p class=\"gb-headline gb-headline-427f6f6b gb-headline-text\"><span class=\"post-term-item term-digital-strategy\"><a href=\"https:\/\/polarisnexuslcc.com\/et\/category\/digital-strategy\/\">Digitaalne strateegia<\/a><\/span>, <span class=\"post-term-item term-productivity\"><a href=\"https:\/\/polarisnexuslcc.com\/et\/category\/productivity\/\">Tootlikkus<\/a><\/span>, <span class=\"post-term-item term-social-media\"><a href=\"https:\/\/polarisnexuslcc.com\/et\/category\/social-media\/\">Sotsiaalmeedia<\/a><\/span><\/p>\n<\/div><\/article><\/div>\n\n<div class=\"gb-grid-column gb-grid-column-2e3a1acf gb-query-loop-item post-20472 post type-post status-publish format-standard has-post-thumbnail hentry category-digital-strategy category-entrepreneurship category-uncategorized\"><article class=\"gb-container gb-container-2e3a1acf\"><div class=\"gb-inside-container\">\n<figure class=\"gb-block-image gb-block-image-06177060\"><a href=\"https:\/\/polarisnexuslcc.com\/et\/global-online-academies-from-info-product-to-international-school\/\"><img decoding=\"async\" width=\"300\" height=\"164\" src=\"https:\/\/polarisnexuslcc.com\/wp-content\/uploads\/2026\/02\/imagen-1-6-300x164.avif\" class=\"gb-image-06177060\" alt=\"Global online learning platform interface showing multiple languages and currency options, modern da\" srcset=\"https:\/\/polarisnexuslcc.com\/wp-content\/uploads\/2026\/02\/imagen-1-6-300x164.avif 300w, https:\/\/polarisnexuslcc.com\/wp-content\/uploads\/2026\/02\/imagen-1-6-1024x559.avif 1024w, https:\/\/polarisnexuslcc.com\/wp-content\/uploads\/2026\/02\/imagen-1-6-768x419.avif 768w, https:\/\/polarisnexuslcc.com\/wp-content\/uploads\/2026\/02\/imagen-1-6-18x10.avif 18w, https:\/\/polarisnexuslcc.com\/wp-content\/uploads\/2026\/02\/imagen-1-6.avif 1408w\" sizes=\"(max-width: 300px) 100vw, 300px\" \/><\/a><\/figure>\n\n<h2 class=\"gb-headline gb-headline-d979bae1 gb-headline-text\"><a href=\"https:\/\/polarisnexuslcc.com\/et\/global-online-academies-from-info-product-to-international-school\/\">Globaalsed Veebiakadeemiad: Infotoodetest rahvusvahelise koolini<\/a><\/h2>\n\n<div class=\"gb-headline gb-headline-5c371095 gb-headline-text\">Statista andmetel prognoositakse, et \u00fclemaailmne veebihariduse turg j\u00f5uab $2025. aastaks 166,60 miljardini, kus keskmine kasutajatulu kasvab piirkonniti pidevalt. \u2026<\/div>\n\n<p class=\"gb-headline gb-headline-427f6f6b gb-headline-text\"><span class=\"post-term-item term-digital-strategy\"><a href=\"https:\/\/polarisnexuslcc.com\/et\/category\/digital-strategy\/\">Digitaalne strateegia<\/a><\/span>, <span class=\"post-term-item term-entrepreneurship\"><a href=\"https:\/\/polarisnexuslcc.com\/et\/category\/entrepreneurship\/\">Ettev\u00f5tlus<\/a><\/span>, <span class=\"post-term-item term-uncategorized\"><a href=\"https:\/\/polarisnexuslcc.com\/et\/category\/uncategorized\/\">Mittekategoriseeritud<\/a><\/span><\/p>\n<\/div><\/article><\/div>\n\n<div class=\"gb-grid-column gb-grid-column-2e3a1acf gb-query-loop-item post-20358 post type-post status-publish format-standard has-post-thumbnail hentry category-international-seo category-platforms\"><article class=\"gb-container gb-container-2e3a1acf\"><div class=\"gb-inside-container\">\n<figure class=\"gb-block-image gb-block-image-06177060\"><a href=\"https:\/\/polarisnexuslcc.com\/et\/multilingual-wordpress-wpml-polylang-and-alternatives\/\"><img decoding=\"async\" width=\"225\" height=\"300\" src=\"https:\/\/polarisnexuslcc.com\/wp-content\/uploads\/2026\/01\/imagen-3-9-225x300.avif\" class=\"gb-image-06177060\" alt=\"close-up of hands typing code on laptop with WPML and Polylang plugin settings visible on screen, de\" srcset=\"https:\/\/polarisnexuslcc.com\/wp-content\/uploads\/2026\/01\/imagen-3-9-225x300.avif 225w, https:\/\/polarisnexuslcc.com\/wp-content\/uploads\/2026\/01\/imagen-3-9-9x12.avif 9w, https:\/\/polarisnexuslcc.com\/wp-content\/uploads\/2026\/01\/imagen-3-9.avif 720w\" sizes=\"(max-width: 225px) 100vw, 225px\" \/><\/a><\/figure>\n\n<h2 class=\"gb-headline gb-headline-d979bae1 gb-headline-text\"><a href=\"https:\/\/polarisnexuslcc.com\/et\/multilingual-wordpress-wpml-polylang-and-alternatives\/\">Mitmekeelne WordPress: WPML, Polylang ja alternatiivid<\/a><\/h2>\n\n<div class=\"gb-headline gb-headline-5c371095 gb-headline-text\">Mitmekeelse WordPressi saidi ehitamine k\u00f5lab lihtsasti, kuni j\u00f5uate esimese andmebaasi paisumise hoiatuseni v\u00f5i avastate, et teie t\u00f5lked l\u00e4ksid \u00fcle\u00f6\u00f6 katki. Vastavalt W3Techs, WordPress ...<\/div>\n\n<p class=\"gb-headline gb-headline-427f6f6b gb-headline-text\"><span class=\"post-term-item term-international-seo\"><a href=\"https:\/\/polarisnexuslcc.com\/et\/category\/international-seo\/\">Rahvusvaheline SEO<\/a><\/span>, <span class=\"post-term-item term-platforms\"><a href=\"https:\/\/polarisnexuslcc.com\/et\/category\/platforms\/\">Platvormid<\/a><\/span><\/p>\n<\/div><\/article><\/div>\n\n<div class=\"gb-grid-column gb-grid-column-2e3a1acf gb-query-loop-item post-20378 post type-post status-publish format-standard has-post-thumbnail hentry category-business category-digital-strategy category-international-growth\"><article class=\"gb-container gb-container-2e3a1acf\"><div class=\"gb-inside-container\">\n<figure class=\"gb-block-image gb-block-image-06177060\"><a href=\"https:\/\/polarisnexuslcc.com\/et\/beauty-and-cosmetics-e-commerce-international-expansion\/\"><img decoding=\"async\" width=\"225\" height=\"300\" src=\"https:\/\/polarisnexuslcc.com\/wp-content\/uploads\/2026\/01\/imagen-4-16-225x300.avif\" class=\"gb-image-06177060\" alt=\"Diverse group of beauty consumers from different ethnicities testing foundation shades, hands compar\" srcset=\"https:\/\/polarisnexuslcc.com\/wp-content\/uploads\/2026\/01\/imagen-4-16-225x300.avif 225w, https:\/\/polarisnexuslcc.com\/wp-content\/uploads\/2026\/01\/imagen-4-16-9x12.avif 9w, https:\/\/polarisnexuslcc.com\/wp-content\/uploads\/2026\/01\/imagen-4-16.avif 720w\" sizes=\"(max-width: 225px) 100vw, 225px\" \/><\/a><\/figure>\n\n<h2 class=\"gb-headline gb-headline-d979bae1 gb-headline-text\"><a href=\"https:\/\/polarisnexuslcc.com\/et\/beauty-and-cosmetics-e-commerce-international-expansion\/\">Ilu ja kosmeetika e-kaubandus: Rahvusvaheline laienemine<\/a><\/h2>\n\n<div class=\"gb-headline gb-headline-5c371095 gb-headline-text\">Statista 2024. aasta aruande kohaselt ulatub \u00fclemaailmne ilu- ja kehahoolduse e-kaubanduse turg 2025. aastaks prognooside kohaselt $120 miljardi euroni, kusjuures piiri\u00fclene ...<\/div>\n\n<p class=\"gb-headline gb-headline-427f6f6b gb-headline-text\"><span class=\"post-term-item term-business\"><a href=\"https:\/\/polarisnexuslcc.com\/et\/category\/business\/\">\u00c4ri<\/a><\/span>, <span class=\"post-term-item term-digital-strategy\"><a href=\"https:\/\/polarisnexuslcc.com\/et\/category\/digital-strategy\/\">Digitaalne strateegia<\/a><\/span>, <span class=\"post-term-item term-international-growth\"><a href=\"https:\/\/polarisnexuslcc.com\/et\/category\/international-growth\/\">Rahvusvaheline kasv<\/a><\/span><\/p>\n<\/div><\/article><\/div>\n\n<div class=\"gb-grid-column gb-grid-column-2e3a1acf gb-query-loop-item post-20369 post type-post status-publish format-standard has-post-thumbnail hentry category-international-growth category-productivity\"><article class=\"gb-container gb-container-2e3a1acf\"><div class=\"gb-inside-container\">\n<figure class=\"gb-block-image gb-block-image-06177060\"><a href=\"https:\/\/polarisnexuslcc.com\/et\/signs-that-your-business-is-ready-to-go-international\/\"><img decoding=\"async\" width=\"225\" height=\"300\" src=\"https:\/\/polarisnexuslcc.com\/wp-content\/uploads\/2026\/01\/imagen-1-12-225x300.avif\" class=\"gb-image-06177060\" alt=\"Professional business analyst reviewing global website analytics dashboard showing traffic from mult\" srcset=\"https:\/\/polarisnexuslcc.com\/wp-content\/uploads\/2026\/01\/imagen-1-12-225x300.avif 225w, https:\/\/polarisnexuslcc.com\/wp-content\/uploads\/2026\/01\/imagen-1-12-9x12.avif 9w, https:\/\/polarisnexuslcc.com\/wp-content\/uploads\/2026\/01\/imagen-1-12.avif 720w\" sizes=\"(max-width: 225px) 100vw, 225px\" \/><\/a><\/figure>\n\n<h2 class=\"gb-headline gb-headline-d979bae1 gb-headline-text\"><a href=\"https:\/\/polarisnexuslcc.com\/et\/signs-that-your-business-is-ready-to-go-international\/\">M\u00e4rgid, et teie ettev\u00f5te on valmis rahvusvahelisteks tegevusteks<\/a><\/h2>\n\n<div class=\"gb-headline gb-headline-5c371095 gb-headline-text\">Enamik ettev\u00f5tteid ootab rahvusvaheliste turgude uurimisega liiga kaua - v\u00f5i h\u00fcppab liiga vara sisse ja kulutab raha \u00e4ra ennetatavate vigade t\u00f5ttu. Uuringu kohaselt on ...<\/div>\n\n<p class=\"gb-headline gb-headline-427f6f6b gb-headline-text\"><span class=\"post-term-item term-international-growth\"><a href=\"https:\/\/polarisnexuslcc.com\/et\/category\/international-growth\/\">Rahvusvaheline kasv<\/a><\/span>, <span class=\"post-term-item term-productivity\"><a href=\"https:\/\/polarisnexuslcc.com\/et\/category\/productivity\/\">Tootlikkus<\/a><\/span><\/p>\n<\/div><\/article><\/div>\n\n<div class=\"gb-grid-column gb-grid-column-2e3a1acf gb-query-loop-item post-20351 post type-post status-publish format-standard has-post-thumbnail hentry category-business category-entrepreneurship category-productivity\"><article class=\"gb-container gb-container-2e3a1acf\"><div class=\"gb-inside-container\">\n<figure class=\"gb-block-image gb-block-image-06177060\"><a href=\"https:\/\/polarisnexuslcc.com\/et\/global-saas-from-day-one-architecture-and-pricing\/\"><img decoding=\"async\" width=\"225\" height=\"300\" src=\"https:\/\/polarisnexuslcc.com\/wp-content\/uploads\/2026\/01\/imagen-4-12-225x300.avif\" class=\"gb-image-06177060\" alt=\"Network performance monitoring dashboard showing global latency metrics and server response times ac\" srcset=\"https:\/\/polarisnexuslcc.com\/wp-content\/uploads\/2026\/01\/imagen-4-12-225x300.avif 225w, https:\/\/polarisnexuslcc.com\/wp-content\/uploads\/2026\/01\/imagen-4-12-9x12.avif 9w, https:\/\/polarisnexuslcc.com\/wp-content\/uploads\/2026\/01\/imagen-4-12.avif 720w\" sizes=\"(max-width: 225px) 100vw, 225px\" \/><\/a><\/figure>\n\n<h2 class=\"gb-headline gb-headline-d979bae1 gb-headline-text\"><a href=\"https:\/\/polarisnexuslcc.com\/et\/global-saas-from-day-one-architecture-and-pricing\/\">\u00dclemaailmne SaaS esimesest p\u00e4evast alates: arhitektuur ja hinnakujundus<\/a><\/h2>\n\n<div class=\"gb-headline gb-headline-5c371095 gb-headline-text\">SaaS Capitali 2024. aasta uuringu kohaselt seisid 68% SaaS-ettev\u00f5tetest, kes viivitasid rahvusvaheliste arhitektuuriotsustega, 18 kuu jooksul silmitsi m\u00e4rkimisv\u00e4\u00e4rse tehnilise v\u00f5laga, sageli ...<\/div>\n\n<p class=\"gb-headline gb-headline-427f6f6b gb-headline-text\"><span class=\"post-term-item term-business\"><a href=\"https:\/\/polarisnexuslcc.com\/et\/category\/business\/\">\u00c4ri<\/a><\/span>, <span class=\"post-term-item term-entrepreneurship\"><a href=\"https:\/\/polarisnexuslcc.com\/et\/category\/entrepreneurship\/\">Ettev\u00f5tlus<\/a><\/span>, <span class=\"post-term-item term-productivity\"><a href=\"https:\/\/polarisnexuslcc.com\/et\/category\/productivity\/\">Tootlikkus<\/a><\/span><\/p>\n<\/div><\/article><\/div>\n\n<div class=\"gb-grid-column gb-grid-column-2e3a1acf gb-query-loop-item post-20347 post type-post status-publish format-standard has-post-thumbnail hentry category-digital-strategy category-international-growth category-platforms\"><article class=\"gb-container gb-container-2e3a1acf\"><div class=\"gb-inside-container\">\n<figure class=\"gb-block-image gb-block-image-06177060\"><a href=\"https:\/\/polarisnexuslcc.com\/et\/multilingual-youtube-subtitles-dubbing-or-separate-channels\/\"><img decoding=\"async\" width=\"225\" height=\"300\" src=\"https:\/\/polarisnexuslcc.com\/wp-content\/uploads\/2026\/01\/imagen-1-11-225x300.avif\" class=\"gb-image-06177060\" alt=\"Global content creator working at modern desk with multiple computer screens showing YouTube analyti\" srcset=\"https:\/\/polarisnexuslcc.com\/wp-content\/uploads\/2026\/01\/imagen-1-11-225x300.avif 225w, https:\/\/polarisnexuslcc.com\/wp-content\/uploads\/2026\/01\/imagen-1-11-9x12.avif 9w, https:\/\/polarisnexuslcc.com\/wp-content\/uploads\/2026\/01\/imagen-1-11.avif 720w\" sizes=\"(max-width: 225px) 100vw, 225px\" \/><\/a><\/figure>\n\n<h2 class=\"gb-headline gb-headline-d979bae1 gb-headline-text\"><a href=\"https:\/\/polarisnexuslcc.com\/et\/multilingual-youtube-subtitles-dubbing-or-separate-channels\/\">Mitmekeelne YouTube: Subtiitrid, dubleerimine v\u00f5i eraldi kanalid<\/a><\/h2>\n\n<div class=\"gb-headline gb-headline-5c371095 gb-headline-text\">Statista poolt avaldatud YouTube'i sisemiste andmete kohaselt p\u00e4rineb \u00fcle 80% YouTube'i liiklusest v\u00e4ljastpoolt Ameerika \u00dchendriike, kuid enamik loojatest avaldab endiselt sisu ...<\/div>\n\n<p class=\"gb-headline gb-headline-427f6f6b gb-headline-text\"><span class=\"post-term-item term-digital-strategy\"><a href=\"https:\/\/polarisnexuslcc.com\/et\/category\/digital-strategy\/\">Digitaalne strateegia<\/a><\/span>, <span class=\"post-term-item term-international-growth\"><a href=\"https:\/\/polarisnexuslcc.com\/et\/category\/international-growth\/\">Rahvusvaheline kasv<\/a><\/span>, <span class=\"post-term-item term-platforms\"><a href=\"https:\/\/polarisnexuslcc.com\/et\/category\/platforms\/\">Platvormid<\/a><\/span><\/p>\n<\/div><\/article><\/div>\n\n<div class=\"gb-grid-column gb-grid-column-2e3a1acf gb-query-loop-item post-20343 post type-post status-publish format-standard has-post-thumbnail hentry category-digital-strategy category-entrepreneurship category-productivity\"><article class=\"gb-container gb-container-2e3a1acf\"><div class=\"gb-inside-container\">\n<figure class=\"gb-block-image gb-block-image-06177060\"><a href=\"https:\/\/polarisnexuslcc.com\/et\/dates-numbers-and-currencies-the-details-that-kill-conversions\/\"><img decoding=\"async\" width=\"225\" height=\"300\" src=\"https:\/\/polarisnexuslcc.com\/wp-content\/uploads\/2026\/01\/imagen-1-10-225x300.avif\" class=\"gb-image-06177060\" alt=\"Professional e-commerce checkout page on laptop screen showing date format confusion with European a\" srcset=\"https:\/\/polarisnexuslcc.com\/wp-content\/uploads\/2026\/01\/imagen-1-10-225x300.avif 225w, https:\/\/polarisnexuslcc.com\/wp-content\/uploads\/2026\/01\/imagen-1-10-9x12.avif 9w, https:\/\/polarisnexuslcc.com\/wp-content\/uploads\/2026\/01\/imagen-1-10.avif 720w\" sizes=\"(max-width: 225px) 100vw, 225px\" \/><\/a><\/figure>\n\n<h2 class=\"gb-headline gb-headline-d979bae1 gb-headline-text\"><a href=\"https:\/\/polarisnexuslcc.com\/et\/dates-numbers-and-currencies-the-details-that-kill-conversions\/\">Kuup\u00e4evad, numbrid ja valuutad: Detailid, mis tapavad \u00fcmberarvestusi<\/a><\/h2>\n\n<div class=\"gb-headline gb-headline-5c371095 gb-headline-text\">Baymard Institute'i andmetel loobub 17% USA veebiostlejatest ostukorvist, kuna ostu sooritamise protsess on liiga keeruline v\u00f5i segane. Mida enamik ettev\u00f5tteid ei m\u00f5ista ...<\/div>\n\n<p class=\"gb-headline gb-headline-427f6f6b gb-headline-text\"><span class=\"post-term-item term-digital-strategy\"><a href=\"https:\/\/polarisnexuslcc.com\/et\/category\/digital-strategy\/\">Digitaalne strateegia<\/a><\/span>, <span class=\"post-term-item term-entrepreneurship\"><a href=\"https:\/\/polarisnexuslcc.com\/et\/category\/entrepreneurship\/\">Ettev\u00f5tlus<\/a><\/span>, <span class=\"post-term-item term-productivity\"><a href=\"https:\/\/polarisnexuslcc.com\/et\/category\/productivity\/\">Tootlikkus<\/a><\/span><\/p>\n<\/div><\/article><\/div>\n<\/div>\n\n<div class=\"gb-container gb-container-ca04b990 gb-query-loop-pagination\">\n\n\n<span class=\"gb-button gb-button-f3326592 gb-button-text page-numbers gb-block-is-current\" aria-current=\"page\">1<\/span><a class=\"gb-button gb-button-f3326592 gb-button-text page-numbers\" href=\"?query-7097c1ff-page=2\">2<\/a>\n\n<a class=\"gb-button gb-button-86469464 gb-button-text\" href=\"\/et\/wp-json\/wp\/v2\/pages\/80?query-7097c1ff-page=2\">J\u00e4rgmine<\/a>\n<\/div>","protected":false},"excerpt":{"rendered":"","protected":false},"author":0,"featured_media":0,"parent":0,"menu_order":0,"comment_status":"closed","ping_status":"closed","template":"","meta":{"footnotes":""},"class_list":["post-80","page","type-page","status-publish"],"yoast_head":"<!-- This site is optimized with the Yoast SEO plugin v27.5 - https:\/\/yoast.com\/product\/yoast-seo-wordpress\/ -->\n<title>Blog - Polaris Nexus<\/title>\n<meta name=\"robots\" content=\"index, follow, max-snippet:-1, max-image-preview:large, max-video-preview:-1\" \/>\n<link rel=\"canonical\" href=\"https:\/\/polarisnexuslcc.com\/et\/blog\/\" \/>\n<meta property=\"og:locale\" content=\"et_EE\" \/>\n<meta property=\"og:type\" content=\"article\" \/>\n<meta property=\"og:title\" content=\"Blog - Polaris Nexus\" \/>\n<meta property=\"og:url\" content=\"https:\/\/polarisnexuslcc.com\/et\/blog\/\" \/>\n<meta property=\"og:site_name\" content=\"Polaris Nexus\" \/>\n<meta name=\"twitter:card\" content=\"summary_large_image\" \/>\n<meta name=\"twitter:site\" content=\"@polarisnexuslcc\" \/>\n<script type=\"application\/ld+json\" class=\"yoast-schema-graph\">{\"@context\":\"https:\\\/\\\/schema.org\",\"@graph\":[{\"@type\":\"WebPage\",\"@id\":\"https:\\\/\\\/polarisnexuslcc.com\\\/blog\\\/\",\"url\":\"https:\\\/\\\/polarisnexuslcc.com\\\/blog\\\/\",\"name\":\"Blog - Polaris Nexus\",\"isPartOf\":{\"@id\":\"https:\\\/\\\/polarisnexuslcc.com\\\/#website\"},\"datePublished\":\"2022-05-10T19:33:20+00:00\",\"breadcrumb\":{\"@id\":\"https:\\\/\\\/polarisnexuslcc.com\\\/blog\\\/#breadcrumb\"},\"inLanguage\":\"et\",\"potentialAction\":[{\"@type\":\"ReadAction\",\"target\":[\"https:\\\/\\\/polarisnexuslcc.com\\\/blog\\\/\"]}]},{\"@type\":\"BreadcrumbList\",\"@id\":\"https:\\\/\\\/polarisnexuslcc.com\\\/blog\\\/#breadcrumb\",\"itemListElement\":[{\"@type\":\"ListItem\",\"position\":1,\"name\":\"Home\",\"item\":\"https:\\\/\\\/polarisnexuslcc.com\\\/\"},{\"@type\":\"ListItem\",\"position\":2,\"name\":\"Blog\"}]},{\"@type\":\"WebSite\",\"@id\":\"https:\\\/\\\/polarisnexuslcc.com\\\/#website\",\"url\":\"https:\\\/\\\/polarisnexuslcc.com\\\/\",\"name\":\"Polaris Nexus LCC\",\"description\":\"\",\"publisher\":{\"@id\":\"https:\\\/\\\/polarisnexuslcc.com\\\/#organization\"},\"potentialAction\":[{\"@type\":\"SearchAction\",\"target\":{\"@type\":\"EntryPoint\",\"urlTemplate\":\"https:\\\/\\\/polarisnexuslcc.com\\\/?s={search_term_string}\"},\"query-input\":{\"@type\":\"PropertyValueSpecification\",\"valueRequired\":true,\"valueName\":\"search_term_string\"}}],\"inLanguage\":\"et\"},{\"@type\":\"Organization\",\"@id\":\"https:\\\/\\\/polarisnexuslcc.com\\\/#organization\",\"name\":\"Polaris Nexus LCC\",\"url\":\"https:\\\/\\\/polarisnexuslcc.com\\\/\",\"logo\":{\"@type\":\"ImageObject\",\"inLanguage\":\"et\",\"@id\":\"https:\\\/\\\/polarisnexuslcc.com\\\/#\\\/schema\\\/logo\\\/image\\\/\",\"url\":\"https:\\\/\\\/polarisnexuslcc.com\\\/wp-content\\\/uploads\\\/2025\\\/08\\\/cropped-ChatGPT_Image_3_ago_2025__09_23_48-removebg-preview-1.png\",\"contentUrl\":\"https:\\\/\\\/polarisnexuslcc.com\\\/wp-content\\\/uploads\\\/2025\\\/08\\\/cropped-ChatGPT_Image_3_ago_2025__09_23_48-removebg-preview-1.png\",\"width\":500,\"height\":205,\"caption\":\"Polaris Nexus LCC\"},\"image\":{\"@id\":\"https:\\\/\\\/polarisnexuslcc.com\\\/#\\\/schema\\\/logo\\\/image\\\/\"},\"sameAs\":[\"https:\\\/\\\/x.com\\\/polarisnexuslcc\"]}]}<\/script>\n<!-- \/ Yoast SEO plugin. -->","yoast_head_json":{"title":"Blog - Polaris Nexus","robots":{"index":"index","follow":"follow","max-snippet":"max-snippet:-1","max-image-preview":"max-image-preview:large","max-video-preview":"max-video-preview:-1"},"canonical":"https:\/\/polarisnexuslcc.com\/et\/blog\/","og_locale":"et_EE","og_type":"article","og_title":"Blog - Polaris Nexus","og_url":"https:\/\/polarisnexuslcc.com\/et\/blog\/","og_site_name":"Polaris Nexus","twitter_card":"summary_large_image","twitter_site":"@polarisnexuslcc","schema":{"@context":"https:\/\/schema.org","@graph":[{"@type":"WebPage","@id":"https:\/\/polarisnexuslcc.com\/blog\/","url":"https:\/\/polarisnexuslcc.com\/blog\/","name":"Blog - Polaris Nexus","isPartOf":{"@id":"https:\/\/polarisnexuslcc.com\/#website"},"datePublished":"2022-05-10T19:33:20+00:00","breadcrumb":{"@id":"https:\/\/polarisnexuslcc.com\/blog\/#breadcrumb"},"inLanguage":"et","potentialAction":[{"@type":"ReadAction","target":["https:\/\/polarisnexuslcc.com\/blog\/"]}]},{"@type":"BreadcrumbList","@id":"https:\/\/polarisnexuslcc.com\/blog\/#breadcrumb","itemListElement":[{"@type":"ListItem","position":1,"name":"Home","item":"https:\/\/polarisnexuslcc.com\/"},{"@type":"ListItem","position":2,"name":"Blog"}]},{"@type":"WebSite","@id":"https:\/\/polarisnexuslcc.com\/#website","url":"https:\/\/polarisnexuslcc.com\/","name":"Polaris Nexus LCC","description":"","publisher":{"@id":"https:\/\/polarisnexuslcc.com\/#organization"},"potentialAction":[{"@type":"SearchAction","target":{"@type":"EntryPoint","urlTemplate":"https:\/\/polarisnexuslcc.com\/?s={search_term_string}"},"query-input":{"@type":"PropertyValueSpecification","valueRequired":true,"valueName":"search_term_string"}}],"inLanguage":"et"},{"@type":"Organization","@id":"https:\/\/polarisnexuslcc.com\/#organization","name":"Polaris Nexus LCC","url":"https:\/\/polarisnexuslcc.com\/","logo":{"@type":"ImageObject","inLanguage":"et","@id":"https:\/\/polarisnexuslcc.com\/#\/schema\/logo\/image\/","url":"https:\/\/polarisnexuslcc.com\/wp-content\/uploads\/2025\/08\/cropped-ChatGPT_Image_3_ago_2025__09_23_48-removebg-preview-1.png","contentUrl":"https:\/\/polarisnexuslcc.com\/wp-content\/uploads\/2025\/08\/cropped-ChatGPT_Image_3_ago_2025__09_23_48-removebg-preview-1.png","width":500,"height":205,"caption":"Polaris Nexus LCC"},"image":{"@id":"https:\/\/polarisnexuslcc.com\/#\/schema\/logo\/image\/"},"sameAs":["https:\/\/x.com\/polarisnexuslcc"]}]}},"_links":{"self":[{"href":"https:\/\/polarisnexuslcc.com\/et\/wp-json\/wp\/v2\/pages\/80","targetHints":{"allow":["GET"]}}],"collection":[{"href":"https:\/\/polarisnexuslcc.com\/et\/wp-json\/wp\/v2\/pages"}],"about":[{"href":"https:\/\/polarisnexuslcc.com\/et\/wp-json\/wp\/v2\/types\/page"}],"replies":[{"embeddable":true,"href":"https:\/\/polarisnexuslcc.com\/et\/wp-json\/wp\/v2\/comments?post=80"}],"version-history":[{"count":0,"href":"https:\/\/polarisnexuslcc.com\/et\/wp-json\/wp\/v2\/pages\/80\/revisions"}],"wp:attachment":[{"href":"https:\/\/polarisnexuslcc.com\/et\/wp-json\/wp\/v2\/media?parent=80"}],"curies":[{"name":"wp","href":"https:\/\/api.w.org\/{rel}","templated":true}]}}