{"id":78,"date":"2022-05-10T20:33:06","date_gmt":"2022-05-10T19:33:06","guid":{"rendered":"https:\/\/gp-inbound.wordifysites.com\/?page_id=78"},"modified":"2025-08-16T09:58:31","modified_gmt":"2025-08-16T09:58:31","slug":"about-us","status":"publish","type":"page","link":"https:\/\/polarisnexuslcc.com\/fr\/about-us\/","title":{"rendered":"Qui sommes-nous ?"},"content":{"rendered":"<div class=\"wp-block-stackable-columns stk-block-columns stk-block stk-d438973\" data-block-id=\"d438973\"><div class=\"stk-row stk-inner-blocks stk-block-content stk-content-align stk-d438973-column\">\n<div class=\"wp-block-stackable-column stk-block-column stk-column stk-block stk-fd33cf7\" data-v=\"4\" data-block-id=\"fd33cf7\"><style>.stk-fd33cf7-container{margin-top:var(--stk--preset--spacing--70, 3.38rem) !important;margin-right:var(--stk--preset--spacing--70, 3.38rem) !important;margin-bottom:var(--stk--preset--spacing--70, 3.38rem) !important;margin-left:var(--stk--preset--spacing--70, 3.38rem) !important;}<\/style><div class=\"stk-column-wrapper stk-block-column__content stk-container stk-fd33cf7-container stk--no-background stk--no-padding\"><div class=\"stk-block-content stk-inner-blocks stk-fd33cf7-inner-blocks\">\n<p>Polaris Nexus LLC est une entreprise num\u00e9rique qui aide les entreprises de toute taille et de tout secteur \u00e0 se d\u00e9velopper au-del\u00e0 des fronti\u00e8res. Avec une base op\u00e9rationnelle distribu\u00e9e, nous sommes sp\u00e9cialis\u00e9s dans la cr\u00e9ation d'actifs et de strat\u00e9gies num\u00e9riques \u00e9volutifs qui permettent aux marques de p\u00e9n\u00e9trer de nouveaux march\u00e9s avec une pr\u00e9cision culturelle, une technologie forte et des op\u00e9rations all\u00e9g\u00e9es.<\/p>\n\n\n\n<p>Contrairement aux startups technologiques traditionnelles qui poursuivent une croissance rapide et non durable, Polaris Nexus a \u00e9t\u00e9 fond\u00e9e sur un principe de base. <strong>philosophie \"lean &amp; profitable<\/strong>Le projet \"Digital Business\" : cr\u00e9er des entreprises num\u00e9riques globales, rentables et r\u00e9silientes d\u00e8s le d\u00e9part.<\/p>\n\n\n\n<h3 class=\"wp-block-heading\"><strong><span style=\"color: #000000;\" class=\"stk-highlight\">Notre mission<\/span><\/strong><\/h3>\n\n\n\n<p>Notre mission est simple mais ambitieuse :<br><strong>transformer les entreprises num\u00e9riques locales en marques mondiales<\/strong> en combinant le r\u00e9f\u00e9rencement international, la localisation culturelle, une technologie \u00e9volutive et des strat\u00e9gies de croissance qui fonctionnent sur tous les march\u00e9s.<\/p>\n\n\n\n<p>Nous pensons que l'avenir appartient aux entreprises capables de s'adapter rapidement, de respecter la diversit\u00e9 culturelle et de fonctionner efficacement. Notre r\u00f4le est de fournir la feuille de route, la technologie et l'ex\u00e9cution pour rendre cela possible.<\/p>\n\n\n\n<h3 class=\"wp-block-heading\"><strong><span style=\"color: #000000;\" class=\"stk-highlight\">\u00c0 propos de nous<\/span><\/strong><\/h3>\n\n\n\n<p>Chez Polaris Nexus, nous :<\/p>\n\n\n\n<ul class=\"wp-block-list\">\n<li>Partenaire de <strong>entrepreneurs num\u00e9riques<\/strong> qui cherchent \u00e0 d\u00e9velopper leurs id\u00e9es valid\u00e9es.<\/li>\n\n\n\n<li>Aide <strong>cr\u00e9ateurs de niches et \u00e9ducateurs<\/strong> transformer les connaissances en entreprises mondiales.<\/li>\n\n\n\n<li>Soutien <strong>marques en phase de croissance<\/strong> en se d\u00e9veloppant sur de nouveaux march\u00e9s avec clart\u00e9.<\/li>\n\n\n\n<li>Guide <strong>entreprises traditionnelles<\/strong> la transition en ligne et l'internationalisation.<\/li>\n<\/ul>\n\n\n\n<p>Nous avons aid\u00e9 \u00e0 lancer des plateformes dans plus de <strong>75 pays<\/strong>Le programme d'action de l'Union europ\u00e9enne, qui soutient le contenu et le commerce dans les domaines suivants <strong>toutes les langues principales<\/strong>et des syst\u00e8mes de construction con\u00e7us pour <strong>croissance et rentabilit\u00e9 \u00e0 long terme<\/strong>.<\/p>\n\n\n\n<p>Chez Polaris Nexus, nous ne nous contentons pas de cr\u00e9er des produits num\u00e9riques. <strong>Nous cr\u00e9ons des marques mondiales.<\/strong><\/p>\n<\/div><\/div><\/div>\n<\/div><\/div>\n\n\n\n<p><\/p>","protected":false},"excerpt":{"rendered":"<p>Polaris Nexus LLC est une entreprise num\u00e9rique qui aide les entreprises de toute taille et de tout secteur \u00e0 se d\u00e9velopper au-del\u00e0 des fronti\u00e8res. Avec une base op\u00e9rationnelle distribu\u00e9e, nous nous sp\u00e9cialisons dans la cr\u00e9ation d'actifs et de strat\u00e9gies num\u00e9riques \u00e9volutifs qui permettent aux marques de p\u00e9n\u00e9trer de nouveaux march\u00e9s avec une pr\u00e9cision culturelle, une technologie forte et des op\u00e9rations all\u00e9g\u00e9es. Contrairement aux startups technologiques traditionnelles qui ... <a title=\"Qui sommes-nous ?\" class=\"read-more\" href=\"https:\/\/polarisnexuslcc.com\/fr\/about-us\/\" aria-label=\"En savoir plus sur Qui sommes-nous ?\">Lire la suite<\/a><\/p>","protected":false},"author":1,"featured_media":0,"parent":0,"menu_order":0,"comment_status":"closed","ping_status":"closed","template":"","meta":{"footnotes":""},"class_list":["post-78","page","type-page","status-publish"],"yoast_head":"<!-- This site is optimized with the Yoast SEO plugin v27.5 - https:\/\/yoast.com\/product\/yoast-seo-wordpress\/ -->\n<title>Who We Are - Polaris Nexus<\/title>\n<meta name=\"robots\" content=\"index, follow, max-snippet:-1, max-image-preview:large, max-video-preview:-1\" \/>\n<link rel=\"canonical\" href=\"https:\/\/polarisnexuslcc.com\/fr\/about-us\/\" \/>\n<meta property=\"og:locale\" content=\"fr_FR\" \/>\n<meta property=\"og:type\" content=\"article\" \/>\n<meta property=\"og:title\" content=\"Who We Are - Polaris Nexus\" \/>\n<meta property=\"og:description\" content=\"Polaris Nexus LLC is a digital-first company built to help businesses of any size and industry expand beyond borders. With a distributed operational base, we specialize in creating scalable digital assets and strategies that empower brands to enter new markets with cultural precision, strong technology, and lean operations. Unlike traditional tech startups that chase rapid, ... Lire la suite\" \/>\n<meta property=\"og:url\" content=\"https:\/\/polarisnexuslcc.com\/fr\/about-us\/\" \/>\n<meta property=\"og:site_name\" content=\"Polaris Nexus\" \/>\n<meta property=\"article:modified_time\" content=\"2025-08-16T09:58:31+00:00\" \/>\n<meta name=\"twitter:card\" content=\"summary_large_image\" \/>\n<meta name=\"twitter:site\" content=\"@polarisnexuslcc\" \/>\n<meta name=\"twitter:label1\" content=\"Dur\u00e9e de lecture estim\u00e9e\" \/>\n\t<meta name=\"twitter:data1\" content=\"1 minute\" \/>\n<script type=\"application\/ld+json\" class=\"yoast-schema-graph\">{\"@context\":\"https:\\\/\\\/schema.org\",\"@graph\":[{\"@type\":\"WebPage\",\"@id\":\"https:\\\/\\\/polarisnexuslcc.com\\\/about-us\\\/\",\"url\":\"https:\\\/\\\/polarisnexuslcc.com\\\/about-us\\\/\",\"name\":\"Who We Are - Polaris Nexus\",\"isPartOf\":{\"@id\":\"https:\\\/\\\/polarisnexuslcc.com\\\/#website\"},\"datePublished\":\"2022-05-10T19:33:06+00:00\",\"dateModified\":\"2025-08-16T09:58:31+00:00\",\"breadcrumb\":{\"@id\":\"https:\\\/\\\/polarisnexuslcc.com\\\/about-us\\\/#breadcrumb\"},\"inLanguage\":\"fr-FR\",\"potentialAction\":[{\"@type\":\"ReadAction\",\"target\":[\"https:\\\/\\\/polarisnexuslcc.com\\\/about-us\\\/\"]}]},{\"@type\":\"BreadcrumbList\",\"@id\":\"https:\\\/\\\/polarisnexuslcc.com\\\/about-us\\\/#breadcrumb\",\"itemListElement\":[{\"@type\":\"ListItem\",\"position\":1,\"name\":\"Home\",\"item\":\"https:\\\/\\\/polarisnexuslcc.com\\\/\"},{\"@type\":\"ListItem\",\"position\":2,\"name\":\"Who We Are\"}]},{\"@type\":\"WebSite\",\"@id\":\"https:\\\/\\\/polarisnexuslcc.com\\\/#website\",\"url\":\"https:\\\/\\\/polarisnexuslcc.com\\\/\",\"name\":\"Polaris Nexus LCC\",\"description\":\"\",\"publisher\":{\"@id\":\"https:\\\/\\\/polarisnexuslcc.com\\\/#organization\"},\"potentialAction\":[{\"@type\":\"SearchAction\",\"target\":{\"@type\":\"EntryPoint\",\"urlTemplate\":\"https:\\\/\\\/polarisnexuslcc.com\\\/?s={search_term_string}\"},\"query-input\":{\"@type\":\"PropertyValueSpecification\",\"valueRequired\":true,\"valueName\":\"search_term_string\"}}],\"inLanguage\":\"fr-FR\"},{\"@type\":\"Organization\",\"@id\":\"https:\\\/\\\/polarisnexuslcc.com\\\/#organization\",\"name\":\"Polaris Nexus LCC\",\"url\":\"https:\\\/\\\/polarisnexuslcc.com\\\/\",\"logo\":{\"@type\":\"ImageObject\",\"inLanguage\":\"fr-FR\",\"@id\":\"https:\\\/\\\/polarisnexuslcc.com\\\/#\\\/schema\\\/logo\\\/image\\\/\",\"url\":\"https:\\\/\\\/polarisnexuslcc.com\\\/wp-content\\\/uploads\\\/2025\\\/08\\\/cropped-ChatGPT_Image_3_ago_2025__09_23_48-removebg-preview-1.png\",\"contentUrl\":\"https:\\\/\\\/polarisnexuslcc.com\\\/wp-content\\\/uploads\\\/2025\\\/08\\\/cropped-ChatGPT_Image_3_ago_2025__09_23_48-removebg-preview-1.png\",\"width\":500,\"height\":205,\"caption\":\"Polaris Nexus LCC\"},\"image\":{\"@id\":\"https:\\\/\\\/polarisnexuslcc.com\\\/#\\\/schema\\\/logo\\\/image\\\/\"},\"sameAs\":[\"https:\\\/\\\/x.com\\\/polarisnexuslcc\"]}]}<\/script>\n<!-- \/ Yoast SEO plugin. -->","yoast_head_json":{"title":"Qui sommes-nous ? - Polaris Nexus","robots":{"index":"index","follow":"follow","max-snippet":"max-snippet:-1","max-image-preview":"max-image-preview:large","max-video-preview":"max-video-preview:-1"},"canonical":"https:\/\/polarisnexuslcc.com\/fr\/about-us\/","og_locale":"fr_FR","og_type":"article","og_title":"Who We Are - Polaris Nexus","og_description":"Polaris Nexus LLC is a digital-first company built to help businesses of any size and industry expand beyond borders. With a distributed operational base, we specialize in creating scalable digital assets and strategies that empower brands to enter new markets with cultural precision, strong technology, and lean operations. Unlike traditional tech startups that chase rapid, ... Lire la suite","og_url":"https:\/\/polarisnexuslcc.com\/fr\/about-us\/","og_site_name":"Polaris Nexus","article_modified_time":"2025-08-16T09:58:31+00:00","twitter_card":"summary_large_image","twitter_site":"@polarisnexuslcc","twitter_misc":{"Dur\u00e9e de lecture estim\u00e9e":"1 minute"},"schema":{"@context":"https:\/\/schema.org","@graph":[{"@type":"WebPage","@id":"https:\/\/polarisnexuslcc.com\/about-us\/","url":"https:\/\/polarisnexuslcc.com\/about-us\/","name":"Qui sommes-nous ? - Polaris Nexus","isPartOf":{"@id":"https:\/\/polarisnexuslcc.com\/#website"},"datePublished":"2022-05-10T19:33:06+00:00","dateModified":"2025-08-16T09:58:31+00:00","breadcrumb":{"@id":"https:\/\/polarisnexuslcc.com\/about-us\/#breadcrumb"},"inLanguage":"fr-FR","potentialAction":[{"@type":"ReadAction","target":["https:\/\/polarisnexuslcc.com\/about-us\/"]}]},{"@type":"BreadcrumbList","@id":"https:\/\/polarisnexuslcc.com\/about-us\/#breadcrumb","itemListElement":[{"@type":"ListItem","position":1,"name":"Home","item":"https:\/\/polarisnexuslcc.com\/"},{"@type":"ListItem","position":2,"name":"Who We Are"}]},{"@type":"WebSite","@id":"https:\/\/polarisnexuslcc.com\/#website","url":"https:\/\/polarisnexuslcc.com\/","name":"Polaris Nexus LCC","description":"","publisher":{"@id":"https:\/\/polarisnexuslcc.com\/#organization"},"potentialAction":[{"@type":"SearchAction","target":{"@type":"EntryPoint","urlTemplate":"https:\/\/polarisnexuslcc.com\/?s={search_term_string}"},"query-input":{"@type":"PropertyValueSpecification","valueRequired":true,"valueName":"search_term_string"}}],"inLanguage":"fr-FR"},{"@type":"Organization","@id":"https:\/\/polarisnexuslcc.com\/#organization","name":"Polaris Nexus LCC","url":"https:\/\/polarisnexuslcc.com\/","logo":{"@type":"ImageObject","inLanguage":"fr-FR","@id":"https:\/\/polarisnexuslcc.com\/#\/schema\/logo\/image\/","url":"https:\/\/polarisnexuslcc.com\/wp-content\/uploads\/2025\/08\/cropped-ChatGPT_Image_3_ago_2025__09_23_48-removebg-preview-1.png","contentUrl":"https:\/\/polarisnexuslcc.com\/wp-content\/uploads\/2025\/08\/cropped-ChatGPT_Image_3_ago_2025__09_23_48-removebg-preview-1.png","width":500,"height":205,"caption":"Polaris Nexus LCC"},"image":{"@id":"https:\/\/polarisnexuslcc.com\/#\/schema\/logo\/image\/"},"sameAs":["https:\/\/x.com\/polarisnexuslcc"]}]}},"_links":{"self":[{"href":"https:\/\/polarisnexuslcc.com\/fr\/wp-json\/wp\/v2\/pages\/78","targetHints":{"allow":["GET"]}}],"collection":[{"href":"https:\/\/polarisnexuslcc.com\/fr\/wp-json\/wp\/v2\/pages"}],"about":[{"href":"https:\/\/polarisnexuslcc.com\/fr\/wp-json\/wp\/v2\/types\/page"}],"author":[{"embeddable":true,"href":"https:\/\/polarisnexuslcc.com\/fr\/wp-json\/wp\/v2\/users\/1"}],"replies":[{"embeddable":true,"href":"https:\/\/polarisnexuslcc.com\/fr\/wp-json\/wp\/v2\/comments?post=78"}],"version-history":[{"count":0,"href":"https:\/\/polarisnexuslcc.com\/fr\/wp-json\/wp\/v2\/pages\/78\/revisions"}],"wp:attachment":[{"href":"https:\/\/polarisnexuslcc.com\/fr\/wp-json\/wp\/v2\/media?parent=78"}],"curies":[{"name":"wp","href":"https:\/\/api.w.org\/{rel}","templated":true}]}}