{"id":80,"date":"2022-05-10T20:33:20","date_gmt":"2022-05-10T19:33:20","guid":{"rendered":"https:\/\/gp-inbound.wordifysites.com\/?page_id=80"},"modified":"2022-05-10T20:33:20","modified_gmt":"2022-05-10T19:33:20","slug":"blog","status":"publish","type":"page","link":"https:\/\/polarisnexuslcc.com\/fr\/blog\/","title":{"rendered":"Blog"},"content":{"rendered":"<div class=\"gb-grid-wrapper gb-grid-wrapper-07af4c16 gb-query-loop-wrapper\">\n<div class=\"gb-grid-column gb-grid-column-2e3a1acf gb-query-loop-item post-20538 post type-post status-publish format-standard has-post-thumbnail hentry category-business category-localization\"><article class=\"gb-container gb-container-2e3a1acf\"><div class=\"gb-inside-container\">\n<figure class=\"gb-block-image gb-block-image-06177060\"><a href=\"https:\/\/polarisnexuslcc.com\/fr\/vat-in-the-european-union-the-oss-system-explained\/\"><img decoding=\"async\" width=\"300\" height=\"164\" src=\"https:\/\/polarisnexuslcc.com\/wp-content\/uploads\/2026\/04\/imagen-2-3-300x164.avif\" class=\"gb-image-06177060\" alt=\"Digital payment gateway interface showing multiple EU country flags and currency symbols, cross-bord\" srcset=\"https:\/\/polarisnexuslcc.com\/wp-content\/uploads\/2026\/04\/imagen-2-3-300x164.avif 300w, https:\/\/polarisnexuslcc.com\/wp-content\/uploads\/2026\/04\/imagen-2-3-1024x559.avif 1024w, https:\/\/polarisnexuslcc.com\/wp-content\/uploads\/2026\/04\/imagen-2-3-768x419.avif 768w, https:\/\/polarisnexuslcc.com\/wp-content\/uploads\/2026\/04\/imagen-2-3-18x10.avif 18w, https:\/\/polarisnexuslcc.com\/wp-content\/uploads\/2026\/04\/imagen-2-3.avif 1408w\" sizes=\"(max-width: 300px) 100vw, 300px\" \/><\/a><\/figure>\n\n<h2 class=\"gb-headline gb-headline-d979bae1 gb-headline-text\"><a href=\"https:\/\/polarisnexuslcc.com\/fr\/vat-in-the-european-union-the-oss-system-explained\/\">VAT in the European Union: The OSS System Explained<\/a><\/h2>\n\n<div class=\"gb-headline gb-headline-5c371095 gb-headline-text\">According to the European Commission, over 65% of digital businesses selling across EU borders struggle with VAT compliance in their first two years of operation. &#8230;<\/div>\n\n<p class=\"gb-headline gb-headline-427f6f6b gb-headline-text\"><span class=\"post-term-item term-business\"><a href=\"https:\/\/polarisnexuslcc.com\/fr\/category\/business\/\">Entreprises<\/a><\/span>, <span class=\"post-term-item term-localization\"><a href=\"https:\/\/polarisnexuslcc.com\/fr\/category\/localization\/\">Localisation<\/a><\/span><\/p>\n<\/div><\/article><\/div>\n\n<div class=\"gb-grid-column gb-grid-column-2e3a1acf gb-query-loop-item post-20390 post type-post status-publish format-standard has-post-thumbnail hentry category-digital-strategy category-productivity category-social-media\"><article class=\"gb-container gb-container-2e3a1acf\"><div class=\"gb-inside-container\">\n<figure class=\"gb-block-image gb-block-image-06177060\"><a href=\"https:\/\/polarisnexuslcc.com\/fr\/colors-symbols-and-taboos-visual-design-for-global-markets\/\"><img decoding=\"async\" width=\"225\" height=\"300\" src=\"https:\/\/polarisnexuslcc.com\/wp-content\/uploads\/2026\/01\/imagen-1-13-225x300.avif\" class=\"gb-image-06177060\" alt=\"diverse international business team reviewing color palettes and design mockups on large monitors in\" srcset=\"https:\/\/polarisnexuslcc.com\/wp-content\/uploads\/2026\/01\/imagen-1-13-225x300.avif 225w, https:\/\/polarisnexuslcc.com\/wp-content\/uploads\/2026\/01\/imagen-1-13-9x12.avif 9w, https:\/\/polarisnexuslcc.com\/wp-content\/uploads\/2026\/01\/imagen-1-13.avif 720w\" sizes=\"(max-width: 225px) 100vw, 225px\" \/><\/a><\/figure>\n\n<h2 class=\"gb-headline gb-headline-d979bae1 gb-headline-text\"><a href=\"https:\/\/polarisnexuslcc.com\/fr\/colors-symbols-and-taboos-visual-design-for-global-markets\/\">Couleurs, symboles et tabous : la conception visuelle pour les march\u00e9s mondiaux<\/a><\/h2>\n\n<div class=\"gb-headline gb-headline-5c371095 gb-headline-text\">Selon des recherches men\u00e9es par la NeuroMarketing Science &amp; Business Association, les choix de couleurs influencent jusqu'\u00e0 85% des d\u00e9cisions d'achat, mais ce qui fonctionne \u00e0 New York\u2026<\/div>\n\n<p class=\"gb-headline gb-headline-427f6f6b gb-headline-text\"><span class=\"post-term-item term-digital-strategy\"><a href=\"https:\/\/polarisnexuslcc.com\/fr\/category\/digital-strategy\/\">Strat\u00e9gie num\u00e9rique<\/a><\/span>, <span class=\"post-term-item term-productivity\"><a href=\"https:\/\/polarisnexuslcc.com\/fr\/category\/productivity\/\">Productivit\u00e9<\/a><\/span>, <span class=\"post-term-item term-social-media\"><a href=\"https:\/\/polarisnexuslcc.com\/fr\/category\/social-media\/\">M\u00e9dias sociaux<\/a><\/span><\/p>\n<\/div><\/article><\/div>\n\n<div class=\"gb-grid-column gb-grid-column-2e3a1acf gb-query-loop-item post-20472 post type-post status-publish format-standard has-post-thumbnail hentry category-digital-strategy category-entrepreneurship category-uncategorized\"><article class=\"gb-container gb-container-2e3a1acf\"><div class=\"gb-inside-container\">\n<figure class=\"gb-block-image gb-block-image-06177060\"><a href=\"https:\/\/polarisnexuslcc.com\/fr\/global-online-academies-from-info-product-to-international-school\/\"><img decoding=\"async\" width=\"300\" height=\"164\" src=\"https:\/\/polarisnexuslcc.com\/wp-content\/uploads\/2026\/02\/imagen-1-6-300x164.avif\" class=\"gb-image-06177060\" alt=\"Global online learning platform interface showing multiple languages and currency options, modern da\" srcset=\"https:\/\/polarisnexuslcc.com\/wp-content\/uploads\/2026\/02\/imagen-1-6-300x164.avif 300w, https:\/\/polarisnexuslcc.com\/wp-content\/uploads\/2026\/02\/imagen-1-6-1024x559.avif 1024w, https:\/\/polarisnexuslcc.com\/wp-content\/uploads\/2026\/02\/imagen-1-6-768x419.avif 768w, https:\/\/polarisnexuslcc.com\/wp-content\/uploads\/2026\/02\/imagen-1-6-18x10.avif 18w, https:\/\/polarisnexuslcc.com\/wp-content\/uploads\/2026\/02\/imagen-1-6.avif 1408w\" sizes=\"(max-width: 300px) 100vw, 300px\" \/><\/a><\/figure>\n\n<h2 class=\"gb-headline gb-headline-d979bae1 gb-headline-text\"><a href=\"https:\/\/polarisnexuslcc.com\/fr\/global-online-academies-from-info-product-to-international-school\/\">Global Online Academies : De produit d'information \u00e0 \u00e9cole internationale<\/a><\/h2>\n\n<div class=\"gb-headline gb-headline-5c371095 gb-headline-text\">Selon Statista, le march\u00e9 mondial de l'\u00e9ducation en ligne devrait atteindre $166,60 milliards d'ici 2025, avec un revenu moyen par utilisateur en croissance constante dans toutes les r\u00e9gions. \u2026<\/div>\n\n<p class=\"gb-headline gb-headline-427f6f6b gb-headline-text\"><span class=\"post-term-item term-digital-strategy\"><a href=\"https:\/\/polarisnexuslcc.com\/fr\/category\/digital-strategy\/\">Strat\u00e9gie num\u00e9rique<\/a><\/span>, <span class=\"post-term-item term-entrepreneurship\"><a href=\"https:\/\/polarisnexuslcc.com\/fr\/category\/entrepreneurship\/\">L'esprit d'entreprise<\/a><\/span>, <span class=\"post-term-item term-uncategorized\"><a href=\"https:\/\/polarisnexuslcc.com\/fr\/category\/uncategorized\/\">Non class\u00e9<\/a><\/span><\/p>\n<\/div><\/article><\/div>\n\n<div class=\"gb-grid-column gb-grid-column-2e3a1acf gb-query-loop-item post-20358 post type-post status-publish format-standard has-post-thumbnail hentry category-international-seo category-platforms\"><article class=\"gb-container gb-container-2e3a1acf\"><div class=\"gb-inside-container\">\n<figure class=\"gb-block-image gb-block-image-06177060\"><a href=\"https:\/\/polarisnexuslcc.com\/fr\/multilingual-wordpress-wpml-polylang-and-alternatives\/\"><img decoding=\"async\" width=\"225\" height=\"300\" src=\"https:\/\/polarisnexuslcc.com\/wp-content\/uploads\/2026\/01\/imagen-3-9-225x300.avif\" class=\"gb-image-06177060\" alt=\"close-up of hands typing code on laptop with WPML and Polylang plugin settings visible on screen, de\" srcset=\"https:\/\/polarisnexuslcc.com\/wp-content\/uploads\/2026\/01\/imagen-3-9-225x300.avif 225w, https:\/\/polarisnexuslcc.com\/wp-content\/uploads\/2026\/01\/imagen-3-9-9x12.avif 9w, https:\/\/polarisnexuslcc.com\/wp-content\/uploads\/2026\/01\/imagen-3-9.avif 720w\" sizes=\"(max-width: 225px) 100vw, 225px\" \/><\/a><\/figure>\n\n<h2 class=\"gb-headline gb-headline-d979bae1 gb-headline-text\"><a href=\"https:\/\/polarisnexuslcc.com\/fr\/multilingual-wordpress-wpml-polylang-and-alternatives\/\">WordPress multilingue : WPML, Polylang et alternatives<\/a><\/h2>\n\n<div class=\"gb-headline gb-headline-5c371095 gb-headline-text\">Construire un site WordPress multilingue semble simple jusqu'\u00e0 ce que vous rencontriez le premier avertissement de gonflement de la base de donn\u00e9es ou que vous d\u00e9couvriez que vos traductions se sont interrompues du jour au lendemain. Selon W3Techs, WordPress ...<\/div>\n\n<p class=\"gb-headline gb-headline-427f6f6b gb-headline-text\"><span class=\"post-term-item term-international-seo\"><a href=\"https:\/\/polarisnexuslcc.com\/fr\/category\/international-seo\/\">R\u00e9f\u00e9rencement international<\/a><\/span>, <span class=\"post-term-item term-platforms\"><a href=\"https:\/\/polarisnexuslcc.com\/fr\/category\/platforms\/\">Plates-formes<\/a><\/span><\/p>\n<\/div><\/article><\/div>\n\n<div class=\"gb-grid-column gb-grid-column-2e3a1acf gb-query-loop-item post-20378 post type-post status-publish format-standard has-post-thumbnail hentry category-business category-digital-strategy category-international-growth\"><article class=\"gb-container gb-container-2e3a1acf\"><div class=\"gb-inside-container\">\n<figure class=\"gb-block-image gb-block-image-06177060\"><a href=\"https:\/\/polarisnexuslcc.com\/fr\/beauty-and-cosmetics-e-commerce-international-expansion\/\"><img decoding=\"async\" width=\"225\" height=\"300\" src=\"https:\/\/polarisnexuslcc.com\/wp-content\/uploads\/2026\/01\/imagen-4-16-225x300.avif\" class=\"gb-image-06177060\" alt=\"Diverse group of beauty consumers from different ethnicities testing foundation shades, hands compar\" srcset=\"https:\/\/polarisnexuslcc.com\/wp-content\/uploads\/2026\/01\/imagen-4-16-225x300.avif 225w, https:\/\/polarisnexuslcc.com\/wp-content\/uploads\/2026\/01\/imagen-4-16-9x12.avif 9w, https:\/\/polarisnexuslcc.com\/wp-content\/uploads\/2026\/01\/imagen-4-16.avif 720w\" sizes=\"(max-width: 225px) 100vw, 225px\" \/><\/a><\/figure>\n\n<h2 class=\"gb-headline gb-headline-d979bae1 gb-headline-text\"><a href=\"https:\/\/polarisnexuslcc.com\/fr\/beauty-and-cosmetics-e-commerce-international-expansion\/\">Commerce \u00e9lectronique de produits de beaut\u00e9 et de cosm\u00e9tiques : Expansion internationale<\/a><\/h2>\n\n<div class=\"gb-headline gb-headline-5c371095 gb-headline-text\">Selon un rapport de Statista datant de 2024, le march\u00e9 mondial du commerce \u00e9lectronique des produits de beaut\u00e9 et des soins personnels devrait atteindre $120 milliards d'euros d'ici 2025, avec des ...<\/div>\n\n<p class=\"gb-headline gb-headline-427f6f6b gb-headline-text\"><span class=\"post-term-item term-business\"><a href=\"https:\/\/polarisnexuslcc.com\/fr\/category\/business\/\">Entreprises<\/a><\/span>, <span class=\"post-term-item term-digital-strategy\"><a href=\"https:\/\/polarisnexuslcc.com\/fr\/category\/digital-strategy\/\">Strat\u00e9gie num\u00e9rique<\/a><\/span>, <span class=\"post-term-item term-international-growth\"><a href=\"https:\/\/polarisnexuslcc.com\/fr\/category\/international-growth\/\">Croissance internationale<\/a><\/span><\/p>\n<\/div><\/article><\/div>\n\n<div class=\"gb-grid-column gb-grid-column-2e3a1acf gb-query-loop-item post-20369 post type-post status-publish format-standard has-post-thumbnail hentry category-international-growth category-productivity\"><article class=\"gb-container gb-container-2e3a1acf\"><div class=\"gb-inside-container\">\n<figure class=\"gb-block-image gb-block-image-06177060\"><a href=\"https:\/\/polarisnexuslcc.com\/fr\/signs-that-your-business-is-ready-to-go-international\/\"><img decoding=\"async\" width=\"225\" height=\"300\" src=\"https:\/\/polarisnexuslcc.com\/wp-content\/uploads\/2026\/01\/imagen-1-12-225x300.avif\" class=\"gb-image-06177060\" alt=\"Professional business analyst reviewing global website analytics dashboard showing traffic from mult\" srcset=\"https:\/\/polarisnexuslcc.com\/wp-content\/uploads\/2026\/01\/imagen-1-12-225x300.avif 225w, https:\/\/polarisnexuslcc.com\/wp-content\/uploads\/2026\/01\/imagen-1-12-9x12.avif 9w, https:\/\/polarisnexuslcc.com\/wp-content\/uploads\/2026\/01\/imagen-1-12.avif 720w\" sizes=\"(max-width: 225px) 100vw, 225px\" \/><\/a><\/figure>\n\n<h2 class=\"gb-headline gb-headline-d979bae1 gb-headline-text\"><a href=\"https:\/\/polarisnexuslcc.com\/fr\/signs-that-your-business-is-ready-to-go-international\/\">Signes indiquant que votre entreprise est pr\u00eate \u00e0 s'internationaliser<\/a><\/h2>\n\n<div class=\"gb-headline gb-headline-5c371095 gb-headline-text\">La plupart des entreprises attendent trop longtemps avant d'explorer les march\u00e9s internationaux, ou se lancent trop t\u00f4t et br\u00fblent leur tr\u00e9sorerie en commettant des erreurs qui auraient pu \u00eatre \u00e9vit\u00e9es. Selon une \u00e9tude r\u00e9alis\u00e9e par ...<\/div>\n\n<p class=\"gb-headline gb-headline-427f6f6b gb-headline-text\"><span class=\"post-term-item term-international-growth\"><a href=\"https:\/\/polarisnexuslcc.com\/fr\/category\/international-growth\/\">Croissance internationale<\/a><\/span>, <span class=\"post-term-item term-productivity\"><a href=\"https:\/\/polarisnexuslcc.com\/fr\/category\/productivity\/\">Productivit\u00e9<\/a><\/span><\/p>\n<\/div><\/article><\/div>\n\n<div class=\"gb-grid-column gb-grid-column-2e3a1acf gb-query-loop-item post-20351 post type-post status-publish format-standard has-post-thumbnail hentry category-business category-entrepreneurship category-productivity\"><article class=\"gb-container gb-container-2e3a1acf\"><div class=\"gb-inside-container\">\n<figure class=\"gb-block-image gb-block-image-06177060\"><a href=\"https:\/\/polarisnexuslcc.com\/fr\/global-saas-from-day-one-architecture-and-pricing\/\"><img decoding=\"async\" width=\"225\" height=\"300\" src=\"https:\/\/polarisnexuslcc.com\/wp-content\/uploads\/2026\/01\/imagen-4-12-225x300.avif\" class=\"gb-image-06177060\" alt=\"Network performance monitoring dashboard showing global latency metrics and server response times ac\" srcset=\"https:\/\/polarisnexuslcc.com\/wp-content\/uploads\/2026\/01\/imagen-4-12-225x300.avif 225w, https:\/\/polarisnexuslcc.com\/wp-content\/uploads\/2026\/01\/imagen-4-12-9x12.avif 9w, https:\/\/polarisnexuslcc.com\/wp-content\/uploads\/2026\/01\/imagen-4-12.avif 720w\" sizes=\"(max-width: 225px) 100vw, 225px\" \/><\/a><\/figure>\n\n<h2 class=\"gb-headline gb-headline-d979bae1 gb-headline-text\"><a href=\"https:\/\/polarisnexuslcc.com\/fr\/global-saas-from-day-one-architecture-and-pricing\/\">Global SaaS d\u00e8s le premier jour : architecture et tarification<\/a><\/h2>\n\n<div class=\"gb-headline gb-headline-5c371095 gb-headline-text\">Selon une \u00e9tude r\u00e9alis\u00e9e en 2024 par SaaS Capital, 68% des entreprises SaaS qui ont retard\u00e9 les d\u00e9cisions relatives \u00e0 l'architecture internationale ont \u00e9t\u00e9 confront\u00e9es \u00e0 une dette technique importante dans les 18 mois, souvent ...<\/div>\n\n<p class=\"gb-headline gb-headline-427f6f6b gb-headline-text\"><span class=\"post-term-item term-business\"><a href=\"https:\/\/polarisnexuslcc.com\/fr\/category\/business\/\">Entreprises<\/a><\/span>, <span class=\"post-term-item term-entrepreneurship\"><a href=\"https:\/\/polarisnexuslcc.com\/fr\/category\/entrepreneurship\/\">L'esprit d'entreprise<\/a><\/span>, <span class=\"post-term-item term-productivity\"><a href=\"https:\/\/polarisnexuslcc.com\/fr\/category\/productivity\/\">Productivit\u00e9<\/a><\/span><\/p>\n<\/div><\/article><\/div>\n\n<div class=\"gb-grid-column gb-grid-column-2e3a1acf gb-query-loop-item post-20347 post type-post status-publish format-standard has-post-thumbnail hentry category-digital-strategy category-international-growth category-platforms\"><article class=\"gb-container gb-container-2e3a1acf\"><div class=\"gb-inside-container\">\n<figure class=\"gb-block-image gb-block-image-06177060\"><a href=\"https:\/\/polarisnexuslcc.com\/fr\/multilingual-youtube-subtitles-dubbing-or-separate-channels\/\"><img decoding=\"async\" width=\"225\" height=\"300\" src=\"https:\/\/polarisnexuslcc.com\/wp-content\/uploads\/2026\/01\/imagen-1-11-225x300.avif\" class=\"gb-image-06177060\" alt=\"Global content creator working at modern desk with multiple computer screens showing YouTube analyti\" srcset=\"https:\/\/polarisnexuslcc.com\/wp-content\/uploads\/2026\/01\/imagen-1-11-225x300.avif 225w, https:\/\/polarisnexuslcc.com\/wp-content\/uploads\/2026\/01\/imagen-1-11-9x12.avif 9w, https:\/\/polarisnexuslcc.com\/wp-content\/uploads\/2026\/01\/imagen-1-11.avif 720w\" sizes=\"(max-width: 225px) 100vw, 225px\" \/><\/a><\/figure>\n\n<h2 class=\"gb-headline gb-headline-d979bae1 gb-headline-text\"><a href=\"https:\/\/polarisnexuslcc.com\/fr\/multilingual-youtube-subtitles-dubbing-or-separate-channels\/\">YouTube multilingue : Sous-titres, doublage ou canaux s\u00e9par\u00e9s<\/a><\/h2>\n\n<div class=\"gb-headline gb-headline-5c371095 gb-headline-text\">Selon les donn\u00e9es internes de YouTube rapport\u00e9es par Statista, plus de 80% du trafic de YouTube provient de l'ext\u00e9rieur des \u00c9tats-Unis, mais la plupart des cr\u00e9ateurs ...<\/div>\n\n<p class=\"gb-headline gb-headline-427f6f6b gb-headline-text\"><span class=\"post-term-item term-digital-strategy\"><a href=\"https:\/\/polarisnexuslcc.com\/fr\/category\/digital-strategy\/\">Strat\u00e9gie num\u00e9rique<\/a><\/span>, <span class=\"post-term-item term-international-growth\"><a href=\"https:\/\/polarisnexuslcc.com\/fr\/category\/international-growth\/\">Croissance internationale<\/a><\/span>, <span class=\"post-term-item term-platforms\"><a href=\"https:\/\/polarisnexuslcc.com\/fr\/category\/platforms\/\">Plates-formes<\/a><\/span><\/p>\n<\/div><\/article><\/div>\n\n<div class=\"gb-grid-column gb-grid-column-2e3a1acf gb-query-loop-item post-20343 post type-post status-publish format-standard has-post-thumbnail hentry category-digital-strategy category-entrepreneurship category-productivity\"><article class=\"gb-container gb-container-2e3a1acf\"><div class=\"gb-inside-container\">\n<figure class=\"gb-block-image gb-block-image-06177060\"><a href=\"https:\/\/polarisnexuslcc.com\/fr\/dates-numbers-and-currencies-the-details-that-kill-conversions\/\"><img decoding=\"async\" width=\"225\" height=\"300\" src=\"https:\/\/polarisnexuslcc.com\/wp-content\/uploads\/2026\/01\/imagen-1-10-225x300.avif\" class=\"gb-image-06177060\" alt=\"Professional e-commerce checkout page on laptop screen showing date format confusion with European a\" srcset=\"https:\/\/polarisnexuslcc.com\/wp-content\/uploads\/2026\/01\/imagen-1-10-225x300.avif 225w, https:\/\/polarisnexuslcc.com\/wp-content\/uploads\/2026\/01\/imagen-1-10-9x12.avif 9w, https:\/\/polarisnexuslcc.com\/wp-content\/uploads\/2026\/01\/imagen-1-10.avif 720w\" sizes=\"(max-width: 225px) 100vw, 225px\" \/><\/a><\/figure>\n\n<h2 class=\"gb-headline gb-headline-d979bae1 gb-headline-text\"><a href=\"https:\/\/polarisnexuslcc.com\/fr\/dates-numbers-and-currencies-the-details-that-kill-conversions\/\">Dates, chiffres et devises : Les d\u00e9tails qui tuent les conversions<\/a><\/h2>\n\n<div class=\"gb-headline gb-headline-5c371095 gb-headline-text\">Selon l'Institut Baymard, 17% des acheteurs en ligne am\u00e9ricains abandonnent leur panier parce que la proc\u00e9dure de paiement est trop compliqu\u00e9e ou confuse. Ce que la plupart des entreprises ne r\u00e9alisent pas ...<\/div>\n\n<p class=\"gb-headline gb-headline-427f6f6b gb-headline-text\"><span class=\"post-term-item term-digital-strategy\"><a href=\"https:\/\/polarisnexuslcc.com\/fr\/category\/digital-strategy\/\">Strat\u00e9gie num\u00e9rique<\/a><\/span>, <span class=\"post-term-item term-entrepreneurship\"><a href=\"https:\/\/polarisnexuslcc.com\/fr\/category\/entrepreneurship\/\">L'esprit d'entreprise<\/a><\/span>, <span class=\"post-term-item term-productivity\"><a href=\"https:\/\/polarisnexuslcc.com\/fr\/category\/productivity\/\">Productivit\u00e9<\/a><\/span><\/p>\n<\/div><\/article><\/div>\n<\/div>\n\n<div class=\"gb-container gb-container-ca04b990 gb-query-loop-pagination\">\n\n\n<span class=\"gb-button gb-button-f3326592 gb-button-text page-numbers gb-block-is-current\" aria-current=\"page\">1<\/span><a class=\"gb-button gb-button-f3326592 gb-button-text page-numbers\" href=\"?query-7097c1ff-page=2\">2<\/a>\n\n<a class=\"gb-button gb-button-86469464 gb-button-text\" href=\"\/fr\/wp-json\/wp\/v2\/pages\/80?query-7097c1ff-page=2\">Suivant<\/a>\n<\/div>","protected":false},"excerpt":{"rendered":"","protected":false},"author":0,"featured_media":0,"parent":0,"menu_order":0,"comment_status":"closed","ping_status":"closed","template":"","meta":{"footnotes":""},"class_list":["post-80","page","type-page","status-publish"],"yoast_head":"<!-- This site is optimized with the Yoast SEO plugin v27.5 - https:\/\/yoast.com\/product\/yoast-seo-wordpress\/ -->\n<title>Blog - Polaris Nexus<\/title>\n<meta name=\"robots\" content=\"index, follow, max-snippet:-1, max-image-preview:large, max-video-preview:-1\" \/>\n<link rel=\"canonical\" href=\"https:\/\/polarisnexuslcc.com\/fr\/blog\/\" \/>\n<meta property=\"og:locale\" content=\"fr_FR\" \/>\n<meta property=\"og:type\" content=\"article\" \/>\n<meta property=\"og:title\" content=\"Blog - Polaris Nexus\" \/>\n<meta property=\"og:url\" content=\"https:\/\/polarisnexuslcc.com\/fr\/blog\/\" \/>\n<meta property=\"og:site_name\" content=\"Polaris Nexus\" \/>\n<meta name=\"twitter:card\" content=\"summary_large_image\" \/>\n<meta name=\"twitter:site\" content=\"@polarisnexuslcc\" \/>\n<script type=\"application\/ld+json\" class=\"yoast-schema-graph\">{\"@context\":\"https:\\\/\\\/schema.org\",\"@graph\":[{\"@type\":\"WebPage\",\"@id\":\"https:\\\/\\\/polarisnexuslcc.com\\\/blog\\\/\",\"url\":\"https:\\\/\\\/polarisnexuslcc.com\\\/blog\\\/\",\"name\":\"Blog - Polaris Nexus\",\"isPartOf\":{\"@id\":\"https:\\\/\\\/polarisnexuslcc.com\\\/#website\"},\"datePublished\":\"2022-05-10T19:33:20+00:00\",\"breadcrumb\":{\"@id\":\"https:\\\/\\\/polarisnexuslcc.com\\\/blog\\\/#breadcrumb\"},\"inLanguage\":\"fr-FR\",\"potentialAction\":[{\"@type\":\"ReadAction\",\"target\":[\"https:\\\/\\\/polarisnexuslcc.com\\\/blog\\\/\"]}]},{\"@type\":\"BreadcrumbList\",\"@id\":\"https:\\\/\\\/polarisnexuslcc.com\\\/blog\\\/#breadcrumb\",\"itemListElement\":[{\"@type\":\"ListItem\",\"position\":1,\"name\":\"Home\",\"item\":\"https:\\\/\\\/polarisnexuslcc.com\\\/\"},{\"@type\":\"ListItem\",\"position\":2,\"name\":\"Blog\"}]},{\"@type\":\"WebSite\",\"@id\":\"https:\\\/\\\/polarisnexuslcc.com\\\/#website\",\"url\":\"https:\\\/\\\/polarisnexuslcc.com\\\/\",\"name\":\"Polaris Nexus LCC\",\"description\":\"\",\"publisher\":{\"@id\":\"https:\\\/\\\/polarisnexuslcc.com\\\/#organization\"},\"potentialAction\":[{\"@type\":\"SearchAction\",\"target\":{\"@type\":\"EntryPoint\",\"urlTemplate\":\"https:\\\/\\\/polarisnexuslcc.com\\\/?s={search_term_string}\"},\"query-input\":{\"@type\":\"PropertyValueSpecification\",\"valueRequired\":true,\"valueName\":\"search_term_string\"}}],\"inLanguage\":\"fr-FR\"},{\"@type\":\"Organization\",\"@id\":\"https:\\\/\\\/polarisnexuslcc.com\\\/#organization\",\"name\":\"Polaris Nexus LCC\",\"url\":\"https:\\\/\\\/polarisnexuslcc.com\\\/\",\"logo\":{\"@type\":\"ImageObject\",\"inLanguage\":\"fr-FR\",\"@id\":\"https:\\\/\\\/polarisnexuslcc.com\\\/#\\\/schema\\\/logo\\\/image\\\/\",\"url\":\"https:\\\/\\\/polarisnexuslcc.com\\\/wp-content\\\/uploads\\\/2025\\\/08\\\/cropped-ChatGPT_Image_3_ago_2025__09_23_48-removebg-preview-1.png\",\"contentUrl\":\"https:\\\/\\\/polarisnexuslcc.com\\\/wp-content\\\/uploads\\\/2025\\\/08\\\/cropped-ChatGPT_Image_3_ago_2025__09_23_48-removebg-preview-1.png\",\"width\":500,\"height\":205,\"caption\":\"Polaris Nexus LCC\"},\"image\":{\"@id\":\"https:\\\/\\\/polarisnexuslcc.com\\\/#\\\/schema\\\/logo\\\/image\\\/\"},\"sameAs\":[\"https:\\\/\\\/x.com\\\/polarisnexuslcc\"]}]}<\/script>\n<!-- \/ Yoast SEO plugin. -->","yoast_head_json":{"title":"Blog - Polaris Nexus","robots":{"index":"index","follow":"follow","max-snippet":"max-snippet:-1","max-image-preview":"max-image-preview:large","max-video-preview":"max-video-preview:-1"},"canonical":"https:\/\/polarisnexuslcc.com\/fr\/blog\/","og_locale":"fr_FR","og_type":"article","og_title":"Blog - Polaris Nexus","og_url":"https:\/\/polarisnexuslcc.com\/fr\/blog\/","og_site_name":"Polaris Nexus","twitter_card":"summary_large_image","twitter_site":"@polarisnexuslcc","schema":{"@context":"https:\/\/schema.org","@graph":[{"@type":"WebPage","@id":"https:\/\/polarisnexuslcc.com\/blog\/","url":"https:\/\/polarisnexuslcc.com\/blog\/","name":"Blog - Polaris Nexus","isPartOf":{"@id":"https:\/\/polarisnexuslcc.com\/#website"},"datePublished":"2022-05-10T19:33:20+00:00","breadcrumb":{"@id":"https:\/\/polarisnexuslcc.com\/blog\/#breadcrumb"},"inLanguage":"fr-FR","potentialAction":[{"@type":"ReadAction","target":["https:\/\/polarisnexuslcc.com\/blog\/"]}]},{"@type":"BreadcrumbList","@id":"https:\/\/polarisnexuslcc.com\/blog\/#breadcrumb","itemListElement":[{"@type":"ListItem","position":1,"name":"Home","item":"https:\/\/polarisnexuslcc.com\/"},{"@type":"ListItem","position":2,"name":"Blog"}]},{"@type":"WebSite","@id":"https:\/\/polarisnexuslcc.com\/#website","url":"https:\/\/polarisnexuslcc.com\/","name":"Polaris Nexus LCC","description":"","publisher":{"@id":"https:\/\/polarisnexuslcc.com\/#organization"},"potentialAction":[{"@type":"SearchAction","target":{"@type":"EntryPoint","urlTemplate":"https:\/\/polarisnexuslcc.com\/?s={search_term_string}"},"query-input":{"@type":"PropertyValueSpecification","valueRequired":true,"valueName":"search_term_string"}}],"inLanguage":"fr-FR"},{"@type":"Organization","@id":"https:\/\/polarisnexuslcc.com\/#organization","name":"Polaris Nexus LCC","url":"https:\/\/polarisnexuslcc.com\/","logo":{"@type":"ImageObject","inLanguage":"fr-FR","@id":"https:\/\/polarisnexuslcc.com\/#\/schema\/logo\/image\/","url":"https:\/\/polarisnexuslcc.com\/wp-content\/uploads\/2025\/08\/cropped-ChatGPT_Image_3_ago_2025__09_23_48-removebg-preview-1.png","contentUrl":"https:\/\/polarisnexuslcc.com\/wp-content\/uploads\/2025\/08\/cropped-ChatGPT_Image_3_ago_2025__09_23_48-removebg-preview-1.png","width":500,"height":205,"caption":"Polaris Nexus LCC"},"image":{"@id":"https:\/\/polarisnexuslcc.com\/#\/schema\/logo\/image\/"},"sameAs":["https:\/\/x.com\/polarisnexuslcc"]}]}},"_links":{"self":[{"href":"https:\/\/polarisnexuslcc.com\/fr\/wp-json\/wp\/v2\/pages\/80","targetHints":{"allow":["GET"]}}],"collection":[{"href":"https:\/\/polarisnexuslcc.com\/fr\/wp-json\/wp\/v2\/pages"}],"about":[{"href":"https:\/\/polarisnexuslcc.com\/fr\/wp-json\/wp\/v2\/types\/page"}],"replies":[{"embeddable":true,"href":"https:\/\/polarisnexuslcc.com\/fr\/wp-json\/wp\/v2\/comments?post=80"}],"version-history":[{"count":0,"href":"https:\/\/polarisnexuslcc.com\/fr\/wp-json\/wp\/v2\/pages\/80\/revisions"}],"wp:attachment":[{"href":"https:\/\/polarisnexuslcc.com\/fr\/wp-json\/wp\/v2\/media?parent=80"}],"curies":[{"name":"wp","href":"https:\/\/api.w.org\/{rel}","templated":true}]}}