{"id":2,"date":"2025-01-27T10:02:20","date_gmt":"2025-01-27T10:02:20","guid":{"rendered":"https:\/\/polarisnexuslcc.com\/?page_id=2"},"modified":"2025-01-27T10:02:20","modified_gmt":"2025-01-27T10:02:20","slug":"sample-page","status":"publish","type":"page","link":"https:\/\/polarisnexuslcc.com\/is\/sample-page\/","title":{"rendered":"D\u00e6mis\u00ed\u00f0a"},"content":{"rendered":"<p>\u00deetta er d\u00e6mis\u00ed\u00f0a. H\u00fan er fr\u00e1brug\u00f0in bloggf\u00e6rslu \u00fear sem h\u00fan ver\u00f0ur \u00e1 einum sta\u00f0 og birtist \u00ed lei\u00f0s\u00f6gn s\u00ed\u00f0unnar (\u00ed flestum \u00feemum). Flestir byrja \u00e1 Um s\u00ed\u00f0u sem kynnir \u00fe\u00e1 fyrir hugsanlegum gestum s\u00ed\u00f0unnar. H\u00fan g\u00e6ti sagt eitthva\u00f0 \u00e1 \u00feessa lei\u00f0:<\/p>\n\n\n\n<blockquote class=\"wp-block-quote is-layout-flow wp-block-quote-is-layout-flow\"><p>H\u00e6! \u00c9g er sendibo\u00f0i \u00e1 hj\u00f3li \u00e1 daginn, leikari \u00e1 kv\u00f6ldin, og \u00feetta er vefs\u00ed\u00f0an m\u00edn. \u00c9g b\u00fd \u00ed Los Angeles, \u00e1 fr\u00e1b\u00e6ran hund sem heitir Jack, og m\u00e9r finnst pi\u00f1a colada g\u00f3\u00f0. (Og \u00e9g lendi \u00ed rigningunni.)<\/p><\/blockquote>\n\n\n\n<p>...e\u00f0a eitthva\u00f0 \u00e1 \u00feessa lei\u00f0:<\/p>\n\n\n\n<blockquote class=\"wp-block-quote is-layout-flow wp-block-quote-is-layout-flow\"><p>XYZ Doohickey Company var stofna\u00f0 \u00e1ri\u00f0 1971 og hefur s\u00ed\u00f0an \u00fe\u00e1 bo\u00f0i\u00f0 almenningi g\u00e6\u00f0a doohickey. XYZ er sta\u00f0sett \u00ed Gotham City og hefur yfir 2.000 starfsmenn \u00ed vinnu og gerir alls kyns fr\u00e1b\u00e6ra hluti fyrir samf\u00e9lagi\u00f0 \u00ed Gotham.<\/p><\/blockquote>\n\n\n\n<p>Sem n\u00fdr WordPress notandi \u00e6ttir \u00fe\u00fa a\u00f0 fara \u00e1 <a href=\"https:\/\/polarisnexuslcc.com\/wp-admin\/\">m\u00e6labor\u00f0i\u00f0 \u00feitt<\/a> a\u00f0 ey\u00f0a \u00feessari s\u00ed\u00f0u og b\u00faa til n\u00fdjar s\u00ed\u00f0ur fyrir efni\u00f0 \u00feitt. G\u00f3\u00f0a skemmtun!<\/p>","protected":false},"excerpt":{"rendered":"<p>\u00deetta er d\u00e6mis\u00ed\u00f0a. H\u00fan er fr\u00e1brug\u00f0in bloggf\u00e6rslu \u00fear sem h\u00fan ver\u00f0ur \u00e1 einum sta\u00f0 og birtist \u00ed lei\u00f0s\u00f6gn s\u00ed\u00f0unnar (\u00ed flestum \u00feemum). Flestir byrja \u00e1 Um s\u00ed\u00f0u sem kynnir \u00fe\u00e1 fyrir hugsanlegum gestum s\u00ed\u00f0unnar. \u00dear g\u00e6ti veri\u00f0 sagt eitthva\u00f0 \u00e1 \u00feessa lei\u00f0: H\u00e6! \u00c9g er hj\u00f3labo\u00f0beri ... <a title=\"D\u00e6mis\u00ed\u00f0a\" class=\"read-more\" href=\"https:\/\/polarisnexuslcc.com\/is\/sample-page\/\" aria-label=\"Read more about Sample Page\">Lesa meira<\/a><\/p>","protected":false},"author":1,"featured_media":0,"parent":0,"menu_order":0,"comment_status":"closed","ping_status":"closed","template":"","meta":{"footnotes":""},"class_list":["post-2","page","type-page","status-publish"],"yoast_head":"<!-- This site is optimized with the Yoast SEO plugin v27.4 - https:\/\/yoast.com\/product\/yoast-seo-wordpress\/ -->\n<title>Sample Page - Polaris Nexus<\/title>\n<meta name=\"robots\" content=\"index, follow, max-snippet:-1, max-image-preview:large, max-video-preview:-1\" \/>\n<link rel=\"canonical\" href=\"https:\/\/polarisnexuslcc.com\/is\/sample-page\/\" \/>\n<meta property=\"og:locale\" content=\"is_IS\" \/>\n<meta property=\"og:type\" content=\"article\" \/>\n<meta property=\"og:title\" content=\"Sample Page - Polaris Nexus\" \/>\n<meta property=\"og:description\" content=\"This is an example page. It&#8217;s different from a blog post because it will stay in one place and will show up in your site navigation (in most themes). Most people start with an About page that introduces them to potential site visitors. It might say something like this: Hi there! I&#8217;m a bike messenger ... Read more\" \/>\n<meta property=\"og:url\" content=\"https:\/\/polarisnexuslcc.com\/is\/sample-page\/\" \/>\n<meta property=\"og:site_name\" content=\"Polaris Nexus\" \/>\n<meta name=\"twitter:card\" content=\"summary_large_image\" \/>\n<meta name=\"twitter:site\" content=\"@polarisnexuslcc\" \/>\n<meta name=\"twitter:label1\" content=\"Est. reading time\" \/>\n\t<meta name=\"twitter:data1\" content=\"1 minute\" \/>\n<script type=\"application\/ld+json\" class=\"yoast-schema-graph\">{\"@context\":\"https:\\\/\\\/schema.org\",\"@graph\":[{\"@type\":\"WebPage\",\"@id\":\"https:\\\/\\\/polarisnexuslcc.com\\\/sample-page\\\/\",\"url\":\"https:\\\/\\\/polarisnexuslcc.com\\\/sample-page\\\/\",\"name\":\"Sample Page - Polaris Nexus\",\"isPartOf\":{\"@id\":\"https:\\\/\\\/polarisnexuslcc.com\\\/#website\"},\"datePublished\":\"2025-01-27T10:02:20+00:00\",\"breadcrumb\":{\"@id\":\"https:\\\/\\\/polarisnexuslcc.com\\\/sample-page\\\/#breadcrumb\"},\"inLanguage\":\"is\",\"potentialAction\":[{\"@type\":\"ReadAction\",\"target\":[\"https:\\\/\\\/polarisnexuslcc.com\\\/sample-page\\\/\"]}]},{\"@type\":\"BreadcrumbList\",\"@id\":\"https:\\\/\\\/polarisnexuslcc.com\\\/sample-page\\\/#breadcrumb\",\"itemListElement\":[{\"@type\":\"ListItem\",\"position\":1,\"name\":\"Home\",\"item\":\"https:\\\/\\\/polarisnexuslcc.com\\\/\"},{\"@type\":\"ListItem\",\"position\":2,\"name\":\"Sample Page\"}]},{\"@type\":\"WebSite\",\"@id\":\"https:\\\/\\\/polarisnexuslcc.com\\\/#website\",\"url\":\"https:\\\/\\\/polarisnexuslcc.com\\\/\",\"name\":\"Polaris Nexus LCC\",\"description\":\"\",\"publisher\":{\"@id\":\"https:\\\/\\\/polarisnexuslcc.com\\\/#organization\"},\"potentialAction\":[{\"@type\":\"SearchAction\",\"target\":{\"@type\":\"EntryPoint\",\"urlTemplate\":\"https:\\\/\\\/polarisnexuslcc.com\\\/?s={search_term_string}\"},\"query-input\":{\"@type\":\"PropertyValueSpecification\",\"valueRequired\":true,\"valueName\":\"search_term_string\"}}],\"inLanguage\":\"is\"},{\"@type\":\"Organization\",\"@id\":\"https:\\\/\\\/polarisnexuslcc.com\\\/#organization\",\"name\":\"Polaris Nexus LCC\",\"url\":\"https:\\\/\\\/polarisnexuslcc.com\\\/\",\"logo\":{\"@type\":\"ImageObject\",\"inLanguage\":\"is\",\"@id\":\"https:\\\/\\\/polarisnexuslcc.com\\\/#\\\/schema\\\/logo\\\/image\\\/\",\"url\":\"https:\\\/\\\/polarisnexuslcc.com\\\/wp-content\\\/uploads\\\/2025\\\/08\\\/cropped-ChatGPT_Image_3_ago_2025__09_23_48-removebg-preview-1.png\",\"contentUrl\":\"https:\\\/\\\/polarisnexuslcc.com\\\/wp-content\\\/uploads\\\/2025\\\/08\\\/cropped-ChatGPT_Image_3_ago_2025__09_23_48-removebg-preview-1.png\",\"width\":500,\"height\":205,\"caption\":\"Polaris Nexus LCC\"},\"image\":{\"@id\":\"https:\\\/\\\/polarisnexuslcc.com\\\/#\\\/schema\\\/logo\\\/image\\\/\"},\"sameAs\":[\"https:\\\/\\\/x.com\\\/polarisnexuslcc\"]}]}<\/script>\n<!-- \/ Yoast SEO plugin. -->","yoast_head_json":{"title":"Sample Page - Polaris Nexus","robots":{"index":"index","follow":"follow","max-snippet":"max-snippet:-1","max-image-preview":"max-image-preview:large","max-video-preview":"max-video-preview:-1"},"canonical":"https:\/\/polarisnexuslcc.com\/is\/sample-page\/","og_locale":"is_IS","og_type":"article","og_title":"Sample Page - Polaris Nexus","og_description":"This is an example page. It&#8217;s different from a blog post because it will stay in one place and will show up in your site navigation (in most themes). Most people start with an About page that introduces them to potential site visitors. It might say something like this: Hi there! I&#8217;m a bike messenger ... Read more","og_url":"https:\/\/polarisnexuslcc.com\/is\/sample-page\/","og_site_name":"Polaris Nexus","twitter_card":"summary_large_image","twitter_site":"@polarisnexuslcc","twitter_misc":{"Est. reading time":"1 minute"},"schema":{"@context":"https:\/\/schema.org","@graph":[{"@type":"WebPage","@id":"https:\/\/polarisnexuslcc.com\/sample-page\/","url":"https:\/\/polarisnexuslcc.com\/sample-page\/","name":"Sample Page - Polaris Nexus","isPartOf":{"@id":"https:\/\/polarisnexuslcc.com\/#website"},"datePublished":"2025-01-27T10:02:20+00:00","breadcrumb":{"@id":"https:\/\/polarisnexuslcc.com\/sample-page\/#breadcrumb"},"inLanguage":"is","potentialAction":[{"@type":"ReadAction","target":["https:\/\/polarisnexuslcc.com\/sample-page\/"]}]},{"@type":"BreadcrumbList","@id":"https:\/\/polarisnexuslcc.com\/sample-page\/#breadcrumb","itemListElement":[{"@type":"ListItem","position":1,"name":"Home","item":"https:\/\/polarisnexuslcc.com\/"},{"@type":"ListItem","position":2,"name":"Sample Page"}]},{"@type":"WebSite","@id":"https:\/\/polarisnexuslcc.com\/#website","url":"https:\/\/polarisnexuslcc.com\/","name":"Polaris Nexus LCC","description":"","publisher":{"@id":"https:\/\/polarisnexuslcc.com\/#organization"},"potentialAction":[{"@type":"SearchAction","target":{"@type":"EntryPoint","urlTemplate":"https:\/\/polarisnexuslcc.com\/?s={search_term_string}"},"query-input":{"@type":"PropertyValueSpecification","valueRequired":true,"valueName":"search_term_string"}}],"inLanguage":"is"},{"@type":"Organization","@id":"https:\/\/polarisnexuslcc.com\/#organization","name":"Polaris Nexus LCC","url":"https:\/\/polarisnexuslcc.com\/","logo":{"@type":"ImageObject","inLanguage":"is","@id":"https:\/\/polarisnexuslcc.com\/#\/schema\/logo\/image\/","url":"https:\/\/polarisnexuslcc.com\/wp-content\/uploads\/2025\/08\/cropped-ChatGPT_Image_3_ago_2025__09_23_48-removebg-preview-1.png","contentUrl":"https:\/\/polarisnexuslcc.com\/wp-content\/uploads\/2025\/08\/cropped-ChatGPT_Image_3_ago_2025__09_23_48-removebg-preview-1.png","width":500,"height":205,"caption":"Polaris Nexus LCC"},"image":{"@id":"https:\/\/polarisnexuslcc.com\/#\/schema\/logo\/image\/"},"sameAs":["https:\/\/x.com\/polarisnexuslcc"]}]}},"_links":{"self":[{"href":"https:\/\/polarisnexuslcc.com\/is\/wp-json\/wp\/v2\/pages\/2","targetHints":{"allow":["GET"]}}],"collection":[{"href":"https:\/\/polarisnexuslcc.com\/is\/wp-json\/wp\/v2\/pages"}],"about":[{"href":"https:\/\/polarisnexuslcc.com\/is\/wp-json\/wp\/v2\/types\/page"}],"author":[{"embeddable":true,"href":"https:\/\/polarisnexuslcc.com\/is\/wp-json\/wp\/v2\/users\/1"}],"replies":[{"embeddable":true,"href":"https:\/\/polarisnexuslcc.com\/is\/wp-json\/wp\/v2\/comments?post=2"}],"version-history":[{"count":0,"href":"https:\/\/polarisnexuslcc.com\/is\/wp-json\/wp\/v2\/pages\/2\/revisions"}],"wp:attachment":[{"href":"https:\/\/polarisnexuslcc.com\/is\/wp-json\/wp\/v2\/media?parent=2"}],"curies":[{"name":"wp","href":"https:\/\/api.w.org\/{rel}","templated":true}]}}