{"id":20227,"date":"2025-09-05T10:19:06","date_gmt":"2025-09-05T10:19:06","guid":{"rendered":"https:\/\/polarisnexuslcc.com\/?page_id=20227"},"modified":"2025-09-05T10:19:07","modified_gmt":"2025-09-05T10:19:07","slug":"capital","status":"publish","type":"page","link":"https:\/\/polarisnexuslcc.com\/is\/capital\/","title":{"rendered":"H\u00f6fu\u00f0borg"},"content":{"rendered":"<p>\u00c1 <strong>Polaris Nexus<\/strong>, vi\u00f0 f\u00e6ddumst sem fyrirt\u00e6ki sem einbeitti s\u00e9r a\u00f0 netverslun. DNA okkar liggur \u00ed stafr\u00e6nni n\u00fdsk\u00f6pun, sveigjanleika og sj\u00e1lfb\u00e6rum vexti. En vi\u00f0 teljum a\u00f0 fyrirt\u00e6ki framt\u00ed\u00f0arinnar byggi ekki bara verkefni \u00e1 netinu - \u00fea\u00f0 ver\u00f0ur l\u00edka a\u00f0 vita hvernig \u00e1 a\u00f0 stj\u00f3rna og margfalda fj\u00e1rmagn sitt me\u00f0 al\u00fej\u00f3\u00f0legri framt\u00ed\u00f0ars\u00fdn.<\/p>\n\n\n\n<p>Svona er \u00fea\u00f0 <strong>Polaris Nexus Capital<\/strong> var stofna\u00f0, fj\u00e1rfestingardeild okkar. Vi\u00f0 stj\u00f3rnum fj\u00f6lbreyttu eignasafni me\u00f0 endurtekinni og aga\u00f0ri n\u00e1lgun.<\/p>\n\n\n\n<h2 class=\"wp-block-heading\">Fj\u00e1rfestingars\u00fdn okkar<\/h2>\n\n\n\n<p>Hj\u00e1 Polaris Nexus Capital notum vi\u00f0 s\u00f6mu hugmyndafr\u00e6\u00f0i og kn\u00fdr stafr\u00e6n verkefni okkar \u00e1fram:<\/p>\n\n\n\n<ul class=\"wp-block-list\">\n<li><strong>Vaxtarhugsun<\/strong> \u2192 Vi\u00f0 leitum a\u00f0 t\u00e6kif\u00e6rum sem skila langt\u00edmavir\u00f0i.<\/li>\n\n\n\n<li><strong>Snjall fj\u00f6lbreytni<\/strong> \u2192 vi\u00f0 skiljum a\u00f0 framt\u00ed\u00f0in liggur ekki \u00ed einni braut, heldur \u00ed m\u00f6rgum vel jafnv\u00e6g\u00f0um sj\u00f3ndeildarhringjum.<\/li>\n\n\n\n<li><strong>St\u00f6\u00f0ug n\u00fdsk\u00f6pun<\/strong> \u2192 Vi\u00f0 n\u00fdtum okkur greiningar, t\u00e6kni og stefnum\u00f3tun til a\u00f0 vera skrefi \u00e1 undan.<\/li>\n<\/ul>\n\n\n\n<h2 class=\"wp-block-heading\">Af hverju vi\u00f0 gerum \u00fea\u00f0<\/h2>\n\n\n\n<p>Vegna \u00feess a\u00f0 vi\u00f0 teljum a\u00f0 velgengni sprotafyrirt\u00e6kis s\u00e9 ekki a\u00f0eins h\u00e1\u00f0 \u00fev\u00ed sem \u00fea\u00f0 skapar, heldur einnig \u00fev\u00ed hvernig \u00fea\u00f0 st\u00fdrir orku sinni, h\u00e6fileikum og fj\u00e1rmagni. Fyrir okkur er fj\u00e1rfesting hluti af st\u00e6rra vistkerfi: a\u00f0 styrkja fj\u00e1rhagslegan grunn okkar til a\u00f0 halda \u00e1fram a\u00f0 kn\u00fdja \u00e1fram stafr\u00e6n verkefni, skapa \u00e1hrif og vera tilb\u00fain fyrir n\u00fd t\u00e6kif\u00e6ri.<\/p>\n\n\n\n<h2 class=\"wp-block-heading\">Horft fram \u00e1 veginn<\/h2>\n\n\n\n<p>Me\u00f0 <strong>Polaris Nexus Capital<\/strong>, vi\u00f0 t\u00f6kum enn eitt skrefi\u00f0 \u00ed \u00e1tt a\u00f0 \u00fev\u00ed a\u00f0 styrkja Polaris Nexus sem h\u00f3p sem ekki a\u00f0eins byggir upp netfyrirt\u00e6ki, heldur fj\u00e1rfestir einnig me\u00f0 framt\u00ed\u00f0ars\u00fdn, stefnum\u00f3tun og skuldbindingu til framt\u00ed\u00f0ar.<\/p>","protected":false},"excerpt":{"rendered":"<p>Hj\u00e1 Polaris Nexus f\u00e6ddumst vi\u00f0 sem fyrirt\u00e6ki sem einbeitti s\u00e9r a\u00f0 netverslun. DNA okkar liggur \u00ed stafr\u00e6nni n\u00fdsk\u00f6pun, sveigjanleika og sj\u00e1lfb\u00e6rum vexti. En vi\u00f0 teljum a\u00f0 fyrirt\u00e6ki framt\u00ed\u00f0arinnar byggi ekki bara verkefni \u00e1 netinu - \u00fea\u00f0 ver\u00f0ur l\u00edka a\u00f0 vita hvernig \u00e1 a\u00f0 stj\u00f3rna og margfalda fj\u00e1rmagn sitt me\u00f0 al\u00fej\u00f3\u00f0legu ... <a title=\"H\u00f6fu\u00f0borg\" class=\"read-more\" href=\"https:\/\/polarisnexuslcc.com\/is\/capital\/\" aria-label=\"Read more about Capital\">Lesa meira<\/a><\/p>","protected":false},"author":1,"featured_media":0,"parent":0,"menu_order":0,"comment_status":"closed","ping_status":"closed","template":"","meta":{"footnotes":""},"class_list":["post-20227","page","type-page","status-publish"],"yoast_head":"<!-- This site is optimized with the Yoast SEO plugin v27.4 - https:\/\/yoast.com\/product\/yoast-seo-wordpress\/ -->\n<title>Capital - Polaris Nexus<\/title>\n<meta name=\"robots\" content=\"index, follow, max-snippet:-1, max-image-preview:large, max-video-preview:-1\" \/>\n<link rel=\"canonical\" href=\"https:\/\/polarisnexuslcc.com\/is\/capital\/\" \/>\n<meta property=\"og:locale\" content=\"is_IS\" \/>\n<meta property=\"og:type\" content=\"article\" \/>\n<meta property=\"og:title\" content=\"Capital - Polaris Nexus\" \/>\n<meta property=\"og:description\" content=\"At Polaris Nexus, we were born as a company focused on online businesses. Our DNA lies in digital innovation, scalability, and sustainable growth. But we believe that a company of the future doesn\u2019t just build projects on the internet \u2014 it must also know how to manage and multiply its financial resources with a global ... Read more\" \/>\n<meta property=\"og:url\" content=\"https:\/\/polarisnexuslcc.com\/is\/capital\/\" \/>\n<meta property=\"og:site_name\" content=\"Polaris Nexus\" \/>\n<meta property=\"article:modified_time\" content=\"2025-09-05T10:19:07+00:00\" \/>\n<meta name=\"twitter:card\" content=\"summary_large_image\" \/>\n<meta name=\"twitter:site\" content=\"@polarisnexuslcc\" \/>\n<meta name=\"twitter:label1\" content=\"Est. reading time\" \/>\n\t<meta name=\"twitter:data1\" content=\"1 minute\" \/>\n<script type=\"application\/ld+json\" class=\"yoast-schema-graph\">{\"@context\":\"https:\\\/\\\/schema.org\",\"@graph\":[{\"@type\":\"WebPage\",\"@id\":\"https:\\\/\\\/polarisnexuslcc.com\\\/capital\\\/\",\"url\":\"https:\\\/\\\/polarisnexuslcc.com\\\/capital\\\/\",\"name\":\"Capital - Polaris Nexus\",\"isPartOf\":{\"@id\":\"https:\\\/\\\/polarisnexuslcc.com\\\/#website\"},\"datePublished\":\"2025-09-05T10:19:06+00:00\",\"dateModified\":\"2025-09-05T10:19:07+00:00\",\"breadcrumb\":{\"@id\":\"https:\\\/\\\/polarisnexuslcc.com\\\/capital\\\/#breadcrumb\"},\"inLanguage\":\"is\",\"potentialAction\":[{\"@type\":\"ReadAction\",\"target\":[\"https:\\\/\\\/polarisnexuslcc.com\\\/capital\\\/\"]}]},{\"@type\":\"BreadcrumbList\",\"@id\":\"https:\\\/\\\/polarisnexuslcc.com\\\/capital\\\/#breadcrumb\",\"itemListElement\":[{\"@type\":\"ListItem\",\"position\":1,\"name\":\"Home\",\"item\":\"https:\\\/\\\/polarisnexuslcc.com\\\/\"},{\"@type\":\"ListItem\",\"position\":2,\"name\":\"Capital\"}]},{\"@type\":\"WebSite\",\"@id\":\"https:\\\/\\\/polarisnexuslcc.com\\\/#website\",\"url\":\"https:\\\/\\\/polarisnexuslcc.com\\\/\",\"name\":\"Polaris Nexus LCC\",\"description\":\"\",\"publisher\":{\"@id\":\"https:\\\/\\\/polarisnexuslcc.com\\\/#organization\"},\"potentialAction\":[{\"@type\":\"SearchAction\",\"target\":{\"@type\":\"EntryPoint\",\"urlTemplate\":\"https:\\\/\\\/polarisnexuslcc.com\\\/?s={search_term_string}\"},\"query-input\":{\"@type\":\"PropertyValueSpecification\",\"valueRequired\":true,\"valueName\":\"search_term_string\"}}],\"inLanguage\":\"is\"},{\"@type\":\"Organization\",\"@id\":\"https:\\\/\\\/polarisnexuslcc.com\\\/#organization\",\"name\":\"Polaris Nexus LCC\",\"url\":\"https:\\\/\\\/polarisnexuslcc.com\\\/\",\"logo\":{\"@type\":\"ImageObject\",\"inLanguage\":\"is\",\"@id\":\"https:\\\/\\\/polarisnexuslcc.com\\\/#\\\/schema\\\/logo\\\/image\\\/\",\"url\":\"https:\\\/\\\/polarisnexuslcc.com\\\/wp-content\\\/uploads\\\/2025\\\/08\\\/cropped-ChatGPT_Image_3_ago_2025__09_23_48-removebg-preview-1.png\",\"contentUrl\":\"https:\\\/\\\/polarisnexuslcc.com\\\/wp-content\\\/uploads\\\/2025\\\/08\\\/cropped-ChatGPT_Image_3_ago_2025__09_23_48-removebg-preview-1.png\",\"width\":500,\"height\":205,\"caption\":\"Polaris Nexus LCC\"},\"image\":{\"@id\":\"https:\\\/\\\/polarisnexuslcc.com\\\/#\\\/schema\\\/logo\\\/image\\\/\"},\"sameAs\":[\"https:\\\/\\\/x.com\\\/polarisnexuslcc\"]}]}<\/script>\n<!-- \/ Yoast SEO plugin. -->","yoast_head_json":{"title":"Capital - Polaris Nexus","robots":{"index":"index","follow":"follow","max-snippet":"max-snippet:-1","max-image-preview":"max-image-preview:large","max-video-preview":"max-video-preview:-1"},"canonical":"https:\/\/polarisnexuslcc.com\/is\/capital\/","og_locale":"is_IS","og_type":"article","og_title":"Capital - Polaris Nexus","og_description":"At Polaris Nexus, we were born as a company focused on online businesses. Our DNA lies in digital innovation, scalability, and sustainable growth. But we believe that a company of the future doesn\u2019t just build projects on the internet \u2014 it must also know how to manage and multiply its financial resources with a global ... Read more","og_url":"https:\/\/polarisnexuslcc.com\/is\/capital\/","og_site_name":"Polaris Nexus","article_modified_time":"2025-09-05T10:19:07+00:00","twitter_card":"summary_large_image","twitter_site":"@polarisnexuslcc","twitter_misc":{"Est. reading time":"1 minute"},"schema":{"@context":"https:\/\/schema.org","@graph":[{"@type":"WebPage","@id":"https:\/\/polarisnexuslcc.com\/capital\/","url":"https:\/\/polarisnexuslcc.com\/capital\/","name":"Capital - Polaris Nexus","isPartOf":{"@id":"https:\/\/polarisnexuslcc.com\/#website"},"datePublished":"2025-09-05T10:19:06+00:00","dateModified":"2025-09-05T10:19:07+00:00","breadcrumb":{"@id":"https:\/\/polarisnexuslcc.com\/capital\/#breadcrumb"},"inLanguage":"is","potentialAction":[{"@type":"ReadAction","target":["https:\/\/polarisnexuslcc.com\/capital\/"]}]},{"@type":"BreadcrumbList","@id":"https:\/\/polarisnexuslcc.com\/capital\/#breadcrumb","itemListElement":[{"@type":"ListItem","position":1,"name":"Home","item":"https:\/\/polarisnexuslcc.com\/"},{"@type":"ListItem","position":2,"name":"Capital"}]},{"@type":"WebSite","@id":"https:\/\/polarisnexuslcc.com\/#website","url":"https:\/\/polarisnexuslcc.com\/","name":"Polaris Nexus LCC","description":"","publisher":{"@id":"https:\/\/polarisnexuslcc.com\/#organization"},"potentialAction":[{"@type":"SearchAction","target":{"@type":"EntryPoint","urlTemplate":"https:\/\/polarisnexuslcc.com\/?s={search_term_string}"},"query-input":{"@type":"PropertyValueSpecification","valueRequired":true,"valueName":"search_term_string"}}],"inLanguage":"is"},{"@type":"Organization","@id":"https:\/\/polarisnexuslcc.com\/#organization","name":"Polaris Nexus LCC","url":"https:\/\/polarisnexuslcc.com\/","logo":{"@type":"ImageObject","inLanguage":"is","@id":"https:\/\/polarisnexuslcc.com\/#\/schema\/logo\/image\/","url":"https:\/\/polarisnexuslcc.com\/wp-content\/uploads\/2025\/08\/cropped-ChatGPT_Image_3_ago_2025__09_23_48-removebg-preview-1.png","contentUrl":"https:\/\/polarisnexuslcc.com\/wp-content\/uploads\/2025\/08\/cropped-ChatGPT_Image_3_ago_2025__09_23_48-removebg-preview-1.png","width":500,"height":205,"caption":"Polaris Nexus LCC"},"image":{"@id":"https:\/\/polarisnexuslcc.com\/#\/schema\/logo\/image\/"},"sameAs":["https:\/\/x.com\/polarisnexuslcc"]}]}},"_links":{"self":[{"href":"https:\/\/polarisnexuslcc.com\/is\/wp-json\/wp\/v2\/pages\/20227","targetHints":{"allow":["GET"]}}],"collection":[{"href":"https:\/\/polarisnexuslcc.com\/is\/wp-json\/wp\/v2\/pages"}],"about":[{"href":"https:\/\/polarisnexuslcc.com\/is\/wp-json\/wp\/v2\/types\/page"}],"author":[{"embeddable":true,"href":"https:\/\/polarisnexuslcc.com\/is\/wp-json\/wp\/v2\/users\/1"}],"replies":[{"embeddable":true,"href":"https:\/\/polarisnexuslcc.com\/is\/wp-json\/wp\/v2\/comments?post=20227"}],"version-history":[{"count":0,"href":"https:\/\/polarisnexuslcc.com\/is\/wp-json\/wp\/v2\/pages\/20227\/revisions"}],"wp:attachment":[{"href":"https:\/\/polarisnexuslcc.com\/is\/wp-json\/wp\/v2\/media?parent=20227"}],"curies":[{"name":"wp","href":"https:\/\/api.w.org\/{rel}","templated":true}]}}