{"id":78,"date":"2022-05-10T20:33:06","date_gmt":"2022-05-10T19:33:06","guid":{"rendered":"https:\/\/gp-inbound.wordifysites.com\/?page_id=78"},"modified":"2025-08-16T09:58:31","modified_gmt":"2025-08-16T09:58:31","slug":"about-us","status":"publish","type":"page","link":"https:\/\/polarisnexuslcc.com\/is\/about-us\/","title":{"rendered":"Hverjir vi\u00f0 erum"},"content":{"rendered":"<div class=\"wp-block-stackable-columns stk-block-columns stk-block stk-d438973\" data-block-id=\"d438973\"><div class=\"stk-row stk-inner-blocks stk-block-content stk-content-align stk-d438973-column\">\n<div class=\"wp-block-stackable-column stk-block-column stk-column stk-block stk-fd33cf7\" data-v=\"4\" data-block-id=\"fd33cf7\"><style>.stk-fd33cf7-container{margin-top:var(--stk--preset--spacing--70, 3.38rem) !important;margin-right:var(--stk--preset--spacing--70, 3.38rem) !important;margin-bottom:var(--stk--preset--spacing--70, 3.38rem) !important;margin-left:var(--stk--preset--spacing--70, 3.38rem) !important;}<\/style><div class=\"stk-column-wrapper stk-block-column__content stk-container stk-fd33cf7-container stk--no-background stk--no-padding\"><div class=\"stk-block-content stk-inner-blocks stk-fd33cf7-inner-blocks\">\n<p>Polaris Nexus LLC er stafr\u00e6nt fyrirt\u00e6ki sem er hanna\u00f0 til a\u00f0 hj\u00e1lpa fyrirt\u00e6kjum af \u00f6llum st\u00e6r\u00f0um og atvinnugreinum a\u00f0 st\u00e6kka \u00fat fyrir landam\u00e6ri. Me\u00f0 dreif\u00f0um rekstrargrunni s\u00e9rh\u00e6fum vi\u00f0 okkur \u00ed a\u00f0 skapa stigst\u00e6r\u00f0ar stafr\u00e6nar eignir og stefnur sem gera v\u00f6rumerkjum kleift a\u00f0 komast inn \u00e1 n\u00fdja marka\u00f0i me\u00f0 menningarlegri n\u00e1kv\u00e6mni, sterkri t\u00e6kni og hagkv\u00e6mum rekstri.<\/p>\n\n\n\n<p>\u00d3l\u00edkt hef\u00f0bundnum t\u00e6knifyrirt\u00e6kjum sem eltast vi\u00f0 hra\u00f0an og \u00f3vi\u00f0r\u00e1\u00f0anlegan v\u00f6xt, var Polaris Nexus stofna\u00f0 \u00e1 ... <strong>L\u00edtil og ar\u00f0b\u00e6r hugmyndafr\u00e6\u00f0i<\/strong>a\u00f0 byggja upp stafr\u00e6n fyrirt\u00e6ki sem eru al\u00fej\u00f3\u00f0leg, ar\u00f0b\u00e6r og seigur fr\u00e1 upphafi.<\/p>\n\n\n\n<h3 class=\"wp-block-heading\"><strong><span style=\"color: #000000;\" class=\"stk-highlight\">Markmi\u00f0 okkar<\/span><\/strong><\/h3>\n\n\n\n<p>Markmi\u00f0 okkar er einfalt en samt metna\u00f0arfullt:<br><strong>a\u00f0 umbreyta sta\u00f0bundnum stafr\u00e6num fyrirt\u00e6kjum \u00ed al\u00fej\u00f3\u00f0leg v\u00f6rumerki<\/strong> me\u00f0 \u00fev\u00ed a\u00f0 sameina al\u00fej\u00f3\u00f0lega leitarv\u00e9labestun (SEO), menningarlega sta\u00f0f\u00e6ringu, stigst\u00e6r\u00f0a t\u00e6kni og vaxtarstefnur sem virka \u00e1 \u00f6llum m\u00f6rku\u00f0um.<\/p>\n\n\n\n<p>Vi\u00f0 teljum a\u00f0 framt\u00ed\u00f0in s\u00e9 \u00ed h\u00f6ndum fyrirt\u00e6kja sem geta a\u00f0laga\u00f0 sig hratt, virt menningarlegan fj\u00f6lbreytileika og starfa\u00f0 \u00e1 skilvirkan h\u00e1tt. Hlutverk okkar er a\u00f0 \u00fatvega vegv\u00edsi, t\u00e6kni og framkv\u00e6md til a\u00f0 gera \u00fea\u00f0 m\u00f6gulegt.<\/p>\n\n\n\n<h3 class=\"wp-block-heading\"><strong><span style=\"color: #000000;\" class=\"stk-highlight\">Um okkur<\/span><\/strong><\/h3>\n\n\n\n<p>Hj\u00e1 Polaris Nexus gerum vi\u00f0 eftirfarandi:<\/p>\n\n\n\n<ul class=\"wp-block-list\">\n<li>\u00cd samstarfi vi\u00f0 <strong>stafr\u00e6nir frumkv\u00f6\u00f0lar<\/strong> a\u00f0 reyna a\u00f0 st\u00e6kka sta\u00f0festar hugmyndir s\u00ednar.<\/li>\n\n\n\n<li>Hj\u00e1lp <strong>s\u00e9rh\u00e6f\u00f0ir skaparar og kennarar<\/strong> breyta \u00feekkingu \u00ed al\u00fej\u00f3\u00f0leg vi\u00f0skipti.<\/li>\n\n\n\n<li>Stu\u00f0ningur <strong>V\u00f6rumerki \u00e1 vaxtarstigi<\/strong> \u00ed a\u00f0 st\u00e6kka \u00fat \u00e1 n\u00fdja marka\u00f0i me\u00f0 sk\u00fdrleika.<\/li>\n\n\n\n<li>Lei\u00f0arv\u00edsir <strong>hef\u00f0bundin fyrirt\u00e6ki<\/strong> a\u00f0 f\u00e6ra sig \u00e1 neti\u00f0 og fara \u00e1 al\u00fej\u00f3\u00f0avettvang.<\/li>\n<\/ul>\n\n\n\n<p>Vi\u00f0 h\u00f6fum a\u00f0sto\u00f0a\u00f0 vi\u00f0 a\u00f0 koma \u00e1 f\u00f3t kerfum \u00ed yfir <strong>75 l\u00f6nd<\/strong>, sem sty\u00f0ur vi\u00f0 efni og vi\u00f0skipti \u00ed <strong>\u00f6ll helstu tungum\u00e1lin<\/strong>og byggingarkerfi sem eru h\u00f6nnu\u00f0 fyrir <strong>langt\u00edmav\u00f6xtur og ar\u00f0semi<\/strong>.<\/p>\n\n\n\n<p>Hj\u00e1 Polaris Nexus sm\u00ed\u00f0um vi\u00f0 ekki bara stafr\u00e6nar v\u00f6rur. <strong>Vi\u00f0 byggjum upp al\u00fej\u00f3\u00f0leg v\u00f6rumerki.<\/strong><\/p>\n<\/div><\/div><\/div>\n<\/div><\/div>\n\n\n\n<p><\/p>","protected":false},"excerpt":{"rendered":"<p>Polaris Nexus LLC is a digital-first company built to help businesses of any size and industry expand beyond borders. With a distributed operational base, we specialize in creating scalable digital assets and strategies that empower brands to enter new markets with cultural precision, strong technology, and lean operations. Unlike traditional tech startups that chase rapid, &#8230; <a title=\"Hverjir vi\u00f0 erum\" class=\"read-more\" href=\"https:\/\/polarisnexuslcc.com\/is\/about-us\/\" aria-label=\"Read more about Who We Are\">Lesa meira<\/a><\/p>","protected":false},"author":1,"featured_media":0,"parent":0,"menu_order":0,"comment_status":"closed","ping_status":"closed","template":"","meta":{"footnotes":""},"class_list":["post-78","page","type-page","status-publish"],"yoast_head":"<!-- This site is optimized with the Yoast SEO plugin v27.5 - https:\/\/yoast.com\/product\/yoast-seo-wordpress\/ -->\n<title>Who We Are - Polaris Nexus<\/title>\n<meta name=\"robots\" content=\"index, follow, max-snippet:-1, max-image-preview:large, max-video-preview:-1\" \/>\n<link rel=\"canonical\" href=\"https:\/\/polarisnexuslcc.com\/is\/about-us\/\" \/>\n<meta property=\"og:locale\" content=\"is_IS\" \/>\n<meta property=\"og:type\" content=\"article\" \/>\n<meta property=\"og:title\" content=\"Who We Are - Polaris Nexus\" \/>\n<meta property=\"og:description\" content=\"Polaris Nexus LLC is a digital-first company built to help businesses of any size and industry expand beyond borders. With a distributed operational base, we specialize in creating scalable digital assets and strategies that empower brands to enter new markets with cultural precision, strong technology, and lean operations. Unlike traditional tech startups that chase rapid, ... Read more\" \/>\n<meta property=\"og:url\" content=\"https:\/\/polarisnexuslcc.com\/is\/about-us\/\" \/>\n<meta property=\"og:site_name\" content=\"Polaris Nexus\" \/>\n<meta property=\"article:modified_time\" content=\"2025-08-16T09:58:31+00:00\" \/>\n<meta name=\"twitter:card\" content=\"summary_large_image\" \/>\n<meta name=\"twitter:site\" content=\"@polarisnexuslcc\" \/>\n<meta name=\"twitter:label1\" content=\"Est. reading time\" \/>\n\t<meta name=\"twitter:data1\" content=\"1 minute\" \/>\n<script type=\"application\/ld+json\" class=\"yoast-schema-graph\">{\"@context\":\"https:\\\/\\\/schema.org\",\"@graph\":[{\"@type\":\"WebPage\",\"@id\":\"https:\\\/\\\/polarisnexuslcc.com\\\/about-us\\\/\",\"url\":\"https:\\\/\\\/polarisnexuslcc.com\\\/about-us\\\/\",\"name\":\"Who We Are - Polaris Nexus\",\"isPartOf\":{\"@id\":\"https:\\\/\\\/polarisnexuslcc.com\\\/#website\"},\"datePublished\":\"2022-05-10T19:33:06+00:00\",\"dateModified\":\"2025-08-16T09:58:31+00:00\",\"breadcrumb\":{\"@id\":\"https:\\\/\\\/polarisnexuslcc.com\\\/about-us\\\/#breadcrumb\"},\"inLanguage\":\"is\",\"potentialAction\":[{\"@type\":\"ReadAction\",\"target\":[\"https:\\\/\\\/polarisnexuslcc.com\\\/about-us\\\/\"]}]},{\"@type\":\"BreadcrumbList\",\"@id\":\"https:\\\/\\\/polarisnexuslcc.com\\\/about-us\\\/#breadcrumb\",\"itemListElement\":[{\"@type\":\"ListItem\",\"position\":1,\"name\":\"Home\",\"item\":\"https:\\\/\\\/polarisnexuslcc.com\\\/\"},{\"@type\":\"ListItem\",\"position\":2,\"name\":\"Who We Are\"}]},{\"@type\":\"WebSite\",\"@id\":\"https:\\\/\\\/polarisnexuslcc.com\\\/#website\",\"url\":\"https:\\\/\\\/polarisnexuslcc.com\\\/\",\"name\":\"Polaris Nexus LCC\",\"description\":\"\",\"publisher\":{\"@id\":\"https:\\\/\\\/polarisnexuslcc.com\\\/#organization\"},\"potentialAction\":[{\"@type\":\"SearchAction\",\"target\":{\"@type\":\"EntryPoint\",\"urlTemplate\":\"https:\\\/\\\/polarisnexuslcc.com\\\/?s={search_term_string}\"},\"query-input\":{\"@type\":\"PropertyValueSpecification\",\"valueRequired\":true,\"valueName\":\"search_term_string\"}}],\"inLanguage\":\"is\"},{\"@type\":\"Organization\",\"@id\":\"https:\\\/\\\/polarisnexuslcc.com\\\/#organization\",\"name\":\"Polaris Nexus LCC\",\"url\":\"https:\\\/\\\/polarisnexuslcc.com\\\/\",\"logo\":{\"@type\":\"ImageObject\",\"inLanguage\":\"is\",\"@id\":\"https:\\\/\\\/polarisnexuslcc.com\\\/#\\\/schema\\\/logo\\\/image\\\/\",\"url\":\"https:\\\/\\\/polarisnexuslcc.com\\\/wp-content\\\/uploads\\\/2025\\\/08\\\/cropped-ChatGPT_Image_3_ago_2025__09_23_48-removebg-preview-1.png\",\"contentUrl\":\"https:\\\/\\\/polarisnexuslcc.com\\\/wp-content\\\/uploads\\\/2025\\\/08\\\/cropped-ChatGPT_Image_3_ago_2025__09_23_48-removebg-preview-1.png\",\"width\":500,\"height\":205,\"caption\":\"Polaris Nexus LCC\"},\"image\":{\"@id\":\"https:\\\/\\\/polarisnexuslcc.com\\\/#\\\/schema\\\/logo\\\/image\\\/\"},\"sameAs\":[\"https:\\\/\\\/x.com\\\/polarisnexuslcc\"]}]}<\/script>\n<!-- \/ Yoast SEO plugin. -->","yoast_head_json":{"title":"Who We Are - Polaris Nexus","robots":{"index":"index","follow":"follow","max-snippet":"max-snippet:-1","max-image-preview":"max-image-preview:large","max-video-preview":"max-video-preview:-1"},"canonical":"https:\/\/polarisnexuslcc.com\/is\/about-us\/","og_locale":"is_IS","og_type":"article","og_title":"Who We Are - Polaris Nexus","og_description":"Polaris Nexus LLC is a digital-first company built to help businesses of any size and industry expand beyond borders. With a distributed operational base, we specialize in creating scalable digital assets and strategies that empower brands to enter new markets with cultural precision, strong technology, and lean operations. Unlike traditional tech startups that chase rapid, ... Read more","og_url":"https:\/\/polarisnexuslcc.com\/is\/about-us\/","og_site_name":"Polaris Nexus","article_modified_time":"2025-08-16T09:58:31+00:00","twitter_card":"summary_large_image","twitter_site":"@polarisnexuslcc","twitter_misc":{"Est. reading time":"1 minute"},"schema":{"@context":"https:\/\/schema.org","@graph":[{"@type":"WebPage","@id":"https:\/\/polarisnexuslcc.com\/about-us\/","url":"https:\/\/polarisnexuslcc.com\/about-us\/","name":"Who We Are - Polaris Nexus","isPartOf":{"@id":"https:\/\/polarisnexuslcc.com\/#website"},"datePublished":"2022-05-10T19:33:06+00:00","dateModified":"2025-08-16T09:58:31+00:00","breadcrumb":{"@id":"https:\/\/polarisnexuslcc.com\/about-us\/#breadcrumb"},"inLanguage":"is","potentialAction":[{"@type":"ReadAction","target":["https:\/\/polarisnexuslcc.com\/about-us\/"]}]},{"@type":"BreadcrumbList","@id":"https:\/\/polarisnexuslcc.com\/about-us\/#breadcrumb","itemListElement":[{"@type":"ListItem","position":1,"name":"Home","item":"https:\/\/polarisnexuslcc.com\/"},{"@type":"ListItem","position":2,"name":"Who We Are"}]},{"@type":"WebSite","@id":"https:\/\/polarisnexuslcc.com\/#website","url":"https:\/\/polarisnexuslcc.com\/","name":"Polaris Nexus LCC","description":"","publisher":{"@id":"https:\/\/polarisnexuslcc.com\/#organization"},"potentialAction":[{"@type":"SearchAction","target":{"@type":"EntryPoint","urlTemplate":"https:\/\/polarisnexuslcc.com\/?s={search_term_string}"},"query-input":{"@type":"PropertyValueSpecification","valueRequired":true,"valueName":"search_term_string"}}],"inLanguage":"is"},{"@type":"Organization","@id":"https:\/\/polarisnexuslcc.com\/#organization","name":"Polaris Nexus LCC","url":"https:\/\/polarisnexuslcc.com\/","logo":{"@type":"ImageObject","inLanguage":"is","@id":"https:\/\/polarisnexuslcc.com\/#\/schema\/logo\/image\/","url":"https:\/\/polarisnexuslcc.com\/wp-content\/uploads\/2025\/08\/cropped-ChatGPT_Image_3_ago_2025__09_23_48-removebg-preview-1.png","contentUrl":"https:\/\/polarisnexuslcc.com\/wp-content\/uploads\/2025\/08\/cropped-ChatGPT_Image_3_ago_2025__09_23_48-removebg-preview-1.png","width":500,"height":205,"caption":"Polaris Nexus LCC"},"image":{"@id":"https:\/\/polarisnexuslcc.com\/#\/schema\/logo\/image\/"},"sameAs":["https:\/\/x.com\/polarisnexuslcc"]}]}},"_links":{"self":[{"href":"https:\/\/polarisnexuslcc.com\/is\/wp-json\/wp\/v2\/pages\/78","targetHints":{"allow":["GET"]}}],"collection":[{"href":"https:\/\/polarisnexuslcc.com\/is\/wp-json\/wp\/v2\/pages"}],"about":[{"href":"https:\/\/polarisnexuslcc.com\/is\/wp-json\/wp\/v2\/types\/page"}],"author":[{"embeddable":true,"href":"https:\/\/polarisnexuslcc.com\/is\/wp-json\/wp\/v2\/users\/1"}],"replies":[{"embeddable":true,"href":"https:\/\/polarisnexuslcc.com\/is\/wp-json\/wp\/v2\/comments?post=78"}],"version-history":[{"count":0,"href":"https:\/\/polarisnexuslcc.com\/is\/wp-json\/wp\/v2\/pages\/78\/revisions"}],"wp:attachment":[{"href":"https:\/\/polarisnexuslcc.com\/is\/wp-json\/wp\/v2\/media?parent=78"}],"curies":[{"name":"wp","href":"https:\/\/api.w.org\/{rel}","templated":true}]}}