{"id":80,"date":"2022-05-10T20:33:20","date_gmt":"2022-05-10T19:33:20","guid":{"rendered":"https:\/\/gp-inbound.wordifysites.com\/?page_id=80"},"modified":"2022-05-10T20:33:20","modified_gmt":"2022-05-10T19:33:20","slug":"blog","status":"publish","type":"page","link":"https:\/\/polarisnexuslcc.com\/is\/blog\/","title":{"rendered":"Blogg"},"content":{"rendered":"<div class=\"gb-grid-wrapper gb-grid-wrapper-07af4c16 gb-query-loop-wrapper\">\n<div class=\"gb-grid-column gb-grid-column-2e3a1acf gb-query-loop-item post-20538 post type-post status-publish format-standard has-post-thumbnail hentry category-business category-localization\"><article class=\"gb-container gb-container-2e3a1acf\"><div class=\"gb-inside-container\">\n<figure class=\"gb-block-image gb-block-image-06177060\"><a href=\"https:\/\/polarisnexuslcc.com\/is\/vat-in-the-european-union-the-oss-system-explained\/\"><img decoding=\"async\" width=\"300\" height=\"164\" src=\"https:\/\/polarisnexuslcc.com\/wp-content\/uploads\/2026\/04\/imagen-2-3-300x164.avif\" class=\"gb-image-06177060\" alt=\"Digital payment gateway interface showing multiple EU country flags and currency symbols, cross-bord\" srcset=\"https:\/\/polarisnexuslcc.com\/wp-content\/uploads\/2026\/04\/imagen-2-3-300x164.avif 300w, https:\/\/polarisnexuslcc.com\/wp-content\/uploads\/2026\/04\/imagen-2-3-1024x559.avif 1024w, https:\/\/polarisnexuslcc.com\/wp-content\/uploads\/2026\/04\/imagen-2-3-768x419.avif 768w, https:\/\/polarisnexuslcc.com\/wp-content\/uploads\/2026\/04\/imagen-2-3-18x10.avif 18w, https:\/\/polarisnexuslcc.com\/wp-content\/uploads\/2026\/04\/imagen-2-3.avif 1408w\" sizes=\"(max-width: 300px) 100vw, 300px\" \/><\/a><\/figure>\n\n<h2 class=\"gb-headline gb-headline-d979bae1 gb-headline-text\"><a href=\"https:\/\/polarisnexuslcc.com\/is\/vat-in-the-european-union-the-oss-system-explained\/\">VAT in the European Union: The OSS System Explained<\/a><\/h2>\n\n<div class=\"gb-headline gb-headline-5c371095 gb-headline-text\">According to the European Commission, over 65% of digital businesses selling across EU borders struggle with VAT compliance in their first two years of operation. &#8230;<\/div>\n\n<p class=\"gb-headline gb-headline-427f6f6b gb-headline-text\"><span class=\"post-term-item term-business\"><a href=\"https:\/\/polarisnexuslcc.com\/is\/category\/business\/\">Vi\u00f0skipti<\/a><\/span>, <span class=\"post-term-item term-localization\"><a href=\"https:\/\/polarisnexuslcc.com\/is\/category\/localization\/\">Sta\u00f0f\u00e6rsla<\/a><\/span><\/p>\n<\/div><\/article><\/div>\n\n<div class=\"gb-grid-column gb-grid-column-2e3a1acf gb-query-loop-item post-20390 post type-post status-publish format-standard has-post-thumbnail hentry category-digital-strategy category-productivity category-social-media\"><article class=\"gb-container gb-container-2e3a1acf\"><div class=\"gb-inside-container\">\n<figure class=\"gb-block-image gb-block-image-06177060\"><a href=\"https:\/\/polarisnexuslcc.com\/is\/colors-symbols-and-taboos-visual-design-for-global-markets\/\"><img decoding=\"async\" width=\"225\" height=\"300\" src=\"https:\/\/polarisnexuslcc.com\/wp-content\/uploads\/2026\/01\/imagen-1-13-225x300.avif\" class=\"gb-image-06177060\" alt=\"diverse international business team reviewing color palettes and design mockups on large monitors in\" srcset=\"https:\/\/polarisnexuslcc.com\/wp-content\/uploads\/2026\/01\/imagen-1-13-225x300.avif 225w, https:\/\/polarisnexuslcc.com\/wp-content\/uploads\/2026\/01\/imagen-1-13-9x12.avif 9w, https:\/\/polarisnexuslcc.com\/wp-content\/uploads\/2026\/01\/imagen-1-13.avif 720w\" sizes=\"(max-width: 225px) 100vw, 225px\" \/><\/a><\/figure>\n\n<h2 class=\"gb-headline gb-headline-d979bae1 gb-headline-text\"><a href=\"https:\/\/polarisnexuslcc.com\/is\/colors-symbols-and-taboos-visual-design-for-global-markets\/\">Litir, t\u00e1kn og tab\u00fa: sj\u00f3nr\u00e6n h\u00f6nnun fyrir al\u00fej\u00f3\u00f0legar marka\u00f0ir<\/a><\/h2>\n\n<div class=\"gb-headline gb-headline-5c371095 gb-headline-text\">Samkv\u00e6mt ranns\u00f3knum NeuroMarketing Science &amp; Business Association hafa litavalm\u00f6guleikar \u00e1hrif \u00e1 allt a\u00f0 85% af kaup\u00e1kv\u00f6r\u00f0unum, en \u00fea\u00f0 sem virkar \u00ed New York \u2026<\/div>\n\n<p class=\"gb-headline gb-headline-427f6f6b gb-headline-text\"><span class=\"post-term-item term-digital-strategy\"><a href=\"https:\/\/polarisnexuslcc.com\/is\/category\/digital-strategy\/\">Stafr\u00e6n stefna<\/a><\/span>, <span class=\"post-term-item term-productivity\"><a href=\"https:\/\/polarisnexuslcc.com\/is\/category\/productivity\/\">Framlei\u00f0ni<\/a><\/span>, <span class=\"post-term-item term-social-media\"><a href=\"https:\/\/polarisnexuslcc.com\/is\/category\/social-media\/\">Samf\u00e9lagsmi\u00f0lar<\/a><\/span><\/p>\n<\/div><\/article><\/div>\n\n<div class=\"gb-grid-column gb-grid-column-2e3a1acf gb-query-loop-item post-20472 post type-post status-publish format-standard has-post-thumbnail hentry category-digital-strategy category-entrepreneurship category-uncategorized\"><article class=\"gb-container gb-container-2e3a1acf\"><div class=\"gb-inside-container\">\n<figure class=\"gb-block-image gb-block-image-06177060\"><a href=\"https:\/\/polarisnexuslcc.com\/is\/global-online-academies-from-info-product-to-international-school\/\"><img decoding=\"async\" width=\"300\" height=\"164\" src=\"https:\/\/polarisnexuslcc.com\/wp-content\/uploads\/2026\/02\/imagen-1-6-300x164.avif\" class=\"gb-image-06177060\" alt=\"Global online learning platform interface showing multiple languages and currency options, modern da\" srcset=\"https:\/\/polarisnexuslcc.com\/wp-content\/uploads\/2026\/02\/imagen-1-6-300x164.avif 300w, https:\/\/polarisnexuslcc.com\/wp-content\/uploads\/2026\/02\/imagen-1-6-1024x559.avif 1024w, https:\/\/polarisnexuslcc.com\/wp-content\/uploads\/2026\/02\/imagen-1-6-768x419.avif 768w, https:\/\/polarisnexuslcc.com\/wp-content\/uploads\/2026\/02\/imagen-1-6-18x10.avif 18w, https:\/\/polarisnexuslcc.com\/wp-content\/uploads\/2026\/02\/imagen-1-6.avif 1408w\" sizes=\"(max-width: 300px) 100vw, 300px\" \/><\/a><\/figure>\n\n<h2 class=\"gb-headline gb-headline-d979bae1 gb-headline-text\"><a href=\"https:\/\/polarisnexuslcc.com\/is\/global-online-academies-from-info-product-to-international-school\/\">Al\u00fej\u00f3\u00f0legar netakadem\u00edur: Fr\u00e1 uppl\u00fdsingav\u00f6ru til al\u00fej\u00f3\u00f0ask\u00f3la<\/a><\/h2>\n\n<div class=\"gb-headline gb-headline-5c371095 gb-headline-text\">Samkv\u00e6mt Statista er gert r\u00e1\u00f0 fyrir a\u00f0 al\u00fej\u00f3\u00f0legi marka\u00f0urinn fyrir netn\u00e1m n\u00e1i $166,60 millj\u00f6r\u00f0um \u00e1ri\u00f0 2025, me\u00f0 me\u00f0altekjum \u00e1 notanda sem vaxa jafnt og \u00fe\u00e9tt \u00e1 sv\u00e6\u00f0um. \u2026<\/div>\n\n<p class=\"gb-headline gb-headline-427f6f6b gb-headline-text\"><span class=\"post-term-item term-digital-strategy\"><a href=\"https:\/\/polarisnexuslcc.com\/is\/category\/digital-strategy\/\">Stafr\u00e6n stefna<\/a><\/span>, <span class=\"post-term-item term-entrepreneurship\"><a href=\"https:\/\/polarisnexuslcc.com\/is\/category\/entrepreneurship\/\">Frumkv\u00f6\u00f0lastarfsemi<\/a><\/span>, <span class=\"post-term-item term-uncategorized\"><a href=\"https:\/\/polarisnexuslcc.com\/is\/category\/uncategorized\/\">\u00d3flokka\u00f0<\/a><\/span><\/p>\n<\/div><\/article><\/div>\n\n<div class=\"gb-grid-column gb-grid-column-2e3a1acf gb-query-loop-item post-20358 post type-post status-publish format-standard has-post-thumbnail hentry category-international-seo category-platforms\"><article class=\"gb-container gb-container-2e3a1acf\"><div class=\"gb-inside-container\">\n<figure class=\"gb-block-image gb-block-image-06177060\"><a href=\"https:\/\/polarisnexuslcc.com\/is\/multilingual-wordpress-wpml-polylang-and-alternatives\/\"><img decoding=\"async\" width=\"225\" height=\"300\" src=\"https:\/\/polarisnexuslcc.com\/wp-content\/uploads\/2026\/01\/imagen-3-9-225x300.avif\" class=\"gb-image-06177060\" alt=\"close-up of hands typing code on laptop with WPML and Polylang plugin settings visible on screen, de\" srcset=\"https:\/\/polarisnexuslcc.com\/wp-content\/uploads\/2026\/01\/imagen-3-9-225x300.avif 225w, https:\/\/polarisnexuslcc.com\/wp-content\/uploads\/2026\/01\/imagen-3-9-9x12.avif 9w, https:\/\/polarisnexuslcc.com\/wp-content\/uploads\/2026\/01\/imagen-3-9.avif 720w\" sizes=\"(max-width: 225px) 100vw, 225px\" \/><\/a><\/figure>\n\n<h2 class=\"gb-headline gb-headline-d979bae1 gb-headline-text\"><a href=\"https:\/\/polarisnexuslcc.com\/is\/multilingual-wordpress-wpml-polylang-and-alternatives\/\">M\u00e1lm\u00f6rg WordPress: WPML, Polylang og a\u00f0rar lausnir<\/a><\/h2>\n\n<div class=\"gb-headline gb-headline-5c371095 gb-headline-text\">A\u00f0 byggja upp fj\u00f6ltyngda WordPress-s\u00ed\u00f0u hlj\u00f3mar einfalt \u00fear til \u00fe\u00fa rekst \u00e1 fyrstu vi\u00f0v\u00f6run um ofv\u00f6xt gagnagrunnsins e\u00f0a uppg\u00f6tvar a\u00f0 \u00fe\u00fd\u00f0ingarnar \u00fe\u00ednar hafi brotna\u00f0 yfir n\u00f3ttina. Samkv\u00e6mt W3Techs, WordPress \u2026<\/div>\n\n<p class=\"gb-headline gb-headline-427f6f6b gb-headline-text\"><span class=\"post-term-item term-international-seo\"><a href=\"https:\/\/polarisnexuslcc.com\/is\/category\/international-seo\/\">Al\u00fej\u00f3\u00f0leg leitarv\u00e9labestun<\/a><\/span>, <span class=\"post-term-item term-platforms\"><a href=\"https:\/\/polarisnexuslcc.com\/is\/category\/platforms\/\">Pallar<\/a><\/span><\/p>\n<\/div><\/article><\/div>\n\n<div class=\"gb-grid-column gb-grid-column-2e3a1acf gb-query-loop-item post-20378 post type-post status-publish format-standard has-post-thumbnail hentry category-business category-digital-strategy category-international-growth\"><article class=\"gb-container gb-container-2e3a1acf\"><div class=\"gb-inside-container\">\n<figure class=\"gb-block-image gb-block-image-06177060\"><a href=\"https:\/\/polarisnexuslcc.com\/is\/beauty-and-cosmetics-e-commerce-international-expansion\/\"><img decoding=\"async\" width=\"225\" height=\"300\" src=\"https:\/\/polarisnexuslcc.com\/wp-content\/uploads\/2026\/01\/imagen-4-16-225x300.avif\" class=\"gb-image-06177060\" alt=\"Diverse group of beauty consumers from different ethnicities testing foundation shades, hands compar\" srcset=\"https:\/\/polarisnexuslcc.com\/wp-content\/uploads\/2026\/01\/imagen-4-16-225x300.avif 225w, https:\/\/polarisnexuslcc.com\/wp-content\/uploads\/2026\/01\/imagen-4-16-9x12.avif 9w, https:\/\/polarisnexuslcc.com\/wp-content\/uploads\/2026\/01\/imagen-4-16.avif 720w\" sizes=\"(max-width: 225px) 100vw, 225px\" \/><\/a><\/figure>\n\n<h2 class=\"gb-headline gb-headline-d979bae1 gb-headline-text\"><a href=\"https:\/\/polarisnexuslcc.com\/is\/beauty-and-cosmetics-e-commerce-international-expansion\/\">Fegur\u00f0 og snyrtiv\u00f6rur netverslun: al\u00fej\u00f3\u00f0leg \u00fat\u00feensla<\/a><\/h2>\n\n<div class=\"gb-headline gb-headline-5c371095 gb-headline-text\">Samkv\u00e6mt sk\u00fdrslu Statista fr\u00e1 2024 er gert r\u00e1\u00f0 fyrir a\u00f0 al\u00fej\u00f3\u00f0legi netverslunarmarka\u00f0urinn fyrir fegur\u00f0ar- og pers\u00f3nulega um\u00f6nnun n\u00e1i $120 millj\u00f6r\u00f0um \u00e1ri\u00f0 2025, me\u00f0 landam\u00e6ra \u2026<\/div>\n\n<p class=\"gb-headline gb-headline-427f6f6b gb-headline-text\"><span class=\"post-term-item term-business\"><a href=\"https:\/\/polarisnexuslcc.com\/is\/category\/business\/\">Vi\u00f0skipti<\/a><\/span>, <span class=\"post-term-item term-digital-strategy\"><a href=\"https:\/\/polarisnexuslcc.com\/is\/category\/digital-strategy\/\">Stafr\u00e6n stefna<\/a><\/span>, <span class=\"post-term-item term-international-growth\"><a href=\"https:\/\/polarisnexuslcc.com\/is\/category\/international-growth\/\">Al\u00fej\u00f3\u00f0legur v\u00f6xtur<\/a><\/span><\/p>\n<\/div><\/article><\/div>\n\n<div class=\"gb-grid-column gb-grid-column-2e3a1acf gb-query-loop-item post-20369 post type-post status-publish format-standard has-post-thumbnail hentry category-international-growth category-productivity\"><article class=\"gb-container gb-container-2e3a1acf\"><div class=\"gb-inside-container\">\n<figure class=\"gb-block-image gb-block-image-06177060\"><a href=\"https:\/\/polarisnexuslcc.com\/is\/signs-that-your-business-is-ready-to-go-international\/\"><img decoding=\"async\" width=\"225\" height=\"300\" src=\"https:\/\/polarisnexuslcc.com\/wp-content\/uploads\/2026\/01\/imagen-1-12-225x300.avif\" class=\"gb-image-06177060\" alt=\"Professional business analyst reviewing global website analytics dashboard showing traffic from mult\" srcset=\"https:\/\/polarisnexuslcc.com\/wp-content\/uploads\/2026\/01\/imagen-1-12-225x300.avif 225w, https:\/\/polarisnexuslcc.com\/wp-content\/uploads\/2026\/01\/imagen-1-12-9x12.avif 9w, https:\/\/polarisnexuslcc.com\/wp-content\/uploads\/2026\/01\/imagen-1-12.avif 720w\" sizes=\"(max-width: 225px) 100vw, 225px\" \/><\/a><\/figure>\n\n<h2 class=\"gb-headline gb-headline-d979bae1 gb-headline-text\"><a href=\"https:\/\/polarisnexuslcc.com\/is\/signs-that-your-business-is-ready-to-go-international\/\">Merki um a\u00f0 fyrirt\u00e6ki \u00feitt s\u00e9 tilb\u00fai\u00f0 til a\u00f0 fara \u00e1 al\u00fej\u00f3\u00f0avettvang<\/a><\/h2>\n\n<div class=\"gb-headline gb-headline-5c371095 gb-headline-text\">Flest fyrirt\u00e6ki b\u00ed\u00f0a of lengi me\u00f0 a\u00f0 kanna al\u00fej\u00f3\u00f0legar marka\u00f0ir\u2014e\u00f0a st\u00f6kkva of snemma \u00fat \u00ed og brenna gegnum rei\u00f0uf\u00e9 \u00e1 mist\u00f6kum sem hef\u00f0i veri\u00f0 h\u00e6gt a\u00f0 koma \u00ed veg fyrir. Samkv\u00e6mt ranns\u00f3kn \u2026<\/div>\n\n<p class=\"gb-headline gb-headline-427f6f6b gb-headline-text\"><span class=\"post-term-item term-international-growth\"><a href=\"https:\/\/polarisnexuslcc.com\/is\/category\/international-growth\/\">Al\u00fej\u00f3\u00f0legur v\u00f6xtur<\/a><\/span>, <span class=\"post-term-item term-productivity\"><a href=\"https:\/\/polarisnexuslcc.com\/is\/category\/productivity\/\">Framlei\u00f0ni<\/a><\/span><\/p>\n<\/div><\/article><\/div>\n\n<div class=\"gb-grid-column gb-grid-column-2e3a1acf gb-query-loop-item post-20351 post type-post status-publish format-standard has-post-thumbnail hentry category-business category-entrepreneurship category-productivity\"><article class=\"gb-container gb-container-2e3a1acf\"><div class=\"gb-inside-container\">\n<figure class=\"gb-block-image gb-block-image-06177060\"><a href=\"https:\/\/polarisnexuslcc.com\/is\/global-saas-from-day-one-architecture-and-pricing\/\"><img decoding=\"async\" width=\"225\" height=\"300\" src=\"https:\/\/polarisnexuslcc.com\/wp-content\/uploads\/2026\/01\/imagen-4-12-225x300.avif\" class=\"gb-image-06177060\" alt=\"Network performance monitoring dashboard showing global latency metrics and server response times ac\" srcset=\"https:\/\/polarisnexuslcc.com\/wp-content\/uploads\/2026\/01\/imagen-4-12-225x300.avif 225w, https:\/\/polarisnexuslcc.com\/wp-content\/uploads\/2026\/01\/imagen-4-12-9x12.avif 9w, https:\/\/polarisnexuslcc.com\/wp-content\/uploads\/2026\/01\/imagen-4-12.avif 720w\" sizes=\"(max-width: 225px) 100vw, 225px\" \/><\/a><\/figure>\n\n<h2 class=\"gb-headline gb-headline-d979bae1 gb-headline-text\"><a href=\"https:\/\/polarisnexuslcc.com\/is\/global-saas-from-day-one-architecture-and-pricing\/\">Al\u00fej\u00f3\u00f0legt SaaS fr\u00e1 fyrsta degi: Arkitekt\u00far og ver\u00f0lagning<\/a><\/h2>\n\n<div class=\"gb-headline gb-headline-5c371095 gb-headline-text\">Samkv\u00e6mt k\u00f6nnun SaaS Capital fr\u00e1 2024 ur\u00f0u 68,1% SaaS-fyrirt\u00e6kja sem frestu\u00f0u al\u00fej\u00f3\u00f0legum arkitekt\u00fars\u00e1kv\u00f6r\u00f0unum a\u00f0 gl\u00edma vi\u00f0 verulegt t\u00e6knil\u00e1n innan 18 m\u00e1na\u00f0a, oft \u2026<\/div>\n\n<p class=\"gb-headline gb-headline-427f6f6b gb-headline-text\"><span class=\"post-term-item term-business\"><a href=\"https:\/\/polarisnexuslcc.com\/is\/category\/business\/\">Vi\u00f0skipti<\/a><\/span>, <span class=\"post-term-item term-entrepreneurship\"><a href=\"https:\/\/polarisnexuslcc.com\/is\/category\/entrepreneurship\/\">Frumkv\u00f6\u00f0lastarfsemi<\/a><\/span>, <span class=\"post-term-item term-productivity\"><a href=\"https:\/\/polarisnexuslcc.com\/is\/category\/productivity\/\">Framlei\u00f0ni<\/a><\/span><\/p>\n<\/div><\/article><\/div>\n\n<div class=\"gb-grid-column gb-grid-column-2e3a1acf gb-query-loop-item post-20347 post type-post status-publish format-standard has-post-thumbnail hentry category-digital-strategy category-international-growth category-platforms\"><article class=\"gb-container gb-container-2e3a1acf\"><div class=\"gb-inside-container\">\n<figure class=\"gb-block-image gb-block-image-06177060\"><a href=\"https:\/\/polarisnexuslcc.com\/is\/multilingual-youtube-subtitles-dubbing-or-separate-channels\/\"><img decoding=\"async\" width=\"225\" height=\"300\" src=\"https:\/\/polarisnexuslcc.com\/wp-content\/uploads\/2026\/01\/imagen-1-11-225x300.avif\" class=\"gb-image-06177060\" alt=\"Global content creator working at modern desk with multiple computer screens showing YouTube analyti\" srcset=\"https:\/\/polarisnexuslcc.com\/wp-content\/uploads\/2026\/01\/imagen-1-11-225x300.avif 225w, https:\/\/polarisnexuslcc.com\/wp-content\/uploads\/2026\/01\/imagen-1-11-9x12.avif 9w, https:\/\/polarisnexuslcc.com\/wp-content\/uploads\/2026\/01\/imagen-1-11.avif 720w\" sizes=\"(max-width: 225px) 100vw, 225px\" \/><\/a><\/figure>\n\n<h2 class=\"gb-headline gb-headline-d979bae1 gb-headline-text\"><a href=\"https:\/\/polarisnexuslcc.com\/is\/multilingual-youtube-subtitles-dubbing-or-separate-channels\/\">Fj\u00f6ltyngt YouTube: Textar, talsetning e\u00f0a a\u00f0skildar r\u00e1sir<\/a><\/h2>\n\n<div class=\"gb-headline gb-headline-5c371095 gb-headline-text\">Samkv\u00e6mt innri g\u00f6gnum YouTube sem Statista greinir fr\u00e1 kemur yfir 80% af umfer\u00f0 YouTube utan Bandar\u00edkjanna, en samt birta flestir skapendur efni \u2026<\/div>\n\n<p class=\"gb-headline gb-headline-427f6f6b gb-headline-text\"><span class=\"post-term-item term-digital-strategy\"><a href=\"https:\/\/polarisnexuslcc.com\/is\/category\/digital-strategy\/\">Stafr\u00e6n stefna<\/a><\/span>, <span class=\"post-term-item term-international-growth\"><a href=\"https:\/\/polarisnexuslcc.com\/is\/category\/international-growth\/\">Al\u00fej\u00f3\u00f0legur v\u00f6xtur<\/a><\/span>, <span class=\"post-term-item term-platforms\"><a href=\"https:\/\/polarisnexuslcc.com\/is\/category\/platforms\/\">Pallar<\/a><\/span><\/p>\n<\/div><\/article><\/div>\n\n<div class=\"gb-grid-column gb-grid-column-2e3a1acf gb-query-loop-item post-20343 post type-post status-publish format-standard has-post-thumbnail hentry category-digital-strategy category-entrepreneurship category-productivity\"><article class=\"gb-container gb-container-2e3a1acf\"><div class=\"gb-inside-container\">\n<figure class=\"gb-block-image gb-block-image-06177060\"><a href=\"https:\/\/polarisnexuslcc.com\/is\/dates-numbers-and-currencies-the-details-that-kill-conversions\/\"><img decoding=\"async\" width=\"225\" height=\"300\" src=\"https:\/\/polarisnexuslcc.com\/wp-content\/uploads\/2026\/01\/imagen-1-10-225x300.avif\" class=\"gb-image-06177060\" alt=\"Professional e-commerce checkout page on laptop screen showing date format confusion with European a\" srcset=\"https:\/\/polarisnexuslcc.com\/wp-content\/uploads\/2026\/01\/imagen-1-10-225x300.avif 225w, https:\/\/polarisnexuslcc.com\/wp-content\/uploads\/2026\/01\/imagen-1-10-9x12.avif 9w, https:\/\/polarisnexuslcc.com\/wp-content\/uploads\/2026\/01\/imagen-1-10.avif 720w\" sizes=\"(max-width: 225px) 100vw, 225px\" \/><\/a><\/figure>\n\n<h2 class=\"gb-headline gb-headline-d979bae1 gb-headline-text\"><a href=\"https:\/\/polarisnexuslcc.com\/is\/dates-numbers-and-currencies-the-details-that-kill-conversions\/\">Dagsetningar, t\u00f6lur og gjaldmi\u00f0lar: Sm\u00e1atri\u00f0in sem drepa vi\u00f0skipti<\/a><\/h2>\n\n<div class=\"gb-headline gb-headline-5c371095 gb-headline-text\">Samkv\u00e6mt Baymard Institute yfirgefa 17% bandar\u00edskra netkaupenda innkaupak\u00f6rfur vegna \u00feess a\u00f0 grei\u00f0sluferli\u00f0 er of fl\u00f3ki\u00f0 e\u00f0a ruglingslegt. \u00dea\u00f0 sem flest fyrirt\u00e6ki gera s\u00e9r ekki grein fyrir ...<\/div>\n\n<p class=\"gb-headline gb-headline-427f6f6b gb-headline-text\"><span class=\"post-term-item term-digital-strategy\"><a href=\"https:\/\/polarisnexuslcc.com\/is\/category\/digital-strategy\/\">Stafr\u00e6n stefna<\/a><\/span>, <span class=\"post-term-item term-entrepreneurship\"><a href=\"https:\/\/polarisnexuslcc.com\/is\/category\/entrepreneurship\/\">Frumkv\u00f6\u00f0lastarfsemi<\/a><\/span>, <span class=\"post-term-item term-productivity\"><a href=\"https:\/\/polarisnexuslcc.com\/is\/category\/productivity\/\">Framlei\u00f0ni<\/a><\/span><\/p>\n<\/div><\/article><\/div>\n<\/div>\n\n<div class=\"gb-container gb-container-ca04b990 gb-query-loop-pagination\">\n\n\n<span class=\"gb-button gb-button-f3326592 gb-button-text page-numbers gb-block-is-current\" aria-current=\"page\">1<\/span><a class=\"gb-button gb-button-f3326592 gb-button-text page-numbers\" href=\"?query-7097c1ff-page=2\">2<\/a>\n\n<a class=\"gb-button gb-button-86469464 gb-button-text\" href=\"\/is\/wp-json\/wp\/v2\/pages\/80?query-7097c1ff-page=2\">N\u00e6st<\/a>\n<\/div>","protected":false},"excerpt":{"rendered":"","protected":false},"author":0,"featured_media":0,"parent":0,"menu_order":0,"comment_status":"closed","ping_status":"closed","template":"","meta":{"footnotes":""},"class_list":["post-80","page","type-page","status-publish"],"yoast_head":"<!-- This site is optimized with the Yoast SEO plugin v27.5 - https:\/\/yoast.com\/product\/yoast-seo-wordpress\/ -->\n<title>Blog - Polaris Nexus<\/title>\n<meta name=\"robots\" content=\"index, follow, max-snippet:-1, max-image-preview:large, max-video-preview:-1\" \/>\n<link rel=\"canonical\" href=\"https:\/\/polarisnexuslcc.com\/is\/blog\/\" \/>\n<meta property=\"og:locale\" content=\"is_IS\" \/>\n<meta property=\"og:type\" content=\"article\" \/>\n<meta property=\"og:title\" content=\"Blog - Polaris Nexus\" \/>\n<meta property=\"og:url\" content=\"https:\/\/polarisnexuslcc.com\/is\/blog\/\" \/>\n<meta property=\"og:site_name\" content=\"Polaris Nexus\" \/>\n<meta name=\"twitter:card\" content=\"summary_large_image\" \/>\n<meta name=\"twitter:site\" content=\"@polarisnexuslcc\" \/>\n<script type=\"application\/ld+json\" class=\"yoast-schema-graph\">{\"@context\":\"https:\\\/\\\/schema.org\",\"@graph\":[{\"@type\":\"WebPage\",\"@id\":\"https:\\\/\\\/polarisnexuslcc.com\\\/blog\\\/\",\"url\":\"https:\\\/\\\/polarisnexuslcc.com\\\/blog\\\/\",\"name\":\"Blog - Polaris Nexus\",\"isPartOf\":{\"@id\":\"https:\\\/\\\/polarisnexuslcc.com\\\/#website\"},\"datePublished\":\"2022-05-10T19:33:20+00:00\",\"breadcrumb\":{\"@id\":\"https:\\\/\\\/polarisnexuslcc.com\\\/blog\\\/#breadcrumb\"},\"inLanguage\":\"is\",\"potentialAction\":[{\"@type\":\"ReadAction\",\"target\":[\"https:\\\/\\\/polarisnexuslcc.com\\\/blog\\\/\"]}]},{\"@type\":\"BreadcrumbList\",\"@id\":\"https:\\\/\\\/polarisnexuslcc.com\\\/blog\\\/#breadcrumb\",\"itemListElement\":[{\"@type\":\"ListItem\",\"position\":1,\"name\":\"Home\",\"item\":\"https:\\\/\\\/polarisnexuslcc.com\\\/\"},{\"@type\":\"ListItem\",\"position\":2,\"name\":\"Blog\"}]},{\"@type\":\"WebSite\",\"@id\":\"https:\\\/\\\/polarisnexuslcc.com\\\/#website\",\"url\":\"https:\\\/\\\/polarisnexuslcc.com\\\/\",\"name\":\"Polaris Nexus LCC\",\"description\":\"\",\"publisher\":{\"@id\":\"https:\\\/\\\/polarisnexuslcc.com\\\/#organization\"},\"potentialAction\":[{\"@type\":\"SearchAction\",\"target\":{\"@type\":\"EntryPoint\",\"urlTemplate\":\"https:\\\/\\\/polarisnexuslcc.com\\\/?s={search_term_string}\"},\"query-input\":{\"@type\":\"PropertyValueSpecification\",\"valueRequired\":true,\"valueName\":\"search_term_string\"}}],\"inLanguage\":\"is\"},{\"@type\":\"Organization\",\"@id\":\"https:\\\/\\\/polarisnexuslcc.com\\\/#organization\",\"name\":\"Polaris Nexus LCC\",\"url\":\"https:\\\/\\\/polarisnexuslcc.com\\\/\",\"logo\":{\"@type\":\"ImageObject\",\"inLanguage\":\"is\",\"@id\":\"https:\\\/\\\/polarisnexuslcc.com\\\/#\\\/schema\\\/logo\\\/image\\\/\",\"url\":\"https:\\\/\\\/polarisnexuslcc.com\\\/wp-content\\\/uploads\\\/2025\\\/08\\\/cropped-ChatGPT_Image_3_ago_2025__09_23_48-removebg-preview-1.png\",\"contentUrl\":\"https:\\\/\\\/polarisnexuslcc.com\\\/wp-content\\\/uploads\\\/2025\\\/08\\\/cropped-ChatGPT_Image_3_ago_2025__09_23_48-removebg-preview-1.png\",\"width\":500,\"height\":205,\"caption\":\"Polaris Nexus LCC\"},\"image\":{\"@id\":\"https:\\\/\\\/polarisnexuslcc.com\\\/#\\\/schema\\\/logo\\\/image\\\/\"},\"sameAs\":[\"https:\\\/\\\/x.com\\\/polarisnexuslcc\"]}]}<\/script>\n<!-- \/ Yoast SEO plugin. -->","yoast_head_json":{"title":"Blog - Polaris Nexus","robots":{"index":"index","follow":"follow","max-snippet":"max-snippet:-1","max-image-preview":"max-image-preview:large","max-video-preview":"max-video-preview:-1"},"canonical":"https:\/\/polarisnexuslcc.com\/is\/blog\/","og_locale":"is_IS","og_type":"article","og_title":"Blog - Polaris Nexus","og_url":"https:\/\/polarisnexuslcc.com\/is\/blog\/","og_site_name":"Polaris Nexus","twitter_card":"summary_large_image","twitter_site":"@polarisnexuslcc","schema":{"@context":"https:\/\/schema.org","@graph":[{"@type":"WebPage","@id":"https:\/\/polarisnexuslcc.com\/blog\/","url":"https:\/\/polarisnexuslcc.com\/blog\/","name":"Blog - Polaris Nexus","isPartOf":{"@id":"https:\/\/polarisnexuslcc.com\/#website"},"datePublished":"2022-05-10T19:33:20+00:00","breadcrumb":{"@id":"https:\/\/polarisnexuslcc.com\/blog\/#breadcrumb"},"inLanguage":"is","potentialAction":[{"@type":"ReadAction","target":["https:\/\/polarisnexuslcc.com\/blog\/"]}]},{"@type":"BreadcrumbList","@id":"https:\/\/polarisnexuslcc.com\/blog\/#breadcrumb","itemListElement":[{"@type":"ListItem","position":1,"name":"Home","item":"https:\/\/polarisnexuslcc.com\/"},{"@type":"ListItem","position":2,"name":"Blog"}]},{"@type":"WebSite","@id":"https:\/\/polarisnexuslcc.com\/#website","url":"https:\/\/polarisnexuslcc.com\/","name":"Polaris Nexus LCC","description":"","publisher":{"@id":"https:\/\/polarisnexuslcc.com\/#organization"},"potentialAction":[{"@type":"SearchAction","target":{"@type":"EntryPoint","urlTemplate":"https:\/\/polarisnexuslcc.com\/?s={search_term_string}"},"query-input":{"@type":"PropertyValueSpecification","valueRequired":true,"valueName":"search_term_string"}}],"inLanguage":"is"},{"@type":"Organization","@id":"https:\/\/polarisnexuslcc.com\/#organization","name":"Polaris Nexus LCC","url":"https:\/\/polarisnexuslcc.com\/","logo":{"@type":"ImageObject","inLanguage":"is","@id":"https:\/\/polarisnexuslcc.com\/#\/schema\/logo\/image\/","url":"https:\/\/polarisnexuslcc.com\/wp-content\/uploads\/2025\/08\/cropped-ChatGPT_Image_3_ago_2025__09_23_48-removebg-preview-1.png","contentUrl":"https:\/\/polarisnexuslcc.com\/wp-content\/uploads\/2025\/08\/cropped-ChatGPT_Image_3_ago_2025__09_23_48-removebg-preview-1.png","width":500,"height":205,"caption":"Polaris Nexus LCC"},"image":{"@id":"https:\/\/polarisnexuslcc.com\/#\/schema\/logo\/image\/"},"sameAs":["https:\/\/x.com\/polarisnexuslcc"]}]}},"_links":{"self":[{"href":"https:\/\/polarisnexuslcc.com\/is\/wp-json\/wp\/v2\/pages\/80","targetHints":{"allow":["GET"]}}],"collection":[{"href":"https:\/\/polarisnexuslcc.com\/is\/wp-json\/wp\/v2\/pages"}],"about":[{"href":"https:\/\/polarisnexuslcc.com\/is\/wp-json\/wp\/v2\/types\/page"}],"replies":[{"embeddable":true,"href":"https:\/\/polarisnexuslcc.com\/is\/wp-json\/wp\/v2\/comments?post=80"}],"version-history":[{"count":0,"href":"https:\/\/polarisnexuslcc.com\/is\/wp-json\/wp\/v2\/pages\/80\/revisions"}],"wp:attachment":[{"href":"https:\/\/polarisnexuslcc.com\/is\/wp-json\/wp\/v2\/media?parent=80"}],"curies":[{"name":"wp","href":"https:\/\/api.w.org\/{rel}","templated":true}]}}