{"id":84,"date":"2022-05-10T20:36:51","date_gmt":"2022-05-10T19:36:51","guid":{"rendered":"https:\/\/gp-inbound.wordifysites.com\/?page_id=84"},"modified":"2025-08-16T09:52:44","modified_gmt":"2025-08-16T09:52:44","slug":"team","status":"publish","type":"page","link":"https:\/\/polarisnexuslcc.com\/is\/team\/","title":{"rendered":"Li\u00f0"},"content":{"rendered":"<div class=\"wp-block-stackable-columns stk-block-columns stk-block stk-02782b0\" data-block-id=\"02782b0\"><div class=\"stk-row stk-inner-blocks stk-block-content stk-content-align stk-02782b0-column\">\n<div class=\"wp-block-stackable-column stk-block-column stk-column stk-block stk-59f3e61\" data-v=\"4\" data-block-id=\"59f3e61\"><style>.stk-59f3e61-container{margin-top:var(--stk--preset--spacing--80, 5.06rem) !important;margin-right:var(--stk--preset--spacing--80, 5.06rem) !important;margin-bottom:var(--stk--preset--spacing--80, 5.06rem) !important;margin-left:var(--stk--preset--spacing--80, 5.06rem) !important;}<\/style><div class=\"stk-column-wrapper stk-block-column__content stk-container stk-59f3e61-container stk--no-background stk--no-padding\"><div class=\"stk-block-content stk-inner-blocks stk-59f3e61-inner-blocks\">\n<h2 class=\"wp-block-heading\"><strong>Teymi\u00f0 okkar<\/strong><\/h2>\n\n\n\n<p>\u00c1 <strong>Polaris Nexus<\/strong>Vi\u00f0 tr\u00faum \u00fev\u00ed a\u00f0 h\u00e6fileikar \u00feekki engin landam\u00e6ri. \u00cd sta\u00f0 hef\u00f0bundins innanh\u00fassl\u00edkans st\u00f6rfum vi\u00f0 me\u00f0 <strong>dreift net s\u00e9rh\u00e6f\u00f0ra sj\u00e1lfst\u00e6tt starfandi einstaklinga<\/strong> sem koma me\u00f0 s\u00e9r\u00feekkingu \u00ed al\u00fej\u00f3\u00f0legri leitarv\u00e9labestun, sta\u00f0f\u00e6ringu, h\u00f6nnun, \u00fer\u00f3un, textager\u00f0 og stafr\u00e6nni stefnum\u00f3tun.<\/p>\n\n\n\n<p>\u00deessi uppbygging gerir okkur kleift a\u00f0:<\/p>\n\n\n\n<ul class=\"wp-block-list\">\n<li>Vinna me\u00f0 <strong>s\u00e9rfr\u00e6\u00f0ingar \u00ed mismunandi l\u00f6ndum og tungum\u00e1lum<\/strong>, sem tryggir menningarlega n\u00e1kv\u00e6mni og marka\u00f0s\u00fe\u00fd\u00f0ingu.<\/li>\n\n\n\n<li>Skala\u00f0u au\u00f0lindir hratt eftir \u00fe\u00f6rfum hvers verkefnis.<\/li>\n\n\n\n<li>Verum hagkv\u00e6m og skilvirk, beinum fj\u00e1rfestingum \u00fear sem \u00fe\u00e6r skapa mest \u00e1hrif fyrir vi\u00f0skiptavini okkar.<\/li>\n<\/ul>\n\n\n\n<p>Kjarnah\u00f3pur okkar s\u00e9r um stefnum\u00f3tun, samh\u00e6fingu og g\u00e6\u00f0aeftirlit, en v\u00ed\u00f0t\u00e6kt net sj\u00e1lfst\u00e6tt starfandi s\u00e9rfr\u00e6\u00f0inga okkar tryggir a\u00f0 vi\u00f0 h\u00f6fum alltaf <strong>r\u00e9tta h\u00e6fileikaf\u00f3lki\u00f0 fyrir r\u00e9ttan marka\u00f0<\/strong>.<\/p>\n\n\n\n<p>\ud83d\udc49 Ni\u00f0ursta\u00f0an: sveigjanlegt, al\u00fej\u00f3\u00f0legt teymi sem getur a\u00f0sto\u00f0a\u00f0 hva\u00f0a fyrirt\u00e6ki sem er vi\u00f0 a\u00f0 st\u00e6kka yfir landam\u00e6ri af n\u00e1kv\u00e6mni og lipur\u00f0.<\/p>\n<\/div><\/div><\/div>\n<\/div><\/div>","protected":false},"excerpt":{"rendered":"<p>Our Team At Polaris Nexus, we believe talent knows no borders. Instead of a traditional in-house model, we operate with a distributed network of specialized freelancers who bring expertise in international SEO, localization, design, development, copywriting, and digital strategy. This structure allows us to: Our core team manages strategy, coordination, and quality assurance, while our &#8230; <a title=\"Li\u00f0\" class=\"read-more\" href=\"https:\/\/polarisnexuslcc.com\/is\/team\/\" aria-label=\"Read more about Team\">Lesa meira<\/a><\/p>","protected":false},"author":1,"featured_media":0,"parent":0,"menu_order":0,"comment_status":"closed","ping_status":"closed","template":"","meta":{"footnotes":""},"class_list":["post-84","page","type-page","status-publish"],"yoast_head":"<!-- This site is optimized with the Yoast SEO plugin v27.5 - https:\/\/yoast.com\/product\/yoast-seo-wordpress\/ -->\n<title>Team - Polaris Nexus<\/title>\n<meta name=\"robots\" content=\"index, follow, max-snippet:-1, max-image-preview:large, max-video-preview:-1\" \/>\n<link rel=\"canonical\" href=\"https:\/\/polarisnexuslcc.com\/is\/team\/\" \/>\n<meta property=\"og:locale\" content=\"is_IS\" \/>\n<meta property=\"og:type\" content=\"article\" \/>\n<meta property=\"og:title\" content=\"Team - Polaris Nexus\" \/>\n<meta property=\"og:description\" content=\"Our Team At Polaris Nexus, we believe talent knows no borders. Instead of a traditional in-house model, we operate with a distributed network of specialized freelancers who bring expertise in international SEO, localization, design, development, copywriting, and digital strategy. This structure allows us to: Our core team manages strategy, coordination, and quality assurance, while our ... Read more\" \/>\n<meta property=\"og:url\" content=\"https:\/\/polarisnexuslcc.com\/is\/team\/\" \/>\n<meta property=\"og:site_name\" content=\"Polaris Nexus\" \/>\n<meta property=\"article:modified_time\" content=\"2025-08-16T09:52:44+00:00\" \/>\n<meta name=\"twitter:card\" content=\"summary_large_image\" \/>\n<meta name=\"twitter:site\" content=\"@polarisnexuslcc\" \/>\n<script type=\"application\/ld+json\" class=\"yoast-schema-graph\">{\"@context\":\"https:\\\/\\\/schema.org\",\"@graph\":[{\"@type\":\"WebPage\",\"@id\":\"https:\\\/\\\/polarisnexuslcc.com\\\/team\\\/\",\"url\":\"https:\\\/\\\/polarisnexuslcc.com\\\/team\\\/\",\"name\":\"Team - Polaris Nexus\",\"isPartOf\":{\"@id\":\"https:\\\/\\\/polarisnexuslcc.com\\\/#website\"},\"datePublished\":\"2022-05-10T19:36:51+00:00\",\"dateModified\":\"2025-08-16T09:52:44+00:00\",\"breadcrumb\":{\"@id\":\"https:\\\/\\\/polarisnexuslcc.com\\\/team\\\/#breadcrumb\"},\"inLanguage\":\"is\",\"potentialAction\":[{\"@type\":\"ReadAction\",\"target\":[\"https:\\\/\\\/polarisnexuslcc.com\\\/team\\\/\"]}]},{\"@type\":\"BreadcrumbList\",\"@id\":\"https:\\\/\\\/polarisnexuslcc.com\\\/team\\\/#breadcrumb\",\"itemListElement\":[{\"@type\":\"ListItem\",\"position\":1,\"name\":\"Home\",\"item\":\"https:\\\/\\\/polarisnexuslcc.com\\\/\"},{\"@type\":\"ListItem\",\"position\":2,\"name\":\"Team\"}]},{\"@type\":\"WebSite\",\"@id\":\"https:\\\/\\\/polarisnexuslcc.com\\\/#website\",\"url\":\"https:\\\/\\\/polarisnexuslcc.com\\\/\",\"name\":\"Polaris Nexus LCC\",\"description\":\"\",\"publisher\":{\"@id\":\"https:\\\/\\\/polarisnexuslcc.com\\\/#organization\"},\"potentialAction\":[{\"@type\":\"SearchAction\",\"target\":{\"@type\":\"EntryPoint\",\"urlTemplate\":\"https:\\\/\\\/polarisnexuslcc.com\\\/?s={search_term_string}\"},\"query-input\":{\"@type\":\"PropertyValueSpecification\",\"valueRequired\":true,\"valueName\":\"search_term_string\"}}],\"inLanguage\":\"is\"},{\"@type\":\"Organization\",\"@id\":\"https:\\\/\\\/polarisnexuslcc.com\\\/#organization\",\"name\":\"Polaris Nexus LCC\",\"url\":\"https:\\\/\\\/polarisnexuslcc.com\\\/\",\"logo\":{\"@type\":\"ImageObject\",\"inLanguage\":\"is\",\"@id\":\"https:\\\/\\\/polarisnexuslcc.com\\\/#\\\/schema\\\/logo\\\/image\\\/\",\"url\":\"https:\\\/\\\/polarisnexuslcc.com\\\/wp-content\\\/uploads\\\/2025\\\/08\\\/cropped-ChatGPT_Image_3_ago_2025__09_23_48-removebg-preview-1.png\",\"contentUrl\":\"https:\\\/\\\/polarisnexuslcc.com\\\/wp-content\\\/uploads\\\/2025\\\/08\\\/cropped-ChatGPT_Image_3_ago_2025__09_23_48-removebg-preview-1.png\",\"width\":500,\"height\":205,\"caption\":\"Polaris Nexus LCC\"},\"image\":{\"@id\":\"https:\\\/\\\/polarisnexuslcc.com\\\/#\\\/schema\\\/logo\\\/image\\\/\"},\"sameAs\":[\"https:\\\/\\\/x.com\\\/polarisnexuslcc\"]}]}<\/script>\n<!-- \/ Yoast SEO plugin. -->","yoast_head_json":{"title":"Team - Polaris Nexus","robots":{"index":"index","follow":"follow","max-snippet":"max-snippet:-1","max-image-preview":"max-image-preview:large","max-video-preview":"max-video-preview:-1"},"canonical":"https:\/\/polarisnexuslcc.com\/is\/team\/","og_locale":"is_IS","og_type":"article","og_title":"Team - Polaris Nexus","og_description":"Our Team At Polaris Nexus, we believe talent knows no borders. Instead of a traditional in-house model, we operate with a distributed network of specialized freelancers who bring expertise in international SEO, localization, design, development, copywriting, and digital strategy. This structure allows us to: Our core team manages strategy, coordination, and quality assurance, while our ... Read more","og_url":"https:\/\/polarisnexuslcc.com\/is\/team\/","og_site_name":"Polaris Nexus","article_modified_time":"2025-08-16T09:52:44+00:00","twitter_card":"summary_large_image","twitter_site":"@polarisnexuslcc","schema":{"@context":"https:\/\/schema.org","@graph":[{"@type":"WebPage","@id":"https:\/\/polarisnexuslcc.com\/team\/","url":"https:\/\/polarisnexuslcc.com\/team\/","name":"Team - Polaris Nexus","isPartOf":{"@id":"https:\/\/polarisnexuslcc.com\/#website"},"datePublished":"2022-05-10T19:36:51+00:00","dateModified":"2025-08-16T09:52:44+00:00","breadcrumb":{"@id":"https:\/\/polarisnexuslcc.com\/team\/#breadcrumb"},"inLanguage":"is","potentialAction":[{"@type":"ReadAction","target":["https:\/\/polarisnexuslcc.com\/team\/"]}]},{"@type":"BreadcrumbList","@id":"https:\/\/polarisnexuslcc.com\/team\/#breadcrumb","itemListElement":[{"@type":"ListItem","position":1,"name":"Home","item":"https:\/\/polarisnexuslcc.com\/"},{"@type":"ListItem","position":2,"name":"Team"}]},{"@type":"WebSite","@id":"https:\/\/polarisnexuslcc.com\/#website","url":"https:\/\/polarisnexuslcc.com\/","name":"Polaris Nexus LCC","description":"","publisher":{"@id":"https:\/\/polarisnexuslcc.com\/#organization"},"potentialAction":[{"@type":"SearchAction","target":{"@type":"EntryPoint","urlTemplate":"https:\/\/polarisnexuslcc.com\/?s={search_term_string}"},"query-input":{"@type":"PropertyValueSpecification","valueRequired":true,"valueName":"search_term_string"}}],"inLanguage":"is"},{"@type":"Organization","@id":"https:\/\/polarisnexuslcc.com\/#organization","name":"Polaris Nexus LCC","url":"https:\/\/polarisnexuslcc.com\/","logo":{"@type":"ImageObject","inLanguage":"is","@id":"https:\/\/polarisnexuslcc.com\/#\/schema\/logo\/image\/","url":"https:\/\/polarisnexuslcc.com\/wp-content\/uploads\/2025\/08\/cropped-ChatGPT_Image_3_ago_2025__09_23_48-removebg-preview-1.png","contentUrl":"https:\/\/polarisnexuslcc.com\/wp-content\/uploads\/2025\/08\/cropped-ChatGPT_Image_3_ago_2025__09_23_48-removebg-preview-1.png","width":500,"height":205,"caption":"Polaris Nexus LCC"},"image":{"@id":"https:\/\/polarisnexuslcc.com\/#\/schema\/logo\/image\/"},"sameAs":["https:\/\/x.com\/polarisnexuslcc"]}]}},"_links":{"self":[{"href":"https:\/\/polarisnexuslcc.com\/is\/wp-json\/wp\/v2\/pages\/84","targetHints":{"allow":["GET"]}}],"collection":[{"href":"https:\/\/polarisnexuslcc.com\/is\/wp-json\/wp\/v2\/pages"}],"about":[{"href":"https:\/\/polarisnexuslcc.com\/is\/wp-json\/wp\/v2\/types\/page"}],"author":[{"embeddable":true,"href":"https:\/\/polarisnexuslcc.com\/is\/wp-json\/wp\/v2\/users\/1"}],"replies":[{"embeddable":true,"href":"https:\/\/polarisnexuslcc.com\/is\/wp-json\/wp\/v2\/comments?post=84"}],"version-history":[{"count":0,"href":"https:\/\/polarisnexuslcc.com\/is\/wp-json\/wp\/v2\/pages\/84\/revisions"}],"wp:attachment":[{"href":"https:\/\/polarisnexuslcc.com\/is\/wp-json\/wp\/v2\/media?parent=84"}],"curies":[{"name":"wp","href":"https:\/\/api.w.org\/{rel}","templated":true}]}}