{"id":20227,"date":"2025-09-05T10:19:06","date_gmt":"2025-09-05T10:19:06","guid":{"rendered":"https:\/\/polarisnexuslcc.com\/?page_id=20227"},"modified":"2025-09-05T10:19:07","modified_gmt":"2025-09-05T10:19:07","slug":"capital","status":"publish","type":"page","link":"https:\/\/polarisnexuslcc.com\/nb\/capital\/","title":{"rendered":"Hovedstad"},"content":{"rendered":"<p>P\u00e5 <strong>Polaris Nexus<\/strong>ble vi f\u00f8dt som et selskap med fokus p\u00e5 nettbaserte virksomheter. V\u00e5rt DNA ligger i digital innovasjon, skalerbarhet og b\u00e6rekraftig vekst. Men vi mener at et selskap i fremtiden ikke bare bygger prosjekter p\u00e5 Internett - det m\u00e5 ogs\u00e5 vite hvordan det skal forvalte og mangedoble sine \u00f8konomiske ressurser med en global visjon.<\/p>\n\n\n\n<p>Dette er hvordan <strong>Polaris Nexus Capital<\/strong> ble investeringsdivisjonen v\u00e5r opprettet. Vi forvalter en diversifisert portef\u00f8lje med en tilbakevendende og disiplinert tiln\u00e6rming.<\/p>\n\n\n\n<h2 class=\"wp-block-heading\">V\u00e5r visjon for investeringer<\/h2>\n\n\n\n<p>Hos Polaris Nexus Capital bruker vi den samme filosofien som driver de digitale prosjektene v\u00e5re:<\/p>\n\n\n\n<ul class=\"wp-block-list\">\n<li><strong>Vekstorientert tankesett<\/strong> \u2192 vi s\u00f8ker muligheter som gir langsiktig verdi.<\/li>\n\n\n\n<li><strong>Smart diversifisering<\/strong> \u2192 vi forst\u00e5r at fremtiden ikke ligger i en enkelt vei, men i flere velbalanserte horisonter.<\/li>\n\n\n\n<li><strong>Konstant innovasjon<\/strong> \u2192 vi utnytter analyse, teknologi og strategi for \u00e5 ligge et skritt foran.<\/li>\n<\/ul>\n\n\n\n<h2 class=\"wp-block-heading\">Hvorfor vi gj\u00f8r det<\/h2>\n\n\n\n<p>Vi tror nemlig at en oppstartsbedrifts suksess ikke bare avhenger av hva den skaper, men ogs\u00e5 av hvordan den forvalter energi, talent og kapital. For oss er investering en del av et st\u00f8rre \u00f8kosystem: \u00e5 styrke det \u00f8konomiske grunnlaget v\u00e5rt for \u00e5 fortsette \u00e5 drive digitale prosjekter, skape resultater og holde oss klare for nye muligheter.<\/p>\n\n\n\n<h2 class=\"wp-block-heading\">Ser fremover<\/h2>\n\n\n\n<p>Med <strong>Polaris Nexus Capital<\/strong>tar vi enda et skritt i retning av \u00e5 konsolidere Polaris Nexus som et konsern som ikke bare bygger nettbaserte virksomheter, men som ogs\u00e5 investerer med visjon, strategi og engasjement for fremtiden.<\/p>","protected":false},"excerpt":{"rendered":"<p>Polaris Nexus ble f\u00f8dt som et selskap med fokus p\u00e5 nettbaserte virksomheter. V\u00e5rt DNA ligger i digital innovasjon, skalerbarhet og b\u00e6rekraftig vekst. Men vi tror at et selskap i fremtiden ikke bare bygger prosjekter p\u00e5 Internett - det m\u00e5 ogs\u00e5 vite hvordan det skal forvalte og mangedoble sine \u00f8konomiske ressurser med en global ... <a title=\"Hovedstad\" class=\"read-more\" href=\"https:\/\/polarisnexuslcc.com\/nb\/capital\/\" aria-label=\"Read more about Capital\">Les mer<\/a><\/p>","protected":false},"author":1,"featured_media":0,"parent":0,"menu_order":0,"comment_status":"closed","ping_status":"closed","template":"","meta":{"footnotes":""},"class_list":["post-20227","page","type-page","status-publish"],"yoast_head":"<!-- This site is optimized with the Yoast SEO plugin v27.4 - https:\/\/yoast.com\/product\/yoast-seo-wordpress\/ -->\n<title>Capital - Polaris Nexus<\/title>\n<meta name=\"robots\" content=\"index, follow, max-snippet:-1, max-image-preview:large, max-video-preview:-1\" \/>\n<link rel=\"canonical\" href=\"https:\/\/polarisnexuslcc.com\/nb\/capital\/\" \/>\n<meta property=\"og:locale\" content=\"nb_NO\" \/>\n<meta property=\"og:type\" content=\"article\" \/>\n<meta property=\"og:title\" content=\"Capital - Polaris Nexus\" \/>\n<meta property=\"og:description\" content=\"At Polaris Nexus, we were born as a company focused on online businesses. Our DNA lies in digital innovation, scalability, and sustainable growth. But we believe that a company of the future doesn\u2019t just build projects on the internet \u2014 it must also know how to manage and multiply its financial resources with a global ... Les mer\" \/>\n<meta property=\"og:url\" content=\"https:\/\/polarisnexuslcc.com\/nb\/capital\/\" \/>\n<meta property=\"og:site_name\" content=\"Polaris Nexus\" \/>\n<meta property=\"article:modified_time\" content=\"2025-09-05T10:19:07+00:00\" \/>\n<meta name=\"twitter:card\" content=\"summary_large_image\" \/>\n<meta name=\"twitter:site\" content=\"@polarisnexuslcc\" \/>\n<meta name=\"twitter:label1\" content=\"Ansl. lesetid\" \/>\n\t<meta name=\"twitter:data1\" content=\"1 minutt\" \/>\n<script type=\"application\/ld+json\" class=\"yoast-schema-graph\">{\"@context\":\"https:\\\/\\\/schema.org\",\"@graph\":[{\"@type\":\"WebPage\",\"@id\":\"https:\\\/\\\/polarisnexuslcc.com\\\/capital\\\/\",\"url\":\"https:\\\/\\\/polarisnexuslcc.com\\\/capital\\\/\",\"name\":\"Capital - Polaris Nexus\",\"isPartOf\":{\"@id\":\"https:\\\/\\\/polarisnexuslcc.com\\\/#website\"},\"datePublished\":\"2025-09-05T10:19:06+00:00\",\"dateModified\":\"2025-09-05T10:19:07+00:00\",\"breadcrumb\":{\"@id\":\"https:\\\/\\\/polarisnexuslcc.com\\\/capital\\\/#breadcrumb\"},\"inLanguage\":\"nb-NO\",\"potentialAction\":[{\"@type\":\"ReadAction\",\"target\":[\"https:\\\/\\\/polarisnexuslcc.com\\\/capital\\\/\"]}]},{\"@type\":\"BreadcrumbList\",\"@id\":\"https:\\\/\\\/polarisnexuslcc.com\\\/capital\\\/#breadcrumb\",\"itemListElement\":[{\"@type\":\"ListItem\",\"position\":1,\"name\":\"Home\",\"item\":\"https:\\\/\\\/polarisnexuslcc.com\\\/\"},{\"@type\":\"ListItem\",\"position\":2,\"name\":\"Capital\"}]},{\"@type\":\"WebSite\",\"@id\":\"https:\\\/\\\/polarisnexuslcc.com\\\/#website\",\"url\":\"https:\\\/\\\/polarisnexuslcc.com\\\/\",\"name\":\"Polaris Nexus LCC\",\"description\":\"\",\"publisher\":{\"@id\":\"https:\\\/\\\/polarisnexuslcc.com\\\/#organization\"},\"potentialAction\":[{\"@type\":\"SearchAction\",\"target\":{\"@type\":\"EntryPoint\",\"urlTemplate\":\"https:\\\/\\\/polarisnexuslcc.com\\\/?s={search_term_string}\"},\"query-input\":{\"@type\":\"PropertyValueSpecification\",\"valueRequired\":true,\"valueName\":\"search_term_string\"}}],\"inLanguage\":\"nb-NO\"},{\"@type\":\"Organization\",\"@id\":\"https:\\\/\\\/polarisnexuslcc.com\\\/#organization\",\"name\":\"Polaris Nexus LCC\",\"url\":\"https:\\\/\\\/polarisnexuslcc.com\\\/\",\"logo\":{\"@type\":\"ImageObject\",\"inLanguage\":\"nb-NO\",\"@id\":\"https:\\\/\\\/polarisnexuslcc.com\\\/#\\\/schema\\\/logo\\\/image\\\/\",\"url\":\"https:\\\/\\\/polarisnexuslcc.com\\\/wp-content\\\/uploads\\\/2025\\\/08\\\/cropped-ChatGPT_Image_3_ago_2025__09_23_48-removebg-preview-1.png\",\"contentUrl\":\"https:\\\/\\\/polarisnexuslcc.com\\\/wp-content\\\/uploads\\\/2025\\\/08\\\/cropped-ChatGPT_Image_3_ago_2025__09_23_48-removebg-preview-1.png\",\"width\":500,\"height\":205,\"caption\":\"Polaris Nexus LCC\"},\"image\":{\"@id\":\"https:\\\/\\\/polarisnexuslcc.com\\\/#\\\/schema\\\/logo\\\/image\\\/\"},\"sameAs\":[\"https:\\\/\\\/x.com\\\/polarisnexuslcc\"]}]}<\/script>\n<!-- \/ Yoast SEO plugin. -->","yoast_head_json":{"title":"Capital - Polaris Nexus","robots":{"index":"index","follow":"follow","max-snippet":"max-snippet:-1","max-image-preview":"max-image-preview:large","max-video-preview":"max-video-preview:-1"},"canonical":"https:\/\/polarisnexuslcc.com\/nb\/capital\/","og_locale":"nb_NO","og_type":"article","og_title":"Capital - Polaris Nexus","og_description":"At Polaris Nexus, we were born as a company focused on online businesses. Our DNA lies in digital innovation, scalability, and sustainable growth. But we believe that a company of the future doesn\u2019t just build projects on the internet \u2014 it must also know how to manage and multiply its financial resources with a global ... Les mer","og_url":"https:\/\/polarisnexuslcc.com\/nb\/capital\/","og_site_name":"Polaris Nexus","article_modified_time":"2025-09-05T10:19:07+00:00","twitter_card":"summary_large_image","twitter_site":"@polarisnexuslcc","twitter_misc":{"Ansl. lesetid":"1 minutt"},"schema":{"@context":"https:\/\/schema.org","@graph":[{"@type":"WebPage","@id":"https:\/\/polarisnexuslcc.com\/capital\/","url":"https:\/\/polarisnexuslcc.com\/capital\/","name":"Capital - Polaris Nexus","isPartOf":{"@id":"https:\/\/polarisnexuslcc.com\/#website"},"datePublished":"2025-09-05T10:19:06+00:00","dateModified":"2025-09-05T10:19:07+00:00","breadcrumb":{"@id":"https:\/\/polarisnexuslcc.com\/capital\/#breadcrumb"},"inLanguage":"nb-NO","potentialAction":[{"@type":"ReadAction","target":["https:\/\/polarisnexuslcc.com\/capital\/"]}]},{"@type":"BreadcrumbList","@id":"https:\/\/polarisnexuslcc.com\/capital\/#breadcrumb","itemListElement":[{"@type":"ListItem","position":1,"name":"Home","item":"https:\/\/polarisnexuslcc.com\/"},{"@type":"ListItem","position":2,"name":"Capital"}]},{"@type":"WebSite","@id":"https:\/\/polarisnexuslcc.com\/#website","url":"https:\/\/polarisnexuslcc.com\/","name":"Polaris Nexus LCC","description":"","publisher":{"@id":"https:\/\/polarisnexuslcc.com\/#organization"},"potentialAction":[{"@type":"SearchAction","target":{"@type":"EntryPoint","urlTemplate":"https:\/\/polarisnexuslcc.com\/?s={search_term_string}"},"query-input":{"@type":"PropertyValueSpecification","valueRequired":true,"valueName":"search_term_string"}}],"inLanguage":"nb-NO"},{"@type":"Organization","@id":"https:\/\/polarisnexuslcc.com\/#organization","name":"Polaris Nexus LCC","url":"https:\/\/polarisnexuslcc.com\/","logo":{"@type":"ImageObject","inLanguage":"nb-NO","@id":"https:\/\/polarisnexuslcc.com\/#\/schema\/logo\/image\/","url":"https:\/\/polarisnexuslcc.com\/wp-content\/uploads\/2025\/08\/cropped-ChatGPT_Image_3_ago_2025__09_23_48-removebg-preview-1.png","contentUrl":"https:\/\/polarisnexuslcc.com\/wp-content\/uploads\/2025\/08\/cropped-ChatGPT_Image_3_ago_2025__09_23_48-removebg-preview-1.png","width":500,"height":205,"caption":"Polaris Nexus LCC"},"image":{"@id":"https:\/\/polarisnexuslcc.com\/#\/schema\/logo\/image\/"},"sameAs":["https:\/\/x.com\/polarisnexuslcc"]}]}},"_links":{"self":[{"href":"https:\/\/polarisnexuslcc.com\/nb\/wp-json\/wp\/v2\/pages\/20227","targetHints":{"allow":["GET"]}}],"collection":[{"href":"https:\/\/polarisnexuslcc.com\/nb\/wp-json\/wp\/v2\/pages"}],"about":[{"href":"https:\/\/polarisnexuslcc.com\/nb\/wp-json\/wp\/v2\/types\/page"}],"author":[{"embeddable":true,"href":"https:\/\/polarisnexuslcc.com\/nb\/wp-json\/wp\/v2\/users\/1"}],"replies":[{"embeddable":true,"href":"https:\/\/polarisnexuslcc.com\/nb\/wp-json\/wp\/v2\/comments?post=20227"}],"version-history":[{"count":0,"href":"https:\/\/polarisnexuslcc.com\/nb\/wp-json\/wp\/v2\/pages\/20227\/revisions"}],"wp:attachment":[{"href":"https:\/\/polarisnexuslcc.com\/nb\/wp-json\/wp\/v2\/media?parent=20227"}],"curies":[{"name":"wp","href":"https:\/\/api.w.org\/{rel}","templated":true}]}}