{"id":82,"date":"2022-05-10T20:36:42","date_gmt":"2022-05-10T19:36:42","guid":{"rendered":"https:\/\/gp-inbound.wordifysites.com\/?page_id=82"},"modified":"2025-08-16T10:18:38","modified_gmt":"2025-08-16T10:18:38","slug":"contact","status":"publish","type":"page","link":"https:\/\/polarisnexuslcc.com\/nb\/contact\/","title":{"rendered":"Kontakt"},"content":{"rendered":"<div class=\"wp-block-stackable-columns stk-block-columns stk-block stk-10d4b06\" data-block-id=\"10d4b06\"><style>.stk-10d4b06-column{--stk-columns-spacing:var(--stk--preset--spacing--60, 2.25rem) !important;}<\/style><div class=\"stk-row stk-inner-blocks stk-block-content stk-content-align stk-10d4b06-column\">\n<div class=\"wp-block-stackable-column stk-block-column stk-column stk-block stk-4dbb944\" data-v=\"4\" data-block-id=\"4dbb944\"><div class=\"stk-column-wrapper stk-block-column__content stk-container stk-4dbb944-container stk--no-background stk--no-padding\"><div class=\"stk-block-content stk-inner-blocks stk-4dbb944-inner-blocks\">\n<div class=\"wp-block-contact-form-7-contact-form-selector\">\n<div class=\"wpcf7 no-js\" id=\"wpcf7-f19954-o1\" lang=\"en-US\" dir=\"ltr\" data-wpcf7-id=\"19954\">\n<div class=\"screen-reader-response\"><p role=\"status\" aria-live=\"polite\" aria-atomic=\"true\"><\/p> <ul><\/ul><\/div>\n<form action=\"\/nb\/wp-json\/wp\/v2\/pages\/82#wpcf7-f19954-o1\" method=\"post\" class=\"wpcf7-form init\" aria-label=\"Contact form\" novalidate=\"novalidate\" data-status=\"init\" data-trp-original-action=\"\/nb\/wp-json\/wp\/v2\/pages\/82#wpcf7-f19954-o1\">\n<fieldset class=\"hidden-fields-container\"><input type=\"hidden\" name=\"_wpcf7\" value=\"19954\" \/><input type=\"hidden\" name=\"_wpcf7_version\" value=\"6.1.5\" \/><input type=\"hidden\" name=\"_wpcf7_locale\" value=\"en_US\" \/><input type=\"hidden\" name=\"_wpcf7_unit_tag\" value=\"wpcf7-f19954-o1\" \/><input type=\"hidden\" name=\"_wpcf7_container_post\" value=\"0\" \/><input type=\"hidden\" name=\"_wpcf7_posted_data_hash\" value=\"\" \/><input type=\"hidden\" name=\"_wpcf7_recaptcha_response\" value=\"\" \/>\n<\/fieldset>\n<p><label> Ditt navn<br \/>\n<span class=\"wpcf7-form-control-wrap\" data-name=\"your-name\"><input size=\"40\" maxlength=\"400\" class=\"wpcf7-form-control wpcf7-text wpcf7-validates-as-required\" autocomplete=\"name\" aria-required=\"true\" aria-invalid=\"false\" value=\"\" type=\"text\" name=\"your-name\" \/><\/span> <\/label>\n<\/p>\n<p><label> Din e-post<br \/>\n<span class=\"wpcf7-form-control-wrap\" data-name=\"your-email\"><input size=\"40\" maxlength=\"400\" class=\"wpcf7-form-control wpcf7-email wpcf7-validates-as-required wpcf7-text wpcf7-validates-as-email\" autocomplete=\"email\" aria-required=\"true\" aria-invalid=\"false\" value=\"\" type=\"email\" name=\"your-email\" \/><\/span> <\/label>\n<\/p>\n<p><label> Emne<br \/>\n<span class=\"wpcf7-form-control-wrap\" data-name=\"your-subject\"><input size=\"40\" maxlength=\"400\" class=\"wpcf7-form-control wpcf7-text wpcf7-validates-as-required\" aria-required=\"true\" aria-invalid=\"false\" value=\"\" type=\"text\" name=\"your-subject\" \/><\/span> <\/label>\n<\/p>\n<p><label> Meldingen din (valgfritt)<br \/>\n<span class=\"wpcf7-form-control-wrap\" data-name=\"your-message\"><textarea cols=\"40\" rows=\"10\" maxlength=\"2000\" class=\"wpcf7-form-control wpcf7-textarea\" aria-invalid=\"false\" name=\"your-message\"><\/textarea><\/span> <\/label>\n<\/p>\n<p><input class=\"wpcf7-form-control wpcf7-submit has-spinner\" type=\"submit\" value=\"Send inn\" \/>\n<\/p><div class=\"wpcf7-response-output\" aria-hidden=\"true\"><\/div>\n<input type=\"hidden\" name=\"trp-form-language\" value=\"nb\"\/><\/form>\n<\/div>\n<\/div>\n<\/div><\/div><\/div>\n\n\n\n<div class=\"wp-block-stackable-column stk-block-column stk-column stk-block stk-d58009d\" data-v=\"4\" data-block-id=\"d58009d\"><style>.stk-d58009d {align-self:center !important;}<\/style><div class=\"stk-column-wrapper stk-block-column__content stk-container stk-d58009d-container stk--no-background stk--no-padding\"><div class=\"stk-block-content stk-inner-blocks stk-d58009d-inner-blocks\">\n<h3 class=\"gb-text gb-text-5ada281f\">jobbe sammen med oss<\/h3>\n\n\n\n<p class=\"gb-text\">P\u00e5 <strong>Polaris Nexus<\/strong> vi er p\u00e5 utkikk etter <strong>ekspertprofiler p\u00e5 ulike omr\u00e5der av det digitale landskapet<\/strong>Vi har et bredt spekter av oppgaver: internasjonal SEO, lokalisering og oversettelse, nettutvikling, e-handel, tekstforfattere, design, sosiale medier og automatisering. Hvis du er frilanser og \u00f8nsker \u00e5 v\u00e6re en del av et globalt, fleksibelt team med fokus p\u00e5 internasjonalisering av digitale virksomheter, vil vi gjerne h\u00f8re fra deg.<\/p>\n\n\n\n<p><\/p>\n\n\n\n<p class=\"gb-text-ed2c8cc1\"><span class=\"gb-shape\"><svg aria-hidden=\"true\" role=\"img\" height=\"1em\" width=\"1em\" viewbox=\"0 0 512 512\" xmlns=\"http:\/\/www.w3.org\/2000\/svg\"><path fill=\"currentColor\" d=\"M464 64H48C21.49 64 0 85.49 0 112v288c0 26.51 21.49 48 48 48h416c26.51 0 48-21.49 48-48V112c0-26.51-21.49-48-48-48zm0 48v40.805c-22.422 18.259-58.168 46.651-134.587 106.49-16.841 13.247-50.201 45.072-73.413 44.701-23.208.375-56.579-31.459-73.413-44.701C106.18 199.465 70.425 171.067 48 152.805V112h416zM48 400V214.398c22.914 18.251 55.409 43.862 104.938 82.646 21.857 17.205 60.134 55.186 103.062 54.955 42.717.231 80.509-37.199 103.053-54.947 49.528-38.783 82.032-64.401 104.947-82.653V400H48z\"><\/path><\/svg><\/span><span class=\"gb-text\"><a href=\"mailto:hello@inbound.com\">hello@polarisnexuslcc.com<\/a><\/span><\/p>\n\n\n\n<p class=\"gb-text-73408c10\"><span class=\"gb-shape\"><svg viewbox=\"0 0 368.666 368.666\" xmlns=\"http:\/\/www.w3.org\/2000\/svg\"><path d=\"M184.333 0C102.011 0 35.037 66.974 35.037 149.297c0 33.968 11.132 65.959 32.193 92.515C94.5 276.195 173.8 357.833 177.164 361.291l7.169 7.375 7.17-7.374c3.363-3.459 82.688-85.116 109.963-119.51 21.042-26.534 32.164-58.515 32.164-92.485C333.63 66.974 266.656 0 184.333 0zm101.464 229.355c-21.957 27.687-80.921 89.278-101.463 110.581-20.54-21.302-79.482-82.875-101.434-110.552-18.23-22.984-27.863-50.677-27.863-80.087C55.037 78.002 113.039 20 184.333 20S313.63 78.002 313.63 149.297c0 29.411-9.625 57.095-27.833 80.058z\"><\/path><path d=\"M184.333 59.265c-48.729 0-88.374 39.645-88.374 88.374s39.644 88.374 88.374 88.374 88.374-39.644 88.374-88.374c.001-48.73-39.644-88.374-88.374-88.374zm0 156.748c-37.701 0-68.374-30.672-68.374-68.374s30.672-68.374 68.374-68.374 68.374 30.672 68.374 68.374c.001 37.701-30.673 68.374-68.374 68.374z\"><\/path><path d=\"m180.672 154.314-25.112-19.98-12.453 15.652 40.69 32.371 43.333-53.934-15.593-12.526z\"><\/path><\/svg><\/span><span class=\"gb-text\">1621 CENTRAL AVE, CHEYENNE, WY 82001<\/span><\/p>\n<\/div><\/div><\/div>\n<\/div><\/div>","protected":false},"excerpt":{"rendered":"<p>work whit Us At Polaris Nexus we are looking for expert profiles in different areas of the digital landscape: international SEO, localization and translation, web development, e-commerce, copywriting, design, social media, and automation. If you are a freelancer and want to be part of a global, flexible team focused on the internationalization of digital businesses, &#8230; <a title=\"Kontakt\" class=\"read-more\" href=\"https:\/\/polarisnexuslcc.com\/nb\/contact\/\" aria-label=\"Read more about Contact\">Les mer<\/a><\/p>","protected":false},"author":1,"featured_media":0,"parent":0,"menu_order":0,"comment_status":"closed","ping_status":"closed","template":"","meta":{"footnotes":""},"class_list":["post-82","page","type-page","status-publish"],"yoast_head":"<!-- This site is optimized with the Yoast SEO plugin v27.5 - https:\/\/yoast.com\/product\/yoast-seo-wordpress\/ -->\n<title>Contact - Polaris Nexus<\/title>\n<meta name=\"robots\" content=\"index, follow, max-snippet:-1, max-image-preview:large, max-video-preview:-1\" \/>\n<link rel=\"canonical\" href=\"https:\/\/polarisnexuslcc.com\/nb\/contact\/\" \/>\n<meta property=\"og:locale\" content=\"nb_NO\" \/>\n<meta property=\"og:type\" content=\"article\" \/>\n<meta property=\"og:title\" content=\"Contact - Polaris Nexus\" \/>\n<meta property=\"og:description\" content=\"work whit Us At Polaris Nexus we are looking for expert profiles in different areas of the digital landscape: international SEO, localization and translation, web development, e-commerce, copywriting, design, social media, and automation. If you are a freelancer and want to be part of a global, flexible team focused on the internationalization of digital businesses, ... Les mer\" \/>\n<meta property=\"og:url\" content=\"https:\/\/polarisnexuslcc.com\/nb\/contact\/\" \/>\n<meta property=\"og:site_name\" content=\"Polaris Nexus\" \/>\n<meta property=\"article:modified_time\" content=\"2025-08-16T10:18:38+00:00\" \/>\n<meta name=\"twitter:card\" content=\"summary_large_image\" \/>\n<meta name=\"twitter:site\" content=\"@polarisnexuslcc\" \/>\n<meta name=\"twitter:label1\" content=\"Ansl. lesetid\" \/>\n\t<meta name=\"twitter:data1\" content=\"1 minutt\" \/>\n<script type=\"application\/ld+json\" class=\"yoast-schema-graph\">{\"@context\":\"https:\\\/\\\/schema.org\",\"@graph\":[{\"@type\":\"WebPage\",\"@id\":\"https:\\\/\\\/polarisnexuslcc.com\\\/contact\\\/\",\"url\":\"https:\\\/\\\/polarisnexuslcc.com\\\/contact\\\/\",\"name\":\"Contact - Polaris Nexus\",\"isPartOf\":{\"@id\":\"https:\\\/\\\/polarisnexuslcc.com\\\/#website\"},\"datePublished\":\"2022-05-10T19:36:42+00:00\",\"dateModified\":\"2025-08-16T10:18:38+00:00\",\"breadcrumb\":{\"@id\":\"https:\\\/\\\/polarisnexuslcc.com\\\/contact\\\/#breadcrumb\"},\"inLanguage\":\"nb-NO\",\"potentialAction\":[{\"@type\":\"ReadAction\",\"target\":[\"https:\\\/\\\/polarisnexuslcc.com\\\/contact\\\/\"]}]},{\"@type\":\"BreadcrumbList\",\"@id\":\"https:\\\/\\\/polarisnexuslcc.com\\\/contact\\\/#breadcrumb\",\"itemListElement\":[{\"@type\":\"ListItem\",\"position\":1,\"name\":\"Home\",\"item\":\"https:\\\/\\\/polarisnexuslcc.com\\\/\"},{\"@type\":\"ListItem\",\"position\":2,\"name\":\"Contact\"}]},{\"@type\":\"WebSite\",\"@id\":\"https:\\\/\\\/polarisnexuslcc.com\\\/#website\",\"url\":\"https:\\\/\\\/polarisnexuslcc.com\\\/\",\"name\":\"Polaris Nexus LCC\",\"description\":\"\",\"publisher\":{\"@id\":\"https:\\\/\\\/polarisnexuslcc.com\\\/#organization\"},\"potentialAction\":[{\"@type\":\"SearchAction\",\"target\":{\"@type\":\"EntryPoint\",\"urlTemplate\":\"https:\\\/\\\/polarisnexuslcc.com\\\/?s={search_term_string}\"},\"query-input\":{\"@type\":\"PropertyValueSpecification\",\"valueRequired\":true,\"valueName\":\"search_term_string\"}}],\"inLanguage\":\"nb-NO\"},{\"@type\":\"Organization\",\"@id\":\"https:\\\/\\\/polarisnexuslcc.com\\\/#organization\",\"name\":\"Polaris Nexus LCC\",\"url\":\"https:\\\/\\\/polarisnexuslcc.com\\\/\",\"logo\":{\"@type\":\"ImageObject\",\"inLanguage\":\"nb-NO\",\"@id\":\"https:\\\/\\\/polarisnexuslcc.com\\\/#\\\/schema\\\/logo\\\/image\\\/\",\"url\":\"https:\\\/\\\/polarisnexuslcc.com\\\/wp-content\\\/uploads\\\/2025\\\/08\\\/cropped-ChatGPT_Image_3_ago_2025__09_23_48-removebg-preview-1.png\",\"contentUrl\":\"https:\\\/\\\/polarisnexuslcc.com\\\/wp-content\\\/uploads\\\/2025\\\/08\\\/cropped-ChatGPT_Image_3_ago_2025__09_23_48-removebg-preview-1.png\",\"width\":500,\"height\":205,\"caption\":\"Polaris Nexus LCC\"},\"image\":{\"@id\":\"https:\\\/\\\/polarisnexuslcc.com\\\/#\\\/schema\\\/logo\\\/image\\\/\"},\"sameAs\":[\"https:\\\/\\\/x.com\\\/polarisnexuslcc\"]}]}<\/script>\n<!-- \/ Yoast SEO plugin. -->","yoast_head_json":{"title":"Contact - Polaris Nexus","robots":{"index":"index","follow":"follow","max-snippet":"max-snippet:-1","max-image-preview":"max-image-preview:large","max-video-preview":"max-video-preview:-1"},"canonical":"https:\/\/polarisnexuslcc.com\/nb\/contact\/","og_locale":"nb_NO","og_type":"article","og_title":"Contact - Polaris Nexus","og_description":"work whit Us At Polaris Nexus we are looking for expert profiles in different areas of the digital landscape: international SEO, localization and translation, web development, e-commerce, copywriting, design, social media, and automation. If you are a freelancer and want to be part of a global, flexible team focused on the internationalization of digital businesses, ... Les mer","og_url":"https:\/\/polarisnexuslcc.com\/nb\/contact\/","og_site_name":"Polaris Nexus","article_modified_time":"2025-08-16T10:18:38+00:00","twitter_card":"summary_large_image","twitter_site":"@polarisnexuslcc","twitter_misc":{"Ansl. lesetid":"1 minutt"},"schema":{"@context":"https:\/\/schema.org","@graph":[{"@type":"WebPage","@id":"https:\/\/polarisnexuslcc.com\/contact\/","url":"https:\/\/polarisnexuslcc.com\/contact\/","name":"Contact - Polaris Nexus","isPartOf":{"@id":"https:\/\/polarisnexuslcc.com\/#website"},"datePublished":"2022-05-10T19:36:42+00:00","dateModified":"2025-08-16T10:18:38+00:00","breadcrumb":{"@id":"https:\/\/polarisnexuslcc.com\/contact\/#breadcrumb"},"inLanguage":"nb-NO","potentialAction":[{"@type":"ReadAction","target":["https:\/\/polarisnexuslcc.com\/contact\/"]}]},{"@type":"BreadcrumbList","@id":"https:\/\/polarisnexuslcc.com\/contact\/#breadcrumb","itemListElement":[{"@type":"ListItem","position":1,"name":"Home","item":"https:\/\/polarisnexuslcc.com\/"},{"@type":"ListItem","position":2,"name":"Contact"}]},{"@type":"WebSite","@id":"https:\/\/polarisnexuslcc.com\/#website","url":"https:\/\/polarisnexuslcc.com\/","name":"Polaris Nexus LCC","description":"","publisher":{"@id":"https:\/\/polarisnexuslcc.com\/#organization"},"potentialAction":[{"@type":"SearchAction","target":{"@type":"EntryPoint","urlTemplate":"https:\/\/polarisnexuslcc.com\/?s={search_term_string}"},"query-input":{"@type":"PropertyValueSpecification","valueRequired":true,"valueName":"search_term_string"}}],"inLanguage":"nb-NO"},{"@type":"Organization","@id":"https:\/\/polarisnexuslcc.com\/#organization","name":"Polaris Nexus LCC","url":"https:\/\/polarisnexuslcc.com\/","logo":{"@type":"ImageObject","inLanguage":"nb-NO","@id":"https:\/\/polarisnexuslcc.com\/#\/schema\/logo\/image\/","url":"https:\/\/polarisnexuslcc.com\/wp-content\/uploads\/2025\/08\/cropped-ChatGPT_Image_3_ago_2025__09_23_48-removebg-preview-1.png","contentUrl":"https:\/\/polarisnexuslcc.com\/wp-content\/uploads\/2025\/08\/cropped-ChatGPT_Image_3_ago_2025__09_23_48-removebg-preview-1.png","width":500,"height":205,"caption":"Polaris Nexus LCC"},"image":{"@id":"https:\/\/polarisnexuslcc.com\/#\/schema\/logo\/image\/"},"sameAs":["https:\/\/x.com\/polarisnexuslcc"]}]}},"_links":{"self":[{"href":"https:\/\/polarisnexuslcc.com\/nb\/wp-json\/wp\/v2\/pages\/82","targetHints":{"allow":["GET"]}}],"collection":[{"href":"https:\/\/polarisnexuslcc.com\/nb\/wp-json\/wp\/v2\/pages"}],"about":[{"href":"https:\/\/polarisnexuslcc.com\/nb\/wp-json\/wp\/v2\/types\/page"}],"author":[{"embeddable":true,"href":"https:\/\/polarisnexuslcc.com\/nb\/wp-json\/wp\/v2\/users\/1"}],"replies":[{"embeddable":true,"href":"https:\/\/polarisnexuslcc.com\/nb\/wp-json\/wp\/v2\/comments?post=82"}],"version-history":[{"count":0,"href":"https:\/\/polarisnexuslcc.com\/nb\/wp-json\/wp\/v2\/pages\/82\/revisions"}],"wp:attachment":[{"href":"https:\/\/polarisnexuslcc.com\/nb\/wp-json\/wp\/v2\/media?parent=82"}],"curies":[{"name":"wp","href":"https:\/\/api.w.org\/{rel}","templated":true}]}}