{"id":20227,"date":"2025-09-05T10:19:06","date_gmt":"2025-09-05T10:19:06","guid":{"rendered":"https:\/\/polarisnexuslcc.com\/?page_id=20227"},"modified":"2025-09-05T10:19:07","modified_gmt":"2025-09-05T10:19:07","slug":"capital","status":"publish","type":"page","link":"https:\/\/polarisnexuslcc.com\/pt\/capital\/","title":{"rendered":"Capital"},"content":{"rendered":"<p>Em <strong>Nexus Polaris<\/strong>Na d\u00e9cada de 1970, nascemos como uma empresa focada em neg\u00f3cios on-line. Nosso DNA est\u00e1 na inova\u00e7\u00e3o digital, na escalabilidade e no crescimento sustent\u00e1vel. Mas acreditamos que uma empresa do futuro n\u00e3o se limita a construir projetos na Internet - ela tamb\u00e9m deve saber como gerenciar e multiplicar seus recursos financeiros com uma vis\u00e3o global.<\/p>\n\n\n\n<p>\u00c9 assim que <strong>Polaris Nexus Capital<\/strong> foi criada a nossa divis\u00e3o de investimentos. Gerenciamos um portf\u00f3lio diversificado com uma abordagem recorrente e disciplinada.<\/p>\n\n\n\n<h2 class=\"wp-block-heading\">Nossa vis\u00e3o de investimento<\/h2>\n\n\n\n<p>Na Polaris Nexus Capital, aplicamos a mesma filosofia que orienta nossos projetos digitais:<\/p>\n\n\n\n<ul class=\"wp-block-list\">\n<li><strong>Mentalidade de crescimento<\/strong> \u2192 buscamos oportunidades que proporcionem valor a longo prazo.<\/li>\n\n\n\n<li><strong>Diversifica\u00e7\u00e3o inteligente<\/strong> \u2192 entendemos que o futuro n\u00e3o est\u00e1 em um \u00fanico caminho, mas em v\u00e1rios horizontes bem equilibrados.<\/li>\n\n\n\n<li><strong>Inova\u00e7\u00e3o constante<\/strong> \u2192 Aproveitamos a an\u00e1lise, a tecnologia e a estrat\u00e9gia para estarmos sempre um passo \u00e0 frente.<\/li>\n<\/ul>\n\n\n\n<h2 class=\"wp-block-heading\">Por que fazemos isso<\/h2>\n\n\n\n<p>Porque acreditamos que o sucesso de uma startup depende n\u00e3o apenas do que ela cria, mas tamb\u00e9m de como ela gerencia sua energia, seu talento e seu capital. Para n\u00f3s, investir faz parte de um ecossistema mais amplo: fortalecer nossa base financeira para continuar a conduzir projetos digitais, gerar impacto e estar prontos para novas oportunidades.<\/p>\n\n\n\n<h2 class=\"wp-block-heading\">Olhando para o futuro<\/h2>\n\n\n\n<p>Com <strong>Polaris Nexus Capital<\/strong>Com o lan\u00e7amento da Polaris Nexus, demos mais um passo em dire\u00e7\u00e3o \u00e0 consolida\u00e7\u00e3o da Polaris Nexus como um grupo que n\u00e3o apenas constr\u00f3i neg\u00f3cios on-line, mas tamb\u00e9m investe com vis\u00e3o, estrat\u00e9gia e compromisso com o futuro.<\/p>","protected":false},"excerpt":{"rendered":"<p>At Polaris Nexus, we were born as a company focused on online businesses. Our DNA lies in digital innovation, scalability, and sustainable growth. But we believe that a company of the future doesn\u2019t just build projects on the internet \u2014 it must also know how to manage and multiply its financial resources with a global &#8230; <a title=\"Capital\" class=\"read-more\" href=\"https:\/\/polarisnexuslcc.com\/pt\/capital\/\" aria-label=\"Read more about Capital\">Ler mais<\/a><\/p>","protected":false},"author":1,"featured_media":0,"parent":0,"menu_order":0,"comment_status":"closed","ping_status":"closed","template":"","meta":{"footnotes":""},"class_list":["post-20227","page","type-page","status-publish"],"yoast_head":"<!-- This site is optimized with the Yoast SEO plugin v27.4 - https:\/\/yoast.com\/product\/yoast-seo-wordpress\/ -->\n<title>Capital - Polaris Nexus<\/title>\n<meta name=\"robots\" content=\"index, follow, max-snippet:-1, max-image-preview:large, max-video-preview:-1\" \/>\n<link rel=\"canonical\" href=\"https:\/\/polarisnexuslcc.com\/pt\/capital\/\" \/>\n<meta property=\"og:locale\" content=\"pt_BR\" \/>\n<meta property=\"og:type\" content=\"article\" \/>\n<meta property=\"og:title\" content=\"Capital - Polaris Nexus\" \/>\n<meta property=\"og:description\" content=\"At Polaris Nexus, we were born as a company focused on online businesses. Our DNA lies in digital innovation, scalability, and sustainable growth. But we believe that a company of the future doesn\u2019t just build projects on the internet \u2014 it must also know how to manage and multiply its financial resources with a global ... Ler mais\" \/>\n<meta property=\"og:url\" content=\"https:\/\/polarisnexuslcc.com\/pt\/capital\/\" \/>\n<meta property=\"og:site_name\" content=\"Polaris Nexus\" \/>\n<meta property=\"article:modified_time\" content=\"2025-09-05T10:19:07+00:00\" \/>\n<meta name=\"twitter:card\" content=\"summary_large_image\" \/>\n<meta name=\"twitter:site\" content=\"@polarisnexuslcc\" \/>\n<meta name=\"twitter:label1\" content=\"Est. tempo de leitura\" \/>\n\t<meta name=\"twitter:data1\" content=\"1 minuto\" \/>\n<script type=\"application\/ld+json\" class=\"yoast-schema-graph\">{\"@context\":\"https:\\\/\\\/schema.org\",\"@graph\":[{\"@type\":\"WebPage\",\"@id\":\"https:\\\/\\\/polarisnexuslcc.com\\\/capital\\\/\",\"url\":\"https:\\\/\\\/polarisnexuslcc.com\\\/capital\\\/\",\"name\":\"Capital - Polaris Nexus\",\"isPartOf\":{\"@id\":\"https:\\\/\\\/polarisnexuslcc.com\\\/#website\"},\"datePublished\":\"2025-09-05T10:19:06+00:00\",\"dateModified\":\"2025-09-05T10:19:07+00:00\",\"breadcrumb\":{\"@id\":\"https:\\\/\\\/polarisnexuslcc.com\\\/capital\\\/#breadcrumb\"},\"inLanguage\":\"pt-BR\",\"potentialAction\":[{\"@type\":\"ReadAction\",\"target\":[\"https:\\\/\\\/polarisnexuslcc.com\\\/capital\\\/\"]}]},{\"@type\":\"BreadcrumbList\",\"@id\":\"https:\\\/\\\/polarisnexuslcc.com\\\/capital\\\/#breadcrumb\",\"itemListElement\":[{\"@type\":\"ListItem\",\"position\":1,\"name\":\"Home\",\"item\":\"https:\\\/\\\/polarisnexuslcc.com\\\/\"},{\"@type\":\"ListItem\",\"position\":2,\"name\":\"Capital\"}]},{\"@type\":\"WebSite\",\"@id\":\"https:\\\/\\\/polarisnexuslcc.com\\\/#website\",\"url\":\"https:\\\/\\\/polarisnexuslcc.com\\\/\",\"name\":\"Polaris Nexus LCC\",\"description\":\"\",\"publisher\":{\"@id\":\"https:\\\/\\\/polarisnexuslcc.com\\\/#organization\"},\"potentialAction\":[{\"@type\":\"SearchAction\",\"target\":{\"@type\":\"EntryPoint\",\"urlTemplate\":\"https:\\\/\\\/polarisnexuslcc.com\\\/?s={search_term_string}\"},\"query-input\":{\"@type\":\"PropertyValueSpecification\",\"valueRequired\":true,\"valueName\":\"search_term_string\"}}],\"inLanguage\":\"pt-BR\"},{\"@type\":\"Organization\",\"@id\":\"https:\\\/\\\/polarisnexuslcc.com\\\/#organization\",\"name\":\"Polaris Nexus LCC\",\"url\":\"https:\\\/\\\/polarisnexuslcc.com\\\/\",\"logo\":{\"@type\":\"ImageObject\",\"inLanguage\":\"pt-BR\",\"@id\":\"https:\\\/\\\/polarisnexuslcc.com\\\/#\\\/schema\\\/logo\\\/image\\\/\",\"url\":\"https:\\\/\\\/polarisnexuslcc.com\\\/wp-content\\\/uploads\\\/2025\\\/08\\\/cropped-ChatGPT_Image_3_ago_2025__09_23_48-removebg-preview-1.png\",\"contentUrl\":\"https:\\\/\\\/polarisnexuslcc.com\\\/wp-content\\\/uploads\\\/2025\\\/08\\\/cropped-ChatGPT_Image_3_ago_2025__09_23_48-removebg-preview-1.png\",\"width\":500,\"height\":205,\"caption\":\"Polaris Nexus LCC\"},\"image\":{\"@id\":\"https:\\\/\\\/polarisnexuslcc.com\\\/#\\\/schema\\\/logo\\\/image\\\/\"},\"sameAs\":[\"https:\\\/\\\/x.com\\\/polarisnexuslcc\"]}]}<\/script>\n<!-- \/ Yoast SEO plugin. -->","yoast_head_json":{"title":"Capital - Polaris Nexus","robots":{"index":"index","follow":"follow","max-snippet":"max-snippet:-1","max-image-preview":"max-image-preview:large","max-video-preview":"max-video-preview:-1"},"canonical":"https:\/\/polarisnexuslcc.com\/pt\/capital\/","og_locale":"pt_BR","og_type":"article","og_title":"Capital - Polaris Nexus","og_description":"At Polaris Nexus, we were born as a company focused on online businesses. Our DNA lies in digital innovation, scalability, and sustainable growth. But we believe that a company of the future doesn\u2019t just build projects on the internet \u2014 it must also know how to manage and multiply its financial resources with a global ... Ler mais","og_url":"https:\/\/polarisnexuslcc.com\/pt\/capital\/","og_site_name":"Polaris Nexus","article_modified_time":"2025-09-05T10:19:07+00:00","twitter_card":"summary_large_image","twitter_site":"@polarisnexuslcc","twitter_misc":{"Est. tempo de leitura":"1 minuto"},"schema":{"@context":"https:\/\/schema.org","@graph":[{"@type":"WebPage","@id":"https:\/\/polarisnexuslcc.com\/capital\/","url":"https:\/\/polarisnexuslcc.com\/capital\/","name":"Capital - Polaris Nexus","isPartOf":{"@id":"https:\/\/polarisnexuslcc.com\/#website"},"datePublished":"2025-09-05T10:19:06+00:00","dateModified":"2025-09-05T10:19:07+00:00","breadcrumb":{"@id":"https:\/\/polarisnexuslcc.com\/capital\/#breadcrumb"},"inLanguage":"pt-BR","potentialAction":[{"@type":"ReadAction","target":["https:\/\/polarisnexuslcc.com\/capital\/"]}]},{"@type":"BreadcrumbList","@id":"https:\/\/polarisnexuslcc.com\/capital\/#breadcrumb","itemListElement":[{"@type":"ListItem","position":1,"name":"Home","item":"https:\/\/polarisnexuslcc.com\/"},{"@type":"ListItem","position":2,"name":"Capital"}]},{"@type":"WebSite","@id":"https:\/\/polarisnexuslcc.com\/#website","url":"https:\/\/polarisnexuslcc.com\/","name":"Polaris Nexus LCC","description":"","publisher":{"@id":"https:\/\/polarisnexuslcc.com\/#organization"},"potentialAction":[{"@type":"SearchAction","target":{"@type":"EntryPoint","urlTemplate":"https:\/\/polarisnexuslcc.com\/?s={search_term_string}"},"query-input":{"@type":"PropertyValueSpecification","valueRequired":true,"valueName":"search_term_string"}}],"inLanguage":"pt-BR"},{"@type":"Organization","@id":"https:\/\/polarisnexuslcc.com\/#organization","name":"Polaris Nexus LCC","url":"https:\/\/polarisnexuslcc.com\/","logo":{"@type":"ImageObject","inLanguage":"pt-BR","@id":"https:\/\/polarisnexuslcc.com\/#\/schema\/logo\/image\/","url":"https:\/\/polarisnexuslcc.com\/wp-content\/uploads\/2025\/08\/cropped-ChatGPT_Image_3_ago_2025__09_23_48-removebg-preview-1.png","contentUrl":"https:\/\/polarisnexuslcc.com\/wp-content\/uploads\/2025\/08\/cropped-ChatGPT_Image_3_ago_2025__09_23_48-removebg-preview-1.png","width":500,"height":205,"caption":"Polaris Nexus LCC"},"image":{"@id":"https:\/\/polarisnexuslcc.com\/#\/schema\/logo\/image\/"},"sameAs":["https:\/\/x.com\/polarisnexuslcc"]}]}},"_links":{"self":[{"href":"https:\/\/polarisnexuslcc.com\/pt\/wp-json\/wp\/v2\/pages\/20227","targetHints":{"allow":["GET"]}}],"collection":[{"href":"https:\/\/polarisnexuslcc.com\/pt\/wp-json\/wp\/v2\/pages"}],"about":[{"href":"https:\/\/polarisnexuslcc.com\/pt\/wp-json\/wp\/v2\/types\/page"}],"author":[{"embeddable":true,"href":"https:\/\/polarisnexuslcc.com\/pt\/wp-json\/wp\/v2\/users\/1"}],"replies":[{"embeddable":true,"href":"https:\/\/polarisnexuslcc.com\/pt\/wp-json\/wp\/v2\/comments?post=20227"}],"version-history":[{"count":0,"href":"https:\/\/polarisnexuslcc.com\/pt\/wp-json\/wp\/v2\/pages\/20227\/revisions"}],"wp:attachment":[{"href":"https:\/\/polarisnexuslcc.com\/pt\/wp-json\/wp\/v2\/media?parent=20227"}],"curies":[{"name":"wp","href":"https:\/\/api.w.org\/{rel}","templated":true}]}}