{"id":78,"date":"2022-05-10T20:33:06","date_gmt":"2022-05-10T19:33:06","guid":{"rendered":"https:\/\/gp-inbound.wordifysites.com\/?page_id=78"},"modified":"2025-08-16T09:58:31","modified_gmt":"2025-08-16T09:58:31","slug":"about-us","status":"publish","type":"page","link":"https:\/\/polarisnexuslcc.com\/pt\/about-us\/","title":{"rendered":"Quem somos"},"content":{"rendered":"<div class=\"wp-block-stackable-columns stk-block-columns stk-block stk-d438973\" data-block-id=\"d438973\"><div class=\"stk-row stk-inner-blocks stk-block-content stk-content-align stk-d438973-column\">\n<div class=\"wp-block-stackable-column stk-block-column stk-column stk-block stk-fd33cf7\" data-v=\"4\" data-block-id=\"fd33cf7\"><style>.stk-fd33cf7-container{margin-top:var(--stk--preset--spacing--70, 3.38rem) !important;margin-right:var(--stk--preset--spacing--70, 3.38rem) !important;margin-bottom:var(--stk--preset--spacing--70, 3.38rem) !important;margin-left:var(--stk--preset--spacing--70, 3.38rem) !important;}<\/style><div class=\"stk-column-wrapper stk-block-column__content stk-container stk-fd33cf7-container stk--no-background stk--no-padding\"><div class=\"stk-block-content stk-inner-blocks stk-fd33cf7-inner-blocks\">\n<p>A Polaris Nexus LLC \u00e9 uma empresa com prioridade digital criada para ajudar empresas de qualquer tamanho e setor a se expandirem al\u00e9m das fronteiras. Com uma base operacional distribu\u00edda, nos especializamos na cria\u00e7\u00e3o de estrat\u00e9gias e ativos digitais escal\u00e1veis que capacitam as marcas a entrar em novos mercados com precis\u00e3o cultural, tecnologia s\u00f3lida e opera\u00e7\u00f5es enxutas.<\/p>\n\n\n\n<p>Diferentemente das startups de tecnologia tradicionais que buscam um crescimento r\u00e1pido e insustent\u00e1vel, a Polaris Nexus foi fundada em um <strong>filosofia enxuta e lucrativa<\/strong>: cria\u00e7\u00e3o de empresas digitais globais, lucrativas e resilientes desde o in\u00edcio.<\/p>\n\n\n\n<h3 class=\"wp-block-heading\"><strong><span style=\"color: #000000;\" class=\"stk-highlight\">Nossa miss\u00e3o<\/span><\/strong><\/h3>\n\n\n\n<p>Nossa miss\u00e3o \u00e9 simples, mas ambiciosa:<br><strong>para transformar empresas digitais locais em marcas globais<\/strong> combinando SEO internacional, localiza\u00e7\u00e3o cultural, tecnologia escal\u00e1vel e estrat\u00e9gias de crescimento que funcionam em todos os mercados.<\/p>\n\n\n\n<p>Acreditamos que o futuro pertence \u00e0s empresas que conseguem se adaptar rapidamente, respeitar a diversidade cultural e operar com efici\u00eancia. Nosso papel \u00e9 fornecer o roteiro, a tecnologia e a execu\u00e7\u00e3o para tornar isso poss\u00edvel.<\/p>\n\n\n\n<h3 class=\"wp-block-heading\"><strong><span style=\"color: #000000;\" class=\"stk-highlight\">Sobre n\u00f3s<\/span><\/strong><\/h3>\n\n\n\n<p>Na Polaris Nexus, n\u00f3s:<\/p>\n\n\n\n<ul class=\"wp-block-list\">\n<li>Parceria com <strong>empreendedores digitais<\/strong> que buscam ampliar suas ideias validadas.<\/li>\n\n\n\n<li>Ajuda <strong>criadores e educadores de nicho<\/strong> transformar o conhecimento em neg\u00f3cios globais.<\/li>\n\n\n\n<li>Suporte <strong>marcas em est\u00e1gio de crescimento<\/strong> na expans\u00e3o para novos mercados com clareza.<\/li>\n\n\n\n<li>Guia <strong>neg\u00f3cios tradicionais<\/strong> transi\u00e7\u00e3o on-line e internacionaliza\u00e7\u00e3o.<\/li>\n<\/ul>\n\n\n\n<p>Ajudamos a lan\u00e7ar plataformas em mais de <strong>75 pa\u00edses<\/strong>, apoiando o conte\u00fado e o com\u00e9rcio em <strong>todos os principais idiomas<\/strong>e sistemas de constru\u00e7\u00e3o projetados para <strong>crescimento e lucratividade a longo prazo<\/strong>.<\/p>\n\n\n\n<p>Na Polaris Nexus, n\u00e3o criamos apenas produtos digitais. <strong>Criamos marcas globais.<\/strong><\/p>\n<\/div><\/div><\/div>\n<\/div><\/div>\n\n\n\n<p><\/p>","protected":false},"excerpt":{"rendered":"<p>A Polaris Nexus LLC \u00e9 uma empresa com prioridade digital criada para ajudar empresas de qualquer tamanho e setor a se expandirem al\u00e9m das fronteiras. Com uma base operacional distribu\u00edda, nos especializamos na cria\u00e7\u00e3o de estrat\u00e9gias e ativos digitais escal\u00e1veis que capacitam as marcas a entrar em novos mercados com precis\u00e3o cultural, tecnologia s\u00f3lida e opera\u00e7\u00f5es enxutas. Ao contr\u00e1rio das startups de tecnologia tradicionais, que buscam uma r\u00e1pida ... <a title=\"Quem somos\" class=\"read-more\" href=\"https:\/\/polarisnexuslcc.com\/pt\/about-us\/\" aria-label=\"Leia mais sobre Quem somos\">Ler mais<\/a><\/p>","protected":false},"author":1,"featured_media":0,"parent":0,"menu_order":0,"comment_status":"closed","ping_status":"closed","template":"","meta":{"footnotes":""},"class_list":["post-78","page","type-page","status-publish"],"yoast_head":"<!-- This site is optimized with the Yoast SEO plugin v27.5 - https:\/\/yoast.com\/product\/yoast-seo-wordpress\/ -->\n<title>Who We Are - Polaris Nexus<\/title>\n<meta name=\"robots\" content=\"index, follow, max-snippet:-1, max-image-preview:large, max-video-preview:-1\" \/>\n<link rel=\"canonical\" href=\"https:\/\/polarisnexuslcc.com\/pt\/about-us\/\" \/>\n<meta property=\"og:locale\" content=\"pt_BR\" \/>\n<meta property=\"og:type\" content=\"article\" \/>\n<meta property=\"og:title\" content=\"Who We Are - Polaris Nexus\" \/>\n<meta property=\"og:description\" content=\"Polaris Nexus LLC is a digital-first company built to help businesses of any size and industry expand beyond borders. With a distributed operational base, we specialize in creating scalable digital assets and strategies that empower brands to enter new markets with cultural precision, strong technology, and lean operations. Unlike traditional tech startups that chase rapid, ... Ler mais\" \/>\n<meta property=\"og:url\" content=\"https:\/\/polarisnexuslcc.com\/pt\/about-us\/\" \/>\n<meta property=\"og:site_name\" content=\"Polaris Nexus\" \/>\n<meta property=\"article:modified_time\" content=\"2025-08-16T09:58:31+00:00\" \/>\n<meta name=\"twitter:card\" content=\"summary_large_image\" \/>\n<meta name=\"twitter:site\" content=\"@polarisnexuslcc\" \/>\n<meta name=\"twitter:label1\" content=\"Est. tempo de leitura\" \/>\n\t<meta name=\"twitter:data1\" content=\"1 minuto\" \/>\n<script type=\"application\/ld+json\" class=\"yoast-schema-graph\">{\"@context\":\"https:\\\/\\\/schema.org\",\"@graph\":[{\"@type\":\"WebPage\",\"@id\":\"https:\\\/\\\/polarisnexuslcc.com\\\/about-us\\\/\",\"url\":\"https:\\\/\\\/polarisnexuslcc.com\\\/about-us\\\/\",\"name\":\"Who We Are - Polaris Nexus\",\"isPartOf\":{\"@id\":\"https:\\\/\\\/polarisnexuslcc.com\\\/#website\"},\"datePublished\":\"2022-05-10T19:33:06+00:00\",\"dateModified\":\"2025-08-16T09:58:31+00:00\",\"breadcrumb\":{\"@id\":\"https:\\\/\\\/polarisnexuslcc.com\\\/about-us\\\/#breadcrumb\"},\"inLanguage\":\"pt-BR\",\"potentialAction\":[{\"@type\":\"ReadAction\",\"target\":[\"https:\\\/\\\/polarisnexuslcc.com\\\/about-us\\\/\"]}]},{\"@type\":\"BreadcrumbList\",\"@id\":\"https:\\\/\\\/polarisnexuslcc.com\\\/about-us\\\/#breadcrumb\",\"itemListElement\":[{\"@type\":\"ListItem\",\"position\":1,\"name\":\"Home\",\"item\":\"https:\\\/\\\/polarisnexuslcc.com\\\/\"},{\"@type\":\"ListItem\",\"position\":2,\"name\":\"Who We Are\"}]},{\"@type\":\"WebSite\",\"@id\":\"https:\\\/\\\/polarisnexuslcc.com\\\/#website\",\"url\":\"https:\\\/\\\/polarisnexuslcc.com\\\/\",\"name\":\"Polaris Nexus LCC\",\"description\":\"\",\"publisher\":{\"@id\":\"https:\\\/\\\/polarisnexuslcc.com\\\/#organization\"},\"potentialAction\":[{\"@type\":\"SearchAction\",\"target\":{\"@type\":\"EntryPoint\",\"urlTemplate\":\"https:\\\/\\\/polarisnexuslcc.com\\\/?s={search_term_string}\"},\"query-input\":{\"@type\":\"PropertyValueSpecification\",\"valueRequired\":true,\"valueName\":\"search_term_string\"}}],\"inLanguage\":\"pt-BR\"},{\"@type\":\"Organization\",\"@id\":\"https:\\\/\\\/polarisnexuslcc.com\\\/#organization\",\"name\":\"Polaris Nexus LCC\",\"url\":\"https:\\\/\\\/polarisnexuslcc.com\\\/\",\"logo\":{\"@type\":\"ImageObject\",\"inLanguage\":\"pt-BR\",\"@id\":\"https:\\\/\\\/polarisnexuslcc.com\\\/#\\\/schema\\\/logo\\\/image\\\/\",\"url\":\"https:\\\/\\\/polarisnexuslcc.com\\\/wp-content\\\/uploads\\\/2025\\\/08\\\/cropped-ChatGPT_Image_3_ago_2025__09_23_48-removebg-preview-1.png\",\"contentUrl\":\"https:\\\/\\\/polarisnexuslcc.com\\\/wp-content\\\/uploads\\\/2025\\\/08\\\/cropped-ChatGPT_Image_3_ago_2025__09_23_48-removebg-preview-1.png\",\"width\":500,\"height\":205,\"caption\":\"Polaris Nexus LCC\"},\"image\":{\"@id\":\"https:\\\/\\\/polarisnexuslcc.com\\\/#\\\/schema\\\/logo\\\/image\\\/\"},\"sameAs\":[\"https:\\\/\\\/x.com\\\/polarisnexuslcc\"]}]}<\/script>\n<!-- \/ Yoast SEO plugin. -->","yoast_head_json":{"title":"Quem somos - Polaris Nexus","robots":{"index":"index","follow":"follow","max-snippet":"max-snippet:-1","max-image-preview":"max-image-preview:large","max-video-preview":"max-video-preview:-1"},"canonical":"https:\/\/polarisnexuslcc.com\/pt\/about-us\/","og_locale":"pt_BR","og_type":"article","og_title":"Who We Are - Polaris Nexus","og_description":"Polaris Nexus LLC is a digital-first company built to help businesses of any size and industry expand beyond borders. With a distributed operational base, we specialize in creating scalable digital assets and strategies that empower brands to enter new markets with cultural precision, strong technology, and lean operations. Unlike traditional tech startups that chase rapid, ... Ler mais","og_url":"https:\/\/polarisnexuslcc.com\/pt\/about-us\/","og_site_name":"Polaris Nexus","article_modified_time":"2025-08-16T09:58:31+00:00","twitter_card":"summary_large_image","twitter_site":"@polarisnexuslcc","twitter_misc":{"Est. tempo de leitura":"1 minuto"},"schema":{"@context":"https:\/\/schema.org","@graph":[{"@type":"WebPage","@id":"https:\/\/polarisnexuslcc.com\/about-us\/","url":"https:\/\/polarisnexuslcc.com\/about-us\/","name":"Quem somos - Polaris Nexus","isPartOf":{"@id":"https:\/\/polarisnexuslcc.com\/#website"},"datePublished":"2022-05-10T19:33:06+00:00","dateModified":"2025-08-16T09:58:31+00:00","breadcrumb":{"@id":"https:\/\/polarisnexuslcc.com\/about-us\/#breadcrumb"},"inLanguage":"pt-BR","potentialAction":[{"@type":"ReadAction","target":["https:\/\/polarisnexuslcc.com\/about-us\/"]}]},{"@type":"BreadcrumbList","@id":"https:\/\/polarisnexuslcc.com\/about-us\/#breadcrumb","itemListElement":[{"@type":"ListItem","position":1,"name":"Home","item":"https:\/\/polarisnexuslcc.com\/"},{"@type":"ListItem","position":2,"name":"Who We Are"}]},{"@type":"WebSite","@id":"https:\/\/polarisnexuslcc.com\/#website","url":"https:\/\/polarisnexuslcc.com\/","name":"Polaris Nexus LCC","description":"","publisher":{"@id":"https:\/\/polarisnexuslcc.com\/#organization"},"potentialAction":[{"@type":"SearchAction","target":{"@type":"EntryPoint","urlTemplate":"https:\/\/polarisnexuslcc.com\/?s={search_term_string}"},"query-input":{"@type":"PropertyValueSpecification","valueRequired":true,"valueName":"search_term_string"}}],"inLanguage":"pt-BR"},{"@type":"Organization","@id":"https:\/\/polarisnexuslcc.com\/#organization","name":"Polaris Nexus LCC","url":"https:\/\/polarisnexuslcc.com\/","logo":{"@type":"ImageObject","inLanguage":"pt-BR","@id":"https:\/\/polarisnexuslcc.com\/#\/schema\/logo\/image\/","url":"https:\/\/polarisnexuslcc.com\/wp-content\/uploads\/2025\/08\/cropped-ChatGPT_Image_3_ago_2025__09_23_48-removebg-preview-1.png","contentUrl":"https:\/\/polarisnexuslcc.com\/wp-content\/uploads\/2025\/08\/cropped-ChatGPT_Image_3_ago_2025__09_23_48-removebg-preview-1.png","width":500,"height":205,"caption":"Polaris Nexus LCC"},"image":{"@id":"https:\/\/polarisnexuslcc.com\/#\/schema\/logo\/image\/"},"sameAs":["https:\/\/x.com\/polarisnexuslcc"]}]}},"_links":{"self":[{"href":"https:\/\/polarisnexuslcc.com\/pt\/wp-json\/wp\/v2\/pages\/78","targetHints":{"allow":["GET"]}}],"collection":[{"href":"https:\/\/polarisnexuslcc.com\/pt\/wp-json\/wp\/v2\/pages"}],"about":[{"href":"https:\/\/polarisnexuslcc.com\/pt\/wp-json\/wp\/v2\/types\/page"}],"author":[{"embeddable":true,"href":"https:\/\/polarisnexuslcc.com\/pt\/wp-json\/wp\/v2\/users\/1"}],"replies":[{"embeddable":true,"href":"https:\/\/polarisnexuslcc.com\/pt\/wp-json\/wp\/v2\/comments?post=78"}],"version-history":[{"count":0,"href":"https:\/\/polarisnexuslcc.com\/pt\/wp-json\/wp\/v2\/pages\/78\/revisions"}],"wp:attachment":[{"href":"https:\/\/polarisnexuslcc.com\/pt\/wp-json\/wp\/v2\/media?parent=78"}],"curies":[{"name":"wp","href":"https:\/\/api.w.org\/{rel}","templated":true}]}}