{"id":84,"date":"2022-05-10T20:36:51","date_gmt":"2022-05-10T19:36:51","guid":{"rendered":"https:\/\/gp-inbound.wordifysites.com\/?page_id=84"},"modified":"2025-08-16T09:52:44","modified_gmt":"2025-08-16T09:52:44","slug":"team","status":"publish","type":"page","link":"https:\/\/polarisnexuslcc.com\/pt\/team\/","title":{"rendered":"Equipe"},"content":{"rendered":"<div class=\"wp-block-stackable-columns stk-block-columns stk-block stk-02782b0\" data-block-id=\"02782b0\"><div class=\"stk-row stk-inner-blocks stk-block-content stk-content-align stk-02782b0-column\">\n<div class=\"wp-block-stackable-column stk-block-column stk-column stk-block stk-59f3e61\" data-v=\"4\" data-block-id=\"59f3e61\"><style>.stk-59f3e61-container{margin-top:var(--stk--preset--spacing--80, 5.06rem) !important;margin-right:var(--stk--preset--spacing--80, 5.06rem) !important;margin-bottom:var(--stk--preset--spacing--80, 5.06rem) !important;margin-left:var(--stk--preset--spacing--80, 5.06rem) !important;}<\/style><div class=\"stk-column-wrapper stk-block-column__content stk-container stk-59f3e61-container stk--no-background stk--no-padding\"><div class=\"stk-block-content stk-inner-blocks stk-59f3e61-inner-blocks\">\n<h2 class=\"wp-block-heading\"><strong>Nossa equipe<\/strong><\/h2>\n\n\n\n<p>Em <strong>Nexus Polaris<\/strong>Acreditamos que o talento n\u00e3o conhece fronteiras. Em vez de um modelo tradicional interno, operamos com um <strong>rede distribu\u00edda de freelancers especializados<\/strong> que trazem experi\u00eancia em SEO internacional, localiza\u00e7\u00e3o, design, desenvolvimento, reda\u00e7\u00e3o e estrat\u00e9gia digital.<\/p>\n\n\n\n<p>Essa estrutura nos permite:<\/p>\n\n\n\n<ul class=\"wp-block-list\">\n<li>Colaborar com <strong>especialistas em diferentes pa\u00edses e idiomas<\/strong>garantindo a precis\u00e3o cultural e a relev\u00e2ncia para o mercado.<\/li>\n\n\n\n<li>Dimensione os recursos rapidamente de acordo com as necessidades de cada projeto.<\/li>\n\n\n\n<li>Manter-se enxuto e eficiente, concentrando o investimento onde ele gera mais impacto para nossos clientes.<\/li>\n<\/ul>\n\n\n\n<p>Nossa equipe principal gerencia a estrat\u00e9gia, a coordena\u00e7\u00e3o e a garantia de qualidade, enquanto nossa ampla rede de freelancers garante que sempre tenhamos o <strong>o talento certo para o mercado certo<\/strong>.<\/p>\n\n\n\n<p>O resultado: uma equipe flex\u00edvel e global capaz de ajudar qualquer empresa a se expandir al\u00e9m das fronteiras com precis\u00e3o e agilidade.<\/p>\n<\/div><\/div><\/div>\n<\/div><\/div>","protected":false},"excerpt":{"rendered":"<p>Nossa equipe Na Polaris Nexus, acreditamos que o talento n\u00e3o conhece fronteiras. Em vez de um modelo interno tradicional, operamos com uma rede distribu\u00edda de freelancers especializados que trazem experi\u00eancia em SEO internacional, localiza\u00e7\u00e3o, design, desenvolvimento, reda\u00e7\u00e3o e estrat\u00e9gia digital. Essa estrutura nos permite: Nossa equipe principal gerencia a estrat\u00e9gia, a coordena\u00e7\u00e3o e a garantia de qualidade, enquanto nossos ... <a title=\"Equipe\" class=\"read-more\" href=\"https:\/\/polarisnexuslcc.com\/pt\/team\/\" aria-label=\"Leia mais sobre a equipe\">Ler mais<\/a><\/p>","protected":false},"author":1,"featured_media":0,"parent":0,"menu_order":0,"comment_status":"closed","ping_status":"closed","template":"","meta":{"footnotes":""},"class_list":["post-84","page","type-page","status-publish"],"yoast_head":"<!-- This site is optimized with the Yoast SEO plugin v27.5 - https:\/\/yoast.com\/product\/yoast-seo-wordpress\/ -->\n<title>Team - Polaris Nexus<\/title>\n<meta name=\"robots\" content=\"index, follow, max-snippet:-1, max-image-preview:large, max-video-preview:-1\" \/>\n<link rel=\"canonical\" href=\"https:\/\/polarisnexuslcc.com\/pt\/team\/\" \/>\n<meta property=\"og:locale\" content=\"pt_BR\" \/>\n<meta property=\"og:type\" content=\"article\" \/>\n<meta property=\"og:title\" content=\"Team - Polaris Nexus\" \/>\n<meta property=\"og:description\" content=\"Our Team At Polaris Nexus, we believe talent knows no borders. Instead of a traditional in-house model, we operate with a distributed network of specialized freelancers who bring expertise in international SEO, localization, design, development, copywriting, and digital strategy. This structure allows us to: Our core team manages strategy, coordination, and quality assurance, while our ... Ler mais\" \/>\n<meta property=\"og:url\" content=\"https:\/\/polarisnexuslcc.com\/pt\/team\/\" \/>\n<meta property=\"og:site_name\" content=\"Polaris Nexus\" \/>\n<meta property=\"article:modified_time\" content=\"2025-08-16T09:52:44+00:00\" \/>\n<meta name=\"twitter:card\" content=\"summary_large_image\" \/>\n<meta name=\"twitter:site\" content=\"@polarisnexuslcc\" \/>\n<script type=\"application\/ld+json\" class=\"yoast-schema-graph\">{\"@context\":\"https:\\\/\\\/schema.org\",\"@graph\":[{\"@type\":\"WebPage\",\"@id\":\"https:\\\/\\\/polarisnexuslcc.com\\\/team\\\/\",\"url\":\"https:\\\/\\\/polarisnexuslcc.com\\\/team\\\/\",\"name\":\"Team - Polaris Nexus\",\"isPartOf\":{\"@id\":\"https:\\\/\\\/polarisnexuslcc.com\\\/#website\"},\"datePublished\":\"2022-05-10T19:36:51+00:00\",\"dateModified\":\"2025-08-16T09:52:44+00:00\",\"breadcrumb\":{\"@id\":\"https:\\\/\\\/polarisnexuslcc.com\\\/team\\\/#breadcrumb\"},\"inLanguage\":\"pt-BR\",\"potentialAction\":[{\"@type\":\"ReadAction\",\"target\":[\"https:\\\/\\\/polarisnexuslcc.com\\\/team\\\/\"]}]},{\"@type\":\"BreadcrumbList\",\"@id\":\"https:\\\/\\\/polarisnexuslcc.com\\\/team\\\/#breadcrumb\",\"itemListElement\":[{\"@type\":\"ListItem\",\"position\":1,\"name\":\"Home\",\"item\":\"https:\\\/\\\/polarisnexuslcc.com\\\/\"},{\"@type\":\"ListItem\",\"position\":2,\"name\":\"Team\"}]},{\"@type\":\"WebSite\",\"@id\":\"https:\\\/\\\/polarisnexuslcc.com\\\/#website\",\"url\":\"https:\\\/\\\/polarisnexuslcc.com\\\/\",\"name\":\"Polaris Nexus LCC\",\"description\":\"\",\"publisher\":{\"@id\":\"https:\\\/\\\/polarisnexuslcc.com\\\/#organization\"},\"potentialAction\":[{\"@type\":\"SearchAction\",\"target\":{\"@type\":\"EntryPoint\",\"urlTemplate\":\"https:\\\/\\\/polarisnexuslcc.com\\\/?s={search_term_string}\"},\"query-input\":{\"@type\":\"PropertyValueSpecification\",\"valueRequired\":true,\"valueName\":\"search_term_string\"}}],\"inLanguage\":\"pt-BR\"},{\"@type\":\"Organization\",\"@id\":\"https:\\\/\\\/polarisnexuslcc.com\\\/#organization\",\"name\":\"Polaris Nexus LCC\",\"url\":\"https:\\\/\\\/polarisnexuslcc.com\\\/\",\"logo\":{\"@type\":\"ImageObject\",\"inLanguage\":\"pt-BR\",\"@id\":\"https:\\\/\\\/polarisnexuslcc.com\\\/#\\\/schema\\\/logo\\\/image\\\/\",\"url\":\"https:\\\/\\\/polarisnexuslcc.com\\\/wp-content\\\/uploads\\\/2025\\\/08\\\/cropped-ChatGPT_Image_3_ago_2025__09_23_48-removebg-preview-1.png\",\"contentUrl\":\"https:\\\/\\\/polarisnexuslcc.com\\\/wp-content\\\/uploads\\\/2025\\\/08\\\/cropped-ChatGPT_Image_3_ago_2025__09_23_48-removebg-preview-1.png\",\"width\":500,\"height\":205,\"caption\":\"Polaris Nexus LCC\"},\"image\":{\"@id\":\"https:\\\/\\\/polarisnexuslcc.com\\\/#\\\/schema\\\/logo\\\/image\\\/\"},\"sameAs\":[\"https:\\\/\\\/x.com\\\/polarisnexuslcc\"]}]}<\/script>\n<!-- \/ Yoast SEO plugin. -->","yoast_head_json":{"title":"Equipe - Polaris Nexus","robots":{"index":"index","follow":"follow","max-snippet":"max-snippet:-1","max-image-preview":"max-image-preview:large","max-video-preview":"max-video-preview:-1"},"canonical":"https:\/\/polarisnexuslcc.com\/pt\/team\/","og_locale":"pt_BR","og_type":"article","og_title":"Team - Polaris Nexus","og_description":"Our Team At Polaris Nexus, we believe talent knows no borders. Instead of a traditional in-house model, we operate with a distributed network of specialized freelancers who bring expertise in international SEO, localization, design, development, copywriting, and digital strategy. This structure allows us to: Our core team manages strategy, coordination, and quality assurance, while our ... Ler mais","og_url":"https:\/\/polarisnexuslcc.com\/pt\/team\/","og_site_name":"Polaris Nexus","article_modified_time":"2025-08-16T09:52:44+00:00","twitter_card":"summary_large_image","twitter_site":"@polarisnexuslcc","schema":{"@context":"https:\/\/schema.org","@graph":[{"@type":"WebPage","@id":"https:\/\/polarisnexuslcc.com\/team\/","url":"https:\/\/polarisnexuslcc.com\/team\/","name":"Equipe - Polaris Nexus","isPartOf":{"@id":"https:\/\/polarisnexuslcc.com\/#website"},"datePublished":"2022-05-10T19:36:51+00:00","dateModified":"2025-08-16T09:52:44+00:00","breadcrumb":{"@id":"https:\/\/polarisnexuslcc.com\/team\/#breadcrumb"},"inLanguage":"pt-BR","potentialAction":[{"@type":"ReadAction","target":["https:\/\/polarisnexuslcc.com\/team\/"]}]},{"@type":"BreadcrumbList","@id":"https:\/\/polarisnexuslcc.com\/team\/#breadcrumb","itemListElement":[{"@type":"ListItem","position":1,"name":"Home","item":"https:\/\/polarisnexuslcc.com\/"},{"@type":"ListItem","position":2,"name":"Team"}]},{"@type":"WebSite","@id":"https:\/\/polarisnexuslcc.com\/#website","url":"https:\/\/polarisnexuslcc.com\/","name":"Polaris Nexus LCC","description":"","publisher":{"@id":"https:\/\/polarisnexuslcc.com\/#organization"},"potentialAction":[{"@type":"SearchAction","target":{"@type":"EntryPoint","urlTemplate":"https:\/\/polarisnexuslcc.com\/?s={search_term_string}"},"query-input":{"@type":"PropertyValueSpecification","valueRequired":true,"valueName":"search_term_string"}}],"inLanguage":"pt-BR"},{"@type":"Organization","@id":"https:\/\/polarisnexuslcc.com\/#organization","name":"Polaris Nexus LCC","url":"https:\/\/polarisnexuslcc.com\/","logo":{"@type":"ImageObject","inLanguage":"pt-BR","@id":"https:\/\/polarisnexuslcc.com\/#\/schema\/logo\/image\/","url":"https:\/\/polarisnexuslcc.com\/wp-content\/uploads\/2025\/08\/cropped-ChatGPT_Image_3_ago_2025__09_23_48-removebg-preview-1.png","contentUrl":"https:\/\/polarisnexuslcc.com\/wp-content\/uploads\/2025\/08\/cropped-ChatGPT_Image_3_ago_2025__09_23_48-removebg-preview-1.png","width":500,"height":205,"caption":"Polaris Nexus LCC"},"image":{"@id":"https:\/\/polarisnexuslcc.com\/#\/schema\/logo\/image\/"},"sameAs":["https:\/\/x.com\/polarisnexuslcc"]}]}},"_links":{"self":[{"href":"https:\/\/polarisnexuslcc.com\/pt\/wp-json\/wp\/v2\/pages\/84","targetHints":{"allow":["GET"]}}],"collection":[{"href":"https:\/\/polarisnexuslcc.com\/pt\/wp-json\/wp\/v2\/pages"}],"about":[{"href":"https:\/\/polarisnexuslcc.com\/pt\/wp-json\/wp\/v2\/types\/page"}],"author":[{"embeddable":true,"href":"https:\/\/polarisnexuslcc.com\/pt\/wp-json\/wp\/v2\/users\/1"}],"replies":[{"embeddable":true,"href":"https:\/\/polarisnexuslcc.com\/pt\/wp-json\/wp\/v2\/comments?post=84"}],"version-history":[{"count":0,"href":"https:\/\/polarisnexuslcc.com\/pt\/wp-json\/wp\/v2\/pages\/84\/revisions"}],"wp:attachment":[{"href":"https:\/\/polarisnexuslcc.com\/pt\/wp-json\/wp\/v2\/media?parent=84"}],"curies":[{"name":"wp","href":"https:\/\/api.w.org\/{rel}","templated":true}]}}