{"id":78,"date":"2022-05-10T20:33:06","date_gmt":"2022-05-10T19:33:06","guid":{"rendered":"https:\/\/gp-inbound.wordifysites.com\/?page_id=78"},"modified":"2025-08-16T09:58:31","modified_gmt":"2025-08-16T09:58:31","slug":"about-us","status":"publish","type":"page","link":"https:\/\/polarisnexuslcc.com\/ro\/about-us\/","title":{"rendered":"Cine suntem"},"content":{"rendered":"<div class=\"wp-block-stackable-columns stk-block-columns stk-block stk-d438973\" data-block-id=\"d438973\"><div class=\"stk-row stk-inner-blocks stk-block-content stk-content-align stk-d438973-column\">\n<div class=\"wp-block-stackable-column stk-block-column stk-column stk-block stk-fd33cf7\" data-v=\"4\" data-block-id=\"fd33cf7\"><style>.stk-fd33cf7-container{margin-top:var(--stk--preset--spacing--70, 3.38rem) !important;margin-right:var(--stk--preset--spacing--70, 3.38rem) !important;margin-bottom:var(--stk--preset--spacing--70, 3.38rem) !important;margin-left:var(--stk--preset--spacing--70, 3.38rem) !important;}<\/style><div class=\"stk-column-wrapper stk-block-column__content stk-container stk-fd33cf7-container stk--no-background stk--no-padding\"><div class=\"stk-block-content stk-inner-blocks stk-fd33cf7-inner-blocks\">\n<p>Polaris Nexus LLC este o companie digital\u0103 construit\u0103 pentru a ajuta companiile de orice dimensiune \u0219i industrie s\u0103 se extind\u0103 dincolo de grani\u021be. Cu o baz\u0103 opera\u021bional\u0103 distribuit\u0103, ne specializ\u0103m \u00een crearea de active \u0219i strategii digitale scalabile care permit m\u0103rcilor s\u0103 intre pe noi pie\u021be cu precizie cultural\u0103, tehnologie puternic\u0103 \u0219i opera\u021biuni reduse.<\/p>\n\n\n\n<p>Spre deosebire de startup-urile tehnologice tradi\u021bionale care urm\u0103resc o cre\u0219tere rapid\u0103 \u0219i nesustenabil\u0103, Polaris Nexus a fost fondat\u0103 pe o <strong>filozofia lean &amp; profitabil\u0103<\/strong>: construirea de afaceri digitale care sunt globale, profitabile \u0219i reziliente \u00eenc\u0103 de la \u00eenceput.<\/p>\n\n\n\n<h3 class=\"wp-block-heading\"><strong><span style=\"color: #000000;\" class=\"stk-highlight\">Misiunea noastr\u0103<\/span><\/strong><\/h3>\n\n\n\n<p>Misiunea noastr\u0103 este simpl\u0103, dar ambi\u021bioas\u0103:<br><strong>pentru a transforma \u00eentreprinderile digitale locale \u00een m\u0103rci globale<\/strong> prin combinarea SEO interna\u021bional, localizare cultural\u0103, tehnologie scalabil\u0103 \u0219i strategii de cre\u0219tere care func\u021bioneaz\u0103 pe toate pie\u021bele.<\/p>\n\n\n\n<p>Credem c\u0103 viitorul apar\u021bine companiilor care se pot adapta rapid, respect\u0103 diversitatea cultural\u0103 \u0219i opereaz\u0103 eficient. Rolul nostru este de a furniza foaia de parcurs, tehnologia \u0219i execu\u021bia pentru a face acest lucru posibil.<\/p>\n\n\n\n<h3 class=\"wp-block-heading\"><strong><span style=\"color: #000000;\" class=\"stk-highlight\">Despre noi<\/span><\/strong><\/h3>\n\n\n\n<p>La Polaris Nexus, noi:<\/p>\n\n\n\n<ul class=\"wp-block-list\">\n<li>Parteneri cu <strong>antreprenori digitali<\/strong> care doresc s\u0103 \u00ee\u0219i extind\u0103 ideile validate.<\/li>\n\n\n\n<li>Ajutor <strong>creatori \u0219i educatori de ni\u0219\u0103<\/strong> transform\u0103 cuno\u0219tin\u021bele \u00een afaceri globale.<\/li>\n\n\n\n<li>Sprijin <strong>m\u0103rci \u00een faza de cre\u0219tere<\/strong> \u00een extinderea c\u0103tre noi pie\u021be cu claritate.<\/li>\n\n\n\n<li>Ghid <strong>\u00eentreprinderi tradi\u021bionale<\/strong> tranzi\u021bia online \u0219i interna\u021bionalizarea.<\/li>\n<\/ul>\n\n\n\n<p>Am ajutat la lansarea de platforme \u00een peste <strong>75 de \u021b\u0103ri<\/strong>, sprijinind con\u021binutul \u0219i comer\u021bul \u00een <strong>toate limbile principale<\/strong>, \u0219i sisteme de construc\u021bie concepute pentru <strong>cre\u0219tere \u0219i rentabilitate pe termen lung<\/strong>.<\/p>\n\n\n\n<p>La Polaris Nexus, nu construim doar produse digitale. <strong>Construim branduri globale.<\/strong><\/p>\n<\/div><\/div><\/div>\n<\/div><\/div>\n\n\n\n<p><\/p>","protected":false},"excerpt":{"rendered":"<p>Polaris Nexus LLC este o companie digital\u0103 construit\u0103 pentru a ajuta companiile de orice dimensiune \u0219i din orice industrie s\u0103 se extind\u0103 dincolo de grani\u021be. Cu o baz\u0103 opera\u021bional\u0103 distribuit\u0103, ne specializ\u0103m \u00een crearea de active \u0219i strategii digitale scalabile care permit m\u0103rcilor s\u0103 intre pe noi pie\u021be cu precizie cultural\u0103, tehnologie puternic\u0103 \u0219i opera\u021biuni reduse. Spre deosebire de startup-urile tehnologice tradi\u021bionale care urm\u0103resc rapid, ... <a title=\"Cine suntem\" class=\"read-more\" href=\"https:\/\/polarisnexuslcc.com\/ro\/about-us\/\" aria-label=\"Cite\u0219te mai multe despre Who We Are\">Cite\u0219te mai mult<\/a><\/p>","protected":false},"author":1,"featured_media":0,"parent":0,"menu_order":0,"comment_status":"closed","ping_status":"closed","template":"","meta":{"footnotes":""},"class_list":["post-78","page","type-page","status-publish"],"yoast_head":"<!-- This site is optimized with the Yoast SEO plugin v27.5 - https:\/\/yoast.com\/product\/yoast-seo-wordpress\/ -->\n<title>Who We Are - Polaris Nexus<\/title>\n<meta name=\"robots\" content=\"index, follow, max-snippet:-1, max-image-preview:large, max-video-preview:-1\" \/>\n<link rel=\"canonical\" href=\"https:\/\/polarisnexuslcc.com\/ro\/about-us\/\" \/>\n<meta property=\"og:locale\" content=\"ro_RO\" \/>\n<meta property=\"og:type\" content=\"article\" \/>\n<meta property=\"og:title\" content=\"Who We Are - Polaris Nexus\" \/>\n<meta property=\"og:description\" content=\"Polaris Nexus LLC is a digital-first company built to help businesses of any size and industry expand beyond borders. With a distributed operational base, we specialize in creating scalable digital assets and strategies that empower brands to enter new markets with cultural precision, strong technology, and lean operations. Unlike traditional tech startups that chase rapid, ... Cite\u0219te mai mult\" \/>\n<meta property=\"og:url\" content=\"https:\/\/polarisnexuslcc.com\/ro\/about-us\/\" \/>\n<meta property=\"og:site_name\" content=\"Polaris Nexus\" \/>\n<meta property=\"article:modified_time\" content=\"2025-08-16T09:58:31+00:00\" \/>\n<meta name=\"twitter:card\" content=\"summary_large_image\" \/>\n<meta name=\"twitter:site\" content=\"@polarisnexuslcc\" \/>\n<meta name=\"twitter:label1\" content=\"Timp estimat pentru citire\" \/>\n\t<meta name=\"twitter:data1\" content=\"1 minut\" \/>\n<script type=\"application\/ld+json\" class=\"yoast-schema-graph\">{\"@context\":\"https:\\\/\\\/schema.org\",\"@graph\":[{\"@type\":\"WebPage\",\"@id\":\"https:\\\/\\\/polarisnexuslcc.com\\\/about-us\\\/\",\"url\":\"https:\\\/\\\/polarisnexuslcc.com\\\/about-us\\\/\",\"name\":\"Who We Are - Polaris Nexus\",\"isPartOf\":{\"@id\":\"https:\\\/\\\/polarisnexuslcc.com\\\/#website\"},\"datePublished\":\"2022-05-10T19:33:06+00:00\",\"dateModified\":\"2025-08-16T09:58:31+00:00\",\"breadcrumb\":{\"@id\":\"https:\\\/\\\/polarisnexuslcc.com\\\/about-us\\\/#breadcrumb\"},\"inLanguage\":\"ro-RO\",\"potentialAction\":[{\"@type\":\"ReadAction\",\"target\":[\"https:\\\/\\\/polarisnexuslcc.com\\\/about-us\\\/\"]}]},{\"@type\":\"BreadcrumbList\",\"@id\":\"https:\\\/\\\/polarisnexuslcc.com\\\/about-us\\\/#breadcrumb\",\"itemListElement\":[{\"@type\":\"ListItem\",\"position\":1,\"name\":\"Home\",\"item\":\"https:\\\/\\\/polarisnexuslcc.com\\\/\"},{\"@type\":\"ListItem\",\"position\":2,\"name\":\"Who We Are\"}]},{\"@type\":\"WebSite\",\"@id\":\"https:\\\/\\\/polarisnexuslcc.com\\\/#website\",\"url\":\"https:\\\/\\\/polarisnexuslcc.com\\\/\",\"name\":\"Polaris Nexus LCC\",\"description\":\"\",\"publisher\":{\"@id\":\"https:\\\/\\\/polarisnexuslcc.com\\\/#organization\"},\"potentialAction\":[{\"@type\":\"SearchAction\",\"target\":{\"@type\":\"EntryPoint\",\"urlTemplate\":\"https:\\\/\\\/polarisnexuslcc.com\\\/?s={search_term_string}\"},\"query-input\":{\"@type\":\"PropertyValueSpecification\",\"valueRequired\":true,\"valueName\":\"search_term_string\"}}],\"inLanguage\":\"ro-RO\"},{\"@type\":\"Organization\",\"@id\":\"https:\\\/\\\/polarisnexuslcc.com\\\/#organization\",\"name\":\"Polaris Nexus LCC\",\"url\":\"https:\\\/\\\/polarisnexuslcc.com\\\/\",\"logo\":{\"@type\":\"ImageObject\",\"inLanguage\":\"ro-RO\",\"@id\":\"https:\\\/\\\/polarisnexuslcc.com\\\/#\\\/schema\\\/logo\\\/image\\\/\",\"url\":\"https:\\\/\\\/polarisnexuslcc.com\\\/wp-content\\\/uploads\\\/2025\\\/08\\\/cropped-ChatGPT_Image_3_ago_2025__09_23_48-removebg-preview-1.png\",\"contentUrl\":\"https:\\\/\\\/polarisnexuslcc.com\\\/wp-content\\\/uploads\\\/2025\\\/08\\\/cropped-ChatGPT_Image_3_ago_2025__09_23_48-removebg-preview-1.png\",\"width\":500,\"height\":205,\"caption\":\"Polaris Nexus LCC\"},\"image\":{\"@id\":\"https:\\\/\\\/polarisnexuslcc.com\\\/#\\\/schema\\\/logo\\\/image\\\/\"},\"sameAs\":[\"https:\\\/\\\/x.com\\\/polarisnexuslcc\"]}]}<\/script>\n<!-- \/ Yoast SEO plugin. -->","yoast_head_json":{"title":"Cine suntem - Polaris Nexus","robots":{"index":"index","follow":"follow","max-snippet":"max-snippet:-1","max-image-preview":"max-image-preview:large","max-video-preview":"max-video-preview:-1"},"canonical":"https:\/\/polarisnexuslcc.com\/ro\/about-us\/","og_locale":"ro_RO","og_type":"article","og_title":"Who We Are - Polaris Nexus","og_description":"Polaris Nexus LLC is a digital-first company built to help businesses of any size and industry expand beyond borders. With a distributed operational base, we specialize in creating scalable digital assets and strategies that empower brands to enter new markets with cultural precision, strong technology, and lean operations. Unlike traditional tech startups that chase rapid, ... Cite\u0219te mai mult","og_url":"https:\/\/polarisnexuslcc.com\/ro\/about-us\/","og_site_name":"Polaris Nexus","article_modified_time":"2025-08-16T09:58:31+00:00","twitter_card":"summary_large_image","twitter_site":"@polarisnexuslcc","twitter_misc":{"Timp estimat pentru citire":"1 minut"},"schema":{"@context":"https:\/\/schema.org","@graph":[{"@type":"WebPage","@id":"https:\/\/polarisnexuslcc.com\/about-us\/","url":"https:\/\/polarisnexuslcc.com\/about-us\/","name":"Cine suntem - Polaris Nexus","isPartOf":{"@id":"https:\/\/polarisnexuslcc.com\/#website"},"datePublished":"2022-05-10T19:33:06+00:00","dateModified":"2025-08-16T09:58:31+00:00","breadcrumb":{"@id":"https:\/\/polarisnexuslcc.com\/about-us\/#breadcrumb"},"inLanguage":"ro-RO","potentialAction":[{"@type":"ReadAction","target":["https:\/\/polarisnexuslcc.com\/about-us\/"]}]},{"@type":"BreadcrumbList","@id":"https:\/\/polarisnexuslcc.com\/about-us\/#breadcrumb","itemListElement":[{"@type":"ListItem","position":1,"name":"Home","item":"https:\/\/polarisnexuslcc.com\/"},{"@type":"ListItem","position":2,"name":"Who We Are"}]},{"@type":"WebSite","@id":"https:\/\/polarisnexuslcc.com\/#website","url":"https:\/\/polarisnexuslcc.com\/","name":"Polaris Nexus LCC","description":"","publisher":{"@id":"https:\/\/polarisnexuslcc.com\/#organization"},"potentialAction":[{"@type":"SearchAction","target":{"@type":"EntryPoint","urlTemplate":"https:\/\/polarisnexuslcc.com\/?s={search_term_string}"},"query-input":{"@type":"PropertyValueSpecification","valueRequired":true,"valueName":"search_term_string"}}],"inLanguage":"ro-RO"},{"@type":"Organization","@id":"https:\/\/polarisnexuslcc.com\/#organization","name":"Polaris Nexus LCC","url":"https:\/\/polarisnexuslcc.com\/","logo":{"@type":"ImageObject","inLanguage":"ro-RO","@id":"https:\/\/polarisnexuslcc.com\/#\/schema\/logo\/image\/","url":"https:\/\/polarisnexuslcc.com\/wp-content\/uploads\/2025\/08\/cropped-ChatGPT_Image_3_ago_2025__09_23_48-removebg-preview-1.png","contentUrl":"https:\/\/polarisnexuslcc.com\/wp-content\/uploads\/2025\/08\/cropped-ChatGPT_Image_3_ago_2025__09_23_48-removebg-preview-1.png","width":500,"height":205,"caption":"Polaris Nexus LCC"},"image":{"@id":"https:\/\/polarisnexuslcc.com\/#\/schema\/logo\/image\/"},"sameAs":["https:\/\/x.com\/polarisnexuslcc"]}]}},"_links":{"self":[{"href":"https:\/\/polarisnexuslcc.com\/ro\/wp-json\/wp\/v2\/pages\/78","targetHints":{"allow":["GET"]}}],"collection":[{"href":"https:\/\/polarisnexuslcc.com\/ro\/wp-json\/wp\/v2\/pages"}],"about":[{"href":"https:\/\/polarisnexuslcc.com\/ro\/wp-json\/wp\/v2\/types\/page"}],"author":[{"embeddable":true,"href":"https:\/\/polarisnexuslcc.com\/ro\/wp-json\/wp\/v2\/users\/1"}],"replies":[{"embeddable":true,"href":"https:\/\/polarisnexuslcc.com\/ro\/wp-json\/wp\/v2\/comments?post=78"}],"version-history":[{"count":0,"href":"https:\/\/polarisnexuslcc.com\/ro\/wp-json\/wp\/v2\/pages\/78\/revisions"}],"wp:attachment":[{"href":"https:\/\/polarisnexuslcc.com\/ro\/wp-json\/wp\/v2\/media?parent=78"}],"curies":[{"name":"wp","href":"https:\/\/api.w.org\/{rel}","templated":true}]}}