{"id":84,"date":"2022-05-10T20:36:51","date_gmt":"2022-05-10T19:36:51","guid":{"rendered":"https:\/\/gp-inbound.wordifysites.com\/?page_id=84"},"modified":"2025-08-16T09:52:44","modified_gmt":"2025-08-16T09:52:44","slug":"team","status":"publish","type":"page","link":"https:\/\/polarisnexuslcc.com\/ro\/team\/","title":{"rendered":"Echipa"},"content":{"rendered":"<div class=\"wp-block-stackable-columns stk-block-columns stk-block stk-02782b0\" data-block-id=\"02782b0\"><div class=\"stk-row stk-inner-blocks stk-block-content stk-content-align stk-02782b0-column\">\n<div class=\"wp-block-stackable-column stk-block-column stk-column stk-block stk-59f3e61\" data-v=\"4\" data-block-id=\"59f3e61\"><style>.stk-59f3e61-container{margin-top:var(--stk--preset--spacing--80, 5.06rem) !important;margin-right:var(--stk--preset--spacing--80, 5.06rem) !important;margin-bottom:var(--stk--preset--spacing--80, 5.06rem) !important;margin-left:var(--stk--preset--spacing--80, 5.06rem) !important;}<\/style><div class=\"stk-column-wrapper stk-block-column__content stk-container stk-59f3e61-container stk--no-background stk--no-padding\"><div class=\"stk-block-content stk-inner-blocks stk-59f3e61-inner-blocks\">\n<h2 class=\"wp-block-heading\"><strong>Echipa noastr\u0103<\/strong><\/h2>\n\n\n\n<p>La <strong>Polaris Nexus<\/strong>, noi credem c\u0103 talentul nu cunoa\u0219te grani\u021be. \u00cen locul unui model intern tradi\u021bional, oper\u0103m cu un <strong>re\u021bea distribuit\u0103 de freelanceri specializa\u021bi<\/strong> care aduc expertiz\u0103 \u00een SEO interna\u021bional, localizare, design, dezvoltare, copywriting \u0219i strategie digital\u0103.<\/p>\n\n\n\n<p>Aceast\u0103 structur\u0103 ne permite s\u0103:<\/p>\n\n\n\n<ul class=\"wp-block-list\">\n<li>Colabora\u021bi cu <strong>exper\u021bi \u00een diferite \u021b\u0103ri \u0219i limbi<\/strong>, asigur\u00e2nd acurate\u021bea cultural\u0103 \u0219i relevan\u021ba pe pia\u021b\u0103.<\/li>\n\n\n\n<li>Redimensionarea rapid\u0103 a resurselor \u00een func\u021bie de nevoile fiec\u0103rui proiect.<\/li>\n\n\n\n<li>S\u0103 r\u0103m\u00e2nem simpli \u0219i eficien\u021bi, concentr\u00e2nd investi\u021biile acolo unde acestea creeaz\u0103 cel mai mare impact pentru clien\u021bii no\u0219tri.<\/li>\n<\/ul>\n\n\n\n<p>Echipa noastr\u0103 de baz\u0103 gestioneaz\u0103 strategia, coordonarea \u0219i asigurarea calit\u0103\u021bii, \u00een timp ce re\u021beaua noastr\u0103 extins\u0103 de freelanceri ne asigur\u0103 c\u0103 avem \u00eentotdeauna <strong>talentul potrivit pentru pia\u021ba potrivit\u0103<\/strong>.<\/p>\n\n\n\n<p>\ud83d\udc49 Rezultatul: o echip\u0103 flexibil\u0103, global\u0103, capabil\u0103 s\u0103 ajute orice afacere s\u0103 se extind\u0103 peste grani\u021be cu precizie \u0219i agilitate.<\/p>\n<\/div><\/div><\/div>\n<\/div><\/div>","protected":false},"excerpt":{"rendered":"<p>Echipa noastr\u0103 La Polaris Nexus, credem c\u0103 talentul nu cunoa\u0219te grani\u021be. \u00cen loc de un model intern tradi\u021bional, oper\u0103m cu o re\u021bea distribuit\u0103 de freelanceri specializa\u021bi care aduc expertiz\u0103 \u00een SEO interna\u021bional, localizare, design, dezvoltare, copywriting \u0219i strategie digital\u0103. Aceast\u0103 structur\u0103 ne permite s\u0103: Echipa noastr\u0103 de baz\u0103 gestioneaz\u0103 strategia, coordonarea \u0219i asigurarea calit\u0103\u021bii, \u00een timp ce ... <a title=\"Echipa\" class=\"read-more\" href=\"https:\/\/polarisnexuslcc.com\/ro\/team\/\" aria-label=\"Cite\u0219te mai multe despre Team\">Cite\u0219te mai mult<\/a><\/p>","protected":false},"author":1,"featured_media":0,"parent":0,"menu_order":0,"comment_status":"closed","ping_status":"closed","template":"","meta":{"footnotes":""},"class_list":["post-84","page","type-page","status-publish"],"yoast_head":"<!-- This site is optimized with the Yoast SEO plugin v27.5 - https:\/\/yoast.com\/product\/yoast-seo-wordpress\/ -->\n<title>Team - Polaris Nexus<\/title>\n<meta name=\"robots\" content=\"index, follow, max-snippet:-1, max-image-preview:large, max-video-preview:-1\" \/>\n<link rel=\"canonical\" href=\"https:\/\/polarisnexuslcc.com\/ro\/team\/\" \/>\n<meta property=\"og:locale\" content=\"ro_RO\" \/>\n<meta property=\"og:type\" content=\"article\" \/>\n<meta property=\"og:title\" content=\"Team - Polaris Nexus\" \/>\n<meta property=\"og:description\" content=\"Our Team At Polaris Nexus, we believe talent knows no borders. Instead of a traditional in-house model, we operate with a distributed network of specialized freelancers who bring expertise in international SEO, localization, design, development, copywriting, and digital strategy. This structure allows us to: Our core team manages strategy, coordination, and quality assurance, while our ... Cite\u0219te mai mult\" \/>\n<meta property=\"og:url\" content=\"https:\/\/polarisnexuslcc.com\/ro\/team\/\" \/>\n<meta property=\"og:site_name\" content=\"Polaris Nexus\" \/>\n<meta property=\"article:modified_time\" content=\"2025-08-16T09:52:44+00:00\" \/>\n<meta name=\"twitter:card\" content=\"summary_large_image\" \/>\n<meta name=\"twitter:site\" content=\"@polarisnexuslcc\" \/>\n<script type=\"application\/ld+json\" class=\"yoast-schema-graph\">{\"@context\":\"https:\\\/\\\/schema.org\",\"@graph\":[{\"@type\":\"WebPage\",\"@id\":\"https:\\\/\\\/polarisnexuslcc.com\\\/team\\\/\",\"url\":\"https:\\\/\\\/polarisnexuslcc.com\\\/team\\\/\",\"name\":\"Team - Polaris Nexus\",\"isPartOf\":{\"@id\":\"https:\\\/\\\/polarisnexuslcc.com\\\/#website\"},\"datePublished\":\"2022-05-10T19:36:51+00:00\",\"dateModified\":\"2025-08-16T09:52:44+00:00\",\"breadcrumb\":{\"@id\":\"https:\\\/\\\/polarisnexuslcc.com\\\/team\\\/#breadcrumb\"},\"inLanguage\":\"ro-RO\",\"potentialAction\":[{\"@type\":\"ReadAction\",\"target\":[\"https:\\\/\\\/polarisnexuslcc.com\\\/team\\\/\"]}]},{\"@type\":\"BreadcrumbList\",\"@id\":\"https:\\\/\\\/polarisnexuslcc.com\\\/team\\\/#breadcrumb\",\"itemListElement\":[{\"@type\":\"ListItem\",\"position\":1,\"name\":\"Home\",\"item\":\"https:\\\/\\\/polarisnexuslcc.com\\\/\"},{\"@type\":\"ListItem\",\"position\":2,\"name\":\"Team\"}]},{\"@type\":\"WebSite\",\"@id\":\"https:\\\/\\\/polarisnexuslcc.com\\\/#website\",\"url\":\"https:\\\/\\\/polarisnexuslcc.com\\\/\",\"name\":\"Polaris Nexus LCC\",\"description\":\"\",\"publisher\":{\"@id\":\"https:\\\/\\\/polarisnexuslcc.com\\\/#organization\"},\"potentialAction\":[{\"@type\":\"SearchAction\",\"target\":{\"@type\":\"EntryPoint\",\"urlTemplate\":\"https:\\\/\\\/polarisnexuslcc.com\\\/?s={search_term_string}\"},\"query-input\":{\"@type\":\"PropertyValueSpecification\",\"valueRequired\":true,\"valueName\":\"search_term_string\"}}],\"inLanguage\":\"ro-RO\"},{\"@type\":\"Organization\",\"@id\":\"https:\\\/\\\/polarisnexuslcc.com\\\/#organization\",\"name\":\"Polaris Nexus LCC\",\"url\":\"https:\\\/\\\/polarisnexuslcc.com\\\/\",\"logo\":{\"@type\":\"ImageObject\",\"inLanguage\":\"ro-RO\",\"@id\":\"https:\\\/\\\/polarisnexuslcc.com\\\/#\\\/schema\\\/logo\\\/image\\\/\",\"url\":\"https:\\\/\\\/polarisnexuslcc.com\\\/wp-content\\\/uploads\\\/2025\\\/08\\\/cropped-ChatGPT_Image_3_ago_2025__09_23_48-removebg-preview-1.png\",\"contentUrl\":\"https:\\\/\\\/polarisnexuslcc.com\\\/wp-content\\\/uploads\\\/2025\\\/08\\\/cropped-ChatGPT_Image_3_ago_2025__09_23_48-removebg-preview-1.png\",\"width\":500,\"height\":205,\"caption\":\"Polaris Nexus LCC\"},\"image\":{\"@id\":\"https:\\\/\\\/polarisnexuslcc.com\\\/#\\\/schema\\\/logo\\\/image\\\/\"},\"sameAs\":[\"https:\\\/\\\/x.com\\\/polarisnexuslcc\"]}]}<\/script>\n<!-- \/ Yoast SEO plugin. -->","yoast_head_json":{"title":"Team - Polaris Nexus","robots":{"index":"index","follow":"follow","max-snippet":"max-snippet:-1","max-image-preview":"max-image-preview:large","max-video-preview":"max-video-preview:-1"},"canonical":"https:\/\/polarisnexuslcc.com\/ro\/team\/","og_locale":"ro_RO","og_type":"article","og_title":"Team - Polaris Nexus","og_description":"Our Team At Polaris Nexus, we believe talent knows no borders. Instead of a traditional in-house model, we operate with a distributed network of specialized freelancers who bring expertise in international SEO, localization, design, development, copywriting, and digital strategy. This structure allows us to: Our core team manages strategy, coordination, and quality assurance, while our ... Cite\u0219te mai mult","og_url":"https:\/\/polarisnexuslcc.com\/ro\/team\/","og_site_name":"Polaris Nexus","article_modified_time":"2025-08-16T09:52:44+00:00","twitter_card":"summary_large_image","twitter_site":"@polarisnexuslcc","schema":{"@context":"https:\/\/schema.org","@graph":[{"@type":"WebPage","@id":"https:\/\/polarisnexuslcc.com\/team\/","url":"https:\/\/polarisnexuslcc.com\/team\/","name":"Team - Polaris Nexus","isPartOf":{"@id":"https:\/\/polarisnexuslcc.com\/#website"},"datePublished":"2022-05-10T19:36:51+00:00","dateModified":"2025-08-16T09:52:44+00:00","breadcrumb":{"@id":"https:\/\/polarisnexuslcc.com\/team\/#breadcrumb"},"inLanguage":"ro-RO","potentialAction":[{"@type":"ReadAction","target":["https:\/\/polarisnexuslcc.com\/team\/"]}]},{"@type":"BreadcrumbList","@id":"https:\/\/polarisnexuslcc.com\/team\/#breadcrumb","itemListElement":[{"@type":"ListItem","position":1,"name":"Home","item":"https:\/\/polarisnexuslcc.com\/"},{"@type":"ListItem","position":2,"name":"Team"}]},{"@type":"WebSite","@id":"https:\/\/polarisnexuslcc.com\/#website","url":"https:\/\/polarisnexuslcc.com\/","name":"Polaris Nexus LCC","description":"","publisher":{"@id":"https:\/\/polarisnexuslcc.com\/#organization"},"potentialAction":[{"@type":"SearchAction","target":{"@type":"EntryPoint","urlTemplate":"https:\/\/polarisnexuslcc.com\/?s={search_term_string}"},"query-input":{"@type":"PropertyValueSpecification","valueRequired":true,"valueName":"search_term_string"}}],"inLanguage":"ro-RO"},{"@type":"Organization","@id":"https:\/\/polarisnexuslcc.com\/#organization","name":"Polaris Nexus LCC","url":"https:\/\/polarisnexuslcc.com\/","logo":{"@type":"ImageObject","inLanguage":"ro-RO","@id":"https:\/\/polarisnexuslcc.com\/#\/schema\/logo\/image\/","url":"https:\/\/polarisnexuslcc.com\/wp-content\/uploads\/2025\/08\/cropped-ChatGPT_Image_3_ago_2025__09_23_48-removebg-preview-1.png","contentUrl":"https:\/\/polarisnexuslcc.com\/wp-content\/uploads\/2025\/08\/cropped-ChatGPT_Image_3_ago_2025__09_23_48-removebg-preview-1.png","width":500,"height":205,"caption":"Polaris Nexus LCC"},"image":{"@id":"https:\/\/polarisnexuslcc.com\/#\/schema\/logo\/image\/"},"sameAs":["https:\/\/x.com\/polarisnexuslcc"]}]}},"_links":{"self":[{"href":"https:\/\/polarisnexuslcc.com\/ro\/wp-json\/wp\/v2\/pages\/84","targetHints":{"allow":["GET"]}}],"collection":[{"href":"https:\/\/polarisnexuslcc.com\/ro\/wp-json\/wp\/v2\/pages"}],"about":[{"href":"https:\/\/polarisnexuslcc.com\/ro\/wp-json\/wp\/v2\/types\/page"}],"author":[{"embeddable":true,"href":"https:\/\/polarisnexuslcc.com\/ro\/wp-json\/wp\/v2\/users\/1"}],"replies":[{"embeddable":true,"href":"https:\/\/polarisnexuslcc.com\/ro\/wp-json\/wp\/v2\/comments?post=84"}],"version-history":[{"count":0,"href":"https:\/\/polarisnexuslcc.com\/ro\/wp-json\/wp\/v2\/pages\/84\/revisions"}],"wp:attachment":[{"href":"https:\/\/polarisnexuslcc.com\/ro\/wp-json\/wp\/v2\/media?parent=84"}],"curies":[{"name":"wp","href":"https:\/\/api.w.org\/{rel}","templated":true}]}}